{"id":16,"date":"2017-05-08T10:12:25","date_gmt":"2017-05-08T13:12:25","guid":{"rendered":"https:\/\/www3.unicentro.br\/ppgcf\/?page_id=16"},"modified":"2017-05-08T10:12:25","modified_gmt":"2017-05-08T13:12:25","slug":"linhas-de-pesquisa","status":"publish","type":"page","link":"https:\/\/www3.unicentro.br\/ppgcf\/linhas-de-pesquisa\/","title":{"rendered":"Linhas de Pesquisa"},"content":{"rendered":"<p><strong>AVALIA\u00c7\u00c3O QU\u00cdMICA E BIOL\u00d3GICA DE PRODUTOS NATURAIS<\/strong><br \/>\nVisa o isolamento e a caracteriza\u00e7\u00e3o de compostos qu\u00edmicos de origem natural; e o estudo fitoqu\u00edmico, a investiga\u00e7\u00e3o de aspectos taxon\u00f4micos e a avalia\u00e7\u00e3o in vitro\/in vivo de produtos naturais.<\/p>\n<p><strong>AVALIA\u00c7\u00c3O CL\u00cdNICO\/LABORATORIAL DE PROCESSOS FISIOPATOL\u00d3GICOS<\/strong><br \/>\nVisa o isolamento e a caracteriza\u00e7\u00e3o de organismos patog\u00eanicos (bact\u00e9rias, fungos e parasitas) em amostras biol\u00f3gicas; a avalia\u00e7\u00e3o laboratorial de xenobi\u00f3ticos; e a avalia\u00e7\u00e3o laboratorial de processos fisiopatol\u00f3gicos.<\/p>\n<p><strong>DESENVOLVIMENTO E CONTROLE DE F\u00c1RMACOS, MEDICAMENTOS E CORRELATOS<\/strong><br \/>\nVisa a pesquisa e o desenvolvimento de novos f\u00e1rmacos e novos medicamentos; o desenvolvimento de sistemas coloidais para incorpora\u00e7\u00e3o de f\u00e1rmacos (nanopart\u00edculas, lipossomas e microemuls\u00f5es); e o controle da qualidade de f\u00e1rmacos, medicamentos e insumos farmac\u00eauticos.<\/p>\n","protected":false},"excerpt":{"rendered":"<p>AVALIA\u00c7\u00c3O QU\u00cdMICA E BIOL\u00d3GICA DE PRODUTOS NATURAIS Visa o isolamento e a caracteriza\u00e7\u00e3o de compostos qu\u00edmicos de origem natural; e o estudo fitoqu\u00edmico, a investiga\u00e7\u00e3o de aspectos taxon\u00f4micos e a avalia\u00e7\u00e3o in vitro\/in vivo de produtos naturais. AVALIA\u00c7\u00c3O CL\u00cdNICO\/LABORATORIAL DE PROCESSOS FISIOPATOL\u00d3GICOS Visa o isolamento e a caracteriza\u00e7\u00e3o de organismos patog\u00eanicos (bact\u00e9rias, fungos e parasitas) [&hellip;]<\/p>\n","protected":false},"author":3,"featured_media":0,"parent":0,"menu_order":0,"comment_status":"closed","ping_status":"closed","template":"","meta":{"_exactmetrics_skip_tracking":false,"_exactmetrics_sitenote_active":false,"_exactmetrics_sitenote_note":"","_exactmetrics_sitenote_category":0,"footnotes":"","_links_to":"","_links_to_target":""},"class_list":["post-16","page","type-page","status-publish","hentry"],"_links":{"self":[{"href":"https:\/\/www3.unicentro.br\/ppgcf\/wp-json\/wp\/v2\/pages\/16","targetHints":{"allow":["GET"]}}],"collection":[{"href":"https:\/\/www3.unicentro.br\/ppgcf\/wp-json\/wp\/v2\/pages"}],"about":[{"href":"https:\/\/www3.unicentro.br\/ppgcf\/wp-json\/wp\/v2\/types\/page"}],"author":[{"embeddable":true,"href":"https:\/\/www3.unicentro.br\/ppgcf\/wp-json\/wp\/v2\/users\/3"}],"replies":[{"embeddable":true,"href":"https:\/\/www3.unicentro.br\/ppgcf\/wp-json\/wp\/v2\/comments?post=16"}],"version-history":[{"count":0,"href":"https:\/\/www3.unicentro.br\/ppgcf\/wp-json\/wp\/v2\/pages\/16\/revisions"}],"wp:attachment":[{"href":"https:\/\/www3.unicentro.br\/ppgcf\/wp-json\/wp\/v2\/media?parent=16"}],"curies":[{"name":"wp","href":"https:\/\/api.w.org\/{rel}","templated":true}]}}