{"id":13,"date":"2017-05-08T10:10:53","date_gmt":"2017-05-08T13:10:53","guid":{"rendered":"https:\/\/www3.unicentro.br\/ppgcf\/?page_id=13"},"modified":"2017-05-08T10:11:46","modified_gmt":"2017-05-08T13:11:46","slug":"area-de-concentracao","status":"publish","type":"page","link":"https:\/\/www3.unicentro.br\/ppgcf\/area-de-concentracao\/","title":{"rendered":"\u00c1rea de Concentra\u00e7\u00e3o"},"content":{"rendered":"<p><strong>F\u00c1RMACOS, MEDICAMENTOS E BIOCI\u00caNCIAS APLICADAS \u00c0 FARM\u00c1CIA<\/strong><\/p>\n<p>Em s\u00edntese, a \u00e1rea de concentra\u00e7\u00e3o do PPGCF contempla o estudo das propriedades f\u00edsico-qu\u00edmicas e biol\u00f3gicas de f\u00e1rmacos, medicamentos e correlatos; o desenvolvimento de medicamentos a partir de f\u00e1rmacos vegetais; o desenvolvimento de sistemas de libera\u00e7\u00e3o modificada de f\u00e1rmacos; o controle da qualidade e a avalia\u00e7\u00e3o biol\u00f3gica de insumos farmac\u00eauticos, f\u00e1rmacos e medicamentos; o desenvolvimento e a valida\u00e7\u00e3o de metodologias anal\u00edticas para a an\u00e1lise de f\u00e1rmacos e de medicamentos; a investiga\u00e7\u00e3o cl\u00ednico-laboratorial de processos fisiopatol\u00f3gicos; os estudos dos efeitos de compostos end\u00f3genos ou de xenobi\u00f3ticos em sistemas bioqu\u00edmicos e em modelos experimentais; e o isolamento e a caracteriza\u00e7\u00e3o de organismos patog\u00eanicos em amostras biol\u00f3gicas.<\/p>\n","protected":false},"excerpt":{"rendered":"<p>F\u00c1RMACOS, MEDICAMENTOS E BIOCI\u00caNCIAS APLICADAS \u00c0 FARM\u00c1CIA Em s\u00edntese, a \u00e1rea de concentra\u00e7\u00e3o do PPGCF contempla o estudo das propriedades f\u00edsico-qu\u00edmicas e biol\u00f3gicas de f\u00e1rmacos, medicamentos e correlatos; o desenvolvimento de medicamentos a partir de f\u00e1rmacos vegetais; o desenvolvimento de sistemas de libera\u00e7\u00e3o modificada de f\u00e1rmacos; o controle da qualidade e a avalia\u00e7\u00e3o biol\u00f3gica de [&hellip;]<\/p>\n","protected":false},"author":3,"featured_media":0,"parent":0,"menu_order":0,"comment_status":"closed","ping_status":"closed","template":"","meta":{"_exactmetrics_skip_tracking":false,"_exactmetrics_sitenote_active":false,"_exactmetrics_sitenote_note":"","_exactmetrics_sitenote_category":0,"footnotes":"","_links_to":"","_links_to_target":""},"class_list":["post-13","page","type-page","status-publish","hentry"],"_links":{"self":[{"href":"https:\/\/www3.unicentro.br\/ppgcf\/wp-json\/wp\/v2\/pages\/13","targetHints":{"allow":["GET"]}}],"collection":[{"href":"https:\/\/www3.unicentro.br\/ppgcf\/wp-json\/wp\/v2\/pages"}],"about":[{"href":"https:\/\/www3.unicentro.br\/ppgcf\/wp-json\/wp\/v2\/types\/page"}],"author":[{"embeddable":true,"href":"https:\/\/www3.unicentro.br\/ppgcf\/wp-json\/wp\/v2\/users\/3"}],"replies":[{"embeddable":true,"href":"https:\/\/www3.unicentro.br\/ppgcf\/wp-json\/wp\/v2\/comments?post=13"}],"version-history":[{"count":0,"href":"https:\/\/www3.unicentro.br\/ppgcf\/wp-json\/wp\/v2\/pages\/13\/revisions"}],"wp:attachment":[{"href":"https:\/\/www3.unicentro.br\/ppgcf\/wp-json\/wp\/v2\/media?parent=13"}],"curies":[{"name":"wp","href":"https:\/\/api.w.org\/{rel}","templated":true}]}}