{"id":11,"date":"2017-05-08T09:37:14","date_gmt":"2017-05-08T12:37:14","guid":{"rendered":"https:\/\/www3.unicentro.br\/ppgcf\/?page_id=11"},"modified":"2017-05-08T09:37:14","modified_gmt":"2017-05-08T12:37:14","slug":"apresentacao","status":"publish","type":"page","link":"https:\/\/www3.unicentro.br\/ppgcf\/apresentacao\/","title":{"rendered":"Apresenta\u00e7\u00e3o"},"content":{"rendered":"<p class=\"s1\">O Programa de P\u00f3s-gradua\u00e7\u00e3o em Ci\u00eancias Farmac\u00eauticas surgiu da necessidade da regi\u00e3o centro-oeste e sul do estado do Paran\u00e1 por cursos de p\u00f3s-gradua\u00e7\u00e3o que proporcionem o aprimoramento de recursos humanos em pesquisa, especialmente nas \u00e1reas de Farm\u00e1cia e de An\u00e1lises Cl\u00ednicas.<\/p>\n<p class=\"s1\">O curso de Mestrado Acad\u00eamico, do tipo associa\u00e7\u00e3o ampla entre a Unicentro e a UEPG, foi autorizado pelo Conselho T\u00e9cnico-cient\u00edfico da Educa\u00e7\u00e3o Superior (CTC-ES) da Coordena\u00e7\u00e3o de Aperfei\u00e7oamento de Pessoal de N\u00edvel Superior (Capes) em 02 de outubro de 2009, com nota 3.<\/p>\n<p class=\"s1\">O curso de Doutorado Acad\u00eamico, do tipo associa\u00e7\u00e3o ampla entre a Unicentro e a UEPG, foi autorizado na 160\u00aa reuni\u00e3o do CTC-ES, realizada no per\u00edodo de 19 a 23 de outubro de 2015, com nota 4.<\/p>\n","protected":false},"excerpt":{"rendered":"<p>O Programa de P\u00f3s-gradua\u00e7\u00e3o em Ci\u00eancias Farmac\u00eauticas surgiu da necessidade da regi\u00e3o centro-oeste e sul do estado do Paran\u00e1 por cursos de p\u00f3s-gradua\u00e7\u00e3o que proporcionem o aprimoramento de recursos humanos em pesquisa, especialmente nas \u00e1reas de Farm\u00e1cia e de An\u00e1lises Cl\u00ednicas. O curso de Mestrado Acad\u00eamico, do tipo associa\u00e7\u00e3o ampla entre a Unicentro e a [&hellip;]<\/p>\n","protected":false},"author":3,"featured_media":0,"parent":0,"menu_order":0,"comment_status":"closed","ping_status":"closed","template":"","meta":{"_exactmetrics_skip_tracking":false,"_exactmetrics_sitenote_active":false,"_exactmetrics_sitenote_note":"","_exactmetrics_sitenote_category":0,"footnotes":"","_links_to":"","_links_to_target":""},"class_list":["post-11","page","type-page","status-publish","hentry"],"_links":{"self":[{"href":"https:\/\/www3.unicentro.br\/ppgcf\/wp-json\/wp\/v2\/pages\/11","targetHints":{"allow":["GET"]}}],"collection":[{"href":"https:\/\/www3.unicentro.br\/ppgcf\/wp-json\/wp\/v2\/pages"}],"about":[{"href":"https:\/\/www3.unicentro.br\/ppgcf\/wp-json\/wp\/v2\/types\/page"}],"author":[{"embeddable":true,"href":"https:\/\/www3.unicentro.br\/ppgcf\/wp-json\/wp\/v2\/users\/3"}],"replies":[{"embeddable":true,"href":"https:\/\/www3.unicentro.br\/ppgcf\/wp-json\/wp\/v2\/comments?post=11"}],"version-history":[{"count":0,"href":"https:\/\/www3.unicentro.br\/ppgcf\/wp-json\/wp\/v2\/pages\/11\/revisions"}],"wp:attachment":[{"href":"https:\/\/www3.unicentro.br\/ppgcf\/wp-json\/wp\/v2\/media?parent=11"}],"curies":[{"name":"wp","href":"https:\/\/api.w.org\/{rel}","templated":true}]}}