{"id":109,"date":"2017-05-09T13:27:06","date_gmt":"2017-05-09T16:27:06","guid":{"rendered":"https:\/\/www3.unicentro.br\/ppgcf\/?page_id=109"},"modified":"2017-05-09T13:27:06","modified_gmt":"2017-05-09T16:27:06","slug":"coordenacao-e-comissoes","status":"publish","type":"page","link":"https:\/\/www3.unicentro.br\/ppgcf\/coordenacao-e-comissoes\/","title":{"rendered":"Coordena\u00e7\u00e3o e Comiss\u00f5es"},"content":{"rendered":"<p><strong>COORDENA\u00c7\u00c3O DO PROGRAMA &#8211; 2016<\/strong><\/p>\n<p><strong>Coordenador do PPGCF<\/strong><br \/>\nProf. Dr. Paulo Renato de Oliveira (Unicentro)<\/p>\n<p><strong>Vice-Coordenador do PPGCF, Coordenador Local na UEPG<\/strong><br \/>\nProf. Dr. Jos\u00e9 Carlos Rebuglio Vellosa<\/p>\n<p><strong>COLEGIADO<\/strong><br \/>\nProf. Dr. Paulo Renato de Oliveira (Unicentro) \u2013 Presidente do Colegiado<br \/>\nProf. Dr. Jos\u00e9 Carlos Rebuglio Vellosa (UEPG) \u2013 Vice-Presidente do Colegiado<br \/>\nProf\u00aa. Dr\u00aa Renata Marino Romano (Unicentro) \u2013 Titular<br \/>\nProf. Dr. Paulo Vitor Farago (UEPG) \u2013 Titular<br \/>\nProf. Dr. Fl\u00e1vio Beltrame (UEPG) \u2013 Titular<br \/>\nProf. Dr. Najeh Maissar Khalil (Unicentro)- Representante Docente<br \/>\nEmili Antonio \u2013 Representante Discente<br \/>\nEduardo Hosel Miranda \u2013 Vice-Representante Discente<\/p>\n","protected":false},"excerpt":{"rendered":"<p>COORDENA\u00c7\u00c3O DO PROGRAMA &#8211; 2016 Coordenador do PPGCF Prof. Dr. Paulo Renato de Oliveira (Unicentro) Vice-Coordenador do PPGCF, Coordenador Local na UEPG Prof. Dr. Jos\u00e9 Carlos Rebuglio Vellosa COLEGIADO Prof. Dr. Paulo Renato de Oliveira (Unicentro) \u2013 Presidente do Colegiado Prof. Dr. Jos\u00e9 Carlos Rebuglio Vellosa (UEPG) \u2013 Vice-Presidente do Colegiado Prof\u00aa. Dr\u00aa Renata Marino [&hellip;]<\/p>\n","protected":false},"author":3,"featured_media":0,"parent":0,"menu_order":0,"comment_status":"closed","ping_status":"closed","template":"","meta":{"_exactmetrics_skip_tracking":false,"_exactmetrics_sitenote_active":false,"_exactmetrics_sitenote_note":"","_exactmetrics_sitenote_category":0,"footnotes":"","_links_to":"","_links_to_target":""},"class_list":["post-109","page","type-page","status-publish","hentry"],"_links":{"self":[{"href":"https:\/\/www3.unicentro.br\/ppgcf\/wp-json\/wp\/v2\/pages\/109","targetHints":{"allow":["GET"]}}],"collection":[{"href":"https:\/\/www3.unicentro.br\/ppgcf\/wp-json\/wp\/v2\/pages"}],"about":[{"href":"https:\/\/www3.unicentro.br\/ppgcf\/wp-json\/wp\/v2\/types\/page"}],"author":[{"embeddable":true,"href":"https:\/\/www3.unicentro.br\/ppgcf\/wp-json\/wp\/v2\/users\/3"}],"replies":[{"embeddable":true,"href":"https:\/\/www3.unicentro.br\/ppgcf\/wp-json\/wp\/v2\/comments?post=109"}],"version-history":[{"count":0,"href":"https:\/\/www3.unicentro.br\/ppgcf\/wp-json\/wp\/v2\/pages\/109\/revisions"}],"wp:attachment":[{"href":"https:\/\/www3.unicentro.br\/ppgcf\/wp-json\/wp\/v2\/media?parent=109"}],"curies":[{"name":"wp","href":"https:\/\/api.w.org\/{rel}","templated":true}]}}