{"id":817,"date":"2019-08-12T14:25:36","date_gmt":"2019-08-12T17:25:36","guid":{"rendered":"https:\/\/www3.unicentro.br\/ppgb\/?page_id=817"},"modified":"2025-03-25T14:59:45","modified_gmt":"2025-03-25T17:59:45","slug":"editais-processo-de-selecao","status":"publish","type":"page","link":"https:\/\/www3.unicentro.br\/ppgb\/editais\/editais-processo-de-selecao\/","title":{"rendered":"Editais de Processo de Sele\u00e7\u00e3o"},"content":{"rendered":"<div class=\"wpb-content-wrapper\"><p>[vc_row][vc_column][vc_tta_accordion color=&#8221;sky&#8221; active_section=&#8221;1&#8243; collapsible_all=&#8221;true&#8221;][vc_tta_section title=&#8221;2025&#8243; tab_id=&#8221;1664942940481-3b3490be-0a18&#8243;][vc_column_text css=&#8221;&#8221;]<\/p>\n<ul>\n<li><a href=\"https:\/\/www3.unicentro.br\/ppgb\/wp-content\/uploads\/sites\/59\/2025\/03\/RESULTADO-FINAL-SELECAO-BIOENERGIA-2025.docx-1.pdf\">EDITAL N\u00ba 5\/2025-PPGB\/UNICENTRO \u2013 RESULTADO FINAL PARA INGRESSO NO MESTRADO E DOUTORADO NO PROGRAMA DE P\u00d3S-GRADUA\u00c7\u00c3O EM BIOENERGIA (PPGB) <\/a><\/li>\n<li><a href=\"https:\/\/www3.unicentro.br\/ppgb\/wp-content\/uploads\/sites\/59\/2025\/03\/RESULTADO-PRELIMINAR-SELECAO-BIOENERGIA-2025.docx-1.pdf\">EDITAL N\u00ba 4\/2025-PPGB\/UNICENTRO \u2013 RESULTADO PRELIMINAR PARA INGRESSO NO MESTRADO E DOUTORADO NO PROGRAMA DE<\/a><br \/>\nP\u00d3S-GRADUA\u00c7\u00c3O EM BIOENERGIA (PPGB)<\/li>\n<li><a href=\"https:\/\/www3.unicentro.br\/ppgb\/wp-content\/uploads\/sites\/59\/2025\/03\/entrevistas-INSCRICOES-SELECAO-BIOENERGIA-2025.docx-1.pdf\"><span class=\"fontstyle0\">\u00a0EDITAL N\u00ba 3\/2025-PPGB\/UNICENTRO \u2013 AGENDAMENTO PARA INGRESSO NO MESTRADO E DOUTORADO NO PROGRAMA DE P\u00d3S-GRADUA\u00c7\u00c3O EM BIOENERGIA (PPGB)<\/span><\/a><\/li>\n<li><a href=\"https:\/\/www3.unicentro.br\/ppgb\/wp-content\/uploads\/sites\/59\/2025\/03\/ANALISE-CURRICULAR-INSCRICOES-SELECAO-BIOENERGIA-2025.docx.pdf\">EDITAL N\u00ba 2\/2025-PPGB\/UNICENTRO \u2013 AN\u00c1LISE CURRICULAR PARA INGRESSO NO MESTRADO E DOUTORADO NO PROGRAMA DE P\u00d3S-GRADUA\u00c7\u00c3O EM BIOENERGIA (PPGB)<\/a><\/li>\n<li><a href=\"https:\/\/www3.unicentro.br\/ppgb\/wp-content\/uploads\/sites\/59\/2025\/03\/HOMOLOGACAO-INSCRICOES-SELECAO-BIOENERGIA-2025.docx-1.pdf\">EDITAL N\u00ba 1\/2025-PPGB\/UNICENTRO \u2013 INSCRI\u00c7\u00d5ES\u00a0 HOMOLOGADAS\u00a0 PARA INGRESSO NO MESTRADO E DOUTORADO NO PROGRAMA DE P\u00d3S-GRADUA\u00c7\u00c3O EM BIOENERGIA (PPGB)<\/a><\/li>\n<li><a href=\"https:\/\/www3.unicentro.br\/ppgb\/wp-content\/uploads\/sites\/59\/2024\/11\/EDITAL-SELECAO-BIOENERGIA-2025.pdf\">EDITAL N\u00ba 19\/2024-PPGB\/UNICENTRO \u2013 PROCESSO SELETIVO PARA INGRESSO EM NIVEL DE MESTRADO E DOUTORADO NO PROGRAMA DE P\u00d3SGRADUA\u00c7\u00c3O EMBIOENERGIA (PPGB)<\/a><\/li>\n<\/ul>\n<p>[\/vc_column_text][\/vc_tta_section][vc_tta_section title=&#8221;2024&#8243; tab_id=&#8221;1741649853622-070f75de-47f5&#8243;][vc_column_text]<\/p>\n<ul>\n<li><a href=\"https:\/\/www3.unicentro.br\/ppgb\/wp-content\/uploads\/sites\/59\/2024\/04\/EDITAL_11_2024_PPGB_APROVADOS_DOUTORADO_66145d487eb30.pdf\"><strong>EDITAL N\u00ba 11\/2024 \u2013 PPGB\/UNICENTRO<\/strong> \u2013 CLASSIFICA\u00c7\u00c3O FINAL DOS CANDIDATOS HOMOLOGADOS NO_I PROCESSO SELETIVO PARA INGRESSO EM N\u00cdVEL DE DOUTORADO 2024 NO PROGRAMA DE P\u00d3S-GRADUA\u00c7\u00c3O EM BIOENERGIA (PPGB)<\/a><\/li>\n<li><a href=\"https:\/\/www3.unicentro.br\/ppgb\/wp-content\/uploads\/sites\/59\/2024\/04\/Edital-10-_II-Processo-de-Selecao_PPGB_2024_REDE-_UNIFICADO.pdf\"><strong>EDITAL N\u00ba 10\/2024 &#8211; PPGB\/ REDE<\/strong> \u2013 II PROCESSO SELETIVO PARA INGRESSO EM NIVEL DE DOUTORADO NO PROGRAMA DE P\u00d3S-GRADUA\u00c7\u00c3O EM BIOENERGIA (PPGB).<\/a><\/li>\n<li><a href=\"https:\/\/www3.unicentro.br\/ppgb\/wp-content\/uploads\/sites\/59\/2024\/04\/EDITAL-No-09_2024-HOMOLOGACAO-E-ENTREVISTA_-I-Processo-de-selecao-doutorado-Unicentro-ppgb.pdf\"><strong>EDITAL N\u00ba 09\/2024-PPGB\/UNICENTRO<\/strong> &#8211; CLASSIFICA\u00c7\u00c3O E AGENDA DE ENTREVISTA DOS CANDIDATOS HOMOLOGADOS NO_I PROCESSO SELETIVO PARA INGRESSO EM N\u00cdVEL DE DOUTORADO 2024 NO PROGRAMA DE P\u00d3SGRADUA\u00c7\u00c3O EM BIOENERGIA (PPGB).<\/a><\/li>\n<li><\/li>\n<li><a href=\"https:\/\/www3.unicentro.br\/ppgb\/wp-content\/uploads\/sites\/59\/2024\/03\/RESULTADO_POSDOC_PPGB_66017a28f3440.pdf\"><strong>EDITAL N\u00ba 04\/2024-PPGB\/UNICENTRO<\/strong> \u2013 DIVULGA RESULTADO DO PROCESSO DE SELE\u00c7\u00c3O DE BOLSISTAS PARA ATUA\u00c7\u00c3O NO PROGRAMA DE BOLSAS DE P\u00d3SDOUTORADO, JUNIOR FINANCIADO PELA FUNDA\u00c7\u00c3O ARAUC\u00c1RIA<\/a><\/li>\n<li><a href=\"https:\/\/www3.unicentro.br\/ppgb\/wp-content\/uploads\/sites\/59\/2024\/03\/Edital_Sele_o_PPGB_8_2024_Unicentro__sel_24_DOUTORADO_UNIFICADO_65fc3e77a8950-3.pdf\"><strong>EDITAL N\u00ba 08\/2024-PPGB\/UNICENTRO<\/strong> \u2013 ABERTURA DE PROCESSO SELETIVO PARA INGRESSO EM NIVEL DE DOUTORADO NO PROGRAMA DE P\u00d3S-GRADUA\u00c7\u00c3O EM BIOENERGIA (PPGB)<\/a><\/li>\n<li><a href=\"https:\/\/www3.unicentro.br\/ppgb\/wp-content\/uploads\/sites\/59\/2024\/03\/HOMOLOGA_O_POSDOC_PPGB_PR_65fac9ce56e09.pdf\"><strong>EDITAL N\u00ba 02\/2024-PPGB\/UNICENTRO <\/strong>&#8211; HOMOLOGA\u00c7\u00c3O DE INSCRI\u00c7\u00d5ES DO PROCESSO DE SELEC\u0327A\u0303O DE BOLSISTAS PARA ATUA\u00c7\u00c3O NO PROGRAMA DE BOLSAS DE P\u00d3S DOUTORADO, FINANCIADO PELA FUNDA\u00c7\u00c3O ARAUC\u00c1RIA E CONVOCA\u00c7\u00c3O PARA ENTREVISTA<\/a><\/li>\n<li><a href=\"https:\/\/www3.unicentro.br\/ppgb\/wp-content\/uploads\/sites\/59\/2024\/03\/EDITAL_POSDOC_PPGB_65f1ed3fc46c0.pdf\"><strong>EDITAL N\u00ba 01\/2024-PPGB\/UNICENTRO<\/strong> \u2013 ABERTURA DO PROCESSO DE SELE\u00c7\u00c3O DE BOLSISTAS PARA ATUA\u00c7\u00c3O NO PROGRAMA DE BOLSAS DE P\u00d3S-DOUTORADO, J\u00daNIOR FINANCIADO PELA FUNDA\u00c7\u00c3O ARAUC\u00c1RIA<\/a><\/li>\n<li><strong><a href=\"https:\/\/www3.unicentro.br\/ppgb\/wp-content\/uploads\/sites\/59\/2024\/03\/EDITAL_APROVADOS_VAGAS_REMANESCENTES_65e867ef1c3ab.pdf\">EDITAL N\u00ba 06\/2024-PPGB\/UNICENTRO<\/a><\/strong><a href=\"https:\/\/www3.unicentro.br\/ppgb\/wp-content\/uploads\/sites\/59\/2024\/03\/EDITAL_APROVADOS_VAGAS_REMANESCENTES_65e867ef1c3ab.pdf\"> \u2013 RESULTADO FINAL DO ROCESSO SELETIVO DE VAGAS REMANESCENTES PARA INGRESSO EM 2024 NO PROGRAMA DE P\u00d3S-GRADUA\u00c7\u00c3O EM BIOENERGIA (PPGB)<\/a><\/li>\n<li><a href=\"https:\/\/www3.unicentro.br\/ppgb\/wp-content\/uploads\/sites\/59\/2024\/03\/EDITAL_N_05_HOMOLOGA_O_E_ENTREVISTA_selecao_vagas_remanescentes_ppgb_2024_Unicentro_65e1ee9ccf560.pdf\"><strong>EDITAL N\u00ba 05\/2024 &#8211; PPGB\/UNICENTRO<\/strong> \u2013 CLASSIFICA\u00c7\u00c3O DOS CANDIDATOS HOMOLOGADOS NO PROCESSO SELETIVO DE VAGAS REMANESCENTES PARA INGRESSO EM 2024 NO PROGRAMA DE P\u00d3S-GRADUA\u00c7\u00c3O EM BIOENERGIA (PPGB) E AGENDAMENTO DAS ENTREVISTAS<\/a><\/li>\n<li><a href=\"https:\/\/www3.unicentro.br\/ppgb\/wp-content\/uploads\/sites\/59\/2024\/02\/EDITAL_N_03_RESULTADO_selecao_ppgb_2024_Unicentro_65c3dac35b418.pdf\"><strong>EDITAL N\u00ba 03\/2024-PPGB\/UNICENTRO <\/strong>\u2013\u00a0 RESULTADO FINAL, AP\u00d3S ENTREVISTA DOS CANDIDATOS HOMOLOGADOS NO PROCESSO SELETIVO PARA INGRESSO NO ANO DE 2024 EM NIVEL DE MESTRADO PROGRAMA DE P\u00d3S GRADU\u00c7\u00c3O EM BIOENERGIA (PPGB)<\/a><\/li>\n<li><a href=\"https:\/\/www3.unicentro.br\/ppgb\/wp-content\/uploads\/sites\/59\/2024\/02\/Edital_Sele_o_PPGB_2_2024_Unicentro_Vagas_remanescentes_65c39f54a288a.pdf\"><strong>EDITAL N\u00ba 02\/2024 &#8211; PPGB\/UNICENTRO<\/strong> \u2013 PROCESSO SELETIVO PARA INGRESSO NO PROGRAMA DE P\u00d3S-GRADUA\u00c7\u00c3O EM BIOENERGIA (PPGB) EM NIVEL DE MESTRADO &#8211; Abertura das inscri\u00e7\u00f5es<\/a><\/li>\n<li><a href=\"https:\/\/www3.unicentro.br\/ppgb\/wp-content\/uploads\/sites\/59\/2024\/02\/EDITAL_N_02_HOMOLOGA_O_E_ENTREVISTA_selecao_ppgb_2024_Unicentro_65c11d58c265b.pdf\"><strong>EDITAL N\u00ba 01\/2024 &#8211; PPGB\/UNICENTRO \u2013<\/strong> CLASSIFICA\u00c7\u00c3O DOS CANDIDATOS HOMOLOGADOS NO_PROCESSO SELETIVO PARA INGRESSO EM 2024 NO PROGRAMA DE P\u00d3S- GRADUA\u00c7\u00c3O EM BIOENERGIA (PPGB) E AGENDAMENTO DAS ENTREVISTAS<\/a><\/li>\n<\/ul>\n<p>[\/vc_column_text][\/vc_tta_section][vc_tta_section title=&#8221;2023&#8243; tab_id=&#8221;1707161427452-0e7a90ff-ba59&#8243;][vc_column_text]<\/p>\n<ul>\n<li><a href=\"https:\/\/www3.unicentro.br\/ppgb\/wp-content\/uploads\/sites\/59\/2023\/10\/Edital_Sele_o_PPGB_1_2024_Unicentro_6536d63a17939.pdf\"><strong>EDITAL N\u00ba 01\/2023-PPGB\/UNICENTRO<\/strong> \u2013 PROCESSO SELETIVO PARA INGRESSO NO PROGRAMA DE P\u00d3S-GRADUA\u00c7\u00c3O EM BIOENERGIA (PPGB) EM NIVEL DE MESTRADO<\/a><\/li>\n<\/ul>\n<p>[\/vc_column_text][\/vc_tta_section][vc_tta_section title=&#8221;2022&#8243; tab_id=&#8221;1698165135739-b249fb30-64b1&#8243;][vc_column_text]<span style=\"font-size: 12pt\"><a href=\"https:\/\/www3.unicentro.br\/ppgb\/wp-content\/uploads\/sites\/59\/2022\/11\/Edital_01_Sele_o_PPGB_2023_unicentro_638645c167be0.pdf\"><em><strong>Processo Seletivo 2023 &#8211; Edital de Abertura<\/strong> <\/em>&#8211; EDITAL N\u00ba 01\/2022-PPGB\/UNICENTRO &#8211; ABERTURA DE INSCRI\u00c7\u00d5ES PARA O PROCESSO SELETIVO PARA INGRESSO EM 2023 DO PROGRAMA DE P\u00d3SGRADUA\u00c7\u00c3O EM BIOENERGIA (PPGB)<\/a><\/span><\/p>\n<p><span style=\"font-size: 12pt\"><a class=\"ultimate-layouts-title-link\" title=\"Edital n\u00ba 05\/2022-PPGB \u2013 Classifica\u00e7\u00e3o final, ap\u00f3s entrevista, dos candidatos homologados no Processo Seletivo de Vagas Remanescentes (fase 1) para ingresso em 2022, no Programa de P\u00f3s-Gradua\u00e7\u00e3o em Bioenergia (PPGB)\" href=\"https:\/\/www3.unicentro.br\/ppgb\/wp-content\/uploads\/sites\/59\/2022\/07\/EDITAL_N_05_22_classifica_ao_matricula_1afase_62ce338dcf568.pdf\" data-post-id=\"1143\"><em><strong>Processo Seletivo 2022 &#8211; Vagas Remanescentes &#8211; Resultado Final<\/strong><\/em> &#8211; EDITAL N\u00ba 05\/2022-PPGB \u2013 CLASSIFICA\u00c7\u00c3O FINAL, AP\u00d3S ENTREVISTA, DOS CANDIDATOS HOMOLOGADOS NO PROCESSO SELETIVO DE VAGAS REMANESCENTES (FASE 1) PARA INGRESSO EM 2022, NO PROGRAMA DE P\u00d3S-GRADUA\u00c7\u00c3O EM BIOENERGIA (PPGB)<\/a><\/span><\/p>\n<p class=\"ultimate-layouts-title entry-title \"><span style=\"font-size: 12pt\"><a class=\"ultimate-layouts-title-link\" title=\"EDITAL N\u00ba 04\/2022 \u2013 PPGB\/UNICENTRO \u2013 CANDIDATOS CLASSIFICADOS PARA ENTREVISTA NO PROCESSO SELETIVO PARA INGRESSO EM 2022 N A PRIMEIRA FASE D O PROCESSO SELETIVO PARA INGRESSO EM VAGAS REMANESCENTES NO PROGRAMA DE P\u00d3S- GRADUA\u00c7\u00c3O EM_BIOENERGIA (PPGB)\" href=\"https:\/\/www3.unicentro.br\/ppgb\/wp-content\/uploads\/sites\/59\/2022\/07\/EDITAL_N_04_22_classifica_ao_entrevista_1afase_62c7077747d07.pdf\" data-post-id=\"1140\"><strong><em>Processo Seletivo 2022 &#8211; Vagas Remanescentes &#8211; Classificados para Entrevista<\/em><\/strong> &#8211; EDITAL N\u00ba 04\/2022 \u2013 PPGB\/UNICENTRO \u2013 CANDIDATOS CLASSIFICADOS PARA ENTREVISTA NO PROCESSO SELETIVO PARA INGRESSO EM 2022 N A PRIMEIRA FASE D O PROCESSO SELETIVO PARA INGRESSO EM VAGAS REMANESCENTES NO PROGRAMA DE P\u00d3S- GRADUA\u00c7\u00c3O EM_BIOENERGIA (PPGB)<\/a><\/span><\/p>\n<p class=\"ultimate-layouts-title entry-title \"><span style=\"font-size: 12pt\"><a class=\"ultimate-layouts-title-link\" title=\"EDITAL N\u00ba 03\/2022 \u2013 PPGB\/UNICENTRO \u2013 CANDIDATOS HOMOLOGADOS NO PROCESSO SELETIVO PARA INGRESSO EM 2022 NA PRIMEIRA FASE DO PROCESSO SELETIVO PARA INGRESSO EM VAGAS REMANESCENTES NO PROGRAMA DE P\u00d3S- GRADUA\u00c7\u00c3O EM BIOENERGIA (PPGB)\" href=\"https:\/\/www3.unicentro.br\/ppgb\/wp-content\/uploads\/sites\/59\/2022\/07\/EDITAL_N_03_22_homologa_ao_1afase_62c70776dd854.pdf\" data-post-id=\"1135\"><strong><em>Processo Seletivo 2022 &#8211; Vagas Remanescentes &#8211; Homologa\u00e7\u00e3o das Inscri\u00e7\u00f5es<\/em><\/strong> &#8211; EDITAL N\u00ba 03\/2022 \u2013 PPGB\/UNICENTRO \u2013 CANDIDATOS HOMOLOGADOS NO PROCESSO SELETIVO PARA INGRESSO EM 2022 NA PRIMEIRA FASE DO PROCESSO SELETIVO PARA INGRESSO EM VAGAS REMANESCENTES NO PROGRAMA DE P\u00d3S- GRADUA\u00c7\u00c3O EM BIOENERGIA (PPGB)<\/a><\/span><\/p>\n<article class=\"ultimate-layouts-item hentry ul-ready-animation\">\n<div class=\"ultimate-layouts-entry-wrapper entry-content\">\n<div class=\"ultimate-layouts-content entry\">\n<p class=\"ultimate-layouts-title entry-title \"><span style=\"font-size: 12pt\"><a class=\"ultimate-layouts-title-link\" title=\"EDITAL N\u00ba 16\/2022-PPGB\/UNICENTRO \u2013 PROCESSO SELETIVO PARA INGRESSO EM VAGAS REMANESCENTES NO PROGRAMA DE P\u00d3S- GRADUA\u00c7\u00c3O EM BIOENERGIA (PPGB)\" href=\"https:\/\/www3.unicentro.br\/ppgb\/wp-content\/uploads\/sites\/59\/2022\/04\/Edital_016_Sele_o_PPGB_2022_unicentro_com_links__nova_data_de_matricula_624f2a1e8b6a7.pdf\" data-post-id=\"1118\"><strong><em>Processo Seletivo 2022 &#8211; Vagas Remanescentes &#8211; Edital de Abertura<\/em><\/strong> &#8211; EDITAL N\u00ba 16\/2022-PPGB\/UNICENTRO \u2013 PROCESSO SELETIVO PARA INGRESSO EM VAGAS REMANESCENTES NO PROGRAMA DE P\u00d3S- GRADUA\u00c7\u00c3O EM BIOENERGIA (PPGB)<\/a><\/span><\/p>\n<\/div>\n<\/div>\n<\/article>\n<p>[\/vc_column_text][vc_column_text]<\/p>\n<p class=\"ultimate-layouts-title entry-title \"><span style=\"font-size: 12pt\"><a class=\"ultimate-layouts-title-link\" title=\"EDITAL N\u00ba 03\/2022-PPGB\/UNICENTRO \u2013 CLASSIFICA\u00c7\u00c3O FINAL, AP\u00d3S ENTREVISTA DOS CANDIDATOS HOMOLOGADOS NO PROCESSO SELETIVO PARA INGRESSO EM 2022 NO PROGRAMA DE P\u00d3S-GRADUA\u00c7\u00c3O EM BIOENERGIA (PPGB)\" href=\"https:\/\/www3.unicentro.br\/ppgb\/wp-content\/uploads\/sites\/59\/2022\/02\/EDITAL_N_03_ppgb_22_620e961ae22c3.pdf\" data-post-id=\"1114\"><em><strong>Processo Seletivo 2022 &#8211; Resultado Final<\/strong><\/em> &#8211; EDITAL N\u00ba 03\/2022-PPGB\/UNICENTRO \u2013 CLASSIFICA\u00c7\u00c3O FINAL, AP\u00d3S ENTREVISTA DOS CANDIDATOS HOMOLOGADOS NO PROCESSO SELETIVO PARA INGRESSO EM 2022 NO PROGRAMA DE P\u00d3S-GRADUA\u00c7\u00c3O EM BIOENERGIA (PPGB)<\/a><\/span><\/p>\n<p class=\"ultimate-layouts-title entry-title \"><span style=\"font-size: 12pt\"><a class=\"ultimate-layouts-title-link\" title=\"EDITAL N\u00ba 02\/2022-PPGB\/UNICENTRO \u2013 CLASSIFICA\u00c7\u00c3O DOS CANDIDATOS HOMOLOGADOS NO PROCESSO SELETIVO PARA INGRESSO EM 2022\" href=\"https:\/\/www3.unicentro.br\/ppgb\/wp-content\/uploads\/sites\/59\/2022\/02\/EDITAL_N_02_ppgb_2022_620d08c06dfbb.pdf\" data-post-id=\"1108\"><strong><em>Processo Seletivo 2022 &#8211; Classificados para Entrevista<\/em><\/strong>\u00a0&#8211; EDITAL N\u00ba 02\/2022-PPGB\/UNICENTRO \u2013 CLASSIFICA\u00c7\u00c3O DOS CANDIDATOS HOMOLOGADOS NO PROCESSO SELETIVO PARA INGRESSO EM 2022<\/a><\/span><\/p>\n<p class=\"ultimate-layouts-title entry-title \"><span style=\"font-size: 12pt\"><a href=\"https:\/\/www3.unicentro.br\/ppgb\/wp-content\/uploads\/sites\/59\/2022\/02\/EDITAL_N_01_22_ppgb_620d08c017a98.pdf\"><strong><em>Processo<\/em> <em>Seletivo 2022 &#8211; Homologa\u00e7\u00e3o das Inscri\u00e7\u00f5es<\/em><\/strong> -EDITAL N\u00ba 01\/2022 \u2013 PPGB\/UNICENTRO \u2013 CANDIDATOS HOMOLOGADOS NO PROCESSO SELETIVO PARA INGRESSO EM 2022<\/a><\/span><\/p>\n<p class=\"ultimate-layouts-title entry-title \"><span style=\"font-size: 12pt\"><a class=\"ultimate-layouts-title-link\" title=\"EDITAL N\u00ba 15\/2021-PPGB\/UNICENTRO \u2013 ABERTURA DE INSCRI\u00c7\u00d5ES PARA O PROCESSO SELETIVO PARA INGRESSO EM 2022 DO PROGRAMA DE P\u00d3SGRADUA\u00c7\u00c3O EM BIOENERGIA (PPGB)\" href=\"https:\/\/www3.unicentro.br\/ppgb\/wp-content\/uploads\/sites\/59\/2021\/10\/Edital_015_Sele_o_PPGB_2021_unicentro_com_links_6179b5f41a48c.pdf\" data-post-id=\"1100\"><em><strong>Processo Seletivo 2022 &#8211; Edital de Abertura<\/strong><\/em> &#8211; EDITAL N\u00ba 15\/2021-PPGB\/UNICENTRO \u2013 ABERTURA DE INSCRI\u00c7\u00d5ES PARA O PROCESSO SELETIVO PARA INGRESSO EM 2022 DO PROGRAMA DE P\u00d3SGRADUA\u00c7\u00c3O EM BIOENERGIA (PPGB)<\/a><\/span><\/p>\n<div class=\"ultimate-layouts-metas posted-on \">\n<div class=\"ultimate-layouts-metas-wrap\">\n<div data-class=\"ul-comment-metas\"><\/div>\n<\/div>\n<\/div>\n<p>[\/vc_column_text][\/vc_tta_section][vc_tta_section title=&#8221;2021&#8243; tab_id=&#8221;1664942940509-e87cda35-cc15&#8243;][vc_column_text]<span style=\"font-size: 12pt\"><a href=\"https:\/\/www3.unicentro.br\/ppgb\/wp-content\/uploads\/sites\/59\/2021\/07\/Edital-09-2021-RESULTADO-FINAL-POS-RECURSO.pdf\"><strong><em>Processo Seletivo 2021 &#8211; Resultado Final<\/em><\/strong> &#8211; EDITAL N\u00ba 09\/2021 \u2013 PPGB \u2013 CLASSIFICA\u00c7\u00c3O FINAL, AP\u00d3S ENTREVISTA DOS CANDIDATOS HOMOLOGADOS NO PROCESSO SELETIVO PARA INGRESSO EM 2021 NO PROGRAMA DE P\u00d3S-GRADUA\u00c7\u00c3O EM BIOENERGIA (PPGB).<\/a><\/span><\/p>\n<p><span style=\"font-size: 12pt\"><a href=\"https:\/\/www3.unicentro.br\/ppgb\/wp-content\/uploads\/sites\/59\/2021\/07\/Edital-08-2021-RESULTADO-PRELIMINAR.pdf\"><em><strong>Processo Seletivo 2021 &#8211; Resultado Preliminar<\/strong><\/em> &#8211; EDITAL N\u00ba 08\/2021 \u2013 PPGB \u2013 RESULTADO PRELIMINAR<\/a><\/span><\/p>\n<p><span style=\"font-size: 12pt\"><a href=\"https:\/\/www3.unicentro.br\/ppgb\/wp-content\/uploads\/sites\/59\/2021\/07\/Edital-07-2021-ETAPA-3-ENTREVISTAS.pdf\"><em><strong>Processo Seletivo 2021 &#8211; Classificados para Entrevista<\/strong><\/em> &#8211; EDITAL N\u00ba 07\/2021 \u2013 PPGB \u2013 ETAPA 3 \u2013 ENTREVISTAS<\/a><\/span><\/p>\n<p><span style=\"font-size: 12pt\"><a href=\"https:\/\/www3.unicentro.br\/ppgb\/wp-content\/uploads\/sites\/59\/2021\/07\/Edital-06-2021-ETAPA-1.pdf\"><strong><em>Processo Seletivo 2021 &#8211; Homologa\u00e7\u00e3o das Inscri\u00e7\u00f5es<\/em><\/strong> &#8211; EDITAL N\u00ba 06\/2021 \u2013 PPGB \u2013 RESULTADO ETAPA 1<\/a><\/span><\/p>\n<p><span style=\"font-size: 12pt\"><a href=\"https:\/\/www3.unicentro.br\/ppgb\/wp-content\/uploads\/sites\/59\/2021\/05\/EDITAL-N-02-2021-PPGB-UNICENTRO-ABERTURA-DE-INSCRICOES-PARA-O-PROCESSO-SELETIVO-PARA-INGRESSO-EM-2021-DO-PROGRAMA-DE-POS-GRADUACAO-EM-BIOENERGIA-PPGB.pdf\"><em><strong>Processo Seletivo 2021 &#8211; Prorroga\u00e7\u00e3o Edital de Abertura<\/strong><\/em> &#8211; EDITAL N\u00ba 02\/2021-PPGB\/UNICENTRO &#8211; ABERTURA DE INSCRI\u00c7\u00d5ES PARA O PROCESSO SELETIVO PARA INGRESSO EM 2021 DO PROGRAMA DE P\u00d3S-GRADUA\u00c7\u00c3O EM BIOENERGIA (PPGB) &#8211; <strong>RETIFICADO EM 26\/05\/2021 <\/strong><\/a><\/span><\/p>\n<p><span style=\"font-size: 12pt\"><a href=\"https:\/\/www3.unicentro.br\/ppgb\/wp-content\/uploads\/sites\/59\/2021\/03\/SELECAO.pdf\"><strong><em>Processo Seletivo 2021 &#8211; Edital de Abertura<\/em><\/strong> &#8211; EDITAL N\u00ba 02\/2021-PPGB\/UNICENTRO &#8211; ABERTURA DE INSCRI\u00c7\u00d5ES PARA O PROCESSO SELETIVO PARA INGRESSO EM 2021 DO PROGRAMA DE P\u00d3S-GRADUA\u00c7\u00c3O EM BIOENERGIA (PPGB)<\/a><\/span>[\/vc_column_text][\/vc_tta_section][vc_tta_section title=&#8221;2020&#8243; tab_id=&#8221;1664943218082-b144a8b9-edc9&#8243;][vc_column_text]<a href=\"https:\/\/www3.unicentro.br\/ppgb\/wp-content\/uploads\/sites\/59\/2020\/03\/EDITAL-N%C2%BA-03-ppgb-1.pdf\"><span style=\"font-size: 12pt\"><em><strong>Processo Seletivo 2020 &#8211; Resultado Final<\/strong><\/em> &#8211; EDITAL N\u00ba 03\/2020-PPGB\/UNICENTRO \u2013 CLASSIFICA\u00c7\u00c3O FINAL, AP\u00d3S ENTREVISTA DOS CANDIDATOS HOMOLOGADOS NO PROCESSO SELETIVO PARA INGRESSO EM 2020 NO PROGRAMA DE P\u00d3S-GRADUA\u00c7\u00c3O EM BIOENERGIA (PPGB).<\/span><\/a><\/p>\n<p><a href=\"https:\/\/www3.unicentro.br\/ppgb\/wp-content\/uploads\/sites\/59\/2020\/02\/EDITAL-N%C2%BA-02-ppgb-1.pdf\"><span style=\"font-size: 12pt\"><em><strong>Processo Seletivo 2020 &#8211; Classificados para Entrevista &#8211; <\/strong><\/em>EDITAL N\u00ba 02\/2020-PPGB\/UNICENTRO \u2013 CLASSIFICA\u00c7\u00c3O DOS CANDIDATOS HOMOLOGADOS NO PROCESSO SELETIVO PARA INGRESSO EM 2020 NO PROGRAMA DE P\u00d3S- GRADUA\u00c7\u00c3O EM BIOENERGIA (PPGB) E AGENDAMENTO DAS ENTREVISTAS<\/span><\/a><\/p>\n<p><a href=\"https:\/\/www3.unicentro.br\/ppgb\/wp-content\/uploads\/sites\/59\/2020\/02\/EDITAL-N%C2%BA-01-ppgb.pdf\"><span style=\"font-size: 12pt\"><em><strong>Processo Seletivo 2020 &#8211; Homologa\u00e7\u00e3o das Inscri\u00e7\u00f5es &#8211; <\/strong><\/em>EDITAL N\u00ba 01\/2020-PPGB\/UNICENTRO \u2013 HOMOLOGA\u00c7\u00c3O DOS CANDIDATOS INSCRITOS NO PROCESSO SELETIVO PARA INGRESSO EM 2020 NO PROGRAMA DE P\u00d3S- GRADUA\u00c7\u00c3O EM BIOENERGIA (PPGB)\u00a0<\/span><\/a><\/p>\n<p><a href=\"https:\/\/www3.unicentro.br\/ppgb\/wp-content\/uploads\/sites\/59\/2019\/11\/Edital_013_Sele%C3%A7%C3%A3o_PPGB_2019.pdf\"><span style=\"font-size: 12pt\"><em><strong>Processo Seletivo 2020 &#8211; Edital de Abertura &#8211; <\/strong><\/em>EDITAL N\u00ba 13\/2019-PPGB\/UNICENTRO &#8211; ABERTURA DE INSCRI\u00c7\u00d5ES PARA O PROCESSO SELETIVO PARA INGRESSO EM 2020 DO PROGRAMA DE P\u00d3SGRADUA\u00c7\u00c3O EM BIOENERGIA (PPGB) <\/span><\/a>[\/vc_column_text][\/vc_tta_section][vc_tta_section title=&#8221;2019&#8243; tab_id=&#8221;1664943220625-5d1b1401-7b15&#8243;][vc_column_text]<a href=\"https:\/\/www.unicentro.br\/posgraduacao\/mestrado\/bioenergia\/editais\/2019\/EDITAL_008_2019.pdf\"><span style=\"font-size: 12pt\"><em><strong>Processo Seletivo 2019 &#8211; Resultado Final<\/strong> <\/em>&#8211; Edital 008\/2019-PPGB\/UNICENTRO \u2013 Resultado Final do Processo de Sele\u00e7\u00e3o do Programa de P\u00f3s-Gradua\u00e7\u00e3o em Bioenergia \u2013 Turma 2019<\/span><\/a><\/p>\n<p><a href=\"https:\/\/www.unicentro.br\/posgraduacao\/mestrado\/bioenergia\/editais\/2019\/EDITAL_007_2019.pdf\"><span style=\"font-size: 12pt\"><em><strong>Processo Seletivo 2019 &#8211; Classificados para Entrevista<\/strong> <\/em>&#8211; Edital 007\/2019 &#8211; PPGB\/UNICENTRO \u2013 Convoca\u00e7\u00e3o para entrevista do Processo de Sele\u00e7\u00e3o do Programa de P\u00f3s-Gradua\u00e7\u00e3o em Bioenergia \u2013 Turma 2019<\/span><\/a><\/p>\n<p><a href=\"https:\/\/www.unicentro.br\/posgraduacao\/mestrado\/bioenergia\/editais\/2019\/EDITAL_006_2019.pdf\"><span style=\"font-size: 12pt\"><em><strong>Processo Seletivo 2019 &#8211; Resultados Prova Escrita e Curr\u00edculo<\/strong>\u00a0<\/em>&#8211; Edital 006\/2019-PPGB\/UNICENTRO \u2013 Resultado da An\u00e1lise do Curr\u00edculo e Prova Escrita do Processo de Sele\u00e7\u00e3o do Programa de P\u00f3s-Gradua\u00e7\u00e3o em Bioenergia \u2013 Turma 2019<\/span><\/a><\/p>\n<p><a href=\"https:\/\/www.unicentro.br\/posgraduacao\/mestrado\/bioenergia\/editais\/2019\/EDITAL_005_2019_rela_o_das_inscri_es_homologadas_5c6aeaaa2750a.pdf\"><span style=\"font-size: 12pt\"><em><strong>Processo Seletivo 2019 &#8211; Homologa\u00e7\u00e3o das Inscri\u00e7\u00f5es<\/strong>\u00a0<\/em>&#8211; Edital 005\/2019 &#8211; PPGB\/UNICENTRO \u2013 Rela\u00e7\u00e3o de inscri\u00e7\u00f5es deferidas para concorrerem \u00e0 vaga no Processo de Sele\u00e7\u00e3o do Programa de P\u00f3s-Gradua\u00e7\u00e3o em Bioenergia \u2013 Turma 2019<\/span><\/a><\/p>\n<p><span style=\"font-size: 12pt\"><a href=\"https:\/\/www.unicentro.br\/posgraduacao\/mestrado\/bioenergia\/editais\/2018\/Abertura_de_Inscri_es_do_Bioenergia_para_o_Processo_Seletivo_de_2019_5bcf33120c22a.pdf\"><em><strong>Processo Seletivo 2019 &#8211; Edital de Abertura<\/strong> <\/em>&#8211; EDITAL n\u00ba 16\/2018-PPGB\/UNICENTRO ABERTURA DE INSCRI\u00c7\u00d5ES PARA SELE\u00c7\u00c3O NO PROGRAMA DE P\u00d3SGRADUA\u00c7\u00c3O STRICTO SENSU EM BIOENERGIA \u2013 MESTRADO, \u00c1REA DE CONCENTRA\u00c7\u00c3O EM BIOCOMBUST\u00cdVEIS E ENERGIAS RENOV\u00c1VEIS, PARA INGRESSO NO 1\u00ba SEMESTRE DE 2019.<\/a> <\/span>[\/vc_column_text][\/vc_tta_section][\/vc_tta_accordion][\/vc_column][\/vc_row]<\/p>\n<\/div>","protected":false},"excerpt":{"rendered":"<p>[vc_row][vc_column][vc_tta_accordion color=&#8221;sky&#8221; active_section=&#8221;1&#8243; collapsible_all=&#8221;true&#8221;][vc_tta_section title=&#8221;2025&#8243; tab_id=&#8221;1664942940481-3b3490be-0a18&#8243;][vc_column_text css=&#8221;&#8221;] EDITAL N\u00ba 5\/2025-PPGB\/UNICENTRO \u2013 RESULTADO FINAL PARA INGRESSO NO MESTRADO E DOUTORADO NO PROGRAMA DE P\u00d3S-GRADUA\u00c7\u00c3O EM BIOENERGIA (PPGB) EDITAL N\u00ba 4\/2025-PPGB\/UNICENTRO \u2013 RESULTADO PRELIMINAR PARA INGRESSO NO MESTRADO E DOUTORADO NO PROGRAMA DE P\u00d3S-GRADUA\u00c7\u00c3O EM BIOENERGIA (PPGB) \u00a0EDITAL N\u00ba 3\/2025-PPGB\/UNICENTRO \u2013 AGENDAMENTO PARA INGRESSO NO MESTRADO E [&hellip;]<\/p>\n","protected":false},"author":178,"featured_media":0,"parent":27,"menu_order":0,"comment_status":"closed","ping_status":"closed","template":"","meta":{"_exactmetrics_skip_tracking":false,"_exactmetrics_sitenote_active":false,"_exactmetrics_sitenote_note":"","_exactmetrics_sitenote_category":0,"footnotes":"","_links_to":"","_links_to_target":""},"class_list":["post-817","page","type-page","status-publish","hentry"],"_links":{"self":[{"href":"https:\/\/www3.unicentro.br\/ppgb\/wp-json\/wp\/v2\/pages\/817","targetHints":{"allow":["GET"]}}],"collection":[{"href":"https:\/\/www3.unicentro.br\/ppgb\/wp-json\/wp\/v2\/pages"}],"about":[{"href":"https:\/\/www3.unicentro.br\/ppgb\/wp-json\/wp\/v2\/types\/page"}],"author":[{"embeddable":true,"href":"https:\/\/www3.unicentro.br\/ppgb\/wp-json\/wp\/v2\/users\/178"}],"replies":[{"embeddable":true,"href":"https:\/\/www3.unicentro.br\/ppgb\/wp-json\/wp\/v2\/comments?post=817"}],"version-history":[{"count":4,"href":"https:\/\/www3.unicentro.br\/ppgb\/wp-json\/wp\/v2\/pages\/817\/revisions"}],"predecessor-version":[{"id":2228,"href":"https:\/\/www3.unicentro.br\/ppgb\/wp-json\/wp\/v2\/pages\/817\/revisions\/2228"}],"up":[{"embeddable":true,"href":"https:\/\/www3.unicentro.br\/ppgb\/wp-json\/wp\/v2\/pages\/27"}],"wp:attachment":[{"href":"https:\/\/www3.unicentro.br\/ppgb\/wp-json\/wp\/v2\/media?parent=817"}],"curies":[{"name":"wp","href":"https:\/\/api.w.org\/{rel}","templated":true}]}}