{"id":459,"date":"2019-04-09T09:25:08","date_gmt":"2019-04-09T12:25:08","guid":{"rendered":"https:\/\/www3.unicentro.br\/ppgb\/?page_id=459"},"modified":"2024-02-07T20:37:05","modified_gmt":"2024-02-07T23:37:05","slug":"corpo-discente","status":"publish","type":"page","link":"https:\/\/www3.unicentro.br\/ppgb\/corpo-discente\/","title":{"rendered":"Discentes"},"content":{"rendered":"<div class=\"wpb-content-wrapper\"><p>[vc_row][vc_column][vc_column_text]<span style=\"font-size: 14pt\"><strong><span style=\"color: #333399\">MESTRADO<\/span><\/strong><\/span>[\/vc_column_text][vc_tta_accordion style=&#8221;flat&#8221; shape=&#8221;square&#8221; color=&#8221;sky&#8221; spacing=&#8221;2&#8243; active_section=&#8221;100&#8243; no_fill=&#8221;true&#8221; collapsible_all=&#8221;true&#8221;][vc_tta_section title=&#8221;Turma 2024&#8243; tab_id=&#8221;1664330408068-310ca883-5125&#8243;][vc_column_text]<\/p>\n<table align=\"center\">\n<thead>\n<tr>\n<td>\n<p align=\"center\"><strong>NOME<\/strong><\/p>\n<\/td>\n<td>\n<p align=\"center\"><strong>ORIENTADOR<\/strong><\/p>\n<\/td>\n<td>\n<p align=\"center\"><strong>PESQUISA DESENVOLVIDA<\/strong><\/p>\n<\/td>\n<td>\n<p align=\"center\"><strong>BOLSISTA<\/strong><\/p>\n<\/td>\n<td>\n<p align=\"center\"><strong>PREVIS\u00c3O DE DEFESA<\/strong><\/p>\n<\/td>\n<\/tr>\n<\/thead>\n<tbody>\n<tr>\n<td style=\"text-align: center\"><\/td>\n<td style=\"text-align: center\"><\/td>\n<td style=\"text-align: center\"><\/td>\n<td style=\"text-align: center\"><\/td>\n<td style=\"text-align: center\"><\/td>\n<\/tr>\n<tr>\n<td style=\"text-align: center\"><\/td>\n<td style=\"text-align: center\"><\/td>\n<td style=\"text-align: center\"><\/td>\n<td style=\"text-align: center\"><\/td>\n<td style=\"text-align: center\"><\/td>\n<\/tr>\n<tr>\n<td style=\"text-align: center\"><\/td>\n<td style=\"text-align: center\"><\/td>\n<td style=\"text-align: center\"><\/td>\n<td style=\"text-align: center\"><\/td>\n<td style=\"text-align: center\"><\/td>\n<\/tr>\n<\/tbody>\n<\/table>\n<p>[\/vc_column_text][\/vc_tta_section][vc_tta_section title=&#8221;Turma 2023&#8243; tab_id=&#8221;1698369364662-47c8ca72-85b4&#8243;][vc_column_text]<\/p>\n<table style=\"width: 100%;height: 385px\" align=\"center\">\n<thead>\n<tr style=\"height: 79px\">\n<td style=\"height: 79px\">\n<p align=\"center\">NOME<\/p>\n<\/td>\n<td style=\"height: 79px\">\n<p align=\"center\">ORIENTADOR<\/p>\n<\/td>\n<td style=\"height: 79px\">\n<p align=\"center\">PESQUISA DESENVOLVIDA<\/p>\n<\/td>\n<td style=\"height: 79px\">\n<p align=\"center\">BOLSISTA<\/p>\n<\/td>\n<td style=\"height: 79px\">\n<p align=\"center\">PREVIS\u00c3O DE DEFESA<\/p>\n<\/td>\n<\/tr>\n<\/thead>\n<tbody>\n<tr style=\"height: 23px\">\n<td style=\"text-align: center;height: 23px\"><a href=\"http:\/\/lattes.cnpq.br\/3352978238021924\">Giovano Tochetto<\/a><\/td>\n<td style=\"text-align: center;height: 23px\"><a href=\"http:\/\/lattes.cnpq.br\/1244804271465938\" target=\"_blank\" rel=\"noopener noreferrer\"><span style=\"color: #333333\">Prof. Dr. Andr\u00e9 Lazarin Gallina<\/span><\/a><\/td>\n<td style=\"text-align: center;height: 23px\">PRODU\u00c7\u00c3O DE ETANOL A PARTIR DO RES\u00cdDUO DA EXTRA\u00c7\u00c3O DE \u00d3LEO DA SEMENTE DE SG<\/td>\n<td style=\"text-align: center;height: 23px\">SIM<\/td>\n<td style=\"text-align: center;height: 23px\">AT\u00c9 03\/2025<\/td>\n<\/tr>\n<tr style=\"height: 47px\">\n<td style=\"text-align: center;height: 47px\"><a href=\"http:\/\/lattes.cnpq.br\/9887497515276183\">Hagata Emmanuely Slusarski Fonseca<\/a><\/td>\n<td style=\"text-align: center;height: 47px\"><a href=\"http:\/\/lattes.cnpq.br\/7523573139592166\"><span style=\"color: #333333\">Prof. Dr. Everson do Prado Banczek<\/span><\/a><\/td>\n<td style=\"text-align: center;height: 47px\">ESTUDO DE C\u00c9LULAS SOLARES DE TIO2 SENSIBILIZADAS COM CLOROFILA<\/td>\n<td style=\"text-align: center;height: 47px\">SIM<\/td>\n<td style=\"text-align: center;height: 47px\">AT\u00c9 03\/2025<\/td>\n<\/tr>\n<tr style=\"height: 44px\">\n<td style=\"text-align: center;height: 44px\"><a href=\"http:\/\/lattes.cnpq.br\/1079239661417491\">Heliam Pedro Tabaldi<\/a><\/td>\n<td style=\"text-align: center;height: 44px\"><a href=\"http:\/\/lattes.cnpq.br\/1559766893291724\" target=\"_blank\" rel=\"noopener noreferrer\"><span style=\"color: #333333\">Prof. Dr. Paulo Rog\u00e9rio Pinto Rodrigues<\/span><\/a><\/td>\n<td style=\"text-align: center;height: 44px\">ESTUDO DO RES\u00cdDUO DE <em>euphorbia tirarucalli<\/em> L. APLICADO A GERA\u00c7\u00c3O\u00a0 DE CELUAS SOLARES (CSSC) e HIDROG\u00caNIO<\/td>\n<td style=\"text-align: center;height: 44px\">SIM<\/td>\n<td style=\"text-align: center;height: 44px\">AT\u00c9 03\/2025<\/td>\n<\/tr>\n<tr style=\"height: 24px\">\n<td style=\"text-align: center;height: 24px\"><a href=\"http:\/\/lattes.cnpq.br\/4056414260814678\">Jessica Caroline Wiggers<\/a><\/td>\n<td style=\"text-align: center;height: 24px\"><a href=\"http:\/\/lattes.cnpq.br\/8571916045049616\"><span style=\"color: #333333\">Prof. Dr. Edson Perez Guerra<\/span><\/a><\/td>\n<td style=\"text-align: center;height: 24px\">POTENCIAL DE PRODU\u00c7\u00c3O DE BIOG\u00c1S DE CAPIM ELEFANTE E RES\u00cdDUOS AGROINDUSTRIAIS<\/td>\n<td style=\"text-align: center;height: 24px\">SIM<\/td>\n<td style=\"text-align: center;height: 24px\">AT\u00c9 03\/2025<\/td>\n<\/tr>\n<tr style=\"height: 24px\">\n<td style=\"text-align: center;height: 24px\"><a href=\"http:\/\/lattes.cnpq.br\/4639091690226294\">Matheus Ribeiro Fernandes<\/a><\/td>\n<td style=\"text-align: center;height: 24px\"><a href=\"http:\/\/lattes.cnpq.br\/1559766893291724\" target=\"_blank\" rel=\"noopener noreferrer\"><span style=\"color: #333333\">Prof. Dr. Paulo Rog\u00e9rio Pinto Rodrigues<\/span><\/a><\/td>\n<td style=\"text-align: center;height: 24px\">PRODU\u00c7\u00c3O E CARACTERIZA\u00c7\u00c3O DE C\u00c9LULAS SOLARES CONTENDO CORANTE DA HANDROANTHUS OCHRACEA<\/td>\n<td style=\"text-align: center;height: 24px\">SIM<\/td>\n<td style=\"text-align: center;height: 24px\">AT\u00c9 03\/2025<\/td>\n<\/tr>\n<tr style=\"height: 24px\">\n<td style=\"text-align: center;height: 24px\"><a href=\"http:\/\/lattes.cnpq.br\/2876427460512727\">Robson Luiz Zanovello<\/a><\/td>\n<td style=\"text-align: center;height: 24px\"><a href=\"http:\/\/lattes.cnpq.br\/7523573139592166\"><span style=\"color: #333333\">Prof. Dr. Everson do Prado Banczek<\/span><\/a><\/td>\n<td style=\"text-align: center;height: 24px\">PRODU\u00c7\u00c3O SUSTENT\u00c1VEL DE HIDROG\u00caNIO POR MEIO DE HIDR\u00d3LISE DE \u00c1GUA SALINA<\/td>\n<td style=\"text-align: center;height: 24px\">SIM<\/td>\n<td style=\"text-align: center;height: 24px\">AT\u00c9 03\/2025<\/td>\n<\/tr>\n<tr style=\"height: 24px\">\n<td style=\"text-align: center;height: 24px\"><a href=\"http:\/\/lattes.cnpq.br\/8375159387857008\">Saul Fajardo<\/a><\/td>\n<td style=\"text-align: center;height: 24px\"><a href=\"http:\/\/lattes.cnpq.br\/1559766893291724\" target=\"_blank\" rel=\"noopener noreferrer\"><span style=\"color: #333333\">Prof. Dr. Paulo Rog\u00e9rio Pinto Rodrigues<\/span><\/a><\/td>\n<td style=\"text-align: center;height: 24px\">VIABILIDADE DE IMPLEMENTA\u00c7\u00c3O DE ENERGIA FOTOVOLTAICA EM PR\u00c9DIOS P\u00daBLICOS DO MUNIC\u00cdPIO DE GUARAPUAVA\u2013PR<\/td>\n<td style=\"text-align: center;height: 24px\">N\u00c3O<\/td>\n<td style=\"text-align: center;height: 24px\">AT\u00c9 03\/2025<\/td>\n<\/tr>\n<tr style=\"height: 48px\">\n<td style=\"text-align: center;height: 48px\"><a href=\"http:\/\/lattes.cnpq.br\/2398340032186263\">Stephanie Karpinski<\/a><\/td>\n<td style=\"text-align: center;height: 48px\"><a href=\"http:\/\/lattes.cnpq.br\/1244804271465938\" target=\"_blank\" rel=\"noopener noreferrer\"><span style=\"color: #333333\">Prof. Dr. Andr\u00e9 Lazarin Gallina<\/span><\/a><\/td>\n<td style=\"text-align: center;height: 48px\">PRODU\u00c7\u00c3O DE DIMETIL-\u00c9TER A PARTIR DA EXTRA\u00c7\u00c3O DE<br \/>\n\u00d3LEOS VEGETAIS<\/td>\n<td style=\"text-align: center;height: 48px\">SIM<\/td>\n<td style=\"text-align: center;height: 48px\">AT\u00c9 03\/2025<\/td>\n<\/tr>\n<tr style=\"height: 48px\">\n<td style=\"text-align: center;height: 48px\"><a href=\"http:\/\/lattes.cnpq.br\/2536623287776983\">Taynara Leticia Pereira<\/a><\/td>\n<td style=\"text-align: center;height: 48px\"><a href=\"http:\/\/lattes.cnpq.br\/7523573139592166\"><span style=\"color: #333333\">Prof. Dr. Everson do Prado Banczek<\/span><\/a><\/td>\n<td style=\"text-align: center;height: 48px\">PRODU\u00c7\u00c3O E CARACTERIZA\u00c7\u00c3O DE DIMETIL-\u00c9TER (DME) DE \u00d3LEO DE GIRASSOL COM DIFERENTES TEORES DE \u00c1CIDO OLEICO<\/td>\n<td style=\"text-align: center;height: 48px\">SIM<\/td>\n<td style=\"text-align: center;height: 48px\">AT\u00c9 03\/2025<\/td>\n<\/tr>\n<\/tbody>\n<\/table>\n<p>[\/vc_column_text][\/vc_tta_section][vc_tta_section title=&#8221;Turma 2022&#8243; tab_id=&#8221;1560349975524-65e89e8d-4d6f&#8221;][vc_column_text]<\/p>\n<table style=\"width: 100%;height: 241px\" align=\"center\">\n<thead>\n<tr style=\"height: 79px\">\n<td style=\"height: 79px\">\n<p align=\"center\"><strong>NOME<\/strong><\/p>\n<\/td>\n<td style=\"height: 79px\">\n<p align=\"center\"><strong>ORIENTADOR<\/strong><\/p>\n<\/td>\n<td style=\"height: 79px\">\n<p align=\"center\"><strong>PESQUISA DESENVOLVIDA<\/strong><\/p>\n<\/td>\n<td style=\"height: 79px\">\n<p align=\"center\"><strong>BOLSISTA<\/strong><\/p>\n<\/td>\n<td style=\"height: 79px\">\n<p align=\"center\"><strong>PREVIS\u00c3O DE DEFESA<\/strong><\/p>\n<\/td>\n<\/tr>\n<\/thead>\n<tbody>\n<tr style=\"height: 23px\">\n<td style=\"text-align: center;height: 23px\"><a href=\"http:\/\/lattes.cnpq.br\/2816283450959501\">Camila Camargo Gomes<\/a><\/td>\n<td style=\"text-align: center;height: 23px\"><a href=\"http:\/\/lattes.cnpq.br\/7523573139592166\">Prof. Dr. Everson do Prado Banczek<\/a><\/td>\n<td style=\"text-align: center;height: 23px\">PRODU\u00c7\u00c3O DE ETANOL DE SEGUNDA GERA\u00c7\u00c3O VIA HIDR\u00d3LISE \u00c1CIDA DE PALHA E SABUGO DE MILHO<\/td>\n<td style=\"text-align: center;height: 23px\">SIM<\/td>\n<td style=\"text-align: center;height: 23px\">AT\u00c9 03\/2024<\/td>\n<\/tr>\n<tr style=\"height: 47px\">\n<td style=\"text-align: center;height: 48px\"><a href=\"http:\/\/lattes.cnpq.br\/9985743185030893\">Eduarda Carolina Scherer Hagemann<\/a><\/td>\n<td style=\"text-align: center;height: 48px\"><a href=\"http:\/\/lattes.cnpq.br\/1244804271465938\" target=\"_blank\" rel=\"noopener noreferrer\">Prof. Dr. Andr\u00e9 Lazarin Gallina<\/a><\/td>\n<td style=\"text-align: center;height: 48px\">MICROPART\u00cdCULAS TiO2 PARA CAT\u00c1LISE DA PRODU\u00c7\u00c3O DE HIDROG\u00caNIO EM SOLU\u00c7\u00d5ES DE \u00c1CIDO F\u00d3RMICO<\/td>\n<td style=\"text-align: center;height: 48px\">SIM<\/td>\n<td style=\"text-align: center;height: 48px\">AT\u00c9 03\/2024<\/td>\n<\/tr>\n<tr style=\"height: 47px\">\n<td style=\"text-align: center;height: 47px\"><a href=\"http:\/\/lattes.cnpq.br\/7089901033984168\">Eduardo Vivian Masetto<\/a><\/td>\n<td style=\"text-align: center;height: 47px\"><a href=\"http:\/\/lattes.cnpq.br\/1559766893291724\" target=\"_blank\" rel=\"noopener noreferrer\">Prof. Dr. Paulo Rog\u00e9rio Pinto Rodrigues<\/a><\/td>\n<td style=\"text-align: center;height: 47px\">ATIVIDADE ANTIOXIDANTE DE RESIDUOS AGROINDUSTRIAIS E MISTURAS PARA BIODIESEL<\/td>\n<td style=\"text-align: center;height: 47px\">SIM<\/td>\n<td style=\"text-align: center;height: 47px\">AT\u00c9 06\/2024<\/td>\n<\/tr>\n<tr style=\"height: 44px\">\n<td style=\"text-align: center;height: 44px\"><a href=\"http:\/\/lattes.cnpq.br\/3645512476256280\">Sara Luneburger<\/a><\/td>\n<td style=\"text-align: center;height: 44px\"><a href=\"http:\/\/lattes.cnpq.br\/1244804271465938\" target=\"_blank\" rel=\"noopener noreferrer\">Prof. Dr. Andr\u00e9 Lazarin Gallina<\/a><\/td>\n<td style=\"text-align: center;height: 44px\">REDU\u00c7\u00c3O DO TEOR DE ACIDEZ DE \u00d3LEO VIA M\u00c9TODO ELETROQU\u00cdMICO, VISANDO A PRODU\u00c7\u00c3O DE BIODIESEL<\/td>\n<td style=\"text-align: center;height: 44px\">SIM<\/td>\n<td style=\"text-align: center;height: 44px\">AT\u00c9 03\/2024<\/td>\n<\/tr>\n<\/tbody>\n<\/table>\n<p>[\/vc_column_text][\/vc_tta_section][vc_tta_section title=&#8221;Turma 2021&#8243; tab_id=&#8221;1664330438277-b412b107-2a7c&#8221;][vc_column_text]<\/p>\n<table style=\"width: 94.0859%;height: 147px\" align=\"center\">\n<thead>\n<tr style=\"height: 55px\">\n<td style=\"height: 55px;width: 21.8924%\">\n<p align=\"center\"><strong>NOME<\/strong><\/p>\n<\/td>\n<td style=\"height: 55px;width: 28.2004%\">\n<p align=\"center\"><strong>ORIENTADOR<\/strong><\/p>\n<\/td>\n<td style=\"height: 55px;width: 22.1707%\">\n<p align=\"center\"><strong>PESQUISA DESENVOLVIDA<\/strong><\/p>\n<\/td>\n<td style=\"height: 55px;width: 8.44156%\">\n<p align=\"center\"><strong>BOLSISTA<\/strong><\/p>\n<\/td>\n<td style=\"height: 55px;width: 18.2746%\">\n<p align=\"center\"><strong>PREVIS\u00c3O DE DEFESA<\/strong><\/p>\n<\/td>\n<\/tr>\n<\/thead>\n<tbody>\n<tr style=\"height: 23px\">\n<td style=\"text-align: center;height: 23px;width: 21.8924%\"><a href=\"http:\/\/lattes.cnpq.br\/2851970960083798\">Danilo Cust\u00f3dio de Souza J\u00fanior<\/a><\/td>\n<td style=\"text-align: center;height: 23px;width: 28.2004%\"><a href=\"http:\/\/lattes.cnpq.br\/1209937575998431\" target=\"_blank\" rel=\"noopener noreferrer\">Prof. Dr. Waldir Nagel Schirmer<\/a><\/td>\n<td style=\"text-align: center;height: 23px;width: 22.1707%\">ESTUDO DA EFICIENCIA ENERGETICA DE RESIDUOS AGROINDUSTRIAIS PARA QUEIMA EM CALDEIRA DE BIOMASSA<\/td>\n<td style=\"text-align: center;height: 23px;width: 8.44156%\">N\u00c3O<\/td>\n<td style=\"text-align: center;height: 23px;width: 18.2746%\">Desistente<\/td>\n<\/tr>\n<tr style=\"height: 23px\">\n<td style=\"text-align: center;height: 23px;width: 21.8924%\"><a href=\"http:\/\/lattes.cnpq.br\/2038718667904377\">Helena Cristina Moreira Zanella<\/a><\/td>\n<td style=\"text-align: center;height: 23px;width: 28.2004%\"><a href=\"http:\/\/lattes.cnpq.br\/1244804271465938\" target=\"_blank\" rel=\"noopener noreferrer\">Prof. Dr. Andr\u00e9 Lazarin Gallina<\/a><\/td>\n<td style=\"text-align: center;height: 23px;width: 22.1707%\">ROADMAP TECNOL\u00d3GICO: APROVEITAR OS REJEITOS S\u00d3LIDOS URBANOS PARA CONVERS\u00c3O EM BIO\u00c9TER DIMETIL\u00cdCO<\/td>\n<td style=\"text-align: center;height: 23px;width: 8.44156%\">N\u00c3O<\/td>\n<td style=\"text-align: center;height: 23px;width: 18.2746%\">AT\u00c9 08\/2024<\/td>\n<\/tr>\n<tr style=\"height: 23px\">\n<td style=\"text-align: center;height: 23px;width: 21.8924%\"><a href=\"http:\/\/lattes.cnpq.br\/6568614151489044\">Maria Cristina de Souza<\/a><\/td>\n<td style=\"text-align: center;height: 23px;width: 28.2004%\"><a href=\"http:\/\/lattes.cnpq.br\/1950137747785419\" target=\"_blank\" rel=\"noopener noreferrer\">Prof.\u00aa Dr.\u00aa Cynthia Beatriz Furstemberger<\/a><\/td>\n<td style=\"text-align: center;height: 23px;width: 22.1707%\">BIOETANOL DE SEGUNDA GERA\u00c7\u00c3O PRODUZIDO A PARTIR DA BIOMASSA DE <em>Eichhornia rassipes<\/em> VIA HIDR\u00d3LISE ENZIM\u00c1TICA PELO FUNGO <em>Grifola frondosa<\/em><\/td>\n<td style=\"text-align: center;height: 23px;width: 8.44156%\">SIM<\/td>\n<td style=\"text-align: center;height: 23px;width: 18.2746%\">AT\u00c9 08\/2024<\/td>\n<\/tr>\n<tr style=\"height: 23px\">\n<td style=\"text-align: center;height: 23px;width: 21.8924%\"><a href=\"http:\/\/lattes.cnpq.br\/3320035956928001\">Paulo Cesar Kohler<\/a><\/td>\n<td style=\"text-align: center;height: 23px;width: 28.2004%\"><a href=\"http:\/\/lattes.cnpq.br\/8571916045049616\">Prof. Dr. Edson Perez Guerra<\/a><\/td>\n<td style=\"text-align: center;height: 23px;width: 22.1707%\"><\/td>\n<td style=\"text-align: center;height: 23px;width: 8.44156%\">N\u00c3O<\/td>\n<td style=\"text-align: center;height: 23px;width: 18.2746%\">MATR\u00cdCULA TRANCADA<\/td>\n<\/tr>\n<\/tbody>\n<\/table>\n<p>[\/vc_column_text][\/vc_tta_section][\/vc_tta_accordion][vc_column_text]<span style=\"font-size: 14pt\"><strong><span style=\"color: #333399\">DOUTORADO<\/span><\/strong><\/span>[\/vc_column_text][vc_tta_accordion style=&#8221;flat&#8221; shape=&#8221;square&#8221; color=&#8221;sky&#8221; spacing=&#8221;2&#8243; active_section=&#8221;100&#8243; no_fill=&#8221;true&#8221; collapsible_all=&#8221;true&#8221;][vc_tta_section title=&#8221;Turma 2024&#8243; tab_id=&#8221;1698369334431-8df1a305-824c&#8221;][vc_column_text]<\/p>\n<table align=\"center\">\n<thead>\n<tr>\n<td>\n<p align=\"center\"><strong>NOME<\/strong><\/p>\n<\/td>\n<td>\n<p align=\"center\"><strong>ORIENTADOR<\/strong><\/p>\n<\/td>\n<td>\n<p align=\"center\"><strong>PESQUISA DESENVOLVIDA<\/strong><\/p>\n<\/td>\n<td>\n<p align=\"center\"><strong>BOLSISTA<\/strong><\/p>\n<\/td>\n<td>\n<p align=\"center\"><strong>PREVIS\u00c3O DE DEFESA<\/strong><\/p>\n<\/td>\n<\/tr>\n<\/thead>\n<tbody>\n<tr>\n<td style=\"text-align: center\"><\/td>\n<td style=\"text-align: center\"><\/td>\n<td style=\"text-align: center\"><\/td>\n<td style=\"text-align: center\"><\/td>\n<td style=\"text-align: center\"><\/td>\n<\/tr>\n<tr>\n<td style=\"text-align: center\"><\/td>\n<td style=\"text-align: center\"><\/td>\n<td style=\"text-align: center\"><\/td>\n<td style=\"text-align: center\"><\/td>\n<td style=\"text-align: center\"><\/td>\n<\/tr>\n<tr>\n<td style=\"text-align: center\"><\/td>\n<td style=\"text-align: center\"><\/td>\n<td style=\"text-align: center\"><\/td>\n<td style=\"text-align: center\"><\/td>\n<td style=\"text-align: center\"><\/td>\n<\/tr>\n<\/tbody>\n<\/table>\n<p>[\/vc_column_text][\/vc_tta_section][\/vc_tta_accordion][\/vc_column][\/vc_row]<\/p>\n<\/div>","protected":false},"excerpt":{"rendered":"<p>[vc_row][vc_column][vc_column_text]MESTRADO[\/vc_column_text][vc_tta_accordion style=&#8221;flat&#8221; shape=&#8221;square&#8221; color=&#8221;sky&#8221; spacing=&#8221;2&#8243; active_section=&#8221;100&#8243; no_fill=&#8221;true&#8221; collapsible_all=&#8221;true&#8221;][vc_tta_section title=&#8221;Turma 2024&#8243; tab_id=&#8221;1664330408068-310ca883-5125&#8243;][vc_column_text] NOME ORIENTADOR PESQUISA DESENVOLVIDA BOLSISTA PREVIS\u00c3O DE DEFESA [\/vc_column_text][\/vc_tta_section][vc_tta_section title=&#8221;Turma 2023&#8243; tab_id=&#8221;1698369364662-47c8ca72-85b4&#8243;][vc_column_text] NOME ORIENTADOR PESQUISA DESENVOLVIDA BOLSISTA PREVIS\u00c3O DE DEFESA Giovano Tochetto Prof. Dr. Andr\u00e9 Lazarin Gallina PRODU\u00c7\u00c3O DE ETANOL A PARTIR DO RES\u00cdDUO DA EXTRA\u00c7\u00c3O DE \u00d3LEO DA SEMENTE DE SG SIM AT\u00c9 [&hellip;]<\/p>\n","protected":false},"author":3,"featured_media":0,"parent":0,"menu_order":0,"comment_status":"closed","ping_status":"closed","template":"","meta":{"_exactmetrics_skip_tracking":false,"_exactmetrics_sitenote_active":false,"_exactmetrics_sitenote_note":"","_exactmetrics_sitenote_category":0,"footnotes":"","_links_to":"","_links_to_target":""},"class_list":["post-459","page","type-page","status-publish","hentry"],"_links":{"self":[{"href":"https:\/\/www3.unicentro.br\/ppgb\/wp-json\/wp\/v2\/pages\/459","targetHints":{"allow":["GET"]}}],"collection":[{"href":"https:\/\/www3.unicentro.br\/ppgb\/wp-json\/wp\/v2\/pages"}],"about":[{"href":"https:\/\/www3.unicentro.br\/ppgb\/wp-json\/wp\/v2\/types\/page"}],"author":[{"embeddable":true,"href":"https:\/\/www3.unicentro.br\/ppgb\/wp-json\/wp\/v2\/users\/3"}],"replies":[{"embeddable":true,"href":"https:\/\/www3.unicentro.br\/ppgb\/wp-json\/wp\/v2\/comments?post=459"}],"version-history":[{"count":2,"href":"https:\/\/www3.unicentro.br\/ppgb\/wp-json\/wp\/v2\/pages\/459\/revisions"}],"predecessor-version":[{"id":1937,"href":"https:\/\/www3.unicentro.br\/ppgb\/wp-json\/wp\/v2\/pages\/459\/revisions\/1937"}],"wp:attachment":[{"href":"https:\/\/www3.unicentro.br\/ppgb\/wp-json\/wp\/v2\/media?parent=459"}],"curies":[{"name":"wp","href":"https:\/\/api.w.org\/{rel}","templated":true}]}}