{"id":406,"date":"2019-04-08T11:49:24","date_gmt":"2019-04-08T14:49:24","guid":{"rendered":"https:\/\/www3.unicentro.br\/ppgb\/?page_id=406"},"modified":"2024-02-07T11:26:21","modified_gmt":"2024-02-07T14:26:21","slug":"modelos-de-dissertacoes","status":"publish","type":"page","link":"https:\/\/www3.unicentro.br\/ppgb\/legislacao\/modelos-de-dissertacoes\/","title":{"rendered":"Modelos de Disserta\u00e7\u00f5es"},"content":{"rendered":"<ul>\n<li><a href=\"https:\/\/www3.unicentro.br\/ppgb\/wp-content\/uploads\/sites\/59\/2024\/02\/MODELO_DECLARACAO_CORRECAO_TCC_PPGB_65c36a310ab9f.pdf\"><strong>ANEXO 1 &#8211; ATESTADO DE CORRE\u00c7\u00c3O DA DISSERTA\u00c7\u00c3O AP\u00d3S DEFESA [.pdf]<\/strong><\/a><\/li>\n<li><a href=\"https:\/\/www3.unicentro.br\/ppgb\/wp-content\/uploads\/sites\/59\/2024\/02\/MODELO_TCC_MESTRADO_DOUTORADO_PPGB_65c36a3227601.pdf\"><strong>MODELO PARA\u00a0 DISSERTA\u00c7\u00d5ES I a IV [.pdf]<\/strong><\/a><\/li>\n<li><a href=\"https:\/\/www3.unicentro.br\/ppgb\/wp-content\/uploads\/sites\/59\/2019\/07\/Instru_o_Normativa_n_1_2014_PROPESP.pdf\" target=\"_blank\" rel=\"noopener noreferrer\"><strong>INSTRU\u00c7\u00c3O NORMATIVA PROPESP PARA DISSERTA\u00c7\u00d5ES E TESES (MODELO DE CAPA) [.pdf]<\/strong><\/a><\/li>\n<li><a href=\"https:\/\/www3.unicentro.br\/ppgb\/wp-content\/uploads\/sites\/59\/2019\/05\/RELATORIO-SEMESTRAL-DISCENTES-2019.docx\"><strong>RELAT\u00d3RIO DE ATIVIDADES DISCENTE PARA AS DISSERTA\u00c7\u00d5ES [.docx]<\/strong><\/a><\/li>\n<\/ul>\n","protected":false},"excerpt":{"rendered":"<p>ANEXO 1 &#8211; ATESTADO DE CORRE\u00c7\u00c3O DA DISSERTA\u00c7\u00c3O AP\u00d3S DEFESA [.pdf] MODELO PARA\u00a0 DISSERTA\u00c7\u00d5ES I a IV [.pdf] INSTRU\u00c7\u00c3O NORMATIVA PROPESP PARA DISSERTA\u00c7\u00d5ES E TESES (MODELO DE CAPA) [.pdf] RELAT\u00d3RIO DE ATIVIDADES DISCENTE PARA AS DISSERTA\u00c7\u00d5ES [.docx]<\/p>\n","protected":false},"author":3,"featured_media":0,"parent":432,"menu_order":0,"comment_status":"closed","ping_status":"closed","template":"","meta":{"_exactmetrics_skip_tracking":false,"_exactmetrics_sitenote_active":false,"_exactmetrics_sitenote_note":"","_exactmetrics_sitenote_category":0,"footnotes":"","_links_to":"","_links_to_target":""},"class_list":["post-406","page","type-page","status-publish","hentry"],"_links":{"self":[{"href":"https:\/\/www3.unicentro.br\/ppgb\/wp-json\/wp\/v2\/pages\/406","targetHints":{"allow":["GET"]}}],"collection":[{"href":"https:\/\/www3.unicentro.br\/ppgb\/wp-json\/wp\/v2\/pages"}],"about":[{"href":"https:\/\/www3.unicentro.br\/ppgb\/wp-json\/wp\/v2\/types\/page"}],"author":[{"embeddable":true,"href":"https:\/\/www3.unicentro.br\/ppgb\/wp-json\/wp\/v2\/users\/3"}],"replies":[{"embeddable":true,"href":"https:\/\/www3.unicentro.br\/ppgb\/wp-json\/wp\/v2\/comments?post=406"}],"version-history":[{"count":1,"href":"https:\/\/www3.unicentro.br\/ppgb\/wp-json\/wp\/v2\/pages\/406\/revisions"}],"predecessor-version":[{"id":1918,"href":"https:\/\/www3.unicentro.br\/ppgb\/wp-json\/wp\/v2\/pages\/406\/revisions\/1918"}],"up":[{"embeddable":true,"href":"https:\/\/www3.unicentro.br\/ppgb\/wp-json\/wp\/v2\/pages\/432"}],"wp:attachment":[{"href":"https:\/\/www3.unicentro.br\/ppgb\/wp-json\/wp\/v2\/media?parent=406"}],"curies":[{"name":"wp","href":"https:\/\/api.w.org\/{rel}","templated":true}]}}