{"id":399,"date":"2019-04-08T11:45:47","date_gmt":"2019-04-08T14:45:47","guid":{"rendered":"https:\/\/www3.unicentro.br\/ppgb\/?page_id=399"},"modified":"2024-01-30T18:41:28","modified_gmt":"2024-01-30T21:41:28","slug":"planejamento-estrategico","status":"publish","type":"page","link":"https:\/\/www3.unicentro.br\/ppgb\/planejamento-estrategico\/","title":{"rendered":"Planejamento Estrat\u00e9gico"},"content":{"rendered":"<div class=\"wpb-content-wrapper\"><p>[vc_row][vc_column][vc_tta_accordion color=&#8221;sky&#8221; active_section=&#8221;1&#8243; collapsible_all=&#8221;true&#8221; title=&#8221;PROGRAMA DE P\u00d3S-GRADUA\u00c7\u00c3O EM BIOENERGIA:&#8221;][vc_tta_section title=&#8221;MISS\u00c3O&#8221; tab_id=&#8221;1664844520668-1d909315-c789&#8243;][vc_column_text]<span style=\"font-size: 12pt\"><em>O Programa tem por miss\u00e3o formar recursos humanos para pesquisa e magist\u00e9rio superior gerando e disseminando o conhecimento cient\u00edfico e tecnol\u00f3gico em Bioenergia.<\/em><\/span>[\/vc_column_text][\/vc_tta_section][vc_tta_section title=&#8221;VIS\u00c3O&#8221; tab_id=&#8221;1664844520694-f10d2070-ab7c&#8221;][vc_column_text]<em><span style=\"font-size: 12pt\">Ser refer\u00eancia no desenvolvimento cient\u00edfico e tecnol\u00f3gico do Pa\u00eds na \u00e1rea de conhecimento em Bioenergia, especificamente nas linhas de pesquisa em Biocombust\u00edveis e Energias Renov\u00e1veis.<\/span><\/em>[\/vc_column_text][\/vc_tta_section][vc_tta_section title=&#8221;VALORES&#8221; tab_id=&#8221;1664844617874-a639ff3e-d865&#8243;][vc_column_text]<em><span style=\"font-size: 12pt\">Consistem em desenvolver a ci\u00eancia e tecnologia em Bioenergia com \u00e9tica, respeito \u00e0 pluralidade, qualidade, transpar\u00eancia, comprometimento e sustentabilidade (econ\u00f4mica, social, ambiental, tecnol\u00f3gica e inovadora).<\/span><\/em>[\/vc_column_text][\/vc_tta_section][vc_tta_section title=&#8221;MATRIZ SWOT &#8211; For\u00e7as, fraquezas, oportunidades e amea\u00e7as.&#8221; tab_id=&#8221;1664844796541-eea32f47-8eac&#8221;][vc_column_text]<span style=\"font-size: 14pt\"><em><span style=\"font-size: 12pt\">A matriz SWOT \u00e9 oriunda de sigla inglesa: For\u00e7as (Strengths); Fraquezas (Weaknesses); Oportunidades (Opportunities); Amea\u00e7as (Threats).<\/span><\/em><br \/>\n<em><span style=\"font-size: 12pt\">Uma matriz SWOT \u00e9 produzida para as oportunidades, amea\u00e7as, pontos fortes e pontos fracos gerado para o PPGB. Onde as amea\u00e7as e as oportunidades est\u00e3o ligadas ao ambiente externo do PPGB, enquanto os pontos fracos e pontos fortes est\u00e3o ligados ao ambiente interno PPGB.<\/span><\/em><br \/>\n<\/span><\/p>\n<p><span style=\"font-size: 12pt\"><em>Matriz SWOT PPBG, 2021-2022:<\/em><\/span><\/p>\n<p><img loading=\"lazy\" decoding=\"async\" class=\"alignnone size-full wp-image-1320\" src=\"https:\/\/www3.unicentro.br\/ppgb\/wp-content\/uploads\/sites\/59\/2022\/10\/Matriz-SWOT.png\" alt=\"\" width=\"1988\" height=\"1300\" srcset=\"https:\/\/www3.unicentro.br\/ppgb\/wp-content\/uploads\/sites\/59\/2022\/10\/Matriz-SWOT.png 1988w, https:\/\/www3.unicentro.br\/ppgb\/wp-content\/uploads\/sites\/59\/2022\/10\/Matriz-SWOT-300x196.png 300w, https:\/\/www3.unicentro.br\/ppgb\/wp-content\/uploads\/sites\/59\/2022\/10\/Matriz-SWOT-1024x670.png 1024w, https:\/\/www3.unicentro.br\/ppgb\/wp-content\/uploads\/sites\/59\/2022\/10\/Matriz-SWOT-768x502.png 768w, https:\/\/www3.unicentro.br\/ppgb\/wp-content\/uploads\/sites\/59\/2022\/10\/Matriz-SWOT-1536x1004.png 1536w, https:\/\/www3.unicentro.br\/ppgb\/wp-content\/uploads\/sites\/59\/2022\/10\/Matriz-SWOT-255x167.png 255w\" sizes=\"auto, (max-width: 1988px) 100vw, 1988px\" \/>[\/vc_column_text][\/vc_tta_section][vc_tta_section title=&#8221;METAS DO PLANEJAMENTO ESTRAT\u00c9GICO DO PPGB (2021-2025)&#8221; tab_id=&#8221;1664914545183-37d64ff8-d89a&#8221;][vc_column_text]<span style=\"font-size: 12pt\"><em>A implementa\u00e7\u00e3o do Planejamento Estrat\u00e9gico do PPGB haver\u00e1 a necessidade de articula\u00e7\u00f5es entre os coordenadores as Pr\u00f3- Reitorias de P\u00f3s Gradua\u00e7\u00e3o das IES nucleadoras, bem como consultas \u00e0 \u00e1rea interdisciplinar de ENGENHARIA \/ TECNOLOGIA\/GEST\u00c2O (90193000) da CAPES.<\/em><\/span><br \/>\n<span style=\"font-size: 12pt\"><em>Visando atender \u00e0s quest\u00f5es estrat\u00e9gicas definidas, as metas e indicadores do planejamento estrat\u00e9gico do PPGB s\u00e3o mostradas e determinadas abaixo, onde aplica-se o plano de a\u00e7\u00e3o para cada meta a partir da metodologia 5W2H.<\/em><\/span><br \/>\n<span style=\"font-size: 12pt\"><em>O Planejamento Estrat\u00e9gico do PPGB \u00e9 avaliado semestralmente quanto \u00e0 execu\u00e7\u00e3o e indicadores de progress\u00e3o.<\/em><\/span><\/p>\n<p><span style=\"text-decoration: underline;font-size: 12pt\"><em>Metas e Indicadores do Planejamento Estrat\u00e9gico do PPGB:<\/em><\/span><\/p>\n<p><img loading=\"lazy\" decoding=\"async\" class=\"alignnone size-full wp-image-1333\" src=\"https:\/\/www3.unicentro.br\/ppgb\/wp-content\/uploads\/sites\/59\/2022\/10\/Gestao-Academica.png\" alt=\"\" width=\"1021\" height=\"621\" srcset=\"https:\/\/www3.unicentro.br\/ppgb\/wp-content\/uploads\/sites\/59\/2022\/10\/Gestao-Academica.png 1021w, https:\/\/www3.unicentro.br\/ppgb\/wp-content\/uploads\/sites\/59\/2022\/10\/Gestao-Academica-300x182.png 300w, https:\/\/www3.unicentro.br\/ppgb\/wp-content\/uploads\/sites\/59\/2022\/10\/Gestao-Academica-768x467.png 768w, https:\/\/www3.unicentro.br\/ppgb\/wp-content\/uploads\/sites\/59\/2022\/10\/Gestao-Academica-255x155.png 255w\" sizes=\"auto, (max-width: 1021px) 100vw, 1021px\" \/><\/p>\n<p><img loading=\"lazy\" decoding=\"async\" class=\"alignnone size-full wp-image-1335\" src=\"https:\/\/www3.unicentro.br\/ppgb\/wp-content\/uploads\/sites\/59\/2022\/10\/Coordenacao.png\" alt=\"\" width=\"1021\" height=\"1368\" srcset=\"https:\/\/www3.unicentro.br\/ppgb\/wp-content\/uploads\/sites\/59\/2022\/10\/Coordenacao.png 1021w, https:\/\/www3.unicentro.br\/ppgb\/wp-content\/uploads\/sites\/59\/2022\/10\/Coordenacao-224x300.png 224w, https:\/\/www3.unicentro.br\/ppgb\/wp-content\/uploads\/sites\/59\/2022\/10\/Coordenacao-764x1024.png 764w, https:\/\/www3.unicentro.br\/ppgb\/wp-content\/uploads\/sites\/59\/2022\/10\/Coordenacao-768x1029.png 768w, https:\/\/www3.unicentro.br\/ppgb\/wp-content\/uploads\/sites\/59\/2022\/10\/Coordenacao-255x342.png 255w\" sizes=\"auto, (max-width: 1021px) 100vw, 1021px\" \/><\/p>\n<p><img loading=\"lazy\" decoding=\"async\" class=\"alignnone size-full wp-image-1336\" src=\"https:\/\/www3.unicentro.br\/ppgb\/wp-content\/uploads\/sites\/59\/2022\/10\/Desenvolvimento-pessoal-dos-docentes.png\" alt=\"\" width=\"1021\" height=\"807\" srcset=\"https:\/\/www3.unicentro.br\/ppgb\/wp-content\/uploads\/sites\/59\/2022\/10\/Desenvolvimento-pessoal-dos-docentes.png 1021w, https:\/\/www3.unicentro.br\/ppgb\/wp-content\/uploads\/sites\/59\/2022\/10\/Desenvolvimento-pessoal-dos-docentes-300x237.png 300w, https:\/\/www3.unicentro.br\/ppgb\/wp-content\/uploads\/sites\/59\/2022\/10\/Desenvolvimento-pessoal-dos-docentes-768x607.png 768w, https:\/\/www3.unicentro.br\/ppgb\/wp-content\/uploads\/sites\/59\/2022\/10\/Desenvolvimento-pessoal-dos-docentes-255x202.png 255w\" sizes=\"auto, (max-width: 1021px) 100vw, 1021px\" \/><\/p>\n<p><img loading=\"lazy\" decoding=\"async\" class=\"alignnone size-full wp-image-1340\" src=\"https:\/\/www3.unicentro.br\/ppgb\/wp-content\/uploads\/sites\/59\/2022\/10\/Estrutura-Academica.png\" alt=\"\" width=\"1020\" height=\"532\" srcset=\"https:\/\/www3.unicentro.br\/ppgb\/wp-content\/uploads\/sites\/59\/2022\/10\/Estrutura-Academica.png 1020w, https:\/\/www3.unicentro.br\/ppgb\/wp-content\/uploads\/sites\/59\/2022\/10\/Estrutura-Academica-300x156.png 300w, https:\/\/www3.unicentro.br\/ppgb\/wp-content\/uploads\/sites\/59\/2022\/10\/Estrutura-Academica-768x401.png 768w, https:\/\/www3.unicentro.br\/ppgb\/wp-content\/uploads\/sites\/59\/2022\/10\/Estrutura-Academica-255x133.png 255w\" sizes=\"auto, (max-width: 1020px) 100vw, 1020px\" \/><\/p>\n<p><img loading=\"lazy\" decoding=\"async\" class=\"alignnone size-full wp-image-1341\" src=\"https:\/\/www3.unicentro.br\/ppgb\/wp-content\/uploads\/sites\/59\/2022\/10\/Producao-tecnocientifica.png\" alt=\"\" width=\"1020\" height=\"1128\" srcset=\"https:\/\/www3.unicentro.br\/ppgb\/wp-content\/uploads\/sites\/59\/2022\/10\/Producao-tecnocientifica.png 1020w, https:\/\/www3.unicentro.br\/ppgb\/wp-content\/uploads\/sites\/59\/2022\/10\/Producao-tecnocientifica-271x300.png 271w, https:\/\/www3.unicentro.br\/ppgb\/wp-content\/uploads\/sites\/59\/2022\/10\/Producao-tecnocientifica-926x1024.png 926w, https:\/\/www3.unicentro.br\/ppgb\/wp-content\/uploads\/sites\/59\/2022\/10\/Producao-tecnocientifica-768x849.png 768w, https:\/\/www3.unicentro.br\/ppgb\/wp-content\/uploads\/sites\/59\/2022\/10\/Producao-tecnocientifica-255x282.png 255w\" sizes=\"auto, (max-width: 1020px) 100vw, 1020px\" \/><\/p>\n<p><img loading=\"lazy\" decoding=\"async\" class=\"alignnone size-full wp-image-1342\" src=\"https:\/\/www3.unicentro.br\/ppgb\/wp-content\/uploads\/sites\/59\/2022\/10\/Impacto-na-sociedade.png\" alt=\"\" width=\"1020\" height=\"1136\" srcset=\"https:\/\/www3.unicentro.br\/ppgb\/wp-content\/uploads\/sites\/59\/2022\/10\/Impacto-na-sociedade.png 1020w, https:\/\/www3.unicentro.br\/ppgb\/wp-content\/uploads\/sites\/59\/2022\/10\/Impacto-na-sociedade-269x300.png 269w, https:\/\/www3.unicentro.br\/ppgb\/wp-content\/uploads\/sites\/59\/2022\/10\/Impacto-na-sociedade-919x1024.png 919w, https:\/\/www3.unicentro.br\/ppgb\/wp-content\/uploads\/sites\/59\/2022\/10\/Impacto-na-sociedade-768x855.png 768w, https:\/\/www3.unicentro.br\/ppgb\/wp-content\/uploads\/sites\/59\/2022\/10\/Impacto-na-sociedade-255x284.png 255w\" sizes=\"auto, (max-width: 1020px) 100vw, 1020px\" \/><\/p>\n<p><img loading=\"lazy\" decoding=\"async\" class=\"alignnone size-full wp-image-1343\" src=\"https:\/\/www3.unicentro.br\/ppgb\/wp-content\/uploads\/sites\/59\/2022\/10\/Internacionalizacao.png\" alt=\"\" width=\"1020\" height=\"720\" srcset=\"https:\/\/www3.unicentro.br\/ppgb\/wp-content\/uploads\/sites\/59\/2022\/10\/Internacionalizacao.png 1020w, https:\/\/www3.unicentro.br\/ppgb\/wp-content\/uploads\/sites\/59\/2022\/10\/Internacionalizacao-300x212.png 300w, https:\/\/www3.unicentro.br\/ppgb\/wp-content\/uploads\/sites\/59\/2022\/10\/Internacionalizacao-768x542.png 768w, https:\/\/www3.unicentro.br\/ppgb\/wp-content\/uploads\/sites\/59\/2022\/10\/Internacionalizacao-255x180.png 255w\" sizes=\"auto, (max-width: 1020px) 100vw, 1020px\" \/>[\/vc_column_text][\/vc_tta_section][\/vc_tta_accordion][\/vc_column][\/vc_row]<\/p>\n<\/div>","protected":false},"excerpt":{"rendered":"<p>[vc_row][vc_column][vc_tta_accordion color=&#8221;sky&#8221; active_section=&#8221;1&#8243; collapsible_all=&#8221;true&#8221; title=&#8221;PROGRAMA DE P\u00d3S-GRADUA\u00c7\u00c3O EM BIOENERGIA:&#8221;][vc_tta_section title=&#8221;MISS\u00c3O&#8221; tab_id=&#8221;1664844520668-1d909315-c789&#8243;][vc_column_text]O Programa tem por miss\u00e3o formar recursos humanos para pesquisa e magist\u00e9rio superior gerando e disseminando o conhecimento cient\u00edfico e tecnol\u00f3gico em Bioenergia.[\/vc_column_text][\/vc_tta_section][vc_tta_section title=&#8221;VIS\u00c3O&#8221; tab_id=&#8221;1664844520694-f10d2070-ab7c&#8221;][vc_column_text]Ser refer\u00eancia no desenvolvimento cient\u00edfico e tecnol\u00f3gico do Pa\u00eds na \u00e1rea de conhecimento em Bioenergia, especificamente nas linhas de pesquisa em [&hellip;]<\/p>\n","protected":false},"author":3,"featured_media":0,"parent":0,"menu_order":0,"comment_status":"closed","ping_status":"closed","template":"","meta":{"_exactmetrics_skip_tracking":false,"_exactmetrics_sitenote_active":false,"_exactmetrics_sitenote_note":"","_exactmetrics_sitenote_category":0,"footnotes":"","_links_to":"","_links_to_target":""},"class_list":["post-399","page","type-page","status-publish","hentry"],"_links":{"self":[{"href":"https:\/\/www3.unicentro.br\/ppgb\/wp-json\/wp\/v2\/pages\/399","targetHints":{"allow":["GET"]}}],"collection":[{"href":"https:\/\/www3.unicentro.br\/ppgb\/wp-json\/wp\/v2\/pages"}],"about":[{"href":"https:\/\/www3.unicentro.br\/ppgb\/wp-json\/wp\/v2\/types\/page"}],"author":[{"embeddable":true,"href":"https:\/\/www3.unicentro.br\/ppgb\/wp-json\/wp\/v2\/users\/3"}],"replies":[{"embeddable":true,"href":"https:\/\/www3.unicentro.br\/ppgb\/wp-json\/wp\/v2\/comments?post=399"}],"version-history":[{"count":1,"href":"https:\/\/www3.unicentro.br\/ppgb\/wp-json\/wp\/v2\/pages\/399\/revisions"}],"predecessor-version":[{"id":1898,"href":"https:\/\/www3.unicentro.br\/ppgb\/wp-json\/wp\/v2\/pages\/399\/revisions\/1898"}],"wp:attachment":[{"href":"https:\/\/www3.unicentro.br\/ppgb\/wp-json\/wp\/v2\/media?parent=399"}],"curies":[{"name":"wp","href":"https:\/\/api.w.org\/{rel}","templated":true}]}}