{"id":395,"date":"2019-04-08T10:11:48","date_gmt":"2019-04-08T13:11:48","guid":{"rendered":"https:\/\/www3.unicentro.br\/ppgb\/?page_id=395"},"modified":"2022-10-10T10:50:50","modified_gmt":"2022-10-10T13:50:50","slug":"indicadores","status":"publish","type":"page","link":"https:\/\/www3.unicentro.br\/ppgb\/indicadores\/","title":{"rendered":"Indicadores"},"content":{"rendered":"<div class=\"wpb-content-wrapper\"><p>[vc_row][vc_column][vc_tta_accordion color=&#8221;sky&#8221; active_section=&#8221;1&#8243; collapsible_all=&#8221;true&#8221; title=&#8221;AN\u00c1LISES&#8221;][vc_tta_section title=&#8221;DISSERTA\u00c7\u00d5ES&#8221; tab_id=&#8221;1664925813914-6aa68c0d-251b&#8221;][vc_column_text]<span style=\"font-size: 12pt\"><strong><em>Disserta\u00e7\u00f5es defendidas:<br \/>\n<img loading=\"lazy\" decoding=\"async\" class=\"alignnone wp-image-1396\" src=\"https:\/\/www3.unicentro.br\/ppgb\/wp-content\/uploads\/sites\/59\/2022\/10\/tcc.png\" alt=\"\" width=\"540\" height=\"289\" \/><br \/>\n<\/em><\/strong><\/span><\/p>\n<p>&nbsp;<\/p>\n<p><strong><em><span style=\"font-size: 12pt\">Rela\u00e7\u00e3o Disserta\u00e7\u00f5es Defendidas \/ Docentes Permanentes (DP):<br \/>\n<img loading=\"lazy\" decoding=\"async\" class=\"alignnone wp-image-1398\" src=\"https:\/\/www3.unicentro.br\/ppgb\/wp-content\/uploads\/sites\/59\/2022\/10\/TCC_DP.png\" alt=\"\" width=\"540\" height=\"302\" srcset=\"https:\/\/www3.unicentro.br\/ppgb\/wp-content\/uploads\/sites\/59\/2022\/10\/TCC_DP.png 853w, https:\/\/www3.unicentro.br\/ppgb\/wp-content\/uploads\/sites\/59\/2022\/10\/TCC_DP-300x168.png 300w, https:\/\/www3.unicentro.br\/ppgb\/wp-content\/uploads\/sites\/59\/2022\/10\/TCC_DP-768x429.png 768w, https:\/\/www3.unicentro.br\/ppgb\/wp-content\/uploads\/sites\/59\/2022\/10\/TCC_DP-255x143.png 255w\" sizes=\"auto, (max-width: 540px) 100vw, 540px\" \/><br \/>\n<\/span><\/em><\/strong>[\/vc_column_text][\/vc_tta_section][vc_tta_section title=&#8221;ARTIGOS PUBLICADOS E PATENTES DEPOSITADAS&#8221; tab_id=&#8221;1664925813938-38ea4770-22b7&#8243;][vc_column_text]<em><strong><span style=\"font-size: 12pt\">Artigos Gerados pelo PPGB:<\/span><br \/>\n<img loading=\"lazy\" decoding=\"async\" class=\"alignnone wp-image-1368\" src=\"https:\/\/www3.unicentro.br\/ppgb\/wp-content\/uploads\/sites\/59\/2022\/10\/Artigos-publicados-PPGB-1.png\" alt=\"\" width=\"540\" height=\"350\" srcset=\"https:\/\/www3.unicentro.br\/ppgb\/wp-content\/uploads\/sites\/59\/2022\/10\/Artigos-publicados-PPGB-1.png 676w, https:\/\/www3.unicentro.br\/ppgb\/wp-content\/uploads\/sites\/59\/2022\/10\/Artigos-publicados-PPGB-1-300x194.png 300w, https:\/\/www3.unicentro.br\/ppgb\/wp-content\/uploads\/sites\/59\/2022\/10\/Artigos-publicados-PPGB-1-139x89.png 139w, https:\/\/www3.unicentro.br\/ppgb\/wp-content\/uploads\/sites\/59\/2022\/10\/Artigos-publicados-PPGB-1-255x165.png 255w\" sizes=\"auto, (max-width: 540px) 100vw, 540px\" \/><br \/>\n<\/strong><\/em><\/p>\n<p><em><strong><span style=\"font-size: 12pt\">Rela\u00e7\u00e3o Artigos Gerados \/ Docente Permanente (DP):<br \/>\n<img loading=\"lazy\" decoding=\"async\" class=\"alignnone wp-image-1369\" src=\"https:\/\/www3.unicentro.br\/ppgb\/wp-content\/uploads\/sites\/59\/2022\/10\/Relacao-Artigos-dp.png\" alt=\"\" width=\"540\" height=\"253\" \/><\/span><\/strong><\/em><\/p>\n<p><em><strong><span style=\"font-size: 12pt\">Patentes Registradas:<\/span><br \/>\n<img loading=\"lazy\" decoding=\"async\" class=\"alignnone wp-image-1370\" src=\"https:\/\/www3.unicentro.br\/ppgb\/wp-content\/uploads\/sites\/59\/2022\/10\/Patentes-Registradas.png\" alt=\"\" width=\"540\" height=\"323\" srcset=\"https:\/\/www3.unicentro.br\/ppgb\/wp-content\/uploads\/sites\/59\/2022\/10\/Patentes-Registradas.png 682w, https:\/\/www3.unicentro.br\/ppgb\/wp-content\/uploads\/sites\/59\/2022\/10\/Patentes-Registradas-300x179.png 300w, https:\/\/www3.unicentro.br\/ppgb\/wp-content\/uploads\/sites\/59\/2022\/10\/Patentes-Registradas-255x153.png 255w\" sizes=\"auto, (max-width: 540px) 100vw, 540px\" \/><\/strong><\/em><\/p>\n<p><span style=\"font-size: 12pt\"><strong><em>Rela\u00e7\u00e3o Patentes Geradas (PI) PPGB \/ Docentes Permanentes (DP):<\/em><\/strong><\/span><br \/>\n<img loading=\"lazy\" decoding=\"async\" class=\"alignnone wp-image-1371\" src=\"https:\/\/www3.unicentro.br\/ppgb\/wp-content\/uploads\/sites\/59\/2022\/10\/Relacao-PI_DP.png\" alt=\"\" width=\"540\" height=\"328\" \/>[\/vc_column_text][\/vc_tta_section][vc_tta_section title=&#8221;AN\u00c1LISE DE PERFIL DE DISCENTES, DOCENTES E EGRESSOS DO PPGB&#8221; tab_id=&#8221;1664930285171-f2a61515-6925&#8243;][vc_column_text]<span style=\"font-size: 12pt\">Visando \u00e0 avalia\u00e7\u00e3o do perfil dos egressos e discentes do PPGB, realizou-se uma pesquisa que contou com a participa\u00e7\u00e3o de 56 egressos (61,5%) e 35 discentes (38,5%).<\/span><\/p>\n<p style=\"text-align: justify\"><span style=\"font-size: 12pt\"><em><strong>Discentes do PPGB<br \/>\n<\/strong><\/em>Nesta pesquisa foi observado que 100% dos discentes entrevistados eram regulares. Em rela\u00e7\u00e3o \u00e0s turmas de entrada, no Gr\u00e1fico 1 verifica-se 91,4 % s\u00e3o das turmas de 2019 e 2020, 2,8% refere-se \u00e0 turma 2016 e 5,6% de 2018. Provavelmente, a de 2016 refere-se a aluno com trancamento e retorno \u00e0s atividades, e da turma de 2018 os alunos que deveriam ter defendido em in\u00edcio de 2020, e que sofreram atrasos devido \u00e0 pandemia COVID-19.<\/span><\/p>\n<p><span style=\"font-size: 12pt\">Com rela\u00e7\u00e3o a infraestrutura do PPGB em sua IES, conforme Gr\u00e1fico 1 abaixo, cerca de 94 % dos discentes consideram\u00a0 de muito boa (coluna 4) a excelente (coluna 5), e apenas 6 % boa (coluna 3). Isso reflete claramente os investimentos feitos nos \u00faltimos anos no PPGB pelas IES nucleadoras.<\/span><\/p>\n<p><strong><span style=\"font-size: 12pt\"><em>Gr\u00e1fico 1: <\/em><\/span><\/strong><span style=\"font-size: 12pt\"><em>Infraestrutura de cada IES oferecida aos discentes do PPGB. Sendo, p\u00e9ssima (1), ruim (2), boa (3), muito boa (4) e excelente (5).<br \/>\n<\/em><\/span><img loading=\"lazy\" decoding=\"async\" class=\"alignnone wp-image-1408\" src=\"https:\/\/www3.unicentro.br\/ppgb\/wp-content\/uploads\/sites\/59\/2022\/10\/figura-1.png\" alt=\"\" width=\"540\" height=\"196\" srcset=\"https:\/\/www3.unicentro.br\/ppgb\/wp-content\/uploads\/sites\/59\/2022\/10\/figura-1.png 1172w, https:\/\/www3.unicentro.br\/ppgb\/wp-content\/uploads\/sites\/59\/2022\/10\/figura-1-300x109.png 300w, https:\/\/www3.unicentro.br\/ppgb\/wp-content\/uploads\/sites\/59\/2022\/10\/figura-1-1024x371.png 1024w, https:\/\/www3.unicentro.br\/ppgb\/wp-content\/uploads\/sites\/59\/2022\/10\/figura-1-768x278.png 768w, https:\/\/www3.unicentro.br\/ppgb\/wp-content\/uploads\/sites\/59\/2022\/10\/figura-1-255x92.png 255w\" sizes=\"auto, (max-width: 540px) 100vw, 540px\" \/><\/p>\n<p><span style=\"font-size: 12pt\">Quando perguntado aos discentes,\u00a0\u00a0 95% recomendariam o Mestrado em Bioenergia a outros graduados, e entre eles cerca de 64% fariam na \u00e1rea de concentra\u00e7\u00e3o de Energias Renov\u00e1veis, Gr\u00e1ficos 2 e 3.<\/span><\/p>\n<p><strong><span style=\"font-size: 12pt\"><em>Gr\u00e1fico 2: <\/em><\/span><\/strong><span style=\"font-size: 12pt\"><em>Recomenda\u00e7\u00e3o do PPGB a outras graduados.<\/em><\/span><br \/>\n<img loading=\"lazy\" decoding=\"async\" class=\"alignnone wp-image-1374\" src=\"https:\/\/www3.unicentro.br\/ppgb\/wp-content\/uploads\/sites\/59\/2022\/10\/Recomendacaodiscentes.png\" alt=\"\" width=\"540\" height=\"364\" srcset=\"https:\/\/www3.unicentro.br\/ppgb\/wp-content\/uploads\/sites\/59\/2022\/10\/Recomendacaodiscentes.png 533w, https:\/\/www3.unicentro.br\/ppgb\/wp-content\/uploads\/sites\/59\/2022\/10\/Recomendacaodiscentes-300x202.png 300w, https:\/\/www3.unicentro.br\/ppgb\/wp-content\/uploads\/sites\/59\/2022\/10\/Recomendacaodiscentes-255x172.png 255w\" sizes=\"auto, (max-width: 540px) 100vw, 540px\" \/><\/p>\n<p><strong><span style=\"font-size: 12pt\"><em>Gr\u00e1fico 3: <\/em><\/span><\/strong><span style=\"font-size: 12pt\"><em>Escolha de \u00e1rea de concentra\u00e7\u00e3o de Energias renov\u00e1veis ou Biocombust\u00edveis em um futuro Doutorado do PPGB.<\/em><\/span><br \/>\n<img loading=\"lazy\" decoding=\"async\" class=\"alignnone wp-image-1375\" src=\"https:\/\/www3.unicentro.br\/ppgb\/wp-content\/uploads\/sites\/59\/2022\/10\/Doc-area.png\" alt=\"\" width=\"740\" height=\"413\" \/><\/p>\n<p>&nbsp;<\/p>\n<p><span style=\"font-size: 12pt\"><strong><em>Egressos do PPGB<br \/>\n<\/em><\/strong>Quanto \u00e0 infraestrutura da IES, na qual executou seus trabalhos de pesquisa no PPGB, nota-se que os egressos afirmam que s\u00e3o de boas a excelentes, conforme Gr\u00e1fico 4.<strong><em><br \/>\n<\/em><\/strong><\/span><\/p>\n<p><strong><em><span style=\"font-size: 12pt\">Gr\u00e1fico 4: <\/span><\/em><\/strong><em><span style=\"font-size: 12pt\">Avalia\u00e7\u00e3o da Infra-estrutura das IESs nucleadoras pelos egressos. Sendo, p\u00e9ssima (1), ruim (2), boa (3), muito <\/span><\/em><em><span style=\"font-size: 12pt\">boa (4) e excelente (5).<\/span><\/em><strong><em><span style=\"font-size: 12pt\"><br \/>\n<img loading=\"lazy\" decoding=\"async\" class=\"alignnone wp-image-1376\" src=\"https:\/\/www3.unicentro.br\/ppgb\/wp-content\/uploads\/sites\/59\/2022\/10\/Aval.-egresso-IES.png\" alt=\"\" width=\"740\" height=\"260\" \/><br \/>\n<\/span><\/em><\/strong><\/p>\n<p><span style=\"font-size: 12pt\">Quanto ao financiamento obtido durante o mestrado do egresso observa-se no Quadro 1 que foram de diversas fontes de fomento, sendo a CAPES com a maior porcentagem de financiamento, evidenciada pela cess\u00e3o de PROAP concedido e cotas de bolsas ao PPGB.<\/span><\/p>\n<p><span style=\"font-size: 12pt\"><em><strong>Quadro 1:<\/strong> Fontes de financiamento para a execu\u00e7\u00e3o dos TCC relatadas pelos egressos do PPGB.<\/em><\/span><br \/>\n<img loading=\"lazy\" decoding=\"async\" class=\"alignnone wp-image-1377\" src=\"https:\/\/www3.unicentro.br\/ppgb\/wp-content\/uploads\/sites\/59\/2022\/10\/Fontes-financiamento.png\" alt=\"\" width=\"540\" height=\"240\" \/><\/p>\n<p>&nbsp;<\/p>\n<p><span style=\"font-size: 12pt\"><strong><em>Docentes do PPGB<\/em><\/strong><\/span><\/p>\n<p><span style=\"font-size: 12pt\">Na pesquisa com docentes permanentes e colaboradores do PPGB registrou-se 24 participantes, que participam orientando nas duas \u00e1reas de concentra\u00e7\u00e3o do PPGB.<br \/>\nQuando se perguntou sobre o apoio financeiro a projetos de pesquisa no PPGB, 61% t\u00eam este tipo de apoio. Destes, 80% e 73 % s\u00e3o em bolsas de pesquisa (do discente ou pesquisador) e custeio, respectivamente, e apenas 33%, possui apoio de capital, vide Gr\u00e1fico 5.<br \/>\n<\/span><\/p>\n<p><span style=\"font-size: 12pt\"><em><strong>Gr\u00e1fico 5:<\/strong> (A) Percentual de professores que tem apoio financeiro aos projetos juntos ao PPGB; (B) Dos que tem verbas de apoio, qual a distribui\u00e7\u00e3o em bolsas de estudo, custeio e capital.<br \/>\n<img loading=\"lazy\" decoding=\"async\" class=\"alignnone wp-image-1378\" src=\"https:\/\/www3.unicentro.br\/ppgb\/wp-content\/uploads\/sites\/59\/2022\/10\/Apoio-finan-doscente.png\" alt=\"\" width=\"740\" height=\"286\" srcset=\"https:\/\/www3.unicentro.br\/ppgb\/wp-content\/uploads\/sites\/59\/2022\/10\/Apoio-finan-doscente.png 805w, https:\/\/www3.unicentro.br\/ppgb\/wp-content\/uploads\/sites\/59\/2022\/10\/Apoio-finan-doscente-300x116.png 300w, https:\/\/www3.unicentro.br\/ppgb\/wp-content\/uploads\/sites\/59\/2022\/10\/Apoio-finan-doscente-768x297.png 768w, https:\/\/www3.unicentro.br\/ppgb\/wp-content\/uploads\/sites\/59\/2022\/10\/Apoio-finan-doscente-255x99.png 255w\" sizes=\"auto, (max-width: 740px) 100vw, 740px\" \/><br \/>\n<\/em><\/span><\/p>\n<p>&nbsp;<\/p>\n<p><span style=\"font-size: 12pt\">O Colegiado do PPGB criou, em 2018, uma nova \u00e1rea de concentra\u00e7\u00e3o, visando \u00e0 moderniza\u00e7\u00e3o do PPGB na sua atua\u00e7\u00e3o de pesquisa e uma futura submiss\u00e3o de um pedido de doutorado. Assim fez-se a pergunta sobre as \u00e1reas de concentra\u00e7\u00e3o e uma poss\u00edvel reestrutura\u00e7\u00e3o de suas linhas, em que 86,4 % dos docentes aprovam esta proposta de reestrutura\u00e7\u00e3o, vide Gr\u00e1fico 6.<\/span><\/p>\n<p><span style=\"font-size: 12pt\"><em><span style=\"font-size: 12pt\"><strong>Gr\u00e1fico 6:<\/strong> Percentual de docentes que apoiam a reestrutura\u00e7\u00e3o das \u00c1reas de Concentra\u00e7\u00e3o e Linhas de Pesquisa do PPGB.<\/span><br \/>\n<img loading=\"lazy\" decoding=\"async\" class=\"alignnone wp-image-1379\" src=\"https:\/\/www3.unicentro.br\/ppgb\/wp-content\/uploads\/sites\/59\/2022\/10\/Apoio-areas-de-pesquisa.png\" alt=\"\" width=\"540\" height=\"277\" \/><br \/>\n<\/em><\/span><\/p>\n<p><span style=\"font-size: 14pt\">Quanto ao perfil dos docentes avaliados do PPGB e sua \u00e1rea de forma\u00e7\u00e3o no doutorado, nota-se no Gr\u00e1fico 7 que s\u00e3o diversificados, o que refor\u00e7a a interdisciplinaridade do PPGB, sendo que a maior concentra\u00e7\u00e3o se encontra na Qu\u00edmica (22 %) e Engenharia Qu\u00edmica (16 %), demonstrando que para as novas \u00e1reas de concentra\u00e7\u00e3o e linhas h\u00e1 a necessidade de agregar professores das \u00e1reas de engenharia de produ\u00e7\u00e3o, engenharia el\u00e9trica e mec\u00e2nica.<\/span><\/p>\n<p><em><span style=\"font-size: 12pt\"><strong style=\"font-size: 12pt\">Gr\u00e1fico 7:<\/strong> <span style=\"font-size: 12pt\">Distribui\u00e7\u00e3o das <\/span>\u00e1reas<span style=\"font-size: 12pt\"> de atua\u00e7\u00e3o dos docentes do PPGB, visando a interdisciplinaridade.<\/span><br \/>\n<span style=\"font-size: 12pt\"><img loading=\"lazy\" decoding=\"async\" class=\"alignnone wp-image-1412\" src=\"https:\/\/www3.unicentro.br\/ppgb\/wp-content\/uploads\/sites\/59\/2022\/10\/aaaaaa.jpeg\" alt=\"\" width=\"640\" height=\"463\" \/><\/span><br \/>\n<\/span><\/em>[\/vc_column_text][\/vc_tta_section][\/vc_tta_accordion][\/vc_column][\/vc_row]<\/p>\n<\/div>","protected":false},"excerpt":{"rendered":"<p>[vc_row][vc_column][vc_tta_accordion color=&#8221;sky&#8221; active_section=&#8221;1&#8243; collapsible_all=&#8221;true&#8221; title=&#8221;AN\u00c1LISES&#8221;][vc_tta_section title=&#8221;DISSERTA\u00c7\u00d5ES&#8221; tab_id=&#8221;1664925813914-6aa68c0d-251b&#8221;][vc_column_text]Disserta\u00e7\u00f5es defendidas: &nbsp; Rela\u00e7\u00e3o Disserta\u00e7\u00f5es Defendidas \/ Docentes Permanentes (DP): [\/vc_column_text][\/vc_tta_section][vc_tta_section title=&#8221;ARTIGOS PUBLICADOS E PATENTES DEPOSITADAS&#8221; tab_id=&#8221;1664925813938-38ea4770-22b7&#8243;][vc_column_text]Artigos Gerados pelo PPGB: Rela\u00e7\u00e3o Artigos Gerados \/ Docente Permanente (DP): Patentes Registradas: Rela\u00e7\u00e3o Patentes Geradas (PI) PPGB \/ Docentes Permanentes (DP): [\/vc_column_text][\/vc_tta_section][vc_tta_section title=&#8221;AN\u00c1LISE DE PERFIL DE DISCENTES, DOCENTES E EGRESSOS DO PPGB&#8221; [&hellip;]<\/p>\n","protected":false},"author":3,"featured_media":0,"parent":0,"menu_order":0,"comment_status":"closed","ping_status":"closed","template":"","meta":{"_exactmetrics_skip_tracking":false,"_exactmetrics_sitenote_active":false,"_exactmetrics_sitenote_note":"","_exactmetrics_sitenote_category":0,"footnotes":"","_links_to":"","_links_to_target":""},"class_list":["post-395","page","type-page","status-publish","hentry"],"_links":{"self":[{"href":"https:\/\/www3.unicentro.br\/ppgb\/wp-json\/wp\/v2\/pages\/395","targetHints":{"allow":["GET"]}}],"collection":[{"href":"https:\/\/www3.unicentro.br\/ppgb\/wp-json\/wp\/v2\/pages"}],"about":[{"href":"https:\/\/www3.unicentro.br\/ppgb\/wp-json\/wp\/v2\/types\/page"}],"author":[{"embeddable":true,"href":"https:\/\/www3.unicentro.br\/ppgb\/wp-json\/wp\/v2\/users\/3"}],"replies":[{"embeddable":true,"href":"https:\/\/www3.unicentro.br\/ppgb\/wp-json\/wp\/v2\/comments?post=395"}],"version-history":[{"count":0,"href":"https:\/\/www3.unicentro.br\/ppgb\/wp-json\/wp\/v2\/pages\/395\/revisions"}],"wp:attachment":[{"href":"https:\/\/www3.unicentro.br\/ppgb\/wp-json\/wp\/v2\/media?parent=395"}],"curies":[{"name":"wp","href":"https:\/\/api.w.org\/{rel}","templated":true}]}}