{"id":364,"date":"2019-04-08T09:14:04","date_gmt":"2019-04-08T12:14:04","guid":{"rendered":"https:\/\/www3.unicentro.br\/ppgb\/?page_id=364"},"modified":"2026-04-07T09:17:25","modified_gmt":"2026-04-07T12:17:25","slug":"instrucoes-normativas","status":"publish","type":"page","link":"https:\/\/www3.unicentro.br\/ppgb\/legislacao\/instrucoes-normativas\/","title":{"rendered":"Instru\u00e7\u00f5es Normativas"},"content":{"rendered":"<div class=\"wpb-content-wrapper\"><p>[vc_row][vc_column][vc_column_text css=&#8221;&#8221;]<a href=\"https:\/\/www3.unicentro.br\/ppgb\/wp-content\/uploads\/sites\/59\/2026\/04\/Instrucao-Normativa-001_2026-PPGB-UNICENTRO-dissertacoes-e-teses.docx-3.pdf\"><strong>INSTRU\u00c7\u00c3O NORMATIVA 001\/2026<\/strong> &#8211; <span class=\"fontstyle0\">Estabelece as normas e procedimentos para as entregas das atividades de pesquisa.<\/span><br \/>\n<\/a><\/p>\n<p><a href=\"https:\/\/www3.unicentro.br\/ppgb\/wp-content\/uploads\/sites\/59\/2025\/03\/iN_bolsas-PPGB_2024_-certa.pdf\"><strong>INSTRU\u00c7\u00c3O<\/strong> <strong>NORMATIVA PPGB\/UNICENTRO N\u00ba01\/2025 DE REGULAMENTO DE DISTRIBUI\u00c7\u00c3O DE BOLSAS PARA O PROGRAMA DE P\u00d3S-GRADUA\u00c7\u00c3O EM BIOENERGIA DA ASSOCIADA NUCLEADORA UNICENTRO<\/strong><\/a> &#8211; Estabelece as diretrizes internas para a distribui\u00e7\u00e3o de bolsa de pesquisa para discentes de mestrado e doutorado no \u00e2mbito do Programa de P\u00f3s Gradua\u00e7\u00e3o em Bioenergia da Associada Nucleadora UNICENTRO.<\/p>\n<p><a href=\"https:\/\/www3.unicentro.br\/ppgb\/wp-content\/uploads\/sites\/59\/2024\/04\/PORTARIA_01_2023_PPGB_UNICENTRO_DE_28_DE_JULHO_DE_2023_COMISSA_771_O_DE_BOLSAS_662be024044a1.pdf\"><strong>PORTARIA 01\/2023\/PPGB-UNICENTRO<\/strong><\/a> &#8211; Designa comiss\u00e3o de bolsas no Programa de P\u00f3s-Gradua\u00e7\u00e3o em Bioenergia, da Unicentro, e d\u00e1 Outras Provid\u00eancias<\/p>\n<p><del><span style=\"text-decoration: underline\"><strong>Instru\u00e7\u00e3o Normativa 003\/2024 &#8211; PPGB\/UNICENTRO<\/strong> <\/span>&#8211; Estabelece as normas e procedimentos para as entregas das atividades de pesquisa (Disserta\u00e7\u00f5es I-IV e Teses I-VIII).<\/del><\/p>\n<p><a href=\"https:\/\/www3.unicentro.br\/ppgb\/wp-content\/uploads\/sites\/59\/2024\/04\/IN_002_2024_CONVALIDACAO_EQUIVALENCIA_DISCIPLINAS_doutorado_PPGB_661961e9c8281.pdf\"><strong>Instru\u00e7\u00e3o Normativa\u00a0 002\/2024-PPGB\/UNICENTRO<\/strong><\/a> &#8211; Estabelece as normas do procedimento para a realiza\u00e7\u00e3o do processo de Requerimento de Convalida\u00e7\u00e3o e, ou Equival\u00eancia de Disciplinas para o Doutorado do Programa de P\u00f3s-Gradua\u00e7\u00e3o em Bioenergia<\/p>\n<p><a href=\"https:\/\/www3.unicentro.br\/ppgb\/wp-content\/uploads\/sites\/59\/2024\/04\/IN_001_2024_MATRICULAS_DOUTORADO_6616cc18090bf.pdf\"><strong>Instru\u00e7\u00e3o Normativa 001\/2024\/PPGB-UNICENTRO<\/strong><\/a> &#8211; Estabelece as normas do procedimento para a realiza\u00e7\u00e3o do processo de matr\u00edcula no Doutorado do Programa de P\u00f3s-Gradua\u00e7\u00e3o em Bioenergia.<\/p>\n<p><del><strong>Instru\u00e7\u00e3o Normativa 01\/2023 PPGB-UNICENTRO <\/strong>&#8211; Estabelece as normas e procedimentos para as<\/del><br \/>\n<del>Disciplinas Disserta\u00e7\u00e3o I, II, III e IV<\/del>.<\/p>\n<p><strong>Instru\u00e7\u00e3o Normativa 01\/2023 PPGB-UNICENTRO<\/strong> &#8211; Instru\u00ed sobre a obrigatoriedade de presen\u00e7a em bancas de qualifica\u00e7\u00e3o e defesa de mestrado e\/ou doutorado antes da defesa de disserta\u00e7\u00e3o. &#8211; revogada a partir da turma 2024<\/p>\n<p><strong><a href=\"https:\/\/www3.unicentro.br\/ppgb\/legislacao\/instrucoes-normativas\/portaria_capes_dou_206_de_2018\/\" rel=\"attachment wp-att-901\">Portaria N\u00ba 206, de 4 de setembro de 2018<\/a><\/strong><\/p>\n<p><strong><a href=\"https:\/\/www3.unicentro.br\/ppgb\/wp-content\/uploads\/sites\/59\/2019\/08\/Instru\u00e7\u00e3o-Normativa-006_2019-Anexo-2.pdf\" target=\"_blank\" rel=\"attachment noopener wp-att-751 noreferrer\">Instru\u00e7\u00e3o Normativa N\u00ba005\/2019 &#8211; Anexo 2<\/a><\/strong><\/p>\n<p><strong><a href=\"https:\/\/www3.unicentro.br\/ppgb\/wp-content\/uploads\/sites\/59\/2019\/08\/Instru\u00e7\u00e3o-Normativa-006_2019-Anexo-1.pdf\" target=\"_blank\" rel=\"attachment noopener wp-att-750 noreferrer\">Instru\u00e7\u00e3o Normativa N\u00ba005\/2019 &#8211; Anexo 1<\/a><\/strong><\/p>\n<p><strong><a href=\"https:\/\/www3.unicentro.br\/ppgb\/wp-content\/uploads\/sites\/59\/2019\/08\/Instru\u00e7\u00e3o-Normativa-005_2019-Instrui-procedimentos-a-serem-adotados-quanto-\u00e0-submiss\u00e3o-de-Artigos-Cient\u00edficos-para-a-solicita\u00e7\u00e3o-de-diploma-no-PPGB.pdf\" target=\"_blank\" rel=\"attachment noopener wp-att-754 noreferrer\">Instru\u00e7\u00e3o Normativa N\u00ba005\/2019 &#8211; Instrui procedimentos a serem adotados quanto \u00e0 submiss\u00e3o de Artigos Cient\u00edficos para a solicita\u00e7\u00e3o de diploma no PPGB<\/a><\/strong><\/p>\n<p><strong><a href=\"https:\/\/www3.unicentro.br\/ppgb\/wp-content\/uploads\/sites\/59\/2019\/08\/Instru\u00e7\u00e3o-Normativa-004_2019-Instrui-sobre-defesa-e-solicita\u00e7\u00e3o-de-t\u00edtulo-quanto-a-produ\u00e7\u00e3o-de-patentes.pdf\" target=\"_blank\" rel=\"attachment noopener wp-att-758 noreferrer\">Instru\u00e7\u00e3o Normativa N\u00ba004\/2019 &#8211; Instrui sobre defesa e solicita\u00e7\u00e3o de t\u00edtulo quanto a produ\u00e7\u00e3o de patentes<\/a><\/strong><\/p>\n<p><strong><a href=\"https:\/\/www3.unicentro.br\/ppgb\/wp-content\/uploads\/sites\/59\/2019\/07\/Instru\u00e7\u00e3o-Normativa-003_2019-Anexo-1-Modelo-de-disserta\u00e7\u00e3o.docx\" target=\"_blank\" rel=\"attachment noopener wp-att-692 noreferrer\">Instru\u00e7\u00e3o Normativa N\u00ba003\/2019 &#8211; Anexo 1 &#8211; Modelo de disserta\u00e7\u00e3o<\/a><\/strong><\/p>\n<p><strong><a href=\"https:\/\/www3.unicentro.br\/ppgb\/wp-content\/uploads\/sites\/59\/2019\/07\/Instru\u00e7\u00e3o-Normativa-003_2019-Instrui-sobre-o-modelo-da-disserta\u00e7\u00e3o-utilizado-para-defesa-do-t\u00edtulo-de-mestre-no-PPGB.pdf\" target=\"_blank\" rel=\"attachment noopener wp-att-691 noreferrer\">Instru\u00e7\u00e3o Normativa N\u00ba003\/2019 &#8211; Instrui sobre o modelo da disserta\u00e7\u00e3o utilizado para defesa do t\u00edtulo de mestre no PPGB<\/a><\/strong><\/p>\n<p><strong><a href=\"https:\/\/www3.unicentro.br\/ppgb\/wp-content\/uploads\/sites\/59\/2019\/07\/Instru\u00e7\u00e3o-Normativa-002_2019-Instrui-sobre-a-aplica\u00e7\u00e3o-de-conceitos-em-notas-obtidas-nas-disciplinas-do-PPGB.pdf\" target=\"_blank\" rel=\"attachment noopener wp-att-690 noreferrer\">Instru\u00e7\u00e3o Normativa N\u00ba002\/2019 &#8211; Instrui sobre a aplica\u00e7\u00e3o de conceitos em notas obtidas nas disciplinas do PPGB<\/a><\/strong><\/p>\n<p><strong><a href=\"https:\/\/www3.unicentro.br\/ppgb\/wp-content\/uploads\/sites\/59\/2019\/08\/Instru\u00e7\u00e3o-Normativa-001_2019-modificada-Instrui-procedimentos-a-serem-adotados-quanto-\u00e0-submiss\u00e3o-de-Artigos-Cient\u00edficos-para-a-solicita\u00e7\u00e3o-de-diploma-no-PPGB-1.pdf\" target=\"_blank\" rel=\"attachment noopener wp-att-688 noreferrer\">Instru\u00e7\u00e3o Normativa N\u00ba001\/2019 &#8211; Instrui procedimentos a serem adotados qua<\/a><a href=\"https:\/\/www3.unicentro.br\/ppgb\/wp-content\/uploads\/sites\/59\/2019\/08\/Instru\u00e7\u00e3o-Normativa-001_2019-modificada-Instrui-procedimentos-a-serem-adotados-quanto-\u00e0-submiss\u00e3o-de-Artigos-Cient\u00edficos-para-a-solicita\u00e7\u00e3o-de-diploma-no-PPGB-1.pdf\" target=\"_blank\" rel=\"attachment noopener wp-att-688 noreferrer\">nto \u00e0 submiss\u00e3o de Artigos Cient\u00edficos para a solicita\u00e7\u00e3o de diploma no PPGB<\/a><\/strong><\/p>\n<p><a href=\"https:\/\/www.unicentro.br\/posgraduacao\/mestrado\/bioenergia\/normativas\/Instru_o_Normativa_n_1_2014_PROPESP_532b2fbc378a9_5339670aaed6a.pdf\">Instru\u00e7\u00e3o Normativa para formato de Disserta\u00e7\u00e3o e Capa &#8211; PROPESP\/UNICENTRO<\/a><\/p>\n<p><del><a href=\"https:\/\/www.unicentro.br\/posgraduacao\/mestrado\/bioenergia\/normativas\/Instru_o_Normativa_001_2014_533f13c878d1c.pdf\">Instru\u00e7\u00e3o Normativa 001\/2014 PPGB &#8211; Estabelece as normas e procedimentos para as Disciplinas Disserta\u00e7\u00e3o I, II, III e IV<\/a><\/del>[\/vc_column_text][\/vc_column][\/vc_row]<\/p>\n<\/div>","protected":false},"excerpt":{"rendered":"<p>[vc_row][vc_column][vc_column_text css=&#8221;&#8221;]INSTRU\u00c7\u00c3O NORMATIVA 001\/2026 &#8211; Estabelece as normas e procedimentos para as entregas das atividades de pesquisa. INSTRU\u00c7\u00c3O NORMATIVA PPGB\/UNICENTRO N\u00ba01\/2025 DE REGULAMENTO DE DISTRIBUI\u00c7\u00c3O DE BOLSAS PARA O PROGRAMA DE P\u00d3S-GRADUA\u00c7\u00c3O EM BIOENERGIA DA ASSOCIADA NUCLEADORA UNICENTRO &#8211; Estabelece as diretrizes internas para a distribui\u00e7\u00e3o de bolsa de pesquisa para discentes de mestrado e [&hellip;]<\/p>\n","protected":false},"author":3,"featured_media":0,"parent":432,"menu_order":0,"comment_status":"closed","ping_status":"closed","template":"","meta":{"_exactmetrics_skip_tracking":false,"_exactmetrics_sitenote_active":false,"_exactmetrics_sitenote_note":"","_exactmetrics_sitenote_category":0,"footnotes":"","_links_to":"","_links_to_target":""},"class_list":["post-364","page","type-page","status-publish","hentry"],"_links":{"self":[{"href":"https:\/\/www3.unicentro.br\/ppgb\/wp-json\/wp\/v2\/pages\/364","targetHints":{"allow":["GET"]}}],"collection":[{"href":"https:\/\/www3.unicentro.br\/ppgb\/wp-json\/wp\/v2\/pages"}],"about":[{"href":"https:\/\/www3.unicentro.br\/ppgb\/wp-json\/wp\/v2\/types\/page"}],"author":[{"embeddable":true,"href":"https:\/\/www3.unicentro.br\/ppgb\/wp-json\/wp\/v2\/users\/3"}],"replies":[{"embeddable":true,"href":"https:\/\/www3.unicentro.br\/ppgb\/wp-json\/wp\/v2\/comments?post=364"}],"version-history":[{"count":5,"href":"https:\/\/www3.unicentro.br\/ppgb\/wp-json\/wp\/v2\/pages\/364\/revisions"}],"predecessor-version":[{"id":2438,"href":"https:\/\/www3.unicentro.br\/ppgb\/wp-json\/wp\/v2\/pages\/364\/revisions\/2438"}],"up":[{"embeddable":true,"href":"https:\/\/www3.unicentro.br\/ppgb\/wp-json\/wp\/v2\/pages\/432"}],"wp:attachment":[{"href":"https:\/\/www3.unicentro.br\/ppgb\/wp-json\/wp\/v2\/media?parent=364"}],"curies":[{"name":"wp","href":"https:\/\/api.w.org\/{rel}","templated":true}]}}