{"id":29,"date":"2019-04-05T14:53:45","date_gmt":"2019-04-05T17:53:45","guid":{"rendered":"https:\/\/www3.unicentro.br\/ppgb\/?page_id=29"},"modified":"2026-02-05T14:07:59","modified_gmt":"2026-02-05T17:07:59","slug":"formularios","status":"publish","type":"page","link":"https:\/\/www3.unicentro.br\/ppgb\/legislacao\/formularios\/","title":{"rendered":"Formul\u00e1rios"},"content":{"rendered":"<div class=\"wpb-content-wrapper\"><p>[vc_row][vc_column][vc_column_text css=&#8221;&#8221;]<\/p>\n<ul>\n<li><a href=\"https:\/\/www3.unicentro.br\/ppgb\/wp-content\/uploads\/sites\/59\/2026\/02\/REQUERIMENTO_MATRICULA_2026_69849e8536add.pdf\"><strong>REQUERIMENTO DE REMATR\u00cdCULA \u2013 MESTRADO\/DOUTORADO \u2013 2006<\/strong><\/a><\/li>\n<li><strong>ATESTADO DE PROV\u00c1VEL DEFESA<a href=\"https:\/\/www3.unicentro.br\/ppgb\/wp-content\/uploads\/sites\/59\/2025\/05\/ATESTADO-DE-PROVAVEL-DEFESA.doc\"> [.doc]<\/a> <a href=\"https:\/\/www3.unicentro.br\/ppgb\/wp-content\/uploads\/sites\/59\/2025\/05\/ATESTADO-DE-PROVAVEL-DEFESA.pdf\">[.pdf]<\/a><\/strong><\/li>\n<li><strong>DECLARA\u00c7\u00c3O DE APRESENTA\u00c7\u00c3O \u00c0 DIST\u00c2NCIA EM BANCA EXAMINADORA DE DEFESA DE DISSERTA\u00c7\u00c3O, TESE OU TRABALHO DE CONCLUS\u00c3O DE CURSO <a href=\"https:\/\/www3.unicentro.br\/ppgb\/wp-content\/uploads\/sites\/59\/2025\/05\/DECLARACAO-DE-APRESENTACAO-A-DISTANCIA-EM-BANCA-EXAMINADORA-DE-DEFESA-DE-DISSERTACAO-TESE-OU-TRABALHO-DE-CONCLUSAO-DE-CURSO.doc\">[.doc]<\/a> <a href=\"https:\/\/www3.unicentro.br\/ppgb\/wp-content\/uploads\/sites\/59\/2025\/05\/DECLARACAO-DE-APRESENTACAO-A-DISTANCIA-EM-BANCA-EXAMINADORA-DE-DEFESA-DE-DISSERTACAO-TESE-OU-TRABALHO-DE-CONCLUSAO-DE-CURSO.pdf\">[.pdf]<\/a><\/strong><\/li>\n<li><strong>DECLARA\u00c7\u00c3O DE CORRE\u00c7\u00c3O DA DISSERTA\u00c7\u00c3O SUGERIDA PELA BANCA DE DEFESA <a href=\"https:\/\/www3.unicentro.br\/ppgb\/wp-content\/uploads\/sites\/59\/2025\/05\/DECLARACAO-DE-CORRECAO-DA-DISSERTACAO-SUGERIDA-PELA-BANCA-DE-DEFESA.doc\">[.doc]<\/a> <a href=\"https:\/\/www3.unicentro.br\/ppgb\/wp-content\/uploads\/sites\/59\/2025\/05\/DECLARACAO-DE-CORRECAO-DA-DISSERTACAO-SUGERIDA-PELA-BANCA-DE-DEFESA.pdf\">[.pdf]<\/a><\/strong><\/li>\n<li><strong>DECLARA\u00c7\u00c3O, SUBMISS\u00c3O OU PUBLICA\u00c7\u00c3O DE ARTIGO COM ANU\u00caNCIA DO ORIENTADOR <a href=\"https:\/\/www3.unicentro.br\/ppgb\/wp-content\/uploads\/sites\/59\/2025\/05\/DECLARACAO-SUBMISSAO-OU-PUBLICACAO-DE-ARTIGO-COM-ANUENCIA-DO-ORIENTADOR.doc\">[.doc]<\/a> <a href=\"https:\/\/www3.unicentro.br\/ppgb\/wp-content\/uploads\/sites\/59\/2025\/05\/DECLARACAO-SUBMISSAO-OU-PUBLICACAO-DE-ARTIGO-COM-ANUENCIA-DO-ORIENTADOR.pdf\">[.pdf]<\/a><\/strong><\/li>\n<li><strong>EST\u00c1GIO EM DOC\u00caNCIA \u2013 FICHA DE ACOMPANHAMENTO DE EST\u00c1GIO SUPERVISIONADO <a href=\"https:\/\/www3.unicentro.br\/ppgb\/wp-content\/uploads\/sites\/59\/2025\/05\/ESTAGIO-EM-DOCENCIA-\u2013-FICHA-DE-ACOMPANHAMENTO-DE-ESTAGIO-SUPERVISIONADO.doc\">[.doc]<\/a> <a href=\"https:\/\/www3.unicentro.br\/ppgb\/wp-content\/uploads\/sites\/59\/2025\/05\/ESTAGIO-EM-DOCENCIA-\u2013-FICHA-DE-ACOMPANHAMENTO-DE-ESTAGIO-SUPERVISIONADO.pdf\">[.pdf]<\/a><\/strong><\/li>\n<li><strong>FICHA DE AVALIA\u00c7\u00c3O DE RELAT\u00d3RIOS DE PESQUISA E DISCIPLINAS DE DISSERTA\u00c7\u00c3O <a href=\"https:\/\/www3.unicentro.br\/ppgb\/wp-content\/uploads\/sites\/59\/2025\/05\/FICHA-DE-AVALIACAO-DE-RELATORIOS-DE-PESQUISA-E-DISCIPLINAS-DE-DISSERTACAO.doc\">[.doc]<\/a> <a href=\"https:\/\/www3.unicentro.br\/ppgb\/wp-content\/uploads\/sites\/59\/2025\/05\/FICHA-DE-AVALIACAO-DE-RELATORIOS-DE-PESQUISA-E-DISCIPLINAS-DE-DISSERTACAO.pdf\">[.pdf]<\/a><\/strong><\/li>\n<li><strong>FICHA DE AVALIA\u00c7\u00c3O DE RELAT\u00d3RIOS DE PESQUISA E DISCIPLINAS DE TESE <a href=\"https:\/\/www3.unicentro.br\/ppgb\/wp-content\/uploads\/sites\/59\/2025\/05\/FICHA-DE-AVALIACAO-DE-RELATORIOS-DE-PESQUISA-E-DISCIPLINAS-DE-TESE.doc\">[.doc]<\/a> <a href=\"https:\/\/www3.unicentro.br\/ppgb\/wp-content\/uploads\/sites\/59\/2025\/05\/FICHA-DE-AVALIACAO-DE-RELATORIOS-DE-PESQUISA-E-DISCIPLINAS-DE-TESE.pdf\">[.pdf]<\/a><\/strong><\/li>\n<li><strong>MODELO DE INDICA\u00c7\u00c3O DE BANCA EXAMINADORA PARA DEFESA DE TCC <a href=\"https:\/\/www3.unicentro.br\/ppgb\/wp-content\/uploads\/sites\/59\/2025\/05\/MODELO-DE-INDICACAO-DE-BANCA-EXAMINADORA-PARA-DEFESA-DE-TCC.doc\">[.doc]<\/a> <a href=\"https:\/\/www3.unicentro.br\/ppgb\/wp-content\/uploads\/sites\/59\/2025\/05\/MODELO-DE-INDICACAO-DE-BANCA-EXAMINADORA-PARA-DEFESA-DE-TCC.pdf\">[.pdf]<\/a><\/strong><\/li>\n<li><strong>PRESEN\u00c7A EM DEFESA DE DISSERTA\u00c7\u00c3O <a href=\"https:\/\/www3.unicentro.br\/ppgb\/wp-content\/uploads\/sites\/59\/2025\/05\/PRESENCA-EM-DEFESA-DE-DISSERTACAO.doc\">[.doc]<\/a> <a href=\"https:\/\/www3.unicentro.br\/ppgb\/wp-content\/uploads\/sites\/59\/2025\/05\/PRESENCA-EM-DEFESA-DE-DISSERTACAO.pdf\">[.pdf]<\/a><\/strong><\/li>\n<li><strong>REQUERIMENTO DE CONVALIDA\u00c7\u00c3O E EQUIVAL\u00caNCIA DE DISCIPLINAS <a href=\"https:\/\/www3.unicentro.br\/ppgb\/wp-content\/uploads\/sites\/59\/2025\/05\/REQUERIMENTO-DE-CONVALIDACAO-E-EQUIVALENCIA-DE-DISCIPLINAS.doc\">[.doc]<\/a> <a href=\"https:\/\/www3.unicentro.br\/ppgb\/wp-content\/uploads\/sites\/59\/2025\/05\/REQUERIMENTO-DE-CONVALIDACAO-E-EQUIVALENCIA-DE-DISCIPLINAS.pdf\">[.pdf]<\/a><\/strong><\/li>\n<li><strong>REQUERIMENTO DE MATRICULA E REMATR\u00cdCULA \u2013 MESTRADO E DOUTORADO \u2013 1\u00ba SEMESTRE 2025 <a href=\"https:\/\/www3.unicentro.br\/ppgb\/wp-content\/uploads\/sites\/59\/2025\/05\/REQUERIMENTO-DE-MATRICULA-E-REMATRICULA-\u2013-MESTRADO_DOUTORADO-\u20131o-SEMESTRE-2025.doc\">[.doc]<\/a> <a href=\"https:\/\/www3.unicentro.br\/ppgb\/wp-content\/uploads\/sites\/59\/2025\/05\/REQUERIMENTO-DE-MATRICULA-E-REMATRICULA-\u2013-MESTRADO_DOUTORADO-\u20131o-SEMESTRE-2025.pdf\">[.pdf]<\/a><\/strong><\/li>\n<li><strong>SOLICITA\u00c7\u00c3O DE APROVEITAMENTO DE L\u00cdNGUA ESTRANGEIRA <a href=\"https:\/\/www3.unicentro.br\/ppgb\/wp-content\/uploads\/sites\/59\/2025\/05\/SOLICITACAO-DE-APROVEITAMENTO-DE-LINGUA-ESTRANGEIRA.doc\">[.doc]<\/a> <a href=\"https:\/\/www3.unicentro.br\/ppgb\/wp-content\/uploads\/sites\/59\/2025\/05\/SOLICITACAO-DE-APROVEITAMENTO-DE-LINGUA-ESTRANGEIRA.pdf\">[.pdf]<\/a><\/strong><\/li>\n<li><strong>SOLICITA\u00c7\u00c3O DE CANCELAMENTO DE MATR\u00cdCULA EM DISCIPLINA <a href=\"https:\/\/www3.unicentro.br\/ppgb\/wp-content\/uploads\/sites\/59\/2025\/05\/SOLICITACAO-DE-CANCELAMENTO-DE-MATRICULA-EM-DISCIPLINA.doc\">[.doc]<\/a> <a href=\"https:\/\/www3.unicentro.br\/ppgb\/wp-content\/uploads\/sites\/59\/2025\/05\/SOLICITACAO-DE-CANCELAMENTO-DE-MATRICULA-EM-DISCIPLINA.pdf\">[.pdf]<\/a><\/strong><\/li>\n<li><strong>SOLICITA\u00c7\u00c3O DE DESLIGAMENTO DE CURSO PARA ALUNO BOLSISTA <a href=\"https:\/\/www3.unicentro.br\/ppgb\/wp-content\/uploads\/sites\/59\/2025\/05\/SOLICITACAO-DE-DESLIGAMENTO-DE-CURSO-PARA-ALUNO-BOLSISTA.doc\">[.doc]<\/a> <a href=\"https:\/\/www3.unicentro.br\/ppgb\/wp-content\/uploads\/sites\/59\/2025\/05\/SOLICITACAO-DE-DESLIGAMENTO-DE-CURSO-PARA-ALUNO-BOLSISTA.pdf\">[.pdf]<\/a><\/strong><\/li>\n<li><strong>SOLICITA\u00c7\u00c3O DE DESLIGAMENTO DE CURSO PARA ALUNO N\u00c3O BOLSISTA <a href=\"https:\/\/www3.unicentro.br\/ppgb\/wp-content\/uploads\/sites\/59\/2025\/05\/SOLICITACAO-DE-DESLIGAMENTO-DE-CURSO-PARA-ALUNO-NAO-BOLSISTA.doc\">[.doc]<\/a> <a href=\"https:\/\/www3.unicentro.br\/ppgb\/wp-content\/uploads\/sites\/59\/2025\/05\/SOLICITACAO-DE-DESLIGAMENTO-DE-CURSO-PARA-ALUNO-NAO-BOLSISTA.pdf\">[.pdf]<\/a><\/strong><\/li>\n<li><strong>SOLICITA\u00c7\u00c3O DE PRORROGA\u00c7\u00c3O DE PRAZO DE DEFESA <a href=\"https:\/\/www3.unicentro.br\/ppgb\/wp-content\/uploads\/sites\/59\/2025\/05\/SOLICITACAO-DE-PRORROGACAO-DE-PRAZO-DE-DEFESA.doc\">[.doc]<\/a> <a href=\"https:\/\/www3.unicentro.br\/ppgb\/wp-content\/uploads\/sites\/59\/2025\/05\/SOLICITACAO-DE-PRORROGACAO-DE-PRAZO-DE-DEFESA.pdf\">[.pdf]<\/a><\/strong><\/li>\n<li><strong>SOLICITA\u00c7\u00c3O DE TRANCAMENTO DE CURSO <a href=\"https:\/\/www3.unicentro.br\/ppgb\/wp-content\/uploads\/sites\/59\/2025\/05\/SOLICITACAO-DE-TRANCAMENTO-DE-CURSO-.doc\">[.doc]<\/a> <a href=\"https:\/\/www3.unicentro.br\/ppgb\/wp-content\/uploads\/sites\/59\/2025\/05\/SOLICITACAO-DE-TRANCAMENTO-DE-CURSO-.pdf\">[.pdf]<\/a><\/strong><\/li>\n<\/ul>\n<p>[\/vc_column_text][\/vc_column][\/vc_row][vc_row disable_element=&#8221;yes&#8221; u_row_style=&#8221;0&#8243; u_row_paralax=&#8221;0&#8243; u_row_scheme=&#8221;0&#8243;][vc_column][vc_column_text]<\/p>\n<ul>\n<li><strong><a href=\"https:\/\/www3.unicentro.br\/ppgb\/wp-content\/uploads\/sites\/59\/2025\/02\/REQUERIMENTO_MATRICULA_2025_PPGB_67bda4fa6dacf.pdf\">REQUERIMENTO DE MATRICULA E REMATR\u00cdCULA \u2013 MESTRADO\/DOUTORADO \u20131\u00ba SEMESTRE 2025<\/a><\/strong><\/li>\n<li><strong><a href=\"https:\/\/www3.unicentro.br\/ppgb\/wp-content\/uploads\/sites\/59\/2024\/07\/MODELO_APROVEITAMENTO_L_NGUA_ESTRANGEIRA_6686f4126d45e.pdf\">SOLICITA\u00c7\u00c3O DE APROVEITAMENTO DE L\u00cdNGUA ESTRANGEIRA<\/a><\/strong><\/li>\n<li><a href=\"https:\/\/www3.unicentro.br\/ppgb\/wp-content\/uploads\/sites\/59\/2024\/06\/Requerimento_de_Trancamento_da_matr_cula_6670649e95b26.pdf\"><strong>SOLICITA\u00c7\u00c3O DE TRANCAMENTO DE CURSO<\/strong><\/a><\/li>\n<li><a href=\"https:\/\/www3.unicentro.br\/ppgb\/wp-content\/uploads\/sites\/59\/2024\/02\/MODELO_DECLARACAO_APRESENTACAO_TCC_DISTANCIA_SINCRONA_65c4bdd25dcdf.pdf\"><strong>DECLARA\u00c7\u00c3O DE APRESENTA\u00c7\u00c3O \u00c0 DIST\u00c2NCIA EM BANCA EXAMINADORA DE DEFESA DE DISSERTA\u00c7\u00c3O, TESE OU TRABALHO DE CONCLUS\u00c3O DE CURSO<\/strong><\/a><\/li>\n<\/ul>\n<ul>\n<li><a href=\"https:\/\/www3.unicentro.br\/ppgb\/wp-content\/uploads\/sites\/59\/2024\/01\/FICHA_DE_AVALIA_O_DE_RELAT_RIOS_DE_PESQUISA_E_DISCIPLINAS_DE_TESE_PPGB_65b01ce1e52ed.pdf\"><strong>FICHA DE AVALIA\u00c7\u00c3O DE RELAT\u00d3RIOS DE PESQUISA E DISCIPLINAS DE TESE<\/strong><\/a><\/li>\n<li><a href=\"https:\/\/www3.unicentro.br\/ppgb\/wp-content\/uploads\/sites\/59\/2024\/01\/FICHA_DE_AVALIA_O_DE_RELAT_RIOS_DE_PESQUISA_E_DISCIPLINAS_DE_DISSERTA_O_PPGB_65b01ce0dbad1.pdf\"><strong>FICHA DE AVALIA\u00c7\u00c3O DE RELAT\u00d3RIOS DE PESQUISA E DISCIPLINAS DE DISSERTA\u00c7\u00c3O<\/strong><\/a><\/li>\n<li><strong><a href=\"https:\/\/www3.unicentro.br\/ppgb\/wp-content\/uploads\/sites\/59\/2021\/07\/FICHA-DE-PLANEJAMENTO-ACADEMICO-INDIVIUAL_DISCENTE_ORIENTADOR_IES_ANO-1.pdf\" target=\"_blank\" rel=\"attachment noopener wp-att-597 noreferrer\">REQUERIMENTO DE MATR\u00cdCULA 2021 &#8211; OBRIGAT\u00d3RIA A IMPRESS\u00c3O COLORIDA<\/a><\/strong><\/li>\n<li><strong><a href=\"https:\/\/www3.unicentro.br\/ppgb\/wp-content\/uploads\/sites\/59\/2024\/02\/MODELO_DECLARACAO_PRESENCA_DEFESA_TCC_PPGB_65c36a334cbd0.pdf\">PRESEN\u00c7A EM DEFESA DE DISSERTA\u00c7\u00c3O<\/a><\/strong><\/li>\n<li><strong><a href=\"https:\/\/www3.unicentro.br\/ppgb\/wp-content\/uploads\/sites\/59\/2024\/02\/MODELO_APROVEITAMENTO_DISCIPLINAS_PPGB_65c36a4ece91c.pdf\">REQUERIMENTO DE CONVALIDA\u00c7\u00c3O E EQUIVAL\u00caNCIA DE DISCIPLINAS<\/a><\/strong><\/li>\n<li><strong><a href=\"https:\/\/www3.unicentro.br\/ppgb\/wp-content\/uploads\/sites\/59\/2024\/02\/MODELO_CANCELAMENTO_PPGB_65c36a65629f5.pdf\">SOLICITA\u00c7\u00c3O DE CANCELAMENTO DE MATR\u00cdCULA EM DISCIPLINA<\/a><\/strong><\/li>\n<li><strong><a href=\"https:\/\/www3.unicentro.br\/ppgb\/wp-content\/uploads\/sites\/59\/2024\/02\/MODELO_FICHA_ESTAGIO_PPGB_65c36a739d43f.pdf\">EST\u00c1GIO EM DOC\u00caNCIA &#8211; FICHA DE ACOMPANHAMENTO DE EST\u00c1GIO SUPERVISIONADO<\/a><\/strong><\/li>\n<li><strong><a href=\"https:\/\/www3.unicentro.br\/ppgb\/wp-content\/uploads\/sites\/59\/2024\/02\/MODELO_PRORROGACAO_PPGB_65c36a8d2417e.pdf\">SOLICITA\u00c7\u00c3O DE PRORROGA\u00c7\u00c3O DE PRAZO DE DEFESA<\/a><\/strong><\/li>\n<li><strong><a href=\"https:\/\/www3.unicentro.br\/ppgb\/wp-content\/uploads\/sites\/59\/2024\/02\/ATESTADO_PROVAVEL_DEFESA_PPGB_65c36a9cf1d29.pdf\">ATESTADO DE PROV\u00c1VEL DEFESA<\/a><\/strong><\/li>\n<li><strong><a href=\"https:\/\/www3.unicentro.br\/ppgb\/wp-content\/uploads\/sites\/59\/2024\/02\/MODELO_INDICACAO_BANCA_PPGB_65d4d40216f07.pdf\">MODELO DE INDICA\u00c7\u00c3O DE BANCA EXAMINADORA PARA DEFESA DE TCC<\/a><\/strong><\/li>\n<li><strong><a href=\"https:\/\/www3.unicentro.br\/ppgb\/wp-content\/uploads\/sites\/59\/2024\/02\/MODELO_DECLARACAO_CORRECAO_TCC_PPGB_65c36a310ab9f.pdf\">DECLARA\u00c7\u00c3O DE CORRE\u00c7\u00c3O DA DISSERTA\u00c7\u00c3O SUGERIDA PELA BANCA DE DEFESA<\/a><a href=\"https:\/\/www3.unicentro.br\/ppgb\/wp-content\/uploads\/sites\/59\/2019\/07\/Requerimento-do-Titulo-de-Mestre-em-Bioenergia-1.docx\" rel=\"noopener\"><br \/>\n<\/a><\/strong><\/li>\n<li><strong><a href=\"https:\/\/www3.unicentro.br\/ppgb\/wp-content\/uploads\/sites\/59\/2024\/02\/DECLARACAO_ANUENCIA_SUBMISSAO_ORIENTADOR_PPGB_65c36b0cbad76.pdf\">DECLARA\u00c7\u00c3O, SUBMISS\u00c3O OU PUBLICA\u00c7\u00c3O DE ARTIGO COM ANU\u00caNCIA DO ORIENTADOR<\/a><\/strong><\/li>\n<li><strong><a href=\"https:\/\/www3.unicentro.br\/ppgb\/wp-content\/uploads\/sites\/59\/2019\/07\/Requerimento-do-Titulo-de-Mestre-em-Bioenergia-1.docx\" rel=\"noopener\">REQUERIMENTO DO T\u00cdTULO DE MESTRE EM BIOENERGIA [.docx]<\/a><\/strong><\/li>\n<li><strong><a href=\"https:\/\/www3.unicentro.br\/ppgb\/wp-content\/uploads\/sites\/59\/2024\/02\/MODELO_SOLICITACAO_DESLIGAMENTO_BOLSISTA_PPGB_65c36b2f43045.pdf\">SOLICITA\u00c7\u00c3O DE DESLIGAMENTO DE CURSO PARA ALUNO BOLSISTA<\/a><\/strong><\/li>\n<li><strong><a href=\"https:\/\/www3.unicentro.br\/ppgb\/wp-content\/uploads\/sites\/59\/2024\/02\/MODELO_SOLICITACAO_DESLIGAMENTO_NAO_BOLSISTA_PPGB_65c36b229f3a4.pdf\">SOLICITA\u00c7\u00c3O DE DESLIGAMENTO DE CURSO PARA ALUNO N\u00c3O BOLSISTA<\/a><\/strong><\/li>\n<\/ul>\n<p>[\/vc_column_text][\/vc_column][\/vc_row]<\/p>\n<\/div>","protected":false},"excerpt":{"rendered":"<p>[vc_row][vc_column][vc_column_text css=&#8221;&#8221;] REQUERIMENTO DE REMATR\u00cdCULA \u2013 MESTRADO\/DOUTORADO \u2013 2006 ATESTADO DE PROV\u00c1VEL DEFESA [.doc] [.pdf] DECLARA\u00c7\u00c3O DE APRESENTA\u00c7\u00c3O \u00c0 DIST\u00c2NCIA EM BANCA EXAMINADORA DE DEFESA DE DISSERTA\u00c7\u00c3O, TESE OU TRABALHO DE CONCLUS\u00c3O DE CURSO [.doc] [.pdf] DECLARA\u00c7\u00c3O DE CORRE\u00c7\u00c3O DA DISSERTA\u00c7\u00c3O SUGERIDA PELA BANCA DE DEFESA [.doc] [.pdf] DECLARA\u00c7\u00c3O, SUBMISS\u00c3O OU PUBLICA\u00c7\u00c3O DE ARTIGO COM [&hellip;]<\/p>\n","protected":false},"author":3,"featured_media":0,"parent":432,"menu_order":0,"comment_status":"closed","ping_status":"closed","template":"","meta":{"_exactmetrics_skip_tracking":false,"_exactmetrics_sitenote_active":false,"_exactmetrics_sitenote_note":"","_exactmetrics_sitenote_category":0,"footnotes":"","_links_to":"","_links_to_target":""},"class_list":["post-29","page","type-page","status-publish","hentry"],"_links":{"self":[{"href":"https:\/\/www3.unicentro.br\/ppgb\/wp-json\/wp\/v2\/pages\/29","targetHints":{"allow":["GET"]}}],"collection":[{"href":"https:\/\/www3.unicentro.br\/ppgb\/wp-json\/wp\/v2\/pages"}],"about":[{"href":"https:\/\/www3.unicentro.br\/ppgb\/wp-json\/wp\/v2\/types\/page"}],"author":[{"embeddable":true,"href":"https:\/\/www3.unicentro.br\/ppgb\/wp-json\/wp\/v2\/users\/3"}],"replies":[{"embeddable":true,"href":"https:\/\/www3.unicentro.br\/ppgb\/wp-json\/wp\/v2\/comments?post=29"}],"version-history":[{"count":2,"href":"https:\/\/www3.unicentro.br\/ppgb\/wp-json\/wp\/v2\/pages\/29\/revisions"}],"predecessor-version":[{"id":2403,"href":"https:\/\/www3.unicentro.br\/ppgb\/wp-json\/wp\/v2\/pages\/29\/revisions\/2403"}],"up":[{"embeddable":true,"href":"https:\/\/www3.unicentro.br\/ppgb\/wp-json\/wp\/v2\/pages\/432"}],"wp:attachment":[{"href":"https:\/\/www3.unicentro.br\/ppgb\/wp-json\/wp\/v2\/media?parent=29"}],"curies":[{"name":"wp","href":"https:\/\/api.w.org\/{rel}","templated":true}]}}