{"id":22,"date":"2019-04-05T14:16:52","date_gmt":"2019-04-05T17:16:52","guid":{"rendered":"https:\/\/www3.unicentro.br\/ppgb\/?page_id=22"},"modified":"2025-03-21T15:30:05","modified_gmt":"2025-03-21T18:30:05","slug":"regulamentos","status":"publish","type":"page","link":"https:\/\/www3.unicentro.br\/ppgb\/legislacao\/regulamentos\/","title":{"rendered":"Regulamentos"},"content":{"rendered":"<ul>\n<li><a href=\"https:\/\/www3.unicentro.br\/ppgb\/wp-content\/uploads\/sites\/59\/2024\/02\/IN_02_2023_Instru_o_normativa_de_participa_o_de_discente_em_banca_de_defesa_65d4b1890cb7e.pdf\"><strong>Instru\u00e7\u00e3o Normativa PPGB\/Unicentro n\u00ba 02\/2023<\/strong> &#8211; De regulamenta\u00e7\u00e3o sobre a participa\u00e7\u00e3o discente como ouvinte em Bancas de Defesas de Mestrado e Doutorado<\/a><\/li>\n<li><a href=\"https:\/\/www.unicentro.br\/posgraduacao\/mestrado\/bioenergia\/regulamentos\/resolu_o_acordo_IES_5347e62ada87f.pdf\"><strong>Resolu\u00e7\u00e3o n\u00ba 200\/2009 &#8211; CAD\/Unicentro<\/strong> &#8211; Homologa o Termo de Coopera\u00e7\u00e3o firmado entre a Unicentro e as IES parceiras do programa em rede.<\/a><\/li>\n<li><del><a href=\"https:\/\/www.unicentro.br\/posgraduacao\/mestrado\/bioenergia\/regulamentos\/projeto_politico_pedagogico_UNICENTRO_BIOENERGIA_5151b0e046d86.pdf\"><strong>Processo N\u00ba 03271\/2008, aprovado pelo Parecer N\u00ba 282\/2008-CEPE\/UNICENTRO, Resolu\u00e7\u00e3o N\u00ba072-GR\/UNICENTRO, 18\/03\/2008<\/strong> &#8211; Projeto Pol\u00edtico Pedag\u00f3gico do Programa de P\u00f3s-Gradua\u00e7\u00e3o em Bioenergia (PPGB)<\/a><\/del><\/li>\n<li><del><a href=\"https:\/\/www.unicentro.br\/posgraduacao\/mestrado\/bioenergia\/regulamentos\/anexo_1_REGULAMENTO_MESTRADO_BIOENERGIA_53452c7017bd3.pdf\"><strong>Processo N\u00ba 03271\/2008, aprovado pelo Parecer N\u00ba 282\/2008-CEPE\/UNICENTRO, Resolu\u00e7\u00e3o N\u00ba072-GR\/UNICENTRO, 18\/03\/2008<\/strong> &#8211; Regulamento do Programa de P\u00f3s-Gradua\u00e7\u00e3o em<\/a> <a href=\"https:\/\/www.unicentro.br\/posgraduacao\/mestrado\/bioenergia\/regulamentos\/anexo_1_REGULAMENTO_MESTRADO_BIOENERGIA_53452c7017bd3.pdf\">Bioenergia- PPGB em n\u00edvel de Mestrado Acad\u00eamico<\/a><\/del><\/li>\n<li><a href=\"https:\/\/www3.unicentro.br\/ppgb\/wp-content\/uploads\/sites\/59\/2022\/04\/Resolu_o_67_CEPE_UNICENTRO_Regulamento_Geral_da_P_s_Gradua_o_UNICENTRO_62558ecddc503.pdf\"><strong>Resolu\u00e7\u00e3o 67 Cepe\/Unicentro<\/strong>\u00a0&#8211; Regulamento Geral da P\u00f3s Gradua\u00e7\u00e3o Unicentro<\/a><\/li>\n<li><a href=\"https:\/\/sgu.unicentro.br\/pcatooficiais\/imprimir\/835C0878\"><strong>NOVO -Regimento do Programa de P\u00f3s-Gradua\u00e7\u00e3o Stricto Sensu em Bioenergia<\/strong>, PPGB, n\u00edvel Mestrado, ofertado pela Associa\u00e7\u00e3o em Rede entre a UEL, UEM, UEPG, UNIOESTE, UNICENTRO e UFPR.<\/a><\/li>\n<li><a href=\"https:\/\/www3.unicentro.br\/ppgb\/wp-content\/uploads\/sites\/59\/2025\/03\/REGIME_1-2.pdf\">REGIMENTO DO PROGRAMA ASSOCIADO EM REDE DE P\u00d3S-GRADUA\u00c7\u00c3O STRICTO SENSU EM BIOENERGIA &#8211; PPGB (2024)<\/a><\/li>\n<\/ul>\n","protected":false},"excerpt":{"rendered":"<p>Instru\u00e7\u00e3o Normativa PPGB\/Unicentro n\u00ba 02\/2023 &#8211; De regulamenta\u00e7\u00e3o sobre a participa\u00e7\u00e3o discente como ouvinte em Bancas de Defesas de Mestrado e Doutorado Resolu\u00e7\u00e3o n\u00ba 200\/2009 &#8211; CAD\/Unicentro &#8211; Homologa o Termo de Coopera\u00e7\u00e3o firmado entre a Unicentro e as IES parceiras do programa em rede. Processo N\u00ba 03271\/2008, aprovado pelo Parecer N\u00ba 282\/2008-CEPE\/UNICENTRO, Resolu\u00e7\u00e3o N\u00ba072-GR\/UNICENTRO, [&hellip;]<\/p>\n","protected":false},"author":3,"featured_media":0,"parent":432,"menu_order":0,"comment_status":"closed","ping_status":"closed","template":"","meta":{"_exactmetrics_skip_tracking":false,"_exactmetrics_sitenote_active":false,"_exactmetrics_sitenote_note":"","_exactmetrics_sitenote_category":0,"footnotes":"","_links_to":"","_links_to_target":""},"class_list":["post-22","page","type-page","status-publish","hentry"],"_links":{"self":[{"href":"https:\/\/www3.unicentro.br\/ppgb\/wp-json\/wp\/v2\/pages\/22","targetHints":{"allow":["GET"]}}],"collection":[{"href":"https:\/\/www3.unicentro.br\/ppgb\/wp-json\/wp\/v2\/pages"}],"about":[{"href":"https:\/\/www3.unicentro.br\/ppgb\/wp-json\/wp\/v2\/types\/page"}],"author":[{"embeddable":true,"href":"https:\/\/www3.unicentro.br\/ppgb\/wp-json\/wp\/v2\/users\/3"}],"replies":[{"embeddable":true,"href":"https:\/\/www3.unicentro.br\/ppgb\/wp-json\/wp\/v2\/comments?post=22"}],"version-history":[{"count":2,"href":"https:\/\/www3.unicentro.br\/ppgb\/wp-json\/wp\/v2\/pages\/22\/revisions"}],"predecessor-version":[{"id":2226,"href":"https:\/\/www3.unicentro.br\/ppgb\/wp-json\/wp\/v2\/pages\/22\/revisions\/2226"}],"up":[{"embeddable":true,"href":"https:\/\/www3.unicentro.br\/ppgb\/wp-json\/wp\/v2\/pages\/432"}],"wp:attachment":[{"href":"https:\/\/www3.unicentro.br\/ppgb\/wp-json\/wp\/v2\/media?parent=22"}],"curies":[{"name":"wp","href":"https:\/\/api.w.org\/{rel}","templated":true}]}}