{"id":19,"date":"2019-04-05T14:15:18","date_gmt":"2019-04-05T17:15:18","guid":{"rendered":"https:\/\/www3.unicentro.br\/ppgb\/?page_id=19"},"modified":"2024-01-18T14:58:32","modified_gmt":"2024-01-18T17:58:32","slug":"resolucoes","status":"publish","type":"page","link":"https:\/\/www3.unicentro.br\/ppgb\/legislacao\/resolucoes\/","title":{"rendered":"Resolu\u00e7\u00f5es"},"content":{"rendered":"<ul>\n<li><a href=\"https:\/\/www3.unicentro.br\/ppgb\/wp-content\/uploads\/sites\/59\/2024\/01\/resolu_o_6_CEPE_UNICENTRO__1a_readequa_o_do_MESTRADO_em_BIOENERGIA_07_03_2023_65a81e7c5212f.pdf\"><strong>Resolu\u00e7\u00e3o no 6 &#8211; Cepe\/Unicentro, de 7 de mar\u00e7o de 2023<\/strong> &#8211; Aprova altera\u00e7\u00f5es no Projeto Pedag\u00f3gico do Curso de Mestrado Acad\u00eamico em Bioenergia<\/a><\/li>\n<li><a href=\"https:\/\/www3.unicentro.br\/ppgb\/wp-content\/uploads\/sites\/59\/2024\/01\/Resolu_o_36_CEPE_UNICENTRO_corre_o_do_minimo_de_credito_a_serem_cumpridos__1a_readequa_o_do_MESTRADO_em_BIOENERGIA_06_12_2023_65a81e7d513ed.pdf\"><strong>Resolu\u00e7\u00e3o no 36 &#8211; Cepe\/Unicentro, de 6 de novembro de 2023<\/strong> &#8211; Aprova altera\u00e7\u00f5es do Projeto Pedag\u00f3gico do Curso de Mestrado Acad\u00eamico em Bioenergia<\/a><\/li>\n<li><a href=\"https:\/\/www3.unicentro.br\/ppgb\/wp-content\/uploads\/sites\/59\/2024\/01\/resolu_o_22_COU_UNICENTRO_de_cria_o_do_DOUTORADO_em_bioenergia__19_12_2023_65a81f0569eec.pdf\"><strong>Resolu\u00e7\u00e3o no 22 &#8211; COU\/Unicentro, de 19 de dezembro de 2023<\/strong> &#8211; Cria o Curso de Doutorado Acad\u00eamico em Bioenergia<\/a><\/li>\n<li><a href=\"https:\/\/www3.unicentro.br\/ppgb\/wp-content\/uploads\/sites\/59\/2024\/01\/resolu_o_23_COU_UNICENTRO_do_funcionamento_e_creditos_do_DOUTORADO_em_BIOENERGIA_19_12_2023_65a81f066985b.pdf\"><strong>Resolu\u00e7\u00e3o no 23 &#8211; COU\/Unicentro, de 19 de dezembro de 2023<\/strong> &#8211; Aprova o Projeto Pedag\u00f3gico do Curso de Doutorado Acad\u00eamico em Bioenergia<\/a><\/li>\n<\/ul>\n","protected":false},"excerpt":{"rendered":"<p>Resolu\u00e7\u00e3o no 6 &#8211; Cepe\/Unicentro, de 7 de mar\u00e7o de 2023 &#8211; Aprova altera\u00e7\u00f5es no Projeto Pedag\u00f3gico do Curso de Mestrado Acad\u00eamico em Bioenergia Resolu\u00e7\u00e3o no 36 &#8211; Cepe\/Unicentro, de 6 de novembro de 2023 &#8211; Aprova altera\u00e7\u00f5es do Projeto Pedag\u00f3gico do Curso de Mestrado Acad\u00eamico em Bioenergia Resolu\u00e7\u00e3o no 22 &#8211; COU\/Unicentro, de 19 [&hellip;]<\/p>\n","protected":false},"author":3,"featured_media":0,"parent":432,"menu_order":0,"comment_status":"closed","ping_status":"closed","template":"","meta":{"_exactmetrics_skip_tracking":false,"_exactmetrics_sitenote_active":false,"_exactmetrics_sitenote_note":"","_exactmetrics_sitenote_category":0,"footnotes":"","_links_to":"","_links_to_target":""},"class_list":["post-19","page","type-page","status-publish","hentry"],"_links":{"self":[{"href":"https:\/\/www3.unicentro.br\/ppgb\/wp-json\/wp\/v2\/pages\/19","targetHints":{"allow":["GET"]}}],"collection":[{"href":"https:\/\/www3.unicentro.br\/ppgb\/wp-json\/wp\/v2\/pages"}],"about":[{"href":"https:\/\/www3.unicentro.br\/ppgb\/wp-json\/wp\/v2\/types\/page"}],"author":[{"embeddable":true,"href":"https:\/\/www3.unicentro.br\/ppgb\/wp-json\/wp\/v2\/users\/3"}],"replies":[{"embeddable":true,"href":"https:\/\/www3.unicentro.br\/ppgb\/wp-json\/wp\/v2\/comments?post=19"}],"version-history":[{"count":2,"href":"https:\/\/www3.unicentro.br\/ppgb\/wp-json\/wp\/v2\/pages\/19\/revisions"}],"predecessor-version":[{"id":1847,"href":"https:\/\/www3.unicentro.br\/ppgb\/wp-json\/wp\/v2\/pages\/19\/revisions\/1847"}],"up":[{"embeddable":true,"href":"https:\/\/www3.unicentro.br\/ppgb\/wp-json\/wp\/v2\/pages\/432"}],"wp:attachment":[{"href":"https:\/\/www3.unicentro.br\/ppgb\/wp-json\/wp\/v2\/media?parent=19"}],"curies":[{"name":"wp","href":"https:\/\/api.w.org\/{rel}","templated":true}]}}