{"id":1574,"date":"2023-10-24T13:52:12","date_gmt":"2023-10-24T16:52:12","guid":{"rendered":"https:\/\/www3.unicentro.br\/ppgb\/?page_id=1574"},"modified":"2024-01-30T18:25:11","modified_gmt":"2024-01-30T21:25:11","slug":"editais-de-credenciamento-de-docentes","status":"publish","type":"page","link":"https:\/\/www3.unicentro.br\/ppgb\/editais-de-credenciamento-de-docentes\/","title":{"rendered":"Editais de Credenciamento de Docentes"},"content":{"rendered":"<div class=\"wpb-content-wrapper\"><p>[vc_row][vc_column][vc_tta_accordion color=&#8221;sky&#8221; active_section=&#8221;1&#8243; collapsible_all=&#8221;true&#8221;][vc_tta_section title=&#8221;2023&#8243; tab_id=&#8221;1664948667967-3f0002b3-22a0&#8243;][vc_column_text]<\/p>\n<ul>\n<li><a href=\"https:\/\/www3.unicentro.br\/ppgb\/wp-content\/uploads\/sites\/59\/2023\/12\/Resultado_Edital_01_2023_credenciamento_PPGB_657ca932460ad.pdf\"><strong>RESULTADO FINAL EDITAL N\u00ba 01\/2023<\/strong> \u2013 CREDENCIAMENTO DE NOVOS DOCENTES E HABILITA\u00c7\u00c3O DE DOCENTES DO PPGB EM N\u00cdVEL DE MESTRADO <\/a><\/li>\n<li><a href=\"https:\/\/www3.unicentro.br\/ppgb\/wp-content\/uploads\/sites\/59\/2023\/10\/NOVO_Edital_01_2023_Credenciamento_e_Habilia_o_PPGB_2023_6536dad47366b.pdf\"><strong>EDITAL N\u00ba 01\/2023<\/strong> \u2013 CREDENCIAMENTO DE NOVOS DOCENTES E HABILITA\u00c7\u00c3O DE DOCENTES DO PPGB EM N\u00cdVEL DE MESTRADO<\/a><\/li>\n<\/ul>\n<p>[\/vc_column_text][\/vc_tta_section][\/vc_tta_accordion][\/vc_column][\/vc_row]<\/p>\n<\/div>","protected":false},"excerpt":{"rendered":"<p>[vc_row][vc_column][vc_tta_accordion color=&#8221;sky&#8221; active_section=&#8221;1&#8243; collapsible_all=&#8221;true&#8221;][vc_tta_section title=&#8221;2023&#8243; tab_id=&#8221;1664948667967-3f0002b3-22a0&#8243;][vc_column_text] RESULTADO FINAL EDITAL N\u00ba 01\/2023 \u2013 CREDENCIAMENTO DE NOVOS DOCENTES E HABILITA\u00c7\u00c3O DE DOCENTES DO PPGB EM N\u00cdVEL DE MESTRADO EDITAL N\u00ba 01\/2023 \u2013 CREDENCIAMENTO DE NOVOS DOCENTES E HABILITA\u00c7\u00c3O DE DOCENTES DO PPGB EM N\u00cdVEL DE MESTRADO [\/vc_column_text][\/vc_tta_section][\/vc_tta_accordion][\/vc_column][\/vc_row]<\/p>\n","protected":false},"author":6,"featured_media":0,"parent":0,"menu_order":0,"comment_status":"closed","ping_status":"closed","template":"","meta":{"_exactmetrics_skip_tracking":false,"_exactmetrics_sitenote_active":false,"_exactmetrics_sitenote_note":"","_exactmetrics_sitenote_category":0,"footnotes":"","_links_to":"","_links_to_target":""},"class_list":["post-1574","page","type-page","status-publish","hentry"],"_links":{"self":[{"href":"https:\/\/www3.unicentro.br\/ppgb\/wp-json\/wp\/v2\/pages\/1574","targetHints":{"allow":["GET"]}}],"collection":[{"href":"https:\/\/www3.unicentro.br\/ppgb\/wp-json\/wp\/v2\/pages"}],"about":[{"href":"https:\/\/www3.unicentro.br\/ppgb\/wp-json\/wp\/v2\/types\/page"}],"author":[{"embeddable":true,"href":"https:\/\/www3.unicentro.br\/ppgb\/wp-json\/wp\/v2\/users\/6"}],"replies":[{"embeddable":true,"href":"https:\/\/www3.unicentro.br\/ppgb\/wp-json\/wp\/v2\/comments?post=1574"}],"version-history":[{"count":2,"href":"https:\/\/www3.unicentro.br\/ppgb\/wp-json\/wp\/v2\/pages\/1574\/revisions"}],"predecessor-version":[{"id":1897,"href":"https:\/\/www3.unicentro.br\/ppgb\/wp-json\/wp\/v2\/pages\/1574\/revisions\/1897"}],"wp:attachment":[{"href":"https:\/\/www3.unicentro.br\/ppgb\/wp-json\/wp\/v2\/media?parent=1574"}],"curies":[{"name":"wp","href":"https:\/\/api.w.org\/{rel}","templated":true}]}}