{"id":36,"date":"2019-03-01T13:30:34","date_gmt":"2019-03-01T16:30:34","guid":{"rendered":"https:\/\/www3.unicentro.br\/ppgadm\/?page_id=36"},"modified":"2019-07-16T15:06:41","modified_gmt":"2019-07-16T18:06:41","slug":"avaliacao","status":"publish","type":"page","link":"https:\/\/www3.unicentro.br\/ppgadm\/avaliacao\/","title":{"rendered":"Avalia\u00e7\u00e3o"},"content":{"rendered":"<ul>\n<li>Relat\u00f3rio da avalia\u00e7\u00e3o 2016 (discentes e egressos) \u2013 [<a href=\"http:\/\/www2.unicentro.br\/ppgadm\/files\/2017\/04\/Relat%C3%B3rio-da-Avalia%C3%A7%C3%A3o-de-2016.pdf?x35443\">.pdf<\/a>]<\/li>\n<li>Relat\u00f3rio da avalia\u00e7\u00e3o 2018 (egressos) \u2013 [<a href=\"https:\/\/www3.unicentro.br\/ppgadm\/wp-content\/uploads\/sites\/16\/2019\/07\/Relat\u00f3rio-da-Avalia\u00e7\u00e3o-de-2018.pdf\">.pdf<\/a>]<\/li>\n<\/ul>\n","protected":false},"excerpt":{"rendered":"<p>Relat\u00f3rio da avalia\u00e7\u00e3o 2016 (discentes e egressos) \u2013 [.pdf] Relat\u00f3rio da avalia\u00e7\u00e3o 2018 (egressos) \u2013 [.pdf]<\/p>\n","protected":false},"author":3,"featured_media":0,"parent":0,"menu_order":0,"comment_status":"closed","ping_status":"closed","template":"","meta":{"_exactmetrics_skip_tracking":false,"_exactmetrics_sitenote_active":false,"_exactmetrics_sitenote_note":"","_exactmetrics_sitenote_category":0,"footnotes":"","_links_to":"","_links_to_target":""},"class_list":["post-36","page","type-page","status-publish","hentry"],"publishpress_future_action":{"enabled":false,"date":"2026-05-18 20:10:23","action":"change-status","newStatus":"draft","terms":[],"taxonomy":"","extraData":[]},"publishpress_future_workflow_manual_trigger":{"enabledWorkflows":[]},"_links":{"self":[{"href":"https:\/\/www3.unicentro.br\/ppgadm\/wp-json\/wp\/v2\/pages\/36","targetHints":{"allow":["GET"]}}],"collection":[{"href":"https:\/\/www3.unicentro.br\/ppgadm\/wp-json\/wp\/v2\/pages"}],"about":[{"href":"https:\/\/www3.unicentro.br\/ppgadm\/wp-json\/wp\/v2\/types\/page"}],"author":[{"embeddable":true,"href":"https:\/\/www3.unicentro.br\/ppgadm\/wp-json\/wp\/v2\/users\/3"}],"replies":[{"embeddable":true,"href":"https:\/\/www3.unicentro.br\/ppgadm\/wp-json\/wp\/v2\/comments?post=36"}],"version-history":[{"count":0,"href":"https:\/\/www3.unicentro.br\/ppgadm\/wp-json\/wp\/v2\/pages\/36\/revisions"}],"wp:attachment":[{"href":"https:\/\/www3.unicentro.br\/ppgadm\/wp-json\/wp\/v2\/media?parent=36"}],"curies":[{"name":"wp","href":"https:\/\/api.w.org\/{rel}","templated":true}]}}