{"id":329,"date":"2017-06-01T11:26:16","date_gmt":"2017-06-01T14:26:16","guid":{"rendered":"https:\/\/www3.unicentro.br\/ppgadm\/?page_id=329"},"modified":"2017-06-21T15:35:49","modified_gmt":"2017-06-21T18:35:49","slug":"area-de-concentracao","status":"publish","type":"page","link":"https:\/\/www3.unicentro.br\/ppgadm\/area-de-concentracao\/","title":{"rendered":"\u00c1rea de Concentra\u00e7\u00e3o"},"content":{"rendered":"<h3>Estrat\u00e9gia, Inova\u00e7\u00e3o e Tecnologia<\/h3>\n<p style=\"text-align: justify\">Visa uma concep\u00e7\u00e3o abrangente para o estudo da estrat\u00e9gia, inova\u00e7\u00e3o e tecnologia, seja nas organiza\u00e7\u00f5es p\u00fablicas ou empresas privadas, em raz\u00e3o dos recentes avan\u00e7os na \u00e1rea de administra\u00e7\u00e3o em que se privilegia a integra\u00e7\u00e3o entre as diversas especialidades, evitando a segmenta\u00e7\u00e3o t\u00edpica de abordagem limitadas. Assim colocada, a \u00e1rea de concentra\u00e7\u00e3o do programa de mestrado possibilita uma atua\u00e7\u00e3o integrada, em que a estrat\u00e9gia, Inova\u00e7\u00e3o e Tecnologia s\u00e3o o foco e se constituem como elemento integrador na administra\u00e7\u00e3o.<\/p>\n","protected":false},"excerpt":{"rendered":"<p>Estrat\u00e9gia, Inova\u00e7\u00e3o e Tecnologia Visa uma concep\u00e7\u00e3o abrangente para o estudo da estrat\u00e9gia, inova\u00e7\u00e3o e tecnologia, seja nas organiza\u00e7\u00f5es p\u00fablicas ou empresas privadas, em raz\u00e3o dos recentes avan\u00e7os na \u00e1rea de administra\u00e7\u00e3o em que se privilegia a integra\u00e7\u00e3o entre as diversas especialidades, evitando a segmenta\u00e7\u00e3o t\u00edpica de abordagem limitadas. Assim colocada, a \u00e1rea de concentra\u00e7\u00e3o [&hellip;]<\/p>\n","protected":false},"author":3,"featured_media":0,"parent":0,"menu_order":0,"comment_status":"closed","ping_status":"closed","template":"","meta":{"_exactmetrics_skip_tracking":false,"_exactmetrics_sitenote_active":false,"_exactmetrics_sitenote_note":"","_exactmetrics_sitenote_category":0,"footnotes":"","_links_to":"","_links_to_target":""},"class_list":["post-329","page","type-page","status-publish","hentry"],"publishpress_future_action":{"enabled":false,"date":"2026-04-29 00:41:45","action":"change-status","newStatus":"draft","terms":[],"taxonomy":"","extraData":[]},"publishpress_future_workflow_manual_trigger":{"enabledWorkflows":[]},"_links":{"self":[{"href":"https:\/\/www3.unicentro.br\/ppgadm\/wp-json\/wp\/v2\/pages\/329","targetHints":{"allow":["GET"]}}],"collection":[{"href":"https:\/\/www3.unicentro.br\/ppgadm\/wp-json\/wp\/v2\/pages"}],"about":[{"href":"https:\/\/www3.unicentro.br\/ppgadm\/wp-json\/wp\/v2\/types\/page"}],"author":[{"embeddable":true,"href":"https:\/\/www3.unicentro.br\/ppgadm\/wp-json\/wp\/v2\/users\/3"}],"replies":[{"embeddable":true,"href":"https:\/\/www3.unicentro.br\/ppgadm\/wp-json\/wp\/v2\/comments?post=329"}],"version-history":[{"count":0,"href":"https:\/\/www3.unicentro.br\/ppgadm\/wp-json\/wp\/v2\/pages\/329\/revisions"}],"wp:attachment":[{"href":"https:\/\/www3.unicentro.br\/ppgadm\/wp-json\/wp\/v2\/media?parent=329"}],"curies":[{"name":"wp","href":"https:\/\/api.w.org\/{rel}","templated":true}]}}