{"id":276,"date":"2017-05-22T16:06:08","date_gmt":"2017-05-22T19:06:08","guid":{"rendered":"https:\/\/www3.unicentro.br\/ppgadm\/?page_id=276"},"modified":"2019-06-05T16:33:21","modified_gmt":"2019-06-05T19:33:21","slug":"declaracoes-2","status":"publish","type":"page","link":"https:\/\/www3.unicentro.br\/ppgadm\/declaracoes-2\/","title":{"rendered":"Declara\u00e7\u00f5es"},"content":{"rendered":"<div class=\"wpb-content-wrapper\"><p>[vc_row][vc_column][vc_tta_accordion][vc_tta_section title=&#8221;2018&#8243; tab_id=&#8221;1530660665712-f5e4d00e-a1be&#8221;][vc_column_text]Declara\u00e7\u00f5es de participa\u00e7\u00e3o (apresentador) no 2\u00ba Workshop de Disserta\u00e7\u00f5es do PPGADM (<a href=\"https:\/\/www3.unicentro.br\/ppgadm\/wp-content\/uploads\/sites\/16\/2019\/06\/Declara\u00e7\u00e3o-Workshop-Apresentador.pdf\">.pdf<\/a>)<\/p>\n<p>Declara\u00e7\u00f5es de participa\u00e7\u00e3o (ouvinte) no 2\u00ba Workshop de Disserta\u00e7\u00f5es do PPGADM (<a href=\"https:\/\/www3.unicentro.br\/ppgadm\/wp-content\/uploads\/sites\/16\/2019\/06\/Declara\u00e7\u00f5es-Workshop-Ouvinte.pdf\">.pdf<\/a>)<\/p>\n<p>Declara\u00e7\u00f5es de participa\u00e7\u00e3o (ouvinte) em Bancas de Qualifica\u00e7\u00e3o de Disserta\u00e7\u00e3o (<a href=\"https:\/\/www3.unicentro.br\/ppgadm\/wp-content\/uploads\/sites\/16\/2018\/08\/Declara\u00e7\u00e3o-ouvinte_qualifFernanda.pdf\">.pdf<\/a>)<\/p>\n<p>Declara\u00e7\u00f5es de participa\u00e7\u00e3o (ouvinte) em Bancas de Defesa de Disserta\u00e7\u00e3o (.pdf)[\/vc_column_text][\/vc_tta_section][\/vc_tta_accordion][\/vc_column][\/vc_row]<\/p>\n<\/div>","protected":false},"excerpt":{"rendered":"<p>[vc_row][vc_column][vc_tta_accordion][vc_tta_section title=&#8221;2018&#8243; tab_id=&#8221;1530660665712-f5e4d00e-a1be&#8221;][vc_column_text]Declara\u00e7\u00f5es de participa\u00e7\u00e3o (apresentador) no 2\u00ba Workshop de Disserta\u00e7\u00f5es do PPGADM (.pdf) Declara\u00e7\u00f5es de participa\u00e7\u00e3o (ouvinte) no 2\u00ba Workshop de Disserta\u00e7\u00f5es do PPGADM (.pdf) Declara\u00e7\u00f5es de participa\u00e7\u00e3o (ouvinte) em Bancas de Qualifica\u00e7\u00e3o de Disserta\u00e7\u00e3o (.pdf) Declara\u00e7\u00f5es de participa\u00e7\u00e3o (ouvinte) em Bancas de Defesa de Disserta\u00e7\u00e3o (.pdf)[\/vc_column_text][\/vc_tta_section][\/vc_tta_accordion][\/vc_column][\/vc_row]<\/p>\n","protected":false},"author":3,"featured_media":0,"parent":0,"menu_order":0,"comment_status":"closed","ping_status":"closed","template":"","meta":{"_exactmetrics_skip_tracking":false,"_exactmetrics_sitenote_active":false,"_exactmetrics_sitenote_note":"","_exactmetrics_sitenote_category":0,"footnotes":"","_links_to":"","_links_to_target":""},"class_list":["post-276","page","type-page","status-publish","hentry"],"publishpress_future_action":{"enabled":false,"date":"2026-04-28 01:22:22","action":"change-status","newStatus":"draft","terms":[],"taxonomy":"","extraData":[]},"publishpress_future_workflow_manual_trigger":{"enabledWorkflows":[]},"_links":{"self":[{"href":"https:\/\/www3.unicentro.br\/ppgadm\/wp-json\/wp\/v2\/pages\/276","targetHints":{"allow":["GET"]}}],"collection":[{"href":"https:\/\/www3.unicentro.br\/ppgadm\/wp-json\/wp\/v2\/pages"}],"about":[{"href":"https:\/\/www3.unicentro.br\/ppgadm\/wp-json\/wp\/v2\/types\/page"}],"author":[{"embeddable":true,"href":"https:\/\/www3.unicentro.br\/ppgadm\/wp-json\/wp\/v2\/users\/3"}],"replies":[{"embeddable":true,"href":"https:\/\/www3.unicentro.br\/ppgadm\/wp-json\/wp\/v2\/comments?post=276"}],"version-history":[{"count":0,"href":"https:\/\/www3.unicentro.br\/ppgadm\/wp-json\/wp\/v2\/pages\/276\/revisions"}],"wp:attachment":[{"href":"https:\/\/www3.unicentro.br\/ppgadm\/wp-json\/wp\/v2\/media?parent=276"}],"curies":[{"name":"wp","href":"https:\/\/api.w.org\/{rel}","templated":true}]}}