{"id":274,"date":"2017-05-22T16:05:43","date_gmt":"2017-05-22T19:05:43","guid":{"rendered":"https:\/\/www3.unicentro.br\/ppgadm\/?page_id=274"},"modified":"2017-06-05T15:43:23","modified_gmt":"2017-06-05T18:43:23","slug":"projetos-financiados","status":"publish","type":"page","link":"https:\/\/www3.unicentro.br\/ppgadm\/projetos-financiados\/","title":{"rendered":"Projetos Financiados"},"content":{"rendered":"<p style=\"text-align: justify\">Em 2015, o Professor Silvio Roberto Stefano apresentou e teve aprovado o projeto Proext denominado \u201cApoio ao processo de fortalecimento da Gest\u00e3o Social atrav\u00e9s da gest\u00e3o e comercializa\u00e7\u00e3o dos produtos da agricultura familiar\u201d, com in\u00edcio de vig\u00eancia em meados de 2016. O valor solicitado de financiamento \u00e9 de R$ 99.907,00, incluindo bolsas, material de consumo e material permanente. No entanto, os recursos n\u00e3o foram liberados em 2016, sendo que a nova previs\u00e3o de libera\u00e7\u00e3o dos mesmos e in\u00edcio do projeto \u00e9 para o primeiro semestre de 2017.<\/p>\n<p style=\"text-align: justify\">No final de 2016 foram aprovados dois projetos de Pesquisa junto ao CNPq (Edital 01\/2016 MCTI\/CNPq), com vig\u00eancia de 2017 a 2019, sob coordena\u00e7\u00e3o do Prof. Silvio R. Stefano e do Prof. Marcos R. Kuhl, na faixa A (at\u00e9 30 mil), e que envolvem demais professores e alunos do PPGAdm e IC.<\/p>\n<p style=\"text-align: justify\">O Prof. Silvio Roberto Stefano \u00e9 coordenador do projeto entitulado \u201cMercado de Trabalho e pol\u00edticas p\u00fablicas de emprego e renda: um estudo longitudinal no Estado do Paran\u00e1\u201d, que conta com a colabora\u00e7\u00e3o do Prof. Luiz Fernando Lara (PPGAdm e UEPG) e do Prof. M\u00e1rcio Luiz Bernardim (Deadm\/Unicentro).<\/p>\n<p style=\"text-align: justify\">J\u00e1 o projeto coordenado pelo Prof. Marcos Roberto Kuhl tem o t\u00edtulo \u201cInova\u00e7\u00e3o, colabora\u00e7\u00e3o para inova\u00e7\u00e3o, ecoinova\u00e7\u00e3o e o desempenho sustent\u00e1vel\u201d, e conta com a colabora\u00e7\u00e3o do Profs. Marlete B. Ma\u00e7aneiro, Zoraide da F. Costa, Jo\u00e3o Francisco Morozini e Silvio R. Stefano.<\/p>\n<p style=\"text-align: justify\">Ainda, no final de 2016, foram aprovados tr\u00eas projetos de pesquisa b\u00e1sica e aplicada junto a Funda\u00e7\u00e3o Arauc\u00e1ria (Edital 01\/2016-CPBA\/Propesp) com vig\u00eancia de 2017 e 2018, com financiamento de at\u00e9 15 mil reais cada.<\/p>\n<p style=\"text-align: justify\">Um dos projetos, sob o t\u00edtulo \u201cGest\u00e3o Estrat\u00e9gia de Pessoas e a Sustentabilidade organizacional nas Ind\u00fastrias do Paran\u00e1\u201d, \u00e9 coordenado pelo Prof. Silvio R. Stefano e conta com uma equipe formada pelos Profs. Sandra Mara de Andrade, Jo\u00e3o Francisco Morozini, Erivelton Fontana de Laat e Luiz Fernando Lara.<\/p>\n<p style=\"text-align: justify\">O segundo projeto, entitulado \u201cMudan\u00e7as, competitividade e sustentabilidade ambiental na ado\u00e7\u00e3o de inova\u00e7\u00f5es em organiza\u00e7\u00f5es contempor\u00e2neas\u201d, coordenado pela Profa. Marlete Beatriz Ma\u00e7aneiro, conta com a participa\u00e7\u00e3o dos Profs. Marcos Roberto Kuhl, Jo\u00e3o Francisco Morozini, Zoraide da Fonseca Costa e Sieglinde Kindl da Cunha (Universidade Positivo), do t\u00e9cnico Giomar Viana e estudantes do Programa.<\/p>\n<p style=\"text-align: justify\">O terceiro, coordenado pelo Prof. Jo\u00e3o Francisco Morozini, tem como t\u00edtulo \u201cDesenvolvimento de capacidades din\u00e2micas dos empreendedores paranaenses como vantagem competitiva\u201d, e disp\u00f5es de uma equipe formada pelos Profs. Juliane Sachser Agnes, Silvio Roberto Stefano, Marcos de Castro e L\u00e9o Raifur, pelo t\u00e9cnico Giomar Viana e pelos alunos Merylisa Furlan e Fernando Morozini.<\/p>\n<p style=\"text-align: justify\">Por fim, foi aprovado um projeto junto a Escola Superior de Agricultura Luiz de Queiroz, conforme Edital n\u00ba 012\/2015 \u2013 Mem\u00f3rias Sociais Capes sob vig\u00eancia de 2016 a 2019 e em parceria entre a Universidade Estadual de Maring\u00e1, Universidade Estadual de Londrina, Universidade Estadual do Centro-Oeste do Paran\u00e1 e Universidade Superior de S\u00e3o Paulo.<\/p>\n<p style=\"text-align: justify\">A Profa. Elisa Yoshie Ichikawa, do Programa de P\u00f3s-Gradua\u00e7\u00e3o em Administra\u00e7\u00e3o da UEM, ficou respons\u00e1vel pela coordena\u00e7\u00e3o geral do projeto. Enquanto que os coordenadores locais ser\u00e3o, respectivamente: Profa. Juliane Sachser Angnes (PPGAdm\/Unicentro), Prof. Wagner Roberto do Amaral (UEL), Prof. Luciano Mendes (USP\/Esalq) e Prof. M\u00e1rcio Pascoal Cassandre (UEM).<\/p>\n<p style=\"text-align: justify\">Al\u00e9m de recursos de custeio e capital, o projeto conta com as seguintes bolsas de estudo:<\/p>\n<ul style=\"text-align: justify\">\n<li>UEM \u2013 1 bolsa de p\u00f3s-doutorado e 1 de mestrado;<\/li>\n<li>Unicentro \u2013 1 bolsa de mestrado;<\/li>\n<li>UEL \u2013 1 bolsa de mestrado e 1 bolsa de Inicia\u00e7\u00e3o Cient\u00edfica; e<\/li>\n<li>USP\/Esalq \u2013 1 bolsa de Inicia\u00e7\u00e3o Cient\u00edfica.<\/li>\n<\/ul>\n","protected":false},"excerpt":{"rendered":"<p>Em 2015, o Professor Silvio Roberto Stefano apresentou e teve aprovado o projeto Proext denominado \u201cApoio ao processo de fortalecimento da Gest\u00e3o Social atrav\u00e9s da gest\u00e3o e comercializa\u00e7\u00e3o dos produtos da agricultura familiar\u201d, com in\u00edcio de vig\u00eancia em meados de 2016. O valor solicitado de financiamento \u00e9 de R$ 99.907,00, incluindo bolsas, material de consumo [&hellip;]<\/p>\n","protected":false},"author":3,"featured_media":0,"parent":0,"menu_order":0,"comment_status":"closed","ping_status":"closed","template":"","meta":{"_exactmetrics_skip_tracking":false,"_exactmetrics_sitenote_active":false,"_exactmetrics_sitenote_note":"","_exactmetrics_sitenote_category":0,"footnotes":"","_links_to":"","_links_to_target":""},"class_list":["post-274","page","type-page","status-publish","hentry"],"publishpress_future_action":{"enabled":false,"date":"2026-05-18 23:01:48","action":"change-status","newStatus":"draft","terms":[],"taxonomy":"","extraData":[]},"publishpress_future_workflow_manual_trigger":{"enabledWorkflows":[]},"_links":{"self":[{"href":"https:\/\/www3.unicentro.br\/ppgadm\/wp-json\/wp\/v2\/pages\/274","targetHints":{"allow":["GET"]}}],"collection":[{"href":"https:\/\/www3.unicentro.br\/ppgadm\/wp-json\/wp\/v2\/pages"}],"about":[{"href":"https:\/\/www3.unicentro.br\/ppgadm\/wp-json\/wp\/v2\/types\/page"}],"author":[{"embeddable":true,"href":"https:\/\/www3.unicentro.br\/ppgadm\/wp-json\/wp\/v2\/users\/3"}],"replies":[{"embeddable":true,"href":"https:\/\/www3.unicentro.br\/ppgadm\/wp-json\/wp\/v2\/comments?post=274"}],"version-history":[{"count":0,"href":"https:\/\/www3.unicentro.br\/ppgadm\/wp-json\/wp\/v2\/pages\/274\/revisions"}],"wp:attachment":[{"href":"https:\/\/www3.unicentro.br\/ppgadm\/wp-json\/wp\/v2\/media?parent=274"}],"curies":[{"name":"wp","href":"https:\/\/api.w.org\/{rel}","templated":true}]}}