{"id":272,"date":"2017-05-22T16:04:00","date_gmt":"2017-05-22T19:04:00","guid":{"rendered":"https:\/\/www3.unicentro.br\/ppgadm\/?page_id=272"},"modified":"2017-12-05T18:56:17","modified_gmt":"2017-12-05T20:56:17","slug":"premiacoes","status":"publish","type":"page","link":"https:\/\/www3.unicentro.br\/ppgadm\/premiacoes\/","title":{"rendered":"Premia\u00e7\u00f5es"},"content":{"rendered":"<ul>\n<li style=\"text-align: justify\">O artigo \u201cO Desafio da Sustentabilidade: Indicadores da Cooperativa Agroindustrial Agr\u00e1ria\u201d, de autoria de Marcia Cristiane Gruba, Daniele Huzek Lentsck e Fernando Franco Netto, ficou em 2\u00ba Lugar na Categoria Estudante do XIV F\u00f3rum Internacional de Administra\u00e7\u00e3o realizado no Rio de Janeiro em maio de 2015.<\/li>\n<li style=\"text-align: justify\">O artigo \u201cAn\u00e1lise do impacto do processo de certifica\u00e7\u00e3o org\u00e2nica na inova\u00e7\u00e3o e sustentabilidade na regi\u00e3o centro-sul do Paran\u00e1\u201d, de autoria de Claiton Alorenus Baggio, Marlete Beatriz Ma\u00e7aneiro e Marcos Roberto Kuhl, foi escolhido como o melhor trabalho da \u00c1rea de Gest\u00e3o da Inova\u00e7\u00e3o e Empreendorismo, recebendo o Pr\u00eamio EGEN 2016 (Certificado).<\/li>\n<li style=\"text-align: justify\">O artigo \u201cO PROCESSO DE INSTITUCIONALIZA\u00c7\u00c3O DE PR\u00c1TICAS DE CAPACITA\u00c7\u00c3O: UM ESTUDO EM UM SISTEMA DE COOPERATIVAS DE CR\u00c9DITO\u201d, de autoria de Rosiane Dalacosta, Marlete Beatriz Ma\u00e7aneiro, Marcos de Castro e Juliane Sachser Angnes foi premiado como melhor artigo cient\u00edfico na \u00e1rea tem\u00e1tica de Teoria Geral da Administra\u00e7\u00e3o no XXVII Encontro Nacional dos Cursos de Gradua\u00e7\u00e3o em Administra\u00e7\u00e3o \u2014 ENANGRAD.<\/li>\n<li style=\"text-align: justify\">O artigo &#8220;Mulheres Graduadas em Engenharia: um estudo de caso&#8221;, de autoria de Patr\u00edcia Inez da Silva Machado, Neirisl\u00e9ia Francisconi Del Mouro, Juliane Sachser Angnes e Silvio Roberto Stefano, recebeu o Pr\u00eamio Professor S\u00e9rgio Escorssim, pelo melhor artigo cient\u00edfico na categoria \u00c9tica e Transpar\u00eancia nas Organiza\u00e7\u00f5es, no Congresso Internacional de Administra\u00e7\u00e3o &#8211; ADM 2015.<\/li>\n<\/ul>\n","protected":false},"excerpt":{"rendered":"<p>O artigo \u201cO Desafio da Sustentabilidade: Indicadores da Cooperativa Agroindustrial Agr\u00e1ria\u201d, de autoria de Marcia Cristiane Gruba, Daniele Huzek Lentsck e Fernando Franco Netto, ficou em 2\u00ba Lugar na Categoria Estudante do XIV F\u00f3rum Internacional de Administra\u00e7\u00e3o realizado no Rio de Janeiro em maio de 2015. O artigo \u201cAn\u00e1lise do impacto do processo de certifica\u00e7\u00e3o [&hellip;]<\/p>\n","protected":false},"author":3,"featured_media":0,"parent":0,"menu_order":0,"comment_status":"closed","ping_status":"closed","template":"","meta":{"_exactmetrics_skip_tracking":false,"_exactmetrics_sitenote_active":false,"_exactmetrics_sitenote_note":"","_exactmetrics_sitenote_category":0,"footnotes":"","_links_to":"","_links_to_target":""},"class_list":["post-272","page","type-page","status-publish","hentry"],"publishpress_future_action":{"enabled":false,"date":"2026-04-29 00:30:56","action":"change-status","newStatus":"draft","terms":[],"taxonomy":"","extraData":[]},"publishpress_future_workflow_manual_trigger":{"enabledWorkflows":[]},"_links":{"self":[{"href":"https:\/\/www3.unicentro.br\/ppgadm\/wp-json\/wp\/v2\/pages\/272","targetHints":{"allow":["GET"]}}],"collection":[{"href":"https:\/\/www3.unicentro.br\/ppgadm\/wp-json\/wp\/v2\/pages"}],"about":[{"href":"https:\/\/www3.unicentro.br\/ppgadm\/wp-json\/wp\/v2\/types\/page"}],"author":[{"embeddable":true,"href":"https:\/\/www3.unicentro.br\/ppgadm\/wp-json\/wp\/v2\/users\/3"}],"replies":[{"embeddable":true,"href":"https:\/\/www3.unicentro.br\/ppgadm\/wp-json\/wp\/v2\/comments?post=272"}],"version-history":[{"count":0,"href":"https:\/\/www3.unicentro.br\/ppgadm\/wp-json\/wp\/v2\/pages\/272\/revisions"}],"wp:attachment":[{"href":"https:\/\/www3.unicentro.br\/ppgadm\/wp-json\/wp\/v2\/media?parent=272"}],"curies":[{"name":"wp","href":"https:\/\/api.w.org\/{rel}","templated":true}]}}