{"id":268,"date":"2017-05-22T16:03:18","date_gmt":"2017-05-22T19:03:18","guid":{"rendered":"https:\/\/www3.unicentro.br\/ppgadm\/?page_id=268"},"modified":"2017-06-21T15:35:15","modified_gmt":"2017-06-21T18:35:15","slug":"laboratorios","status":"publish","type":"page","link":"https:\/\/www3.unicentro.br\/ppgadm\/laboratorios\/","title":{"rendered":"Laborat\u00f3rios"},"content":{"rendered":"<p style=\"text-align: justify\">O Setor de Sociais Aplicadas da Universidade Estadual do Centro-Oeste, Campus Santa Cruz conta com um laborat\u00f3rio de Pesquisa com sete m\u00e1quinas (computadores com acesso \u00e0 internet). Essa sala foi inaugurada no ano de 2007 e foi fruto de um Edital encaminhado \u00e0 Funda\u00e7\u00e3o Arauc\u00e1ria, que previa investimentos em infra-estrutura para as universidades paranaenses.<\/p>\n<p style=\"text-align: justify\">Al\u00e9m desse laborat\u00f3rio o PPGADM possui,\u00a0 duas salas com 5 computadores e 9 mesas, sendo 3 computadores e uma sala e 2 na outra, tamb\u00e9m cont\u00e9m Impressora, Notebook, Data-Show, Software e SPSS. O p\u00fablico a quem est\u00e1 destinado o laborat\u00f3rio s\u00e3o os alunos do PPGADM e os professores.<\/p>\n<p class=\"western\" style=\"text-align: justify\" align=\"JUSTIFY\">Os respons\u00e1veis pelo laborat\u00f3rio s\u00e3o: Linha 1 \u2013 Prof.Dr. S\u00edlvio Roberto Stefano e Linha 2 \u2013\u00a0Prof.Dr. Marcos Roberto Kuhl, contando com os demais orientadores; Fernando Franco Netto, Jo\u00e3o Francisco Morozini,\u00a0Juliane Sachser Angnes, L\u00e9o Raifur, Luiz Fernando Lara, Marcos de Castro, Marlete Beatriz Ma\u00e7aneiro, Sandro Rautenberg, Zoraide da Fonseca Costa, Erivelton Fonatana de Laat, tendo tamb\u00e9m os bolsistas T\u00e9cnicos da Funda\u00e7\u00e3o Arauc\u00e1ria: Viviane Santieli Paganini e Vitor Gabriel Borges de Souza. As \u00e1reas de conhecimento s\u00e3o Administra\u00e7\u00e3o de Empresas, Ci\u00eancias Sociais Aplicadas, Administra\u00e7\u00e3o. O p\u00fablico Alvo \u00e9 o p\u00fablico interno da Universidade<\/p>\n<p class=\"western\" style=\"text-align: justify\" align=\"JUSTIFY\">O Laborat\u00f3rio de M\u00e9todos Qualitativos e Quantitativos em Administra\u00e7\u00e3o e Ci\u00eancias Sociais Aplicadas (LMQQA) do PPGADM \u2013 nasceu, juntamente com o Mestrado em Administra\u00e7\u00e3o da Universidade Estadual do Centro-Oeste \u2013 UNICENTRO, com vistas a atender a demandas do curso e ao fortalecimento do programa e das pesquisas desenvolvidas em \u00e2mbito de p\u00f3s-gradua\u00e7\u00e3o\u00a0 e por bolsistas de Inicia\u00e7\u00e3o Cient\u00edfica. Dentre as demandas destaca-se a necessidade de congregar e de unificar os grupos de pesquisa do Programa de P\u00f3s-Gradua\u00e7\u00e3o em Administra\u00e7\u00e3o e do Setor de Ci\u00eancias Sociais Aplicadas \u2013 SESA, considerando a interface entre os Estudos de Gest\u00e3o, Contabilidade, Economia e Secretariado Executivo que s\u00f3 acontece por meio de um trabalho conjunto ligado a objetivos comuns e relevantes em torno das linhas de pesquisa do programa e consolida\u00e7\u00e3o.<\/p>\n<p class=\"western\" style=\"text-align: justify\" align=\"JUSTIFY\">Outra necessidade geradora da implementa\u00e7\u00e3o do Laborat\u00f3rio liga-se \u00e0 programa\u00e7\u00e3o de interc\u00e2mbios com outros programas de p\u00f3s-gradua\u00e7\u00e3o em Administra\u00e7\u00e3o e programas de Inicia\u00e7\u00e3o Cient\u00edfica, com vistas \u00e0 produ\u00e7\u00e3o e dissemina\u00e7\u00e3o do conhecimento por meio de discuss\u00f5es te\u00f3rico-pr\u00e1ticas que contemplem as demandas das institui\u00e7\u00f5es e programas envolvidos. A operacionaliza\u00e7\u00e3o de encontros e semin\u00e1rios pode\u00a0 acontecer de forma presencial ou por web-confer\u00eancia.<\/p>\n<p class=\"western\" style=\"text-align: justify\" align=\"JUSTIFY\">Al\u00e9m disso, o laborat\u00f3rio \u00e9 um espa\u00e7o destinado a pesquisadores, a acad\u00eamicos do PPAdm e a bolsistas de Inicia\u00e7\u00e3o Cient\u00edfica, de modo que os trabalhos atendam \u00e0s especificidades da pesquisa desenvolvida no Programa e na Inicia\u00e7\u00e3o Cient\u00edfica, de modo direcionado e espec\u00edfico da \u00e1rea de Administra\u00e7\u00e3o, Ci\u00eancias Cont\u00e1beis, Economia e Secretariado Executivo, promovendo a interface. O Laborat\u00f3rio \u00e9, tamb\u00e9m, o lugar em que devem estar disponibilizados arquivos e acervos bibliogr\u00e1ficos a pesquisas, possibilitando que estes possam vir a constituir corpus em mais de uma pesquisa, atendendo \u00e0s diferen\u00e7as te\u00f3ricas, na presente proposta, em rela\u00e7\u00e3o ao Espa\u00e7o urbano, tem\u00e1tica em que os orientados na proponente do projeto desenvolvem pesquisas. Al\u00e9m desses, tamb\u00e9m, os acad\u00eamicos participantes do programa de Inicia\u00e7\u00e3o Cient\u00edfica desenvolvem projetos.<\/p>\n<p style=\"text-align: justify\">Para mais informa\u00e7\u00f5es, acessar o link: <a href=\"http:\/\/www2.unicentro.br\/lmqqa\/\" target=\"_blank\">http:\/\/www2.unicentro.br\/lmqqa\/<\/a><\/p>\n","protected":false},"excerpt":{"rendered":"<p>O Setor de Sociais Aplicadas da Universidade Estadual do Centro-Oeste, Campus Santa Cruz conta com um laborat\u00f3rio de Pesquisa com sete m\u00e1quinas (computadores com acesso \u00e0 internet). Essa sala foi inaugurada no ano de 2007 e foi fruto de um Edital encaminhado \u00e0 Funda\u00e7\u00e3o Arauc\u00e1ria, que previa investimentos em infra-estrutura para as universidades paranaenses. Al\u00e9m [&hellip;]<\/p>\n","protected":false},"author":3,"featured_media":0,"parent":0,"menu_order":0,"comment_status":"closed","ping_status":"closed","template":"","meta":{"_exactmetrics_skip_tracking":false,"_exactmetrics_sitenote_active":false,"_exactmetrics_sitenote_note":"","_exactmetrics_sitenote_category":0,"footnotes":"","_links_to":"","_links_to_target":""},"class_list":["post-268","page","type-page","status-publish","hentry"],"publishpress_future_action":{"enabled":false,"date":"2026-04-29 02:14:32","action":"change-status","newStatus":"draft","terms":[],"taxonomy":"","extraData":[]},"publishpress_future_workflow_manual_trigger":{"enabledWorkflows":[]},"_links":{"self":[{"href":"https:\/\/www3.unicentro.br\/ppgadm\/wp-json\/wp\/v2\/pages\/268","targetHints":{"allow":["GET"]}}],"collection":[{"href":"https:\/\/www3.unicentro.br\/ppgadm\/wp-json\/wp\/v2\/pages"}],"about":[{"href":"https:\/\/www3.unicentro.br\/ppgadm\/wp-json\/wp\/v2\/types\/page"}],"author":[{"embeddable":true,"href":"https:\/\/www3.unicentro.br\/ppgadm\/wp-json\/wp\/v2\/users\/3"}],"replies":[{"embeddable":true,"href":"https:\/\/www3.unicentro.br\/ppgadm\/wp-json\/wp\/v2\/comments?post=268"}],"version-history":[{"count":0,"href":"https:\/\/www3.unicentro.br\/ppgadm\/wp-json\/wp\/v2\/pages\/268\/revisions"}],"wp:attachment":[{"href":"https:\/\/www3.unicentro.br\/ppgadm\/wp-json\/wp\/v2\/media?parent=268"}],"curies":[{"name":"wp","href":"https:\/\/api.w.org\/{rel}","templated":true}]}}