{"id":264,"date":"2017-05-22T16:02:20","date_gmt":"2017-05-22T19:02:20","guid":{"rendered":"https:\/\/www3.unicentro.br\/ppgadm\/?page_id=264"},"modified":"2025-05-14T22:09:38","modified_gmt":"2025-05-15T01:09:38","slug":"calendario-academico","status":"publish","type":"page","link":"https:\/\/www3.unicentro.br\/ppgadm\/calendario-academico\/","title":{"rendered":"Calend\u00e1rio Acad\u00eamico"},"content":{"rendered":"<div class=\"wpb-content-wrapper\"><p>[vc_row][vc_column][vc_column_text css=&#8221;&#8221;]<\/p>\n<h3><\/h3>\n<p>&nbsp;<\/p>\n<h3>2025<\/h3>\n<ul>\n<li><a href=\"https:\/\/www3.unicentro.br\/ppgadm\/wp-content\/uploads\/sites\/16\/2025\/05\/2PRIMEIRO-SEMESTRE.pdf\" target=\"_blank\" rel=\"noopener\">Aulas 1\u00b0 semestre 2025.<\/a><\/li>\n<li><a href=\"https:\/\/www3.unicentro.br\/ppgadm\/wp-content\/uploads\/sites\/16\/2025\/05\/SEGUNDO-SEMESTRE.pdf\" target=\"_blank\" rel=\"noopener\">Aulas 2\u00b0 semestre 2025<\/a><\/li>\n<\/ul>\n<h3><\/h3>\n<p>&nbsp;<\/p>\n<h3>2018<\/h3>\n<ul>\n<li><a href=\"https:\/\/www3.unicentro.br\/ppgadm\/wp-content\/uploads\/sites\/16\/2018\/03\/cronograma-aulas_2018-atualizado.pdf\">Aulas 1\u00b0 semestre 2018.<\/a><\/li>\n<li><a href=\"https:\/\/www3.unicentro.br\/ppgadm\/wp-content\/uploads\/sites\/16\/2018\/07\/cronograma-aulas_2018-T5.pdf\">Aulas 2\u00b0 semestre 2018<\/a><\/li>\n<\/ul>\n<p>&nbsp;<\/p>\n<h3>2017<\/h3>\n<ul>\n<li><a href=\"http:\/\/www2.unicentro.br\/ppgadm\/files\/2017\/03\/cronograma-aulas012017-3.png?x35443\">Aulas 1\u00b0 semestre 2017<\/a><\/li>\n<li><a href=\"https:\/\/www3.unicentro.br\/ppgadm\/wp-content\/uploads\/sites\/16\/2017\/08\/cronograma-aulas_022017-rev1.pdf\">Aulas 2\u00b0 semestre 2017<\/a><\/li>\n<\/ul>\n<p>&nbsp;<\/p>\n<h3>2016<\/h3>\n<ul>\n<li><a href=\"http:\/\/www2.unicentro.br\/ppgadm\/files\/2013\/07\/Captura-de-tela-de-2016-02-24-082423.png?x35443\">Aulas 1\u00ba semestre 2016<\/a><\/li>\n<li><a href=\"http:\/\/www2.unicentro.br\/ppgadm\/files\/2016\/06\/Cronograma-PPGADM-2sem2016.png?x35443\">Aulas 2\u00b0 semestre 2016<\/a><\/li>\n<\/ul>\n<p>&nbsp;<\/p>\n<h3>2015<\/h3>\n<ul>\n<li><a href=\"https:\/\/www3.unicentro.br\/ppgadm\/wp-content\/uploads\/sites\/16\/2025\/05\/PRIMEIRO-SEMESTRE.pdf\">Aulas 1\u00b0 semestre 2015<\/a><\/li>\n<li><a href=\"http:\/\/www2.unicentro.br\/ppgadm\/files\/2013\/07\/Captura-de-tela-de-2015-09-03-174545.png?x35443\">Aulas 2\u00b0 semestre 2015<\/a><\/li>\n<li><a href=\"http:\/\/www2.unicentro.br\/ppgadm\/files\/2013\/07\/calend_rio_atividades_Geral_2015_PPGADM_54d8b6994e5e9.pdf?x35443\">Calend\u00e1rio Geral de Atividades do PPGAdm \u2013 2015<\/a><\/li>\n<\/ul>\n<p>[\/vc_column_text][\/vc_column][\/vc_row][vc_row][vc_column][vc_message message_box_style=&#8221;solid-icon&#8221; style=&#8221;square&#8221; message_box_color=&#8221;peacoc&#8221; icon_type=&#8221;pixelicons&#8221; icon_pixelicons=&#8221;vc_pixel_icon vc_pixel_icon-clock&#8221;]\u00daltima atualiza\u00e7\u00e3o em: 09\/03\/2018.[\/vc_message][\/vc_column][\/vc_row]<\/p>\n<\/div>","protected":false},"excerpt":{"rendered":"<p>[vc_row][vc_column][vc_column_text css=&#8221;&#8221;] &nbsp; 2025 Aulas 1\u00b0 semestre 2025. Aulas 2\u00b0 semestre 2025 &nbsp; 2018 Aulas 1\u00b0 semestre 2018. Aulas 2\u00b0 semestre 2018 &nbsp; 2017 Aulas 1\u00b0 semestre 2017 Aulas 2\u00b0 semestre 2017 &nbsp; 2016 Aulas 1\u00ba semestre 2016 Aulas 2\u00b0 semestre 2016 &nbsp; 2015 Aulas 1\u00b0 semestre 2015 Aulas 2\u00b0 semestre 2015 Calend\u00e1rio Geral de [&hellip;]<\/p>\n","protected":false},"author":3,"featured_media":0,"parent":0,"menu_order":0,"comment_status":"closed","ping_status":"closed","template":"","meta":{"_exactmetrics_skip_tracking":false,"_exactmetrics_sitenote_active":false,"_exactmetrics_sitenote_note":"","_exactmetrics_sitenote_category":0,"footnotes":"","_links_to":"","_links_to_target":""},"class_list":["post-264","page","type-page","status-publish","hentry"],"publishpress_future_action":{"enabled":false,"date":"2026-04-28 21:19:52","action":"change-status","newStatus":"draft","terms":[],"taxonomy":"","extraData":[]},"publishpress_future_workflow_manual_trigger":{"enabledWorkflows":[]},"_links":{"self":[{"href":"https:\/\/www3.unicentro.br\/ppgadm\/wp-json\/wp\/v2\/pages\/264","targetHints":{"allow":["GET"]}}],"collection":[{"href":"https:\/\/www3.unicentro.br\/ppgadm\/wp-json\/wp\/v2\/pages"}],"about":[{"href":"https:\/\/www3.unicentro.br\/ppgadm\/wp-json\/wp\/v2\/types\/page"}],"author":[{"embeddable":true,"href":"https:\/\/www3.unicentro.br\/ppgadm\/wp-json\/wp\/v2\/users\/3"}],"replies":[{"embeddable":true,"href":"https:\/\/www3.unicentro.br\/ppgadm\/wp-json\/wp\/v2\/comments?post=264"}],"version-history":[{"count":1,"href":"https:\/\/www3.unicentro.br\/ppgadm\/wp-json\/wp\/v2\/pages\/264\/revisions"}],"predecessor-version":[{"id":4245,"href":"https:\/\/www3.unicentro.br\/ppgadm\/wp-json\/wp\/v2\/pages\/264\/revisions\/4245"}],"wp:attachment":[{"href":"https:\/\/www3.unicentro.br\/ppgadm\/wp-json\/wp\/v2\/media?parent=264"}],"curies":[{"name":"wp","href":"https:\/\/api.w.org\/{rel}","templated":true}]}}