{"id":251,"date":"2021-08-02T13:45:08","date_gmt":"2021-08-02T16:45:08","guid":{"rendered":"https:\/\/www3.unicentro.br\/ppgadm\/?page_id=251"},"modified":"2025-10-24T14:43:29","modified_gmt":"2025-10-24T17:43:29","slug":"formularios","status":"publish","type":"page","link":"https:\/\/www3.unicentro.br\/ppgadm\/formularios\/","title":{"rendered":"Formul\u00e1rios"},"content":{"rendered":"<div class=\"wpb-content-wrapper\"><p>[vc_row][vc_column][vc_column_text css=&#8221;&#8221;]<\/p>\n<h3>Inscri\u00e7\u00e3o alunos regulares e n\u00e3o regulares<\/h3>\n<ul>\n<li>Anexo formul\u00e1rio de inscri\u00e7\u00e3o.&nbsp; <strong>Alunos n\u00e3o regulares<\/strong> <a href=\"https:\/\/www3.unicentro.br\/ppgadm\/wp-content\/uploads\/sites\/16\/2025\/06\/formlario-de-matricula-Aluno-NAO-REGULAR-2o-semestre.doc\" target=\"_blank\" rel=\"noopener\">[.doc]<\/a><\/li>\n<li>Carta de inten\u00e7\u00e3o. <strong>Alunos n\u00e3o regulares &#8211; MESTRADO<\/strong> <a href=\"https:\/\/www3.unicentro.br\/ppgadm\/wp-content\/uploads\/sites\/16\/2025\/10\/MESTRADOCARTA-DE-INTENCAO.pdf\" target=\"_blank\" rel=\"noopener\">[.pdf]<\/a><\/li>\n<li>Anexo I formul\u00e1rio de inscri\u00e7\u00e3o.&nbsp; <strong>Alunos regulares &#8211; MESTRADO <\/strong>[<a href=\"https:\/\/www3.unicentro.br\/ppgadm\/wp-content\/uploads\/sites\/16\/2025\/10\/mestrado-anexo-1.pdf\" target=\"_blank\" rel=\"noopener\">.pdf<\/a>]<\/li>\n<li>Anexo II formul\u00e1rio de inscri\u00e7\u00e3o.&nbsp; <strong>Alunos regulares &#8211; MESTRADO<\/strong> [<a href=\"https:\/\/www3.unicentro.br\/ppgadm\/wp-content\/uploads\/sites\/16\/2025\/10\/mestrado.ods\" target=\"_blank\" rel=\"noopener\">.ods<\/a>]<strong>(Recomenda-se abrir o arquivo pelo LibreOffice, pois pode n\u00e3o funcionar adequadamente no Excel.)<\/strong><\/li>\n<li>Carta de inten\u00e7\u00e3o. <strong>Alunos n\u00e3o regulares &#8211; DOUTORADO <\/strong><a href=\"https:\/\/www3.unicentro.br\/ppgadm\/wp-content\/uploads\/sites\/16\/2025\/10\/DOUTORADO-CARTA-DE-INTENCAO.pdf\" target=\"_blank\" rel=\"noopener\">[.pdf]<\/a><\/li>\n<li>Anexo I formul\u00e1rio de inscri\u00e7\u00e3o.&nbsp; <strong>Alunos regulares &#8211; DOUTORADO <\/strong>[<a href=\"https:\/\/www3.unicentro.br\/ppgadm\/wp-content\/uploads\/sites\/16\/2025\/10\/doutorado-anexo-1.pdf\" target=\"_blank\" rel=\"noopener\">.pdf<\/a>]<\/li>\n<li>Anexo II formul\u00e1rio de inscri\u00e7\u00e3o.&nbsp; <strong>Alunos regulares &#8211; DOUTORADO <\/strong>[<a href=\"https:\/\/www3.unicentro.br\/ppgadm\/wp-content\/uploads\/sites\/16\/2025\/10\/doutorado.ods\" target=\"_blank\" rel=\"noopener\">.ods<\/a>] <strong>(Recomenda-se abrir o arquivo pelo LibreOffice, pois pode n\u00e3o funcionar adequadamente no Excel.)<\/strong><\/li>\n<\/ul>\n<h3><\/h3>\n<h3>Alunos regulares<\/h3>\n<ul>\n<li>Formul\u00e1rio de matr\u00edcula [<a href=\"https:\/\/www3.unicentro.br\/ppgadm\/wp-content\/uploads\/sites\/16\/2019\/12\/FORMUL\u00c1RIO-DE-MATRICULA-1sem2020.doc\">.doc<\/a>]<\/li>\n<li>Solicita\u00e7\u00e3o de aproveitamento de cr\u00e9ditos cursados [<a href=\"https:\/\/www3.unicentro.br\/ppgadm\/wp-content\/uploads\/sites\/16\/2019\/12\/FORMUL\u00c1RIO-DE-SOLICITA\u00c7\u00c3O-DE-APROVEITAMENTO-DE-CR\u00c9DITO.doc\">.doc<\/a>]<\/li>\n<li>Solicita\u00e7\u00e3o de desligamento do curso [<a href=\"https:\/\/www3.unicentro.br\/ppgadm\/wp-content\/uploads\/sites\/16\/2023\/01\/Solicita_o_de_desligamento_do_curso_63d3fd1a9c92f.doc\">.doc<\/a>]<\/li>\n<li>Checklist: Qualifica\u00e7\u00e3o, Defesa e P\u00f3s defesa [.<a href=\"https:\/\/www3.unicentro.br\/ppgadm\/wp-content\/uploads\/sites\/16\/2021\/10\/6-Check-list-PPGAdm.pdf\">pdf<\/a>]<\/li>\n<li>Formul\u00e1rio de altera\u00e7\u00e3o de orientador [<a href=\"https:\/\/www3.unicentro.br\/ppgadm\/wp-content\/uploads\/sites\/16\/2025\/10\/FORMULARIO-DE-SOLICITACAO-DE-ALTERACAO-DE-ORIENTADOR.pdf\" target=\"_blank\" rel=\"noopener\">.pdf<\/a>]<\/li>\n<\/ul>\n<p>&nbsp;<\/p>\n<h4>Qualifica\u00e7\u00e3o<\/h4>\n<ul>\n<li style=\"list-style-type: none;\">\n<ul>\n<li>Modelo de parecer individual para examinador externo [<a href=\"https:\/\/www3.unicentro.br\/ppgadm\/wp-content\/uploads\/sites\/16\/2023\/01\/Modelo_de_parecer_Individual_para_examinador_externo_63d3fd1aee889.doc\">.doc<\/a>]<\/li>\n<li>Solicita\u00e7\u00e3o de&nbsp;agendamento de qualifica\u00e7\u00e3o [<a href=\"https:\/\/www3.unicentro.br\/ppgadm\/wp-content\/uploads\/sites\/16\/2018\/05\/Form-Solicita\u00e7\u00e3o-qualifica\u00e7\u00e3o_PPGAdm-Professor.doc\">.doc<\/a>]<\/li>\n<\/ul>\n<\/li>\n<\/ul>\n<p>&nbsp;<\/p>\n<h4>Defesa<\/h4>\n<ul>\n<li style=\"list-style-type: none;\">\n<ul>\n<li>Modelo de itens pr\u00e9-textuais para disserta\u00e7\u00e3o de mestrado [<a href=\"https:\/\/www3.unicentro.br\/ppgadm\/wp-content\/uploads\/sites\/16\/2018\/04\/Modelo-disserta\u00e7\u00e3o-pr\u00e9-textuais.doc\" target=\"_blank\" rel=\"noopener noreferrer\">.doc<\/a>]<\/li>\n<li>Modelo de parecer individual para examinador externo [<a href=\"https:\/\/www3.unicentro.br\/ppgadm\/wp-content\/uploads\/sites\/16\/2023\/01\/Modelo_de_parecer_individual_para_examinador_externo_63d3fd1b4879d.doc\">.doc<\/a>]<\/li>\n<li>Solicita\u00e7\u00e3o de&nbsp;agendamento de defesa [<a href=\"https:\/\/www3.unicentro.br\/ppgadm\/wp-content\/uploads\/sites\/16\/2018\/05\/Form-Solicita\u00e7\u00e3o-defesa_PPGAdm-Professor.doc\">.doc<\/a>]<\/li>\n<\/ul>\n<\/li>\n<\/ul>\n<p>&nbsp;<\/p>\n<h4>P\u00f3s-Defesa<\/h4>\n<ul>\n<li>Of\u00edcio para entrega da vers\u00e3o final do TCC [<a href=\"https:\/\/www3.unicentro.br\/ppgadm\/wp-content\/uploads\/sites\/16\/2019\/09\/1-Of\u00edcio-de-entrega-vers\u00e3o-final-do-TCC.doc\">.doc<\/a>]<\/li>\n<li>Ficha de revis\u00e3o final do TCC [<a href=\"https:\/\/www3.unicentro.br\/ppgadm\/wp-content\/uploads\/sites\/16\/2019\/09\/2-Ficha-de-Revis\u00e3o-Final-do-TCC.doc\">.doc<\/a>]<\/li>\n<li>Autoriza\u00e7\u00e3o de disponibiliza\u00e7\u00e3o do TCC [<a href=\"https:\/\/www3.unicentro.br\/ppgadm\/wp-content\/uploads\/sites\/16\/2019\/09\/3-Autoriza\u00e7\u00e3o-de-divulga\u00e7\u00e3o-do-TCC.doc\">.doc<\/a>]<\/li>\n<li>Relat\u00f3rio das atividades obrigat\u00f3rias [<a href=\"https:\/\/www3.unicentro.br\/ppgadm\/wp-content\/uploads\/sites\/16\/2019\/09\/4-Relat\u00f3rio-de-atividades-obrigat\u00f3rias.doc\">.doc<\/a>]<\/li>\n<li>Ficha de dados cadastrais [<a href=\"https:\/\/www3.unicentro.br\/ppgadm\/wp-content\/uploads\/sites\/16\/2019\/09\/5-Dados-cadastrais.doc\">.doc<\/a>]<\/li>\n<\/ul>\n<p>&nbsp;<\/p>\n<h3>Credenciamento de Docentes<\/h3>\n<ul>\n<li>Anexo I do Edital n\u00ba 23\/2021 [<a href=\"https:\/\/www3.unicentro.br\/ppgadm\/wp-content\/uploads\/sites\/16\/2020\/10\/Edital-252020-Credenciamento-de-docente-Anexo-I.docx\">.doc<\/a>]<\/li>\n<\/ul>\n<p>&nbsp;<\/p>\n<h3>Membros externos<\/h3>\n<ul>\n<li>Formul\u00e1rio para cadastro de discentes de gradua\u00e7\u00e3o&nbsp;[<a href=\"https:\/\/www3.unicentro.br\/ppgadm\/wp-content\/uploads\/sites\/16\/2023\/01\/Formul_rio_para_cadastrode_discentes_na_gradua_o_63d3fe5ba3192.doc\">.doc<\/a>]<\/li>\n<li>Formul\u00e1rio para cadastro de membros externos&nbsp;[<a href=\"https:\/\/www3.unicentro.br\/ppgadm\/wp-content\/uploads\/sites\/16\/2023\/01\/Formul_rio_para_cadastro_de_membros_externos_63d3fe5bf0632.doc\">.doc<\/a>]<\/li>\n<\/ul>\n<p>[\/vc_column_text][\/vc_column][\/vc_row]<\/p>\n<\/div>","protected":false},"excerpt":{"rendered":"<p>[vc_row][vc_column][vc_column_text css=&#8221;&#8221;] Inscri\u00e7\u00e3o alunos regulares e n\u00e3o regulares Anexo formul\u00e1rio de inscri\u00e7\u00e3o.&nbsp; Alunos n\u00e3o regulares [.doc] Carta de inten\u00e7\u00e3o. Alunos n\u00e3o regulares &#8211; MESTRADO [.pdf] Anexo I formul\u00e1rio de inscri\u00e7\u00e3o.&nbsp; Alunos regulares &#8211; MESTRADO [.pdf] Anexo II formul\u00e1rio de inscri\u00e7\u00e3o.&nbsp; Alunos regulares &#8211; MESTRADO [.ods](Recomenda-se abrir o arquivo pelo LibreOffice, pois pode n\u00e3o funcionar adequadamente [&hellip;]<\/p>\n","protected":false},"author":3,"featured_media":0,"parent":0,"menu_order":0,"comment_status":"closed","ping_status":"closed","template":"","meta":{"_exactmetrics_skip_tracking":false,"_exactmetrics_sitenote_active":false,"_exactmetrics_sitenote_note":"","_exactmetrics_sitenote_category":0,"footnotes":"","_links_to":"","_links_to_target":""},"class_list":["post-251","page","type-page","status-publish","hentry"],"publishpress_future_action":{"enabled":false,"date":"2026-04-28 17:46:32","action":"change-status","newStatus":"draft","terms":[],"taxonomy":"","extraData":[]},"publishpress_future_workflow_manual_trigger":{"enabledWorkflows":[]},"_links":{"self":[{"href":"https:\/\/www3.unicentro.br\/ppgadm\/wp-json\/wp\/v2\/pages\/251","targetHints":{"allow":["GET"]}}],"collection":[{"href":"https:\/\/www3.unicentro.br\/ppgadm\/wp-json\/wp\/v2\/pages"}],"about":[{"href":"https:\/\/www3.unicentro.br\/ppgadm\/wp-json\/wp\/v2\/types\/page"}],"author":[{"embeddable":true,"href":"https:\/\/www3.unicentro.br\/ppgadm\/wp-json\/wp\/v2\/users\/3"}],"replies":[{"embeddable":true,"href":"https:\/\/www3.unicentro.br\/ppgadm\/wp-json\/wp\/v2\/comments?post=251"}],"version-history":[{"count":1,"href":"https:\/\/www3.unicentro.br\/ppgadm\/wp-json\/wp\/v2\/pages\/251\/revisions"}],"predecessor-version":[{"id":5373,"href":"https:\/\/www3.unicentro.br\/ppgadm\/wp-json\/wp\/v2\/pages\/251\/revisions\/5373"}],"wp:attachment":[{"href":"https:\/\/www3.unicentro.br\/ppgadm\/wp-json\/wp\/v2\/media?parent=251"}],"curies":[{"name":"wp","href":"https:\/\/api.w.org\/{rel}","templated":true}]}}