{"id":249,"date":"2017-05-22T15:44:42","date_gmt":"2017-05-22T18:44:42","guid":{"rendered":"https:\/\/www3.unicentro.br\/ppgadm\/?page_id=249"},"modified":"2025-09-10T21:18:29","modified_gmt":"2025-09-11T00:18:29","slug":"resolucoes","status":"publish","type":"page","link":"https:\/\/www3.unicentro.br\/ppgadm\/resolucoes\/","title":{"rendered":"Resolu\u00e7\u00f5es"},"content":{"rendered":"<div class=\"wpb-content-wrapper\"><p>[vc_row][vc_column][vc_column_text css=&#8221;&#8221;]<\/p>\n<h4 style=\"text-align: justify;\">2025<\/h4>\n<ul style=\"text-align: justify;\">\n<li><a href=\"https:\/\/sgu.unicentro.br\/pcatooficiais\/imprimir\/5C934A71\" target=\"_blank\" rel=\"noopener\">RESOLU\u00c7\u00c3O N\u00ba 5-PROPESP\/UNICENTRO<\/a> &#8211; Aprova o Regulamento do Programa de P\u00f3s-Gradua\u00e7\u00e3o Stricto Sensu em Administra\u00e7\u00e3o, PPGADM, n\u00edveis Mestrado e Doutorado Profissional, da UNICENTRO.<\/li>\n<\/ul>\n<h4 style=\"text-align: justify;\">2017<\/h4>\n<ul style=\"text-align: justify;\">\n<li><a href=\"https:\/\/www3.unicentro.br\/ppgadm\/wp-content\/uploads\/sites\/16\/2017\/09\/Resolu\u00e7\u00e3o-01-2017-PPGADM-Credenciamento-Luciano-Lima.pdf\">RESOLU\u00c7\u00c3O No 01\/2017-PPGADM<\/a> \u2013 Aprova Credenciamento de Docente no Programa de P\u00f3s-Gradua\u00e7\u00e3o em Administra\u00e7\u00e3o da Unicentro.<\/li>\n<\/ul>\n<p>&nbsp;<\/p>\n<h4 style=\"text-align: justify;\">2016<\/h4>\n<ul style=\"text-align: justify;\">\n<li><a href=\"http:\/\/www2.unicentro.br\/ppgadm\/files\/2013\/07\/Resolu%C3%A7%C3%A3o-01-2016-PPGADM-DESCredenciamento-Prof-Carlos-c%C3%A9sar-Garcia-Freitas.pdf?x35443\">RESOLU\u00c7\u00c3O No 01\/2016-PPGADM<\/a> \u2013 Aprova Descredenciamento de Docente no Programa de P\u00f3s-Gradua\u00e7\u00e3o em Administra\u00e7\u00e3o da Unicentro.<\/li>\n<li><a href=\"http:\/\/www2.unicentro.br\/ppgadm\/files\/2013\/07\/Resolu%C3%A7%C3%A3o-02-2016-PPGADM-DESCredenciamento-Prof-Ant%C3%B4nio-Costa-Gomes-Filho.pdf?x35443\">RESOLU\u00c7\u00c3O No 02\/2016-PPGADM<\/a> \u2013 Aprova Descredenciamento de Docente no Programa de P\u00f3s-Gradua\u00e7\u00e3o em Administra\u00e7\u00e3o da Unicentro.<\/li>\n<li><a href=\"http:\/\/www2.unicentro.br\/ppgadm\/files\/2013\/07\/Resolu%C3%A7%C3%A3o-03-2016-PPGADM-Credenciamento-Prof-Sandra-Mara-de-Andrade.pdf?x35443\">RESOLU\u00c7\u00c3O No 03\/2016-PPGADM<\/a> \u2013 Aprova Credenciamento de Docente no Programa de P\u00f3s- Gradua\u00e7\u00e3o em Administra\u00e7\u00e3o da Unicentro.<\/li>\n<\/ul>\n<p>&nbsp;<\/p>\n<h4 style=\"text-align: justify;\">2015<\/h4>\n<ul style=\"text-align: justify;\">\n<li><a href=\"https:\/\/snt148.mail.live.com\/mail\/ViewOfficePreview.aspx?messageid=mguq404nM85RGqKAAhWtlrxA2&amp;folderid=flinbox&amp;attindex=0&amp;cp=-1&amp;attdepth=0&amp;n=14975161\">RESOLU\u00c7\u00c3O No 28-CEPE\/UNICENTRO, de 3 de agosto de 2015<\/a> \u2013 Aprova altera\u00e7\u00f5es&nbsp; na&nbsp; Matriz Curricular&nbsp; do Curso de Mestrado Profissional em Administra\u00e7\u00e3o.<\/li>\n<li><a href=\"http:\/\/www2.unicentro.br\/ppgadm\/files\/2013\/07\/resolu%C3%A7%C3%A3o-ok.pdf?x35443\">RESOLU\u00c7\u00c3O No 062- CONSET\/SESA\/G\/UNICENTRO, de 03 de dezembro de 2015<\/a> \u2013 Aprova o projeto de extens\u00e3o, Laborat\u00f3rio de M\u00e9todos Qualitativos e Quantitativos em Administra\u00e7\u00e3o e Ci\u00eancias Sociais Aplicadas (LMQQA) do PPGADM.<\/li>\n<\/ul>\n<p>&nbsp;<\/p>\n<h4 style=\"text-align: justify;\">2014<\/h4>\n<ul style=\"text-align: justify;\">\n<li><a href=\"http:\/\/www2.unicentro.br\/ppgadm\/files\/2013\/07\/Resolu%C3%A7%C3%A3o-01-2013-PPGADM-Credenciamento-Prof-L%C3%A9o-Raifur.pdf?x35443\">RESOLU\u00c7\u00c3O No 01\/2014-PPGADM<\/a> \u2013 Aprova Credenciamento de Docente no Programa de P\u00f3s-Gradua\u00e7\u00e3o em Administra\u00e7\u00e3o da Unicentro.<\/li>\n<\/ul>\n<p>&nbsp;<\/p>\n<h4 style=\"text-align: justify;\">2013<\/h4>\n<ul>\n<li style=\"text-align: justify;\"><a href=\"http:\/\/www2.unicentro.br\/ppgadm\/files\/2013\/07\/oficio-capes.pdf?x35443\">OF\u00cdCIO No 48-20\/2013 \u2013 Capes<\/a> \u2013 Resultado da Avalia\u00e7\u00e3o de Proposta de novo curso.<\/li>\n<li style=\"text-align: justify;\"><a href=\"http:\/\/www2.unicentro.br\/ppgadm\/files\/2013\/07\/Resolu%C3%A7%C3%A3o-01-2013-PPGADM-Credenciamento-Prof-Marcos.pdf?x35443\">RESOLU\u00c7\u00c3O No 01\/2013-PPGADM<\/a> \u2013 Aprova Credenciamento de Docente no Programa de P\u00f3s-Gradua\u00e7\u00e3o em Administra\u00e7\u00e3o da Unicentro.<\/li>\n<li style=\"text-align: justify;\"><a href=\"http:\/\/www2.unicentro.br\/ppgadm\/files\/2013\/07\/Res-09-2013-criacao.pdf?x35443\">RESOLU\u00c7\u00c3O No 9-COU\/UNICENTRO, de 25 de mar\u00e7o de 2013<\/a> \u2013 Cria o Curso de Mestrado em Administra\u00e7\u00e3o, modalidade Profissional, da Unicentro.<\/li>\n<li style=\"text-align: justify;\"><a href=\"http:\/\/www2.unicentro.br\/ppgadm\/files\/2013\/07\/Res-11-2013-aprov-regulamento.pdf?x35443\">RESOLU\u00c7\u00c3O No 11-COU\/UNICENTRO, de 25 de mar\u00e7o de 2013<\/a> \u2013 Aprova o Regulamento do Programa de P\u00f3s- Gradua\u00e7\u00e3o <i>stricto sensu<\/i> em Administra\u00e7\u00e3o n\u00edvel Mestrado Profissional, da Unicentro.<\/li>\n<\/ul>\n<p>[\/vc_column_text][\/vc_column][\/vc_row]<\/p>\n<\/div>","protected":false},"excerpt":{"rendered":"<p>[vc_row][vc_column][vc_column_text css=&#8221;&#8221;] 2025 RESOLU\u00c7\u00c3O N\u00ba 5-PROPESP\/UNICENTRO &#8211; Aprova o Regulamento do Programa de P\u00f3s-Gradua\u00e7\u00e3o Stricto Sensu em Administra\u00e7\u00e3o, PPGADM, n\u00edveis Mestrado e Doutorado Profissional, da UNICENTRO. 2017 RESOLU\u00c7\u00c3O No 01\/2017-PPGADM \u2013 Aprova Credenciamento de Docente no Programa de P\u00f3s-Gradua\u00e7\u00e3o em Administra\u00e7\u00e3o da Unicentro. &nbsp; 2016 RESOLU\u00c7\u00c3O No 01\/2016-PPGADM \u2013 Aprova Descredenciamento de Docente no Programa [&hellip;]<\/p>\n","protected":false},"author":3,"featured_media":0,"parent":0,"menu_order":0,"comment_status":"closed","ping_status":"closed","template":"","meta":{"_exactmetrics_skip_tracking":false,"_exactmetrics_sitenote_active":false,"_exactmetrics_sitenote_note":"","_exactmetrics_sitenote_category":0,"footnotes":"","_links_to":"","_links_to_target":""},"class_list":["post-249","page","type-page","status-publish","hentry"],"publishpress_future_action":{"enabled":false,"date":"2026-04-28 01:21:07","action":"change-status","newStatus":"draft","terms":[],"taxonomy":"","extraData":[]},"publishpress_future_workflow_manual_trigger":{"enabledWorkflows":[]},"_links":{"self":[{"href":"https:\/\/www3.unicentro.br\/ppgadm\/wp-json\/wp\/v2\/pages\/249","targetHints":{"allow":["GET"]}}],"collection":[{"href":"https:\/\/www3.unicentro.br\/ppgadm\/wp-json\/wp\/v2\/pages"}],"about":[{"href":"https:\/\/www3.unicentro.br\/ppgadm\/wp-json\/wp\/v2\/types\/page"}],"author":[{"embeddable":true,"href":"https:\/\/www3.unicentro.br\/ppgadm\/wp-json\/wp\/v2\/users\/3"}],"replies":[{"embeddable":true,"href":"https:\/\/www3.unicentro.br\/ppgadm\/wp-json\/wp\/v2\/comments?post=249"}],"version-history":[{"count":1,"href":"https:\/\/www3.unicentro.br\/ppgadm\/wp-json\/wp\/v2\/pages\/249\/revisions"}],"predecessor-version":[{"id":5126,"href":"https:\/\/www3.unicentro.br\/ppgadm\/wp-json\/wp\/v2\/pages\/249\/revisions\/5126"}],"wp:attachment":[{"href":"https:\/\/www3.unicentro.br\/ppgadm\/wp-json\/wp\/v2\/media?parent=249"}],"curies":[{"name":"wp","href":"https:\/\/api.w.org\/{rel}","templated":true}]}}