{"id":247,"date":"2021-12-17T15:44:02","date_gmt":"2021-12-17T18:44:02","guid":{"rendered":"https:\/\/www3.unicentro.br\/ppgadm\/?page_id=247"},"modified":"2025-10-06T15:58:36","modified_gmt":"2025-10-06T18:58:36","slug":"regulamentos","status":"publish","type":"page","link":"https:\/\/www3.unicentro.br\/ppgadm\/regulamentos\/","title":{"rendered":"Regulamentos"},"content":{"rendered":"<div class=\"wpb-content-wrapper\"><p>[vc_row][vc_column][vc_column_text css=&#8221;&#8221;]<\/p>\n<ul>\n<li style=\"text-align: justify;\"><a href=\"https:\/\/www3.unicentro.br\/ppgadm\/wp-content\/uploads\/sites\/16\/2021\/04\/04-Regulamento-da-Pos-Graduacao-da-UNICENTRO.pdf\">RESOLU\u00c7\u00c3O No 67-CEPE\/UNICENTRO, DE 18 DE DEZEMBRO DE 2020. Aprova o Regulamento da P\u00f3s-Gradua\u00e7\u00e3o Stricto Sensu da UNICENTRO e d\u00e1 outras provid\u00eancias.<\/a><\/li>\n<li style=\"text-align: justify;\"><a href=\"http:\/\/www2.unicentro.br\/ppgadm\/files\/2016\/05\/Slides-Apresententa%C3%A7%C3%A3o-P%C3%B3s-Gradua%C3%A7%C3%A3o-1.pdf?x35443\">Regulamento do Programa de P\u00f3s-Gradua\u00e7\u00e3o Stricto Sensu da UNICENTRO \u2013 Apresenta\u00e7\u00e3o.<\/a><\/li>\n<\/ul>\n<p>[\/vc_column_text][\/vc_column][\/vc_row]<\/p>\n<\/div>","protected":false},"excerpt":{"rendered":"<p>[vc_row][vc_column][vc_column_text css=&#8221;&#8221;] RESOLU\u00c7\u00c3O No 67-CEPE\/UNICENTRO, DE 18 DE DEZEMBRO DE 2020. Aprova o Regulamento da P\u00f3s-Gradua\u00e7\u00e3o Stricto Sensu da UNICENTRO e d\u00e1 outras provid\u00eancias. Regulamento do Programa de P\u00f3s-Gradua\u00e7\u00e3o Stricto Sensu da UNICENTRO \u2013 Apresenta\u00e7\u00e3o. [\/vc_column_text][\/vc_column][\/vc_row]<\/p>\n","protected":false},"author":3,"featured_media":0,"parent":0,"menu_order":0,"comment_status":"closed","ping_status":"closed","template":"","meta":{"_exactmetrics_skip_tracking":false,"_exactmetrics_sitenote_active":false,"_exactmetrics_sitenote_note":"","_exactmetrics_sitenote_category":0,"footnotes":"","_links_to":"","_links_to_target":""},"class_list":["post-247","page","type-page","status-publish","hentry"],"publishpress_future_action":{"enabled":false,"date":"2026-05-08 13:54:47","action":"change-status","newStatus":"draft","terms":[],"taxonomy":"","extraData":[]},"publishpress_future_workflow_manual_trigger":{"enabledWorkflows":[]},"_links":{"self":[{"href":"https:\/\/www3.unicentro.br\/ppgadm\/wp-json\/wp\/v2\/pages\/247","targetHints":{"allow":["GET"]}}],"collection":[{"href":"https:\/\/www3.unicentro.br\/ppgadm\/wp-json\/wp\/v2\/pages"}],"about":[{"href":"https:\/\/www3.unicentro.br\/ppgadm\/wp-json\/wp\/v2\/types\/page"}],"author":[{"embeddable":true,"href":"https:\/\/www3.unicentro.br\/ppgadm\/wp-json\/wp\/v2\/users\/3"}],"replies":[{"embeddable":true,"href":"https:\/\/www3.unicentro.br\/ppgadm\/wp-json\/wp\/v2\/comments?post=247"}],"version-history":[{"count":1,"href":"https:\/\/www3.unicentro.br\/ppgadm\/wp-json\/wp\/v2\/pages\/247\/revisions"}],"predecessor-version":[{"id":5292,"href":"https:\/\/www3.unicentro.br\/ppgadm\/wp-json\/wp\/v2\/pages\/247\/revisions\/5292"}],"wp:attachment":[{"href":"https:\/\/www3.unicentro.br\/ppgadm\/wp-json\/wp\/v2\/media?parent=247"}],"curies":[{"name":"wp","href":"https:\/\/api.w.org\/{rel}","templated":true}]}}