{"id":245,"date":"2025-04-02T21:54:42","date_gmt":"2025-04-03T00:54:42","guid":{"rendered":"https:\/\/www3.unicentro.br\/ppgadm\/?page_id=245"},"modified":"2025-04-02T21:54:11","modified_gmt":"2025-04-03T00:54:11","slug":"portarias","status":"publish","type":"page","link":"https:\/\/www3.unicentro.br\/ppgadm\/portarias\/","title":{"rendered":"Portarias"},"content":{"rendered":"<div class=\"wpb-content-wrapper\"><p>[vc_row][vc_column][vc_column_text css=&#8221;&#8221;]<\/p>\n<h4 style=\"text-align: justify\">Portaria de reconhecimento do Programa de P\u00f3s-Gradua\u00e7\u00e3o em Administra\u00e7\u00e3o<\/h4>\n<ul style=\"text-align: justify\">\n<li><a href=\"http:\/\/www2.unicentro.br\/ppgadm\/files\/2013\/07\/portaria-mec-mestrado.pdf?x35443\">Portaria n\u00ba 1.296, publicada no D.O.U. de 2\/1\/2014, Se\u00e7\u00e3o 1, P\u00e1g. 4<\/a><\/li>\n<\/ul>\n<p>&nbsp;<\/p>\n<h4 style=\"text-align: justify\">Portarias de designa\u00e7\u00e3o de Coordena\u00e7\u00e3o do PPGADM<\/h4>\n<ul style=\"text-align: justify\">\n<li><a href=\"http:\/\/www2.unicentro.br\/ppgadm\/files\/2017\/02\/Port-82GR-2017.pdf?x35443\">Portaria n\u00b0 82-GR\/UNICENTRO, de 1\u00b0 de fevereiro de 2017<\/a> \u2013 Designa Coordenador e Vice-Coordenador do Programa de P\u00f3s-Gradua\u00e7\u00e3o em Administra\u00e7\u00e3o.<\/li>\n<\/ul>\n<p>&nbsp;<\/p>\n<h4 style=\"text-align: justify\">Portarias de designa\u00e7\u00e3o de Comiss\u00e3o de Sele\u00e7\u00e3o PPGADM<\/h4>\n<ul style=\"text-align: justify\">\n<li><a href=\"http:\/\/www2.unicentro.br\/ppgadm\/files\/2016\/06\/Portaria-001-PPGADM-2016_Sele%C3%A7%C3%A3o2.pdf?x35443\">Portaria n\u00b0 001-PPGADM\/UNICENTRO, de 21 de junho de 2016<\/a>\u00a0\u2013 Designa membros para compor a Comiss\u00e3o de Sele\u00e7\u00e3o para o Programa de P\u00f3s-Gradua\u00e7\u00e3o <em>stricto sensu<\/em> em Administra\u00e7\u00e3o, n\u00edvel Mestrado Profissional (PPGADM).<\/li>\n<li><a href=\"https:\/\/www3.unicentro.br\/ppgadm\/wp-content\/uploads\/sites\/16\/2017\/09\/Portaria-001-PPGADM-2017_Sele\u00e7\u00e3oAR.pdf\">Portaria n\u00b0 001-PPGADM\/UNICENTRO, de 29 de agosto de 2017<\/a>\u00a0\u2013 Designa membros para compor a Comiss\u00e3o de Sele\u00e7\u00e3o para o Programa de P\u00f3s-Gradua\u00e7\u00e3o <em>stricto sensu<\/em> em Administra\u00e7\u00e3o, n\u00edvel Mestrado Profissional (PPGADM).<\/li>\n<li><a href=\"https:\/\/www3.unicentro.br\/ppgadm\/wp-content\/uploads\/sites\/16\/2018\/10\/Portaria-001-PPGADM-2018_Sele\u00e7\u00e3o.pdf\">Portaria n\u00b0 001-PPGADM\/UNICENTRO, de 20 de agosto de 2018<\/a>\u00a0\u2013 Designa membros para compor a Comiss\u00e3o de Sele\u00e7\u00e3o para o Programa de P\u00f3s-Gradua\u00e7\u00e3o <em>stricto sensu<\/em> em Administra\u00e7\u00e3o, n\u00edvel Mestrado Profissional (PPGADM).<\/li>\n<\/ul>\n<p>&nbsp;<\/p>\n<h4 style=\"text-align: justify\">Portarias de designa\u00e7\u00e3o de Comiss\u00e3o de Altera\u00e7\u00e3o do Regulamento PPGADM<\/h4>\n<ul>\n<li style=\"text-align: justify\"><a href=\"http:\/\/www2.unicentro.br\/ppgadm\/files\/2016\/06\/Portaria-002-PPGADM-2016_Sele%C3%A7%C3%A3o2.pdf?x35443\">Portaria n\u00b0 002-PPGADM\/UNICENTRO, de 21 de junho de 2016<\/a>\u00a0\u2013 Designa membros para compor a Comiss\u00e3o de Altera\u00e7\u00e3o do Regulamento do Programa de P\u00f3s-Gradua\u00e7\u00e3o <em>stricto sensu<\/em> em Administra\u00e7\u00e3o, n\u00edvel Mestrado Profissional (PPGADM).<\/li>\n<\/ul>\n<p>&nbsp;<\/p>\n<h4>Portaria de designa\u00e7\u00e3o de Comiss\u00e3o de Sele\u00e7\u00e3o de Bolsistas<\/h4>\n<ul>\n<li><a href=\"https:\/\/www3.unicentro.br\/ppgadm\/wp-content\/uploads\/sites\/16\/2024\/11\/Portaria-001-2024-PPGADM-comissao-bolsa.pdf\">Portaria n\u00b0 001-PPGADM\/UNICENTRO, de 13 de novembro de 2024<\/a> \u2013 Designa membros para compor a Comiss\u00e3o de Sele\u00e7\u00e3o de Bolsistas do Programa de P\u00f3s-Gradua\u00e7\u00e3o <em>stricto sensu<\/em> em Administra\u00e7\u00e3o, n\u00edvel Mestrado Profissional (PPGADM).<\/li>\n<\/ul>\n<p>[\/vc_column_text][\/vc_column][\/vc_row]<\/p>\n<\/div>","protected":false},"excerpt":{"rendered":"<p>[vc_row][vc_column][vc_column_text css=&#8221;&#8221;] Portaria de reconhecimento do Programa de P\u00f3s-Gradua\u00e7\u00e3o em Administra\u00e7\u00e3o Portaria n\u00ba 1.296, publicada no D.O.U. de 2\/1\/2014, Se\u00e7\u00e3o 1, P\u00e1g. 4 &nbsp; Portarias de designa\u00e7\u00e3o de Coordena\u00e7\u00e3o do PPGADM Portaria n\u00b0 82-GR\/UNICENTRO, de 1\u00b0 de fevereiro de 2017 \u2013 Designa Coordenador e Vice-Coordenador do Programa de P\u00f3s-Gradua\u00e7\u00e3o em Administra\u00e7\u00e3o. &nbsp; Portarias de designa\u00e7\u00e3o [&hellip;]<\/p>\n","protected":false},"author":3,"featured_media":0,"parent":0,"menu_order":0,"comment_status":"closed","ping_status":"closed","template":"","meta":{"_exactmetrics_skip_tracking":false,"_exactmetrics_sitenote_active":false,"_exactmetrics_sitenote_note":"","_exactmetrics_sitenote_category":0,"footnotes":"","_links_to":"","_links_to_target":""},"class_list":["post-245","page","type-page","status-publish","hentry"],"publishpress_future_action":{"enabled":false,"date":"2026-04-28 03:05:53","action":"change-status","newStatus":"draft","terms":[],"taxonomy":"","extraData":[]},"publishpress_future_workflow_manual_trigger":{"enabledWorkflows":[]},"_links":{"self":[{"href":"https:\/\/www3.unicentro.br\/ppgadm\/wp-json\/wp\/v2\/pages\/245","targetHints":{"allow":["GET"]}}],"collection":[{"href":"https:\/\/www3.unicentro.br\/ppgadm\/wp-json\/wp\/v2\/pages"}],"about":[{"href":"https:\/\/www3.unicentro.br\/ppgadm\/wp-json\/wp\/v2\/types\/page"}],"author":[{"embeddable":true,"href":"https:\/\/www3.unicentro.br\/ppgadm\/wp-json\/wp\/v2\/users\/3"}],"replies":[{"embeddable":true,"href":"https:\/\/www3.unicentro.br\/ppgadm\/wp-json\/wp\/v2\/comments?post=245"}],"version-history":[{"count":1,"href":"https:\/\/www3.unicentro.br\/ppgadm\/wp-json\/wp\/v2\/pages\/245\/revisions"}],"predecessor-version":[{"id":4194,"href":"https:\/\/www3.unicentro.br\/ppgadm\/wp-json\/wp\/v2\/pages\/245\/revisions\/4194"}],"wp:attachment":[{"href":"https:\/\/www3.unicentro.br\/ppgadm\/wp-json\/wp\/v2\/media?parent=245"}],"curies":[{"name":"wp","href":"https:\/\/api.w.org\/{rel}","templated":true}]}}