{"id":243,"date":"2026-02-19T21:00:12","date_gmt":"2026-02-20T00:00:12","guid":{"rendered":"https:\/\/www3.unicentro.br\/ppgadm\/?page_id=243"},"modified":"2026-02-19T21:03:55","modified_gmt":"2026-02-20T00:03:55","slug":"instrucoes-normativas","status":"publish","type":"page","link":"https:\/\/www3.unicentro.br\/ppgadm\/instrucoes-normativas\/","title":{"rendered":"Instru\u00e7\u00f5es Normativas"},"content":{"rendered":"<div class=\"wpb-content-wrapper\"><p>[vc_row][vc_column][vc_column_text css=&#8221;&#8221;]<\/p>\n<h4 style=\"text-align: justify\">Normas para elabora\u00e7\u00e3o de disserta\u00e7\u00e3o para qualifica\u00e7\u00e3o e defesa<\/h4>\n<ul>\n<li style=\"text-align: justify\"><a href=\"https:\/\/www3.unicentro.br\/ppgadm\/wp-content\/uploads\/sites\/16\/2021\/03\/IN-No-01-2021-BANCAS.pdf\" target=\"_blank\" rel=\"noopener\">INSTRU\u00c7\u00c3O NORMATIVA N<strong>\u00b0<\/strong> 001\/2021 &#8211; PPGADM\/UNICENTRO, de 17 de mar\u00e7o de 2021<\/a> \u2013 Exame de Qualifica\u00e7\u00e3o e Defesa de Trabalho de Conclus\u00e3o (TCC) no PPGADM.<\/li>\n<li style=\"text-align: justify\"><a href=\"https:\/\/www3.unicentro.br\/ppgadm\/wp-content\/uploads\/sites\/16\/2021\/03\/IN-No-02-2021-DISSERTACAO.pdf\" target=\"_blank\" rel=\"noopener\">INSTRU\u00c7\u00c3O NORMATIVA N<strong>\u00b0<\/strong> 002\/2021 &#8211; PPGADM\/UNICENTRO, de 17 de mar\u00e7o de 2021<\/a> \u2013 Elabora\u00e7\u00e3o de trabalho de conclus\u00e3o de curso (TCC): Disserta\u00e7\u00e3o no PPGADM.<\/li>\n<li><a href=\"https:\/\/www3.unicentro.br\/ppgadm\/wp-content\/uploads\/sites\/16\/2025\/03\/2IN-No-03-2021-RELATO-com-anotacao-de-modificacao.pdf\" target=\"_blank\" rel=\"noopener\">INSTRU\u00c7\u00c3O NORMATIVA N<strong>\u00b0<\/strong> 003\/2021 &#8211; PPGADM\/UNICENTRO, de 17 de mar\u00e7o de 2021<\/a> \u2013 Elabora\u00e7\u00e3o de trabalho de conclus\u00e3o de curso (TCC): Relato T\u00e9cnico de Pesquisa no PPGADM.<\/li>\n<li><a href=\"https:\/\/www3.unicentro.br\/ppgadm\/wp-content\/uploads\/sites\/16\/2021\/09\/IN-No-04-2021-AUTOAVALIACAO.pdf\">INSTRU\u00c7\u00c3O NORMATIVA N\u00ba 004\/2021 &#8211; PPGADM\/UNICENTRO, de 31 de mar\u00e7o de 2021<\/a> \u2013 Processo de autoavalia\u00e7\u00e3o.<\/li>\n<li style=\"text-align: justify\"><a href=\"https:\/\/www3.unicentro.br\/ppgadm\/wp-content\/uploads\/sites\/16\/2021\/07\/IN-05-2021-ATIVIDADES-OBRIGATORIAS.pdf\">INSTRU\u00c7\u00c3O NORMATIVA N\u00ba 005\/2021 &#8211; PPGADM\/UNICENTRO, de 28 de junho de 2021<\/a> \u2013 Atividades Obrigat\u00f3rias.<\/li>\n<li><a href=\"https:\/\/www3.unicentro.br\/ppgadm\/wp-content\/uploads\/sites\/16\/2023\/04\/IN-01.23-PROPESP-Estabelece-parametros-e-condicoes-para-comprovacao-de-proficiencia-em-lingua-estrangeira.pdf\">INSTRU\u00c7\u00c3O NORMATIVA N\u00ba 001\/2023 &#8211; PROPESP\/UNICENTRO, de 19 de abril de 2023<\/a> &#8211; Comprova\u00e7\u00e3o de profici\u00eancia em l\u00edngua estrangeira.<\/li>\n<li><a href=\"https:\/\/www3.unicentro.br\/ppgadm\/wp-content\/uploads\/sites\/16\/2024\/03\/IN-001-2024-PPGADMUNICENTRO-Recredenciamento-docente-2.pdf\">INSTRU\u00c7\u00c3O NORMATIVA N\u00ba 001\/2024 &#8211; PPGADM\/UNICENTRO, de 05 de mar\u00e7o de 2024<\/a> &#8211; Recredenciamento docente<\/li>\n<li><a href=\"https:\/\/www3.unicentro.br\/ppgadm\/wp-content\/uploads\/sites\/16\/2024\/03\/IN-002-2024-PPGADM-UNICENTRO-Relato-Tecnico-3.pdf\">INSTRU\u00c7\u00c3O NORMATIVA N\u00ba 002\/2024 &#8211; PPGADM\/UNICENTRO, de 05 de mar\u00e7o de 2024<\/a> &#8211; Elabora\u00e7\u00e3o de trabalho de conclus\u00e3o de curso (TCC): Relato T\u00e9cnico de Pesquisa no PPGADM.<\/li>\n<li><a href=\"https:\/\/www3.unicentro.br\/ppgadm\/wp-content\/uploads\/sites\/16\/2026\/02\/IN-N\u00b0-001-PPGADM-UNICENTRO-APROVEITAMENTO-DE-CREDITOS.pdf\">INSTRU\u00c7\u00c3O NORMATIVA N\u00ba 001\/2026 &#8211; PPGADM\/UNICENTRO, de 20 de fevereiro de 2026<\/a> &#8211; Aproveitamento de cr\u00e9ditos em disciplinas.<\/li>\n<\/ul>\n<p>[\/vc_column_text][\/vc_column][\/vc_row]<\/p>\n<\/div>","protected":false},"excerpt":{"rendered":"<p>[vc_row][vc_column][vc_column_text css=&#8221;&#8221;] Normas para elabora\u00e7\u00e3o de disserta\u00e7\u00e3o para qualifica\u00e7\u00e3o e defesa INSTRU\u00c7\u00c3O NORMATIVA N\u00b0 001\/2021 &#8211; PPGADM\/UNICENTRO, de 17 de mar\u00e7o de 2021 \u2013 Exame de Qualifica\u00e7\u00e3o e Defesa de Trabalho de Conclus\u00e3o (TCC) no PPGADM. INSTRU\u00c7\u00c3O NORMATIVA N\u00b0 002\/2021 &#8211; PPGADM\/UNICENTRO, de 17 de mar\u00e7o de 2021 \u2013 Elabora\u00e7\u00e3o de trabalho de conclus\u00e3o de [&hellip;]<\/p>\n","protected":false},"author":3,"featured_media":0,"parent":0,"menu_order":0,"comment_status":"closed","ping_status":"closed","template":"","meta":{"_exactmetrics_skip_tracking":false,"_exactmetrics_sitenote_active":false,"_exactmetrics_sitenote_note":"","_exactmetrics_sitenote_category":0,"footnotes":"","_links_to":"","_links_to_target":""},"class_list":["post-243","page","type-page","status-publish","hentry"],"publishpress_future_action":{"enabled":false,"date":"2026-04-28 03:06:50","action":"change-status","newStatus":"draft","terms":[],"taxonomy":"","extraData":[]},"publishpress_future_workflow_manual_trigger":{"enabledWorkflows":[]},"_links":{"self":[{"href":"https:\/\/www3.unicentro.br\/ppgadm\/wp-json\/wp\/v2\/pages\/243","targetHints":{"allow":["GET"]}}],"collection":[{"href":"https:\/\/www3.unicentro.br\/ppgadm\/wp-json\/wp\/v2\/pages"}],"about":[{"href":"https:\/\/www3.unicentro.br\/ppgadm\/wp-json\/wp\/v2\/types\/page"}],"author":[{"embeddable":true,"href":"https:\/\/www3.unicentro.br\/ppgadm\/wp-json\/wp\/v2\/users\/3"}],"replies":[{"embeddable":true,"href":"https:\/\/www3.unicentro.br\/ppgadm\/wp-json\/wp\/v2\/comments?post=243"}],"version-history":[{"count":3,"href":"https:\/\/www3.unicentro.br\/ppgadm\/wp-json\/wp\/v2\/pages\/243\/revisions"}],"predecessor-version":[{"id":5575,"href":"https:\/\/www3.unicentro.br\/ppgadm\/wp-json\/wp\/v2\/pages\/243\/revisions\/5575"}],"wp:attachment":[{"href":"https:\/\/www3.unicentro.br\/ppgadm\/wp-json\/wp\/v2\/media?parent=243"}],"curies":[{"name":"wp","href":"https:\/\/api.w.org\/{rel}","templated":true}]}}