{"id":21,"date":"2019-12-18T15:00:00","date_gmt":"2019-12-18T18:00:00","guid":{"rendered":"https:\/\/www3.unicentro.br\/ppgadm\/?page_id=21"},"modified":"2019-12-18T15:21:17","modified_gmt":"2019-12-18T18:21:17","slug":"disciplinas-isoladas","status":"publish","type":"page","link":"https:\/\/www3.unicentro.br\/ppgadm\/disciplinas-isoladas\/","title":{"rendered":"Disciplinas Isoladas (aluno n\u00e3o regular)"},"content":{"rendered":"<p style=\"text-align: justify\">As inscri\u00e7\u00f5es para disciplinas isoladas ser\u00e3o realizadas em cada semestre, ap\u00f3s as matr\u00edculas dos alunos regulares do PPGAdm, conforme edital espec\u00edfico divulgado no site: <a href=\"https:\/\/www3.unicentro.br\/ppgadm\"><u>www3.unicentro.br\/ppgadm<\/u><\/a><\/p>\n<p style=\"text-align: justify\">O aluno n\u00e3o regular n\u00e3o tem o direito de trancar disciplina e sua desist\u00eancia (acima de 25% de faltas) acarretar\u00e1 o \u00f4nus de reprova\u00e7\u00e3o por abandono.<\/p>\n<p style=\"text-align: justify\">O aluno n\u00e3o regular deve participar de todas as atividades e avalia\u00e7\u00f5es determinadas pelo professor da disciplina, com as mesmas obriga\u00e7\u00f5es designadas aos alunos regulares, e o n\u00e3o cumprimento das normas acarretar\u00e1 em \u00f4nus de reprova\u00e7\u00e3o por insufici\u00eancia de desempenho.<\/p>\n<p style=\"text-align: justify\">O aluno n\u00e3o regular dever\u00e1 dedicar-se exclusivamente \u00e0s atividades da disciplina nos hor\u00e1rios estabelecidos pelo professor, sem direito \u00e0 contesta\u00e7\u00e3o.<\/p>\n<p style=\"text-align: justify\">O aluno n\u00e3o regular dever\u00e1 participar de todas as atividades e avalia\u00e7\u00f5es determinadas pelo professor da disciplina, com as mesmas obriga\u00e7\u00f5es designadas aos alunos regulares.<\/p>\n<p style=\"text-align: justify\">A matr\u00edcula em disciplina na condi\u00e7\u00e3o de aluno n\u00e3o regular n\u00e3o implica, de forma alguma, v\u00ednculo efetivo com o Curso de Mestrado em Administra\u00e7\u00e3o.<\/p>\n<p style=\"text-align: justify\">O aluno n\u00e3o regular poder\u00e1 cursar quantas disciplinas isoladas quiser, mas o Colegiado do PPGAdm ir\u00e1 definir at\u00e9 quantas poder\u00e3o ser aproveitadas quando do ingresso como aluno regular, qual o prazo de validade e a nota min\u00edma aceit\u00e1vel para aproveitamento.<\/p>\n","protected":false},"excerpt":{"rendered":"<p>As inscri\u00e7\u00f5es para disciplinas isoladas ser\u00e3o realizadas em cada semestre, ap\u00f3s as matr\u00edculas dos alunos regulares do PPGAdm, conforme edital espec\u00edfico divulgado no site: www3.unicentro.br\/ppgadm O aluno n\u00e3o regular n\u00e3o tem o direito de trancar disciplina e sua desist\u00eancia (acima de 25% de faltas) acarretar\u00e1 o \u00f4nus de reprova\u00e7\u00e3o por abandono. O aluno n\u00e3o regular [&hellip;]<\/p>\n","protected":false},"author":3,"featured_media":0,"parent":0,"menu_order":0,"comment_status":"closed","ping_status":"closed","template":"","meta":{"_exactmetrics_skip_tracking":false,"_exactmetrics_sitenote_active":false,"_exactmetrics_sitenote_note":"","_exactmetrics_sitenote_category":0,"footnotes":"","_links_to":"","_links_to_target":""},"class_list":["post-21","page","type-page","status-publish","hentry"],"publishpress_future_action":{"enabled":false,"date":"2026-05-18 12:19:05","action":"change-status","newStatus":"draft","terms":[],"taxonomy":"","extraData":[]},"publishpress_future_workflow_manual_trigger":{"enabledWorkflows":[]},"_links":{"self":[{"href":"https:\/\/www3.unicentro.br\/ppgadm\/wp-json\/wp\/v2\/pages\/21","targetHints":{"allow":["GET"]}}],"collection":[{"href":"https:\/\/www3.unicentro.br\/ppgadm\/wp-json\/wp\/v2\/pages"}],"about":[{"href":"https:\/\/www3.unicentro.br\/ppgadm\/wp-json\/wp\/v2\/types\/page"}],"author":[{"embeddable":true,"href":"https:\/\/www3.unicentro.br\/ppgadm\/wp-json\/wp\/v2\/users\/3"}],"replies":[{"embeddable":true,"href":"https:\/\/www3.unicentro.br\/ppgadm\/wp-json\/wp\/v2\/comments?post=21"}],"version-history":[{"count":0,"href":"https:\/\/www3.unicentro.br\/ppgadm\/wp-json\/wp\/v2\/pages\/21\/revisions"}],"wp:attachment":[{"href":"https:\/\/www3.unicentro.br\/ppgadm\/wp-json\/wp\/v2\/media?parent=21"}],"curies":[{"name":"wp","href":"https:\/\/api.w.org\/{rel}","templated":true}]}}