{"id":19,"date":"2019-12-18T15:00:39","date_gmt":"2019-12-18T18:00:39","guid":{"rendered":"https:\/\/www3.unicentro.br\/ppgadm\/?page_id=19"},"modified":"2025-08-12T16:07:34","modified_gmt":"2025-08-12T19:07:34","slug":"disciplinas-mestrado","status":"publish","type":"page","link":"https:\/\/www3.unicentro.br\/ppgadm\/disciplinas-mestrado\/","title":{"rendered":"Disciplinas Mestrado"},"content":{"rendered":"<div class=\"wpb-content-wrapper\"><p>[vc_row][vc_tta_accordion style=&#8221;flat&#8221; shape=&#8221;square&#8221; color=&#8221;peacoc&#8221; spacing=&#8221;1&#8243; active_section=&#8221;0&#8243; no_fill=&#8221;true&#8221; collapsible_all=&#8221;true&#8221; title=&#8221;<strong>DISCIPLINAS OBRIGAT\u00d3RIAS<\/strong>&#8220;][vc_column][\/vc_column][vc_tta_section title=&#8221;MAD-102 Teoria Organizacional &#8211; 4 cr\u00e9ditos&#8221; tab_id=&#8221;1495456837488-5cd4da22-db27&#8243;][vc_column_text]Docente respons\u00e1vel: Prof. Dr. Luciano Ferreira de Lima<br \/>\n<strong>Ementa:<\/strong><br \/>\nEvolu\u00e7\u00e3o da teoria organizacional. Principais abordagens, escolas, modelos e met\u00e1foras de compreens\u00e3o do pensamento organizacional cl\u00e1ssico, neocl\u00e1ssico e contempor\u00e2neo (teoria institucional, teoria dos Stakeholders, RBV \u2013 Vis\u00e3o Baseada em Recursos; concep\u00e7\u00f5es te\u00f3rico cr\u00edticas). Principais reflex\u00f5es brasileiras a respeito da Teoria Organizacional.<br \/>\n<a href=\"https:\/\/www3.unicentro.br\/ppgadm\/wp-content\/uploads\/sites\/16\/2021\/05\/Teoria-Organizacional-1.pdf\">Plano de Ensino<\/a><\/p>\n<p>[\/vc_column_text][\/vc_tta_section][vc_tta_section title=&#8221;MAD-110 Pesquisa Qualitativa em Administra\u00e7\u00e3o &#8211; 4 cr\u00e9ditos&#8221; tab_id=&#8221;1495456863905-5f68d9b5-a769&#8243;][vc_column_text]Docente respons\u00e1vel: Profa. Dra. Juliane Sachser Angnes<br \/>\n<strong>Ementa:<\/strong><br \/>\nConceitos de pesquisa qualitativa. Natureza, usos e possibilidades do m\u00e9todo qualitativo. Tipos de pesquisa qualitativa. Coleta, tratamento e an\u00e1lise das evid\u00eancias. A rela\u00e7\u00e3o entre sujeito\/objeto e a defini\u00e7\u00e3o de crit\u00e9rios de rigor, relev\u00e2ncia e qualidade na pesquisa qualitativa. Uso da abordagem qualitativa na gest\u00e3o organizacional.<br \/>\n<u><a href=\"https:\/\/www3.unicentro.br\/ppgadm\/wp-content\/uploads\/sites\/16\/2019\/04\/Plano-de-Ensino-Pesquisa-Qualitativa-2019.pdf\">Plano de Ensino<\/a><\/u><\/p>\n<p>[\/vc_column_text][\/vc_tta_section][vc_tta_section title=&#8221;MAD-111 M\u00e9todos Quantitativos &#8211; 4 cr\u00e9ditos&#8221; tab_id=&#8221;1495456888017-fa8a71bd-b724&#8243;][vc_column_text]Docente respons\u00e1vel: Prof. Dr. Marcos Roberto K\u00fchl<br \/>\n<strong>Ementa:<\/strong><br \/>\nEstat\u00edstica descritiva. Medidas de tend\u00eancia central e medidas de dispers\u00e3o. Estat\u00edstica param\u00e9trica e n\u00e3o param\u00e9trica. Estat\u00edstica Inferencial. Teste de Hip\u00f3teses. Utiliza\u00e7\u00e3o de software estat\u00edstico. Uso da abordagem quantitativa na gest\u00e3o organizacional.<\/p>\n<p><a href=\"https:\/\/www3.unicentro.br\/ppgadm\/wp-content\/uploads\/sites\/16\/2021\/05\/Programa-da-disciplina-Metodos-Quantitativos-2020.pdf\">Plano de Ensino<\/a><\/p>\n<p>[\/vc_column_text][\/vc_tta_section][vc_tta_section title=&#8221;MAD-115 Semin\u00e1rios de TCC &#8211; 4 cr\u00e9ditos&#8221; tab_id=&#8221;1495456917956-3aa838a1-bdfe&#8221;][vc_column_text]Docentes respons\u00e1veis: Profa. Dra. Zoraide da Fonseca Costa e Prof. Dr. Sandro Rautenberg<br \/>\n<strong>Ementa:<\/strong><br \/>\nElabora\u00e7\u00e3o de Projetos e Relat\u00f3rios de Pesquisa em Administra\u00e7\u00e3o. Objetivos de uma Disserta\u00e7\u00e3o de Mestrado Profissional. Caracter\u00edsticas da Disserta\u00e7\u00e3o em Administra\u00e7\u00e3o. Avalia\u00e7\u00e3o de Disserta\u00e7\u00e3o. Semin\u00e1rios de disserta\u00e7\u00e3o.<br \/>\n<u><a href=\"https:\/\/www3.unicentro.br\/ppgadm\/wp-content\/uploads\/sites\/16\/2018\/03\/Plano-de-Ensino-MAD115-2018.pdf\">Plano de Ensino<\/a><\/u><\/p>\n<p>[\/vc_column_text][\/vc_tta_section][vc_tta_section title=&#8221;MAD-101 Estrat\u00e9gia Organizacional &#8211; 4 cr\u00e9ditos&#8221; tab_id=&#8221;1495456736383-cfdb0f34-dd97&#8243;][vc_column_text]Docente respons\u00e1vel: Prof. Dr. Marcos de Castro<br \/>\n<strong>Ementa:<\/strong><br \/>\nEstrat\u00e9gia e teoria organizacional; Estrat\u00e9gia, seus conceitos e dimens\u00f5es; Administra\u00e7\u00e3o estrat\u00e9gica; A no\u00e7\u00e3o de ambiente em estrat\u00e9gia; Conte\u00fado e Processo Estrat\u00e9gico; Estrat\u00e9gia de Coopera\u00e7\u00e3o versus Estrat\u00e9gias de Competi\u00e7\u00e3o; Estrat\u00e9gia na Abordagem da Ind\u00fastria e na Vis\u00e3o Baseada em Recursos; Estrat\u00e9gia Corporativa e Estrat\u00e9gia Competitiva; Estrat\u00e9gia como Pr\u00e1tica Social; Estrat\u00e9gias de Internacionaliza\u00e7\u00e3o; Estrat\u00e9gia e institucionalismo sociol\u00f3gico; A Pesquisa em Estrat\u00e9gia.<br \/>\n<u><a href=\"https:\/\/www3.unicentro.br\/ppgadm\/wp-content\/uploads\/sites\/16\/2018\/03\/Plano-de-Ensino-MAD101-2018.pdf\">Plano de Ensino<\/a><\/u><\/p>\n<p>[\/vc_column_text][\/vc_tta_section][vc_tta_section title=&#8221;MAD-105 Inova\u00e7\u00e3o e Tecnologia &#8211; 4 cr\u00e9ditos&#8221; tab_id=&#8221;1495457114972-97d8fd83-ab1e&#8221;][vc_column_text]Docente respons\u00e1vel: Prof. Dr. Marcos Roberto Kuhl e Profa. Dra. Zoraide da Fonseca Costa.<br \/>\n<strong>Ementa:<\/strong><br \/>\nIntrodu\u00e7\u00e3o aos conceitos b\u00e1sicos sobre tecnologia e inova\u00e7\u00e3o, no contexto da gest\u00e3o empresarial e sua evolu\u00e7\u00e3o. Sistemas de inova\u00e7\u00e3o setoriais e nacionais. Pol\u00edticas de incentivo governamentais e o financiamento da tecnologia e inova\u00e7\u00e3o. As implica\u00e7\u00f5es da tecnologia e da inova\u00e7\u00e3o para a estrat\u00e9gia, o desempenho e a competitividade empresarial. As rela\u00e7\u00f5es entre a tecnologia e inova\u00e7\u00e3o e as demais \u00e1reas organizacionais.<br \/>\n<u><a href=\"https:\/\/www3.unicentro.br\/ppgadm\/wp-content\/uploads\/sites\/16\/2021\/05\/Programa-disciplina-Inovacao-e-Tecnologia-2020.pdf\">Plano de Ensino<\/a><\/u><\/p>\n<p>[\/vc_column_text][\/vc_tta_section][\/vc_tta_accordion][vc_column][\/vc_column][vc_tta_accordion style=&#8221;flat&#8221; shape=&#8221;square&#8221; color=&#8221;peacoc&#8221; spacing=&#8221;1&#8243; active_section=&#8221;0&#8243; no_fill=&#8221;true&#8221; collapsible_all=&#8221;true&#8221; title=&#8221;<strong>DISCIPLINAS OPTATIVAS OFERTADAS<\/strong>&#8220;][vc_tta_section title=&#8221;MAD-150 Gest\u00e3o Estrat\u00e9gica de Pessoas &#8211; 2 cr\u00e9ditos&#8221; tab_id=&#8221;1576695505426-1de07b18-c5f6&#8243;][vc_column_text]Docente respons\u00e1vel: Prof. Dr. Sandra Mara de Andrade<br \/>\n<strong>Ementa:<\/strong><br \/>\nPrincipais atribui\u00e7\u00f5es da \u00c1rea de Gest\u00e3o de Pessoas. A evolu\u00e7\u00e3o da \u00e1rea de Gest\u00e3o de Pessoas: modelos organizacionais. Gest\u00e3o Estrat\u00e9gica de Pessoas. Alinhamento entre estrat\u00e9gia empresarial e gest\u00e3o de pessoas.<br \/>\n<a href=\"https:\/\/www3.unicentro.br\/ppgadm\/wp-content\/uploads\/sites\/16\/2021\/05\/Plano-de-Ensino-GEP-profa-Gislaine.pdf\"><u>Plano de Ensino<\/u><\/a><\/p>\n<p>[\/vc_column_text][\/vc_tta_section][vc_tta_section title=&#8221;MAD-151 Capacidade Din\u00e2mica e de Inova\u00e7\u00e3o &#8211; 2 cr\u00e9ditos&#8221; tab_id=&#8221;1576695752740-88ab6d98-2202&#8243;][vc_column_text]Docente respons\u00e1vel: Prof. Dr.\u00a0 Jo\u00e3o Francisco Morozini<br \/>\n<strong>Ementa:<\/strong><br \/>\nResource Basic Review (RBV), a capacidade din\u00e2mica e a capacidade de inova\u00e7\u00e3o para an\u00e1lise competitiva das empresas. Pesquisas de estrat\u00e9gias organizacionais, a capacidade din\u00e2mica e capacidade de inova\u00e7\u00e3o.<br \/>\n<u>Plano de Ensino<\/u><\/p>\n<p>[\/vc_column_text][\/vc_tta_section][vc_tta_section title=&#8221;MAD-152 Gest\u00e3o Estrat\u00e9gica da Tecnologia &#8211; 2 cr\u00e9ditos&#8221; tab_id=&#8221;1576695752759-4012b63d-9d77&#8243;][vc_column_text]Docente respons\u00e1vel: Prof. Dr. Marcos Roberto K\u00fchl<br \/>\n<strong>Ementa:<\/strong><br \/>\nGest\u00e3o da inova\u00e7\u00e3o tecnol\u00f3gica. Estrat\u00e9gias tecnol\u00f3gicas. Desenvolvimento de novos produtos. Construindo condi\u00e7\u00f5es para inova\u00e7\u00e3o tecnol\u00f3gica. Sistematizando a inova\u00e7\u00e3o tecnol\u00f3gica. Aprimorando a competitividade organizacional.<br \/>\n<u>Plano de Ensino<\/u><\/p>\n<p>[\/vc_column_text][\/vc_tta_section][vc_tta_section title=&#8221;MAD-153 Gest\u00e3o da Ecoinova\u00e7\u00e3o &#8211; 2 cr\u00e9ditos&#8221; tab_id=&#8221;1576695752776-2ac50941-68a3&#8243;][vc_column_text]Docente respons\u00e1vel: Prof. Dr. &#8230;<br \/>\n<strong>Ementa:<\/strong><br \/>\nFundamentos de sustentabilidade e panorama hist\u00f3rico. Acordos internacionais e exig\u00eancias frente \u00e0 globaliza\u00e7\u00e3o. Legisla\u00e7\u00e3o ambiental brasileira e certifica\u00e7\u00f5es. Conceitos, caracteriza\u00e7\u00e3o e tipologias de ecoinova\u00e7\u00e3o. Barreiras e condutores da ecoinova\u00e7\u00e3o. M\u00e9tricas e indicadores de ecoinova\u00e7\u00e3o. Estrat\u00e9gias de ecoinova\u00e7\u00e3o e a competitividade. Sistemas de Gest\u00e3o Ambiental. Auditorias ambientais.<br \/>\n<u>Plano de Ensino<\/u><\/p>\n<p>[\/vc_column_text][\/vc_tta_section][vc_tta_section title=&#8221;MAD-154 Tecnologia Social &#8211; 2 cr\u00e9ditos&#8221; tab_id=&#8221;1576695752792-d15c26cb-eb00&#8243;][vc_column_text]Docente respons\u00e1vel: Prof. Dr. &#8230;<br \/>\n<strong>Ementa:<\/strong><br \/>\nCi\u00eancia, Tecnologia e Sociedade. Teoria Cr\u00edtica da Tecnologia. Constru\u00e7\u00e3o Social da Tecnologia. Abordagens da Tecnologia. Tecnologias Alternativas. Tecnologia Social. Adequa\u00e7\u00e3o Socio-t\u00e9cnica.<br \/>\n<u>Plano de Ensino<\/u><\/p>\n<p>[\/vc_column_text][\/vc_tta_section][vc_tta_section title=&#8221;MAD-155 Economia da Inova\u00e7\u00e3o e Tecnologia &#8211; 2 cr\u00e9ditos&#8221; tab_id=&#8221;1576695752811-5d606549-f173&#8243;][vc_column_text]Docente respons\u00e1vel: Prof. Dr. Zoraide da Fonseca Costa<br \/>\n<strong>Ementa:<\/strong><br \/>\nConfigura\u00e7\u00e3o da Economia da Inova\u00e7\u00e3o. A vis\u00e3o schumpteriana e neoschumpteriana da inova\u00e7\u00e3o. Mercado, empresa e inova\u00e7\u00e3o. Inova\u00e7\u00e3o tecnol\u00f3gica de produto e de processo (TPP). Ambiente Institucional da inova\u00e7\u00e3o: pol\u00edtica, sistemas e competitividade.<\/p>\n<p><a href=\"https:\/\/www3.unicentro.br\/ppgadm\/wp-content\/uploads\/sites\/16\/2021\/05\/Economia-de-Inovacao-e-Tecnologia.pdf\"><u>Plano de Ensino<\/u><\/a><\/p>\n<p>[\/vc_column_text][\/vc_tta_section][vc_tta_section title=&#8221;MAD-156 Gest\u00e3o do Conhecimento Estrat\u00e9gico &#8211; 2 cr\u00e9ditos&#8221; tab_id=&#8221;1495457232240-b03c06e4-7124&#8243;][vc_column_text]Docente respons\u00e1vel: Prof. Dr. Sandro Rautenberg<br \/>\n<strong>Ementa:<\/strong><br \/>\nConceitos de Gest\u00e3o do Conhecimento; Modelos de Gest\u00e3o do Conhecimento; Conceitos de Gest\u00e3o do Conhecimento Estrat\u00e9gicos; Modelos de Gest\u00e3o do Conhecimento Estrat\u00e9gico; Sistemas de Informa\u00e7\u00e3o.<\/p>\n<p><u>Plano de Ensino<\/u><\/p>\n<p>[\/vc_column_text][\/vc_tta_section][vc_tta_section title=&#8221;MAD-157 Gest\u00e3o Estrat\u00e9gica da Sustentabilidade nas Organiza\u00e7\u00f5es &#8211; 2 cr\u00e9ditos&#8221; tab_id=&#8221;1576695752848-04c490df-64be&#8221;][vc_column_text]Docente respons\u00e1vel: Prof. Dr. Silvio Roberto Stefano<br \/>\n<strong>Ementa:<\/strong><br \/>\nSustentabilidade e desenvolvimento sustent\u00e1vel. Contexto estrat\u00e9gico para gest\u00e3o da sustentabilidade. Modelos para gest\u00e3o da sustentabilidade organizacional. Alinhamento entre estrat\u00e9gia e sustentabilidade organizacional. Interrela\u00e7\u00e3o entre organiza\u00e7\u00e3o, ambiente e sustentabilidade.<\/p>\n<p><u>Plano de Ensino<\/u><\/p>\n<p>[\/vc_column_text][\/vc_tta_section][vc_tta_section title=&#8221;MAD-158 Marketing Estrat\u00e9gico e de Inova\u00e7\u00e3o &#8211; 2 cr\u00e9ditos&#8221; tab_id=&#8221;1576695752874-d86c48ce-ffce&#8221;][vc_column_text]Docente respons\u00e1vel: Prof. Dr. Luiz Fernando Lara<br \/>\n<strong>Ementa:<\/strong><br \/>\nMarketing estrat\u00e9gico e estrat\u00e9gias de marketing. A empresa voltada para o mercado. Estrat\u00e9gias corporativas e estrat\u00e9gias de marketing. Estrat\u00e9gias de marketing e vantagem competitiva. Estrat\u00e9gias de segmenta\u00e7\u00e3o, targeting e posicionamento de mercado. Estrat\u00e9gias de relacionamento com o cliente. Estrat\u00e9gias de produto. Inova\u00e7\u00e3o e estrat\u00e9gias de novos produtos. Estrat\u00e9gias de marcas. Estrat\u00e9gias de Pre\u00e7o. Estrat\u00e9gias de distribui\u00e7\u00e3o. Estrat\u00e9gias de Promo\u00e7\u00e3o (comunica\u00e7\u00e3o integrada de marketing). Estrat\u00e9gias de marketing internacional. Estrat\u00e9gias de marketing de servi\u00e7os. Estrat\u00e9gias de marketing digital. Plano de marketing. Controle das estrat\u00e9gias de marketing.<br \/>\n<a href=\"https:\/\/www3.unicentro.br\/ppgadm\/wp-content\/uploads\/sites\/16\/2021\/05\/Marketing-Estrategico-e-de-Inovacao.pdf\"><u>Plano de Ensino<\/u><\/a><\/p>\n<p>[\/vc_column_text][\/vc_tta_section][vc_tta_section title=&#8221;MAD-159 Gest\u00e3o Estrat\u00e9gica de Processos &#8211; 2 cr\u00e9ditos&#8221; tab_id=&#8221;1576695752902-1132c06e-bbba&#8221;][vc_column_text]Docente respons\u00e1vel: Prof. Dr. &#8230;<br \/>\n<strong>Ementa:<\/strong><br \/>\nProcessos, produtividade, custos e competitividade. As etapas da Gest\u00e3o Estrat\u00e9gica de Processos. Modelagem de processos. Gest\u00e3o de Projetos e Processos organizacionais. Ferramentas aplicadas a Gest\u00e3o estrat\u00e9gica dos processos.<\/p>\n<p><u>Plano de Ensino<\/u><\/p>\n<p>[\/vc_column_text][\/vc_tta_section][vc_tta_section title=&#8221;MAD-160 Cidades Estrat\u00e9gicas Inteligentes &#8211; 2 cr\u00e9ditos&#8221; tab_id=&#8221;1576695752924-018888d7-cf6c&#8221;][vc_column_text]Docente respons\u00e1vel: Prof. Dr. Silvio Roberto Stefano<br \/>\n<strong>Ementa:<\/strong><br \/>\nDesenvolvimento sustent\u00e1vel e suas interrela\u00e7\u00f5es. Cidades sustent\u00e1veis. Cidades estrat\u00e9gicas, planejamento e pol\u00edticas p\u00fablicas. Eixos estrat\u00e9gicos para cidades estrat\u00e9gicas sustent\u00e1veis.<\/p>\n<p><u>Plano de Ensino<\/u><\/p>\n<p>[\/vc_column_text][\/vc_tta_section][vc_tta_section title=&#8221;MAD-161 Inova\u00e7\u00e3o e Empreendedorismo &#8211; 2 cr\u00e9ditos&#8221; tab_id=&#8221;1576695752942-39310630-bba3&#8243;][vc_column_text]Docente respons\u00e1vel: Prof. Dr. &#8230;<br \/>\n<strong>Ementa:<\/strong><br \/>\nEmpreendedorismo. Oportunidades para Inova\u00e7\u00e3o. Organiza\u00e7\u00e3o da inova\u00e7\u00e3o e empreendedorismo. Empreendedorismo e novos neg\u00f3cios. Empreendedorismo social e inova\u00e7\u00e3o. Desenvolvimento de compet\u00eancias pessoais. Gest\u00e3o da inova\u00e7\u00e3o e do empreendedorismo.<br \/>\n<a href=\"https:\/\/www3.unicentro.br\/ppgadm\/wp-content\/uploads\/sites\/16\/2021\/05\/Plano-de-Ensino-Inovacao-e-Empreendedorismo-2020.pdf\"><u>Plano de Ensino<\/u><\/a><\/p>\n<p>[\/vc_column_text][\/vc_tta_section][vc_tta_section title=&#8221;MAD-162 Gest\u00e3o de Tecnologias Emergentes &#8211; 2 cr\u00e9ditos&#8221; tab_id=&#8221;1576695752966-b3e2986e-f473&#8243;][vc_column_text]Docente respons\u00e1vel: Prof. Dr. &#8230;<br \/>\n<strong>Ementa:<\/strong><br \/>\nAvaliando tecnologias emergentes. Avaliando os mercados. Criando estrat\u00e9gias. Avaliando as possibilidades futuras. Repensando a organiza\u00e7\u00e3o.<br \/>\n<u>Plano de Ensino<\/u><\/p>\n<p>[\/vc_column_text][\/vc_tta_section][vc_tta_section title=&#8221;MAD-163 Decis\u00f5es Estrat\u00e9gicas de Investimento &#8211; 2 cr\u00e9ditos&#8221; tab_id=&#8221;1576695752983-1e8308af-70cb&#8221;][vc_column_text]Docente respons\u00e1vel: Prof. Dr. Leo Raifur<br \/>\n<strong>Ementa:<\/strong><br \/>\nAn\u00e1lise de Risco no ambiente de investimentos; T\u00e9cnicas de or\u00e7amento de capital; Fluxo de Caixa de Projetos; Avalia\u00e7\u00e3o de empresas e gest\u00e3o baseada em valor.<br \/>\n<u>Plano de Ensino<\/u><\/p>\n<p>[\/vc_column_text][\/vc_tta_section][vc_tta_section title=&#8221;MAD-164 Finan\u00e7as Corporativas Estrat\u00e9gicas &#8211; 2 cr\u00e9ditos&#8221; tab_id=&#8221;1576695753002-2a868afe-c72a&#8221;][vc_column_text]Docente respons\u00e1vel: Prof. Dr. L\u00e9o Raifur<br \/>\n<strong>Ementa:<\/strong><br \/>\nGest\u00e3o estrat\u00e9gica das finan\u00e7as de curto prazo; custo e estrutura de capital; Alavancagem; Reestrutura\u00e7\u00e3o financeira.<br \/>\n<u>Plano de Ensino<\/u><\/p>\n<p>[\/vc_column_text][\/vc_tta_section][vc_tta_section title=&#8221;MAD-165\/167 T\u00f3picos em Estrat\u00e9gias I e II \u2013 2\/1 cr\u00e9ditos&#8221; tab_id=&#8221;1576695753026-68c4ab50-f93c&#8221;][vc_column_text]Docente respons\u00e1vel: Prof. Dr. &#8230;<br \/>\n<strong>Ementa:<\/strong><br \/>\nT\u00f3picos em Estrat\u00e9gia \/ T\u00f3picos Contempor\u00e2neos em Estrat\u00e9gia.<br \/>\n<u>Plano de Ensino<\/u><\/p>\n<p>[\/vc_column_text][\/vc_tta_section][vc_tta_section title=&#8221;MAD-166\/168 T\u00f3picos em Inova\u00e7\u00e3o e Tecnologia I e II \u2013 2\/1 cr\u00e9ditos&#8221; tab_id=&#8221;1576695753048-4e032442-b80a&#8221;][vc_column_text]Docente respons\u00e1vel: Prof. Dr. &#8230;<br \/>\n<strong>Ementa:<\/strong><br \/>\nT\u00f3picos em Inova\u00e7\u00e3o e Tecnologia \/ T\u00f3picos Contempor\u00e2neos em Inova\u00e7\u00e3o e Tecnologia.<br \/>\n<u>Plano de Ensino<\/u><\/p>\n<p>[\/vc_column_text][\/vc_tta_section][vc_column][\/vc_column][vc_column][\/vc_column][vc_column][\/vc_column][\/vc_tta_accordion][\/vc_row][vc_row][vc_column][vc_column_text]\u00a0[\/vc_column_text][\/vc_column][\/vc_row]<\/p>\n<\/div>","protected":false},"excerpt":{"rendered":"<p>[vc_row][vc_tta_accordion style=&#8221;flat&#8221; shape=&#8221;square&#8221; color=&#8221;peacoc&#8221; spacing=&#8221;1&#8243; active_section=&#8221;0&#8243; no_fill=&#8221;true&#8221; collapsible_all=&#8221;true&#8221; title=&#8221;DISCIPLINAS OBRIGAT\u00d3RIAS&#8220;][vc_column][\/vc_column][vc_tta_section title=&#8221;MAD-102 Teoria Organizacional &#8211; 4 cr\u00e9ditos&#8221; tab_id=&#8221;1495456837488-5cd4da22-db27&#8243;][vc_column_text]Docente respons\u00e1vel: Prof. Dr. Luciano Ferreira de Lima Ementa: Evolu\u00e7\u00e3o da teoria organizacional. Principais abordagens, escolas, modelos e met\u00e1foras de compreens\u00e3o do pensamento organizacional cl\u00e1ssico, neocl\u00e1ssico e contempor\u00e2neo (teoria institucional, teoria dos Stakeholders, RBV \u2013 Vis\u00e3o Baseada em Recursos; [&hellip;]<\/p>\n","protected":false},"author":3,"featured_media":0,"parent":0,"menu_order":0,"comment_status":"closed","ping_status":"closed","template":"","meta":{"_exactmetrics_skip_tracking":false,"_exactmetrics_sitenote_active":false,"_exactmetrics_sitenote_note":"","_exactmetrics_sitenote_category":0,"footnotes":"","_links_to":"","_links_to_target":""},"class_list":["post-19","page","type-page","status-publish","hentry"],"publishpress_future_action":{"enabled":false,"date":"2026-04-28 06:30:09","action":"change-status","newStatus":"draft","terms":[],"taxonomy":"","extraData":[]},"publishpress_future_workflow_manual_trigger":{"enabledWorkflows":[]},"_links":{"self":[{"href":"https:\/\/www3.unicentro.br\/ppgadm\/wp-json\/wp\/v2\/pages\/19","targetHints":{"allow":["GET"]}}],"collection":[{"href":"https:\/\/www3.unicentro.br\/ppgadm\/wp-json\/wp\/v2\/pages"}],"about":[{"href":"https:\/\/www3.unicentro.br\/ppgadm\/wp-json\/wp\/v2\/types\/page"}],"author":[{"embeddable":true,"href":"https:\/\/www3.unicentro.br\/ppgadm\/wp-json\/wp\/v2\/users\/3"}],"replies":[{"embeddable":true,"href":"https:\/\/www3.unicentro.br\/ppgadm\/wp-json\/wp\/v2\/comments?post=19"}],"version-history":[{"count":1,"href":"https:\/\/www3.unicentro.br\/ppgadm\/wp-json\/wp\/v2\/pages\/19\/revisions"}],"predecessor-version":[{"id":4597,"href":"https:\/\/www3.unicentro.br\/ppgadm\/wp-json\/wp\/v2\/pages\/19\/revisions\/4597"}],"wp:attachment":[{"href":"https:\/\/www3.unicentro.br\/ppgadm\/wp-json\/wp\/v2\/media?parent=19"}],"curies":[{"name":"wp","href":"https:\/\/api.w.org\/{rel}","templated":true}]}}