{"id":13,"date":"2019-07-22T18:32:56","date_gmt":"2019-07-22T21:32:56","guid":{"rendered":"https:\/\/www3.unicentro.br\/ppgadm\/?page_id=13"},"modified":"2025-07-29T17:03:19","modified_gmt":"2025-07-29T20:03:19","slug":"coordenadores","status":"publish","type":"page","link":"https:\/\/www3.unicentro.br\/ppgadm\/coordenadores\/","title":{"rendered":"Coordenadores"},"content":{"rendered":"<div class=\"wpb-content-wrapper\"><p>[vc_row][vc_column][vc_column_text css=&#8221;&#8221;]<\/p>\n<h3>ATUAL<\/h3>\n<p><em>Bi\u00eanio:<\/em> 2025-2026<\/p>\n<p><strong>Coordenador: <\/strong>Prof. Dr. Jo\u00e3o Francisco Morozini<\/p>\n<p><strong>Vice-Coordenadora:<\/strong> Profa. Dra. Zoraide da Fonseca Costa<\/p>\n<p>&nbsp;<\/p>\n<h3>HIST\u00d3RICO<\/h3>\n<p><em>Bi\u00eanio:<\/em>&nbsp;2013-2014<\/p>\n<p><strong>Coordenador:<\/strong> Prof. Dr.&nbsp;Silvio Roberto Stefano<\/p>\n<p><strong>Vice-Coordenador:<\/strong> Prof. Dr.&nbsp;Jo\u00e3o Francisco Morozini<\/p>\n<p>&nbsp;<\/p>\n<p><em>Bi\u00eanio:<\/em>&nbsp;2015-2016<\/p>\n<p><strong>Coordenador:<\/strong> Prof. Dr.&nbsp;Silvio Roberto Stefano<\/p>\n<p><strong>Vice-Coordenador:<\/strong> Prof. Dr. Marcos Roberto K\u00fchl<\/p>\n<p>&nbsp;<\/p>\n<p><em>Bi\u00eanio:<\/em> 2017-2018<\/p>\n<p><strong>Coordenador:<\/strong> Prof. Dr. Marcos Roberto K\u00fchl<\/p>\n<p><strong>Vice-Coordenador:<\/strong> Prof. Dr. Marcos de Castro<\/p>\n<p>&nbsp;<\/p>\n<p><em>Bi\u00eanio:<\/em> 2019-2020<\/p>\n<p><strong>Coordenador:<\/strong> Prof. Dr. Marcos Roberto K\u00fchl<\/p>\n<p><strong>Vice-Coordenador:<\/strong> Prof. Dr. Marcos de Castro<\/p>\n<p>&nbsp;<\/p>\n<p><em>Bi\u00eanio:<\/em> 2021-2022<\/p>\n<p><strong>Coordenadora:<\/strong> Profa. Dra. Zoraide da Fonseca Costa<\/p>\n<p><strong>Vice-Coordenador:<\/strong> Prof. Dr. Marcos Roberto K\u00fchl<\/p>\n<p>&nbsp;<\/p>\n<p><em>Bi\u00eanio:<\/em> 2023-2024<\/p>\n<p><strong>Coordenadora:<\/strong> Profa. Dra. Zoraide da Fonseca Costa<\/p>\n<p><strong>Vice-Coordenador:<\/strong> Prof. Dr. Jo\u00e3o Francisco Morozini[\/vc_column_text][\/vc_column][\/vc_row]<\/p>\n<\/div>","protected":false},"excerpt":{"rendered":"<p>[vc_row][vc_column][vc_column_text css=&#8221;&#8221;] ATUAL Bi\u00eanio: 2025-2026 Coordenador: Prof. Dr. Jo\u00e3o Francisco Morozini Vice-Coordenadora: Profa. Dra. Zoraide da Fonseca Costa &nbsp; HIST\u00d3RICO Bi\u00eanio:&nbsp;2013-2014 Coordenador: Prof. Dr.&nbsp;Silvio Roberto Stefano Vice-Coordenador: Prof. Dr.&nbsp;Jo\u00e3o Francisco Morozini &nbsp; Bi\u00eanio:&nbsp;2015-2016 Coordenador: Prof. Dr.&nbsp;Silvio Roberto Stefano Vice-Coordenador: Prof. Dr. Marcos Roberto K\u00fchl &nbsp; Bi\u00eanio: 2017-2018 Coordenador: Prof. Dr. Marcos Roberto K\u00fchl Vice-Coordenador: Prof. [&hellip;]<\/p>\n","protected":false},"author":3,"featured_media":0,"parent":0,"menu_order":0,"comment_status":"closed","ping_status":"closed","template":"","meta":{"_exactmetrics_skip_tracking":false,"_exactmetrics_sitenote_active":false,"_exactmetrics_sitenote_note":"","_exactmetrics_sitenote_category":0,"footnotes":"","_links_to":"","_links_to_target":""},"class_list":["post-13","page","type-page","status-publish","hentry"],"publishpress_future_action":{"enabled":false,"date":"2026-05-18 13:11:37","action":"change-status","newStatus":"draft","terms":[],"taxonomy":"","extraData":[]},"publishpress_future_workflow_manual_trigger":{"enabledWorkflows":[]},"_links":{"self":[{"href":"https:\/\/www3.unicentro.br\/ppgadm\/wp-json\/wp\/v2\/pages\/13","targetHints":{"allow":["GET"]}}],"collection":[{"href":"https:\/\/www3.unicentro.br\/ppgadm\/wp-json\/wp\/v2\/pages"}],"about":[{"href":"https:\/\/www3.unicentro.br\/ppgadm\/wp-json\/wp\/v2\/types\/page"}],"author":[{"embeddable":true,"href":"https:\/\/www3.unicentro.br\/ppgadm\/wp-json\/wp\/v2\/users\/3"}],"replies":[{"embeddable":true,"href":"https:\/\/www3.unicentro.br\/ppgadm\/wp-json\/wp\/v2\/comments?post=13"}],"version-history":[{"count":1,"href":"https:\/\/www3.unicentro.br\/ppgadm\/wp-json\/wp\/v2\/pages\/13\/revisions"}],"predecessor-version":[{"id":4454,"href":"https:\/\/www3.unicentro.br\/ppgadm\/wp-json\/wp\/v2\/pages\/13\/revisions\/4454"}],"wp:attachment":[{"href":"https:\/\/www3.unicentro.br\/ppgadm\/wp-json\/wp\/v2\/media?parent=13"}],"curies":[{"name":"wp","href":"https:\/\/api.w.org\/{rel}","templated":true}]}}