{"id":95,"date":"2023-05-22T17:13:34","date_gmt":"2023-05-22T20:13:34","guid":{"rendered":"https:\/\/www3.unicentro.br\/ppga\/?page_id=95"},"modified":"2023-05-22T17:13:34","modified_gmt":"2023-05-22T20:13:34","slug":"mestrado","status":"publish","type":"page","link":"https:\/\/www3.unicentro.br\/ppga\/discentes\/mestrado\/","title":{"rendered":"Mestrado"},"content":{"rendered":"<p>Turmas ingressantes desde o in\u00edcio do programa de mestrado<\/p>\n<ul>\n<li><a href=\"https:\/\/www3.unicentro.br\/ppga\/wp-content\/uploads\/sites\/154\/2023\/05\/1558530386_relacao_de_discentes_desde_o_inicio_mestrado.pdf\">Acessar rela\u00e7\u00e3o de turmas \u2192<\/a><\/li>\n<\/ul>\n","protected":false},"excerpt":{"rendered":"<p>Turmas ingressantes desde o in\u00edcio do programa de mestrado Acessar rela\u00e7\u00e3o de turmas \u2192<\/p>\n","protected":false},"author":3,"featured_media":0,"parent":93,"menu_order":0,"comment_status":"closed","ping_status":"closed","template":"","meta":{"_exactmetrics_skip_tracking":false,"_exactmetrics_sitenote_active":false,"_exactmetrics_sitenote_note":"","_exactmetrics_sitenote_category":0,"footnotes":"","_links_to":"","_links_to_target":""},"class_list":["post-95","page","type-page","status-publish","hentry"],"_links":{"self":[{"href":"https:\/\/www3.unicentro.br\/ppga\/wp-json\/wp\/v2\/pages\/95","targetHints":{"allow":["GET"]}}],"collection":[{"href":"https:\/\/www3.unicentro.br\/ppga\/wp-json\/wp\/v2\/pages"}],"about":[{"href":"https:\/\/www3.unicentro.br\/ppga\/wp-json\/wp\/v2\/types\/page"}],"author":[{"embeddable":true,"href":"https:\/\/www3.unicentro.br\/ppga\/wp-json\/wp\/v2\/users\/3"}],"replies":[{"embeddable":true,"href":"https:\/\/www3.unicentro.br\/ppga\/wp-json\/wp\/v2\/comments?post=95"}],"version-history":[{"count":0,"href":"https:\/\/www3.unicentro.br\/ppga\/wp-json\/wp\/v2\/pages\/95\/revisions"}],"up":[{"embeddable":true,"href":"https:\/\/www3.unicentro.br\/ppga\/wp-json\/wp\/v2\/pages\/93"}],"wp:attachment":[{"href":"https:\/\/www3.unicentro.br\/ppga\/wp-json\/wp\/v2\/media?parent=95"}],"curies":[{"name":"wp","href":"https:\/\/api.w.org\/{rel}","templated":true}]}}