{"id":78,"date":"2023-05-22T17:01:19","date_gmt":"2023-05-22T20:01:19","guid":{"rendered":"https:\/\/www3.unicentro.br\/ppga\/?page_id=78"},"modified":"2023-07-14T14:38:03","modified_gmt":"2023-07-14T17:38:03","slug":"regulamentos-e-portarias","status":"publish","type":"page","link":"https:\/\/www3.unicentro.br\/ppga\/legislacao\/regulamentos-e-portarias\/","title":{"rendered":"Regulamentos e portarias"},"content":{"rendered":"<p><span style=\"color: #000000\"><a style=\"color: #000000\" href=\"https:\/\/www3.unicentro.br\/ppga\/wp-content\/uploads\/sites\/154\/2023\/05\/Regulamento-Geral_PROPESP_2020.pdf\"><strong>Regulamento Geral P\u00f3s-Gradua\u00e7\u00e3o Strictu Sensu<\/strong><\/a><\/span><\/p>\n<div>&#8211; A regulamenta\u00e7\u00e3o da P\u00f3s-Gradua\u00e7\u00e3o Stricto Sensu na UNICENTRO est\u00e1 dispon\u00edvel em\u00a0<a href=\"https:\/\/www3.unicentro.br\/propesp\/pos-graduacao\/stricto-sensu\/legislacao\/\" target=\"_blank\" rel=\"noopener\" data-saferedirecturl=\"https:\/\/www.google.com\/url?q=https:\/\/www3.unicentro.br\/propesp\/pos-graduacao\/stricto-sensu\/legislacao\/&amp;source=gmail&amp;ust=1689442104494000&amp;usg=AOvVaw3BSM9OQKfNY0HXjJh1V1sD\">https:\/\/www3.unicentro.br\/propesp\/pos-graduacao\/stricto-sensu\/legislacao\/<\/a>, cabendo destaque aos seguintes regulamentos\/normas:<\/div>\n<div>\n<ul>\n<li>Regulamento da P\u00f3s-Gradua\u00e7\u00e3o Stricto Sensu, dispon\u00edvel em\u00a0<a href=\"https:\/\/sgu.unicentro.br\/pcatooficiais\/imprimir\/9CF8EC3F\" target=\"_blank\" rel=\"noopener\" data-saferedirecturl=\"https:\/\/www.google.com\/url?q=https:\/\/sgu.unicentro.br\/pcatooficiais\/imprimir\/9CF8EC3F&amp;source=gmail&amp;ust=1689442104494000&amp;usg=AOvVaw0Lf3etm2VI0_Lb2wpyWtCA\">https:\/\/sgu.unicentro.br\/pcatooficiais\/imprimir\/9CF8EC3F<\/a>, com altera\u00e7\u00e3o dispon\u00edvel em\u00a0<a href=\"https:\/\/www3.unicentro.br\/propesp\/wp-content\/uploads\/sites\/99\/2022\/07\/14_07_2022_documento_af5741908f3_62d015a0b034b.pdf\" target=\"_blank\" rel=\"noopener\" data-saferedirecturl=\"https:\/\/www.google.com\/url?q=https:\/\/www3.unicentro.br\/propesp\/wp-content\/uploads\/sites\/99\/2022\/07\/14_07_2022_documento_af5741908f3_62d015a0b034b.pdf&amp;source=gmail&amp;ust=1689442104494000&amp;usg=AOvVaw0Se4y1ZvDIPGsAuCWeC9Ri\">https:\/\/www3.unicentro.br\/propesp\/wp-content\/uploads\/sites\/99\/2022\/07\/14_07_2022_documento_af5741908f3_62d015a0b034b.pdf<\/a>.<\/li>\n<li>Planejamento Estrat\u00e9gico Institucional da P\u00f3s-Gradua\u00e7\u00e3o, dispon\u00edvel em\u00a0<a href=\"https:\/\/sgu.unicentro.br\/pcatooficiais\/imprimir\/2AAA2EFE\" target=\"_blank\" rel=\"noopener\" data-saferedirecturl=\"https:\/\/www.google.com\/url?q=https:\/\/sgu.unicentro.br\/pcatooficiais\/imprimir\/2AAA2EFE&amp;source=gmail&amp;ust=1689442104494000&amp;usg=AOvVaw2APcv_EvSpHTHzKT583-5Y\">https:\/\/sgu.unicentro.br\/pcatooficiais\/imprimir\/2AAA2EFE<\/a>.<\/li>\n<li>Regulamento do Processo de Autoavalia\u00e7\u00e3o dos PPGs, dispon\u00edvel em\u00a0<a href=\"https:\/\/sgu.unicentro.br\/pcatooficiais\/imprimir\/A78B853A\" target=\"_blank\" rel=\"noopener\" data-saferedirecturl=\"https:\/\/www.google.com\/url?q=https:\/\/sgu.unicentro.br\/pcatooficiais\/imprimir\/A78B853A&amp;source=gmail&amp;ust=1689442104494000&amp;usg=AOvVaw0y0UHh4XpmZRydDtvweNbZ\">https:\/\/sgu.unicentro.br\/pcatooficiais\/imprimir\/A78B853A<\/a>.<\/li>\n<li>Regulamento do processo eleitoral para Coordena\u00e7\u00e3o, Vice-Coordena\u00e7\u00e3o e Representa\u00e7\u00e3o Docente nos Colegiados dos PPGs, dispon\u00edvel em\u00a0<a href=\"https:\/\/sgu.unicentro.br\/pcatooficiais\/imprimir\/50D4E741\" target=\"_blank\" rel=\"noopener\" data-saferedirecturl=\"https:\/\/www.google.com\/url?q=https:\/\/sgu.unicentro.br\/pcatooficiais\/imprimir\/50D4E741&amp;source=gmail&amp;ust=1689442104494000&amp;usg=AOvVaw2wfFfEHpkmz3EUCmJ2uwgO\">https:\/\/sgu.unicentro.br\/pcatooficiais\/imprimir\/50D4E741<\/a>.<\/li>\n<li>Regulamento do Programa de Professor S\u00eanior, dispon\u00edvel em\u00a0<a href=\"https:\/\/sgu.unicentro.br\/pcatooficiais\/imprimir\/EAEAC2CE\" target=\"_blank\" rel=\"noopener\" data-saferedirecturl=\"https:\/\/www.google.com\/url?q=https:\/\/sgu.unicentro.br\/pcatooficiais\/imprimir\/EAEAC2CE&amp;source=gmail&amp;ust=1689442104494000&amp;usg=AOvVaw1s5zdr7EEBK4_PdrwJCY8s\">https:\/\/sgu.unicentro.br\/pcatooficiais\/imprimir\/EAEAC2CE<\/a>.<\/li>\n<li>Regulamento do Est\u00e1gio de P\u00f3s-Doutorado, dispon\u00edvel em\u00a0<a href=\"https:\/\/sgu.unicentro.br\/pcatooficiais\/imprimir\/A2A7111D\" target=\"_blank\" rel=\"noopener\" data-saferedirecturl=\"https:\/\/www.google.com\/url?q=https:\/\/sgu.unicentro.br\/pcatooficiais\/imprimir\/A2A7111D&amp;source=gmail&amp;ust=1689442104494000&amp;usg=AOvVaw1s2Y-YdQmQESRIijzHvoDn\">https:\/\/sgu.unicentro.br\/pcatooficiais\/imprimir\/A2A7111D<\/a>.<\/li>\n<li>Sobre o prazo para registro de conceito final em disciplinas da P\u00f3s-Gradua\u00e7\u00e3o Stricto Sensu, dispon\u00edvel em\u00a0<a href=\"https:\/\/www3.unicentro.br\/propesp\/wp-content\/uploads\/sites\/99\/2022\/07\/IN_02_22_PROPESP_Estabelece_prazo_para_registro_de_conceito_final_no_Lyceum_62c6cef9105db.pdf\" target=\"_blank\" rel=\"noopener\" data-saferedirecturl=\"https:\/\/www.google.com\/url?q=https:\/\/www3.unicentro.br\/propesp\/wp-content\/uploads\/sites\/99\/2022\/07\/IN_02_22_PROPESP_Estabelece_prazo_para_registro_de_conceito_final_no_Lyceum_62c6cef9105db.pdf&amp;source=gmail&amp;ust=1689442104494000&amp;usg=AOvVaw20Td6oNVp8L8bKSx135wv5\">https:\/\/www3.unicentro.br\/propesp\/wp-content\/uploads\/sites\/99\/2022\/07\/IN_02_22_PROPESP_Estabelece_prazo_para_registro_de_conceito_final_no_Lyceum_62c6cef9105db.pdf<\/a>.<\/li>\n<li>Sobre os par\u00e2metros e condi\u00e7\u00f5es para a comprova\u00e7\u00e3o da profici\u00eancia em l\u00edngua estrangeira, dispon\u00edvel em\u00a0<a href=\"https:\/\/www3.unicentro.br\/propesp\/wp-content\/uploads\/sites\/99\/2023\/04\/IN_01_23_PROPESP_Estabelece_par_metros_e_condi_es_para_comprova_o_de_profici_ncia_em_l_ngua_estrangeira_vers_o_final_643ff95a106d4.pdf\" target=\"_blank\" rel=\"noopener\" data-saferedirecturl=\"https:\/\/www.google.com\/url?q=https:\/\/www3.unicentro.br\/propesp\/wp-content\/uploads\/sites\/99\/2023\/04\/IN_01_23_PROPESP_Estabelece_par_metros_e_condi_es_para_comprova_o_de_profici_ncia_em_l_ngua_estrangeira_vers_o_final_643ff95a106d4.pdf&amp;source=gmail&amp;ust=1689442104494000&amp;usg=AOvVaw3twaf_ubhLcTeRipakrBJp\">https:\/\/www3.unicentro.br\/propesp\/wp-content\/uploads\/sites\/99\/2023\/04\/IN_01_23_PROPESP_Estabelece_par_metros_e_condi_es_para_comprova_o_de_profici_ncia_em_l_ngua_estrangeira_vers_o_final_643ff95a106d4.pdf<\/a>.<\/li>\n<li>Sobre a realiza\u00e7\u00e3o de bancas de defesa de tese ou disserta\u00e7\u00e3o ou trabalho de conclus\u00e3o de curso por meio videoconfer\u00eancia, dispon\u00edvel em\u00a0<a href=\"https:\/\/www3.unicentro.br\/propesp\/wp-content\/uploads\/sites\/99\/2022\/07\/IN_03_22_PROPESP_Estabelece_procedimentos_para_a_realiza_o_de_bancas_62d173099a145.pdf\" target=\"_blank\" rel=\"noopener\" data-saferedirecturl=\"https:\/\/www.google.com\/url?q=https:\/\/www3.unicentro.br\/propesp\/wp-content\/uploads\/sites\/99\/2022\/07\/IN_03_22_PROPESP_Estabelece_procedimentos_para_a_realiza_o_de_bancas_62d173099a145.pdf&amp;source=gmail&amp;ust=1689442104494000&amp;usg=AOvVaw2s10ehbhzONYHCF0-Fj_wf\">https:\/\/www3.unicentro.br\/propesp\/wp-content\/uploads\/sites\/99\/2022\/07\/IN_03_22_PROPESP_Estabelece_procedimentos_para_a_realiza_o_de_bancas_62d173099a145.pdf<\/a>.<\/li>\n<li>Sobre a proibi\u00e7\u00e3o de participa\u00e7\u00e3o de membros com v\u00ednculo familiar ou de parentesco em bancas de defesa de tese ou disserta\u00e7\u00e3o ou trabalho de conclus\u00e3o de curso, dispon\u00edvel em\u00a0<a href=\"https:\/\/www3.unicentro.br\/propesp\/wp-content\/uploads\/sites\/99\/2021\/07\/Instru_o_Normativa_3_20_Bancas_examinadoras_60eeed85f4023.pdf\" target=\"_blank\" rel=\"noopener\" data-saferedirecturl=\"https:\/\/www.google.com\/url?q=https:\/\/www3.unicentro.br\/propesp\/wp-content\/uploads\/sites\/99\/2021\/07\/Instru_o_Normativa_3_20_Bancas_examinadoras_60eeed85f4023.pdf&amp;source=gmail&amp;ust=1689442104494000&amp;usg=AOvVaw0B3CP4_PoiUPSMEzJIBIDc\">https:\/\/www3.unicentro.br\/propesp\/wp-content\/uploads\/sites\/99\/2021\/07\/Instru_o_Normativa_3_20_Bancas_examinadoras_60eeed85f4023.pdf<\/a>.<\/li>\n<\/ul>\n<\/div>\n<p>&nbsp;<\/p>\n<p><strong><span style=\"color: #000000\"><a style=\"color: #000000\" href=\"https:\/\/www3.unicentro.br\/ppga\/wp-content\/uploads\/sites\/154\/2023\/06\/Regulamento-PPGA_2022_aprovado.pdf\">Regulamento PPGA\u00a0<\/a><\/span><\/strong><\/p>\n<p>&nbsp;<\/p>\n","protected":false},"excerpt":{"rendered":"<p>Regulamento Geral P\u00f3s-Gradua\u00e7\u00e3o Strictu Sensu &#8211; A regulamenta\u00e7\u00e3o da P\u00f3s-Gradua\u00e7\u00e3o Stricto Sensu na UNICENTRO est\u00e1 dispon\u00edvel em\u00a0https:\/\/www3.unicentro.br\/propesp\/pos-graduacao\/stricto-sensu\/legislacao\/, cabendo destaque aos seguintes regulamentos\/normas: Regulamento da P\u00f3s-Gradua\u00e7\u00e3o Stricto Sensu, dispon\u00edvel em\u00a0https:\/\/sgu.unicentro.br\/pcatooficiais\/imprimir\/9CF8EC3F, com altera\u00e7\u00e3o dispon\u00edvel em\u00a0https:\/\/www3.unicentro.br\/propesp\/wp-content\/uploads\/sites\/99\/2022\/07\/14_07_2022_documento_af5741908f3_62d015a0b034b.pdf. Planejamento Estrat\u00e9gico Institucional da P\u00f3s-Gradua\u00e7\u00e3o, dispon\u00edvel em\u00a0https:\/\/sgu.unicentro.br\/pcatooficiais\/imprimir\/2AAA2EFE. Regulamento do Processo de Autoavalia\u00e7\u00e3o dos PPGs, dispon\u00edvel em\u00a0https:\/\/sgu.unicentro.br\/pcatooficiais\/imprimir\/A78B853A. Regulamento do processo eleitoral para Coordena\u00e7\u00e3o, [&hellip;]<\/p>\n","protected":false},"author":3,"featured_media":0,"parent":68,"menu_order":0,"comment_status":"closed","ping_status":"closed","template":"","meta":{"_exactmetrics_skip_tracking":false,"_exactmetrics_sitenote_active":false,"_exactmetrics_sitenote_note":"","_exactmetrics_sitenote_category":0,"footnotes":"","_links_to":"","_links_to_target":""},"class_list":["post-78","page","type-page","status-publish","hentry"],"_links":{"self":[{"href":"https:\/\/www3.unicentro.br\/ppga\/wp-json\/wp\/v2\/pages\/78","targetHints":{"allow":["GET"]}}],"collection":[{"href":"https:\/\/www3.unicentro.br\/ppga\/wp-json\/wp\/v2\/pages"}],"about":[{"href":"https:\/\/www3.unicentro.br\/ppga\/wp-json\/wp\/v2\/types\/page"}],"author":[{"embeddable":true,"href":"https:\/\/www3.unicentro.br\/ppga\/wp-json\/wp\/v2\/users\/3"}],"replies":[{"embeddable":true,"href":"https:\/\/www3.unicentro.br\/ppga\/wp-json\/wp\/v2\/comments?post=78"}],"version-history":[{"count":0,"href":"https:\/\/www3.unicentro.br\/ppga\/wp-json\/wp\/v2\/pages\/78\/revisions"}],"up":[{"embeddable":true,"href":"https:\/\/www3.unicentro.br\/ppga\/wp-json\/wp\/v2\/pages\/68"}],"wp:attachment":[{"href":"https:\/\/www3.unicentro.br\/ppga\/wp-json\/wp\/v2\/media?parent=78"}],"curies":[{"name":"wp","href":"https:\/\/api.w.org\/{rel}","templated":true}]}}