{"id":70,"date":"2023-05-22T16:54:57","date_gmt":"2023-05-22T19:54:57","guid":{"rendered":"https:\/\/www3.unicentro.br\/ppga\/?page_id=70"},"modified":"2025-10-30T10:44:53","modified_gmt":"2025-10-30T13:44:53","slug":"instrucoes-normativas","status":"publish","type":"page","link":"https:\/\/www3.unicentro.br\/ppga\/legislacao\/instrucoes-normativas\/","title":{"rendered":"Instru\u00e7\u00f5es Normativas"},"content":{"rendered":"<ul>\n<li><a href=\"https:\/\/www3.unicentro.br\/ppga\/wp-content\/uploads\/sites\/154\/2025\/10\/Instrucao-para-entrega-final-da-Dissertacao-tese_2025.pdf\">Instru\u00e7\u00e3o para entrega final da Disserta\u00e7\u00e3o-tese_2025<\/a><\/li>\n<li><a href=\"https:\/\/www3.unicentro.br\/ppga\/wp-content\/uploads\/sites\/154\/2023\/10\/Instrucao-Normativa-001-2023_Criterios-e-normas-para-bolsas-de-estudo.pdf\">Instru\u00e7\u00e3o Normativa 001-2023: Crit\u00e9rios e normas para bolsas de estudo<\/a><\/li>\n<li><a href=\"https:\/\/www3.unicentro.br\/ppga\/wp-content\/uploads\/sites\/154\/2025\/09\/Orientacoes-Gerais-Mestrado-e-Doutorado_setembro_2025.pdf\">Orienta\u00e7\u00f5es Gerais Mestrado e Doutorado_setembro_2025 (pdf)<\/a><\/li>\n<li><a href=\"https:\/\/www3.unicentro.br\/ppga\/wp-content\/uploads\/sites\/154\/2025\/09\/Orientacoes-Gerais-Mestrado-Doutorado-2025-1.pdf\">Orienta\u00e7\u00f5es Gerais Mestrado Doutorado 2025 (APRESENTA\u00c7\u00c3O)<\/a><\/li>\n<li><a href=\"https:\/\/www3.unicentro.br\/ppga\/wp-content\/uploads\/sites\/154\/2024\/06\/Instrucao-Normativa-001-2024_submissao-de-artigo-Doutorado.pdf\">Instru\u00e7\u00e3o Normativa 001-2024_submiss\u00e3o de artigo Doutorado<\/a><\/li>\n<li><a href=\"https:\/\/www3.unicentro.br\/ppga\/wp-content\/uploads\/sites\/154\/2024\/06\/Instrucao-Normativa-002-2024_obrigatoriedade-de-presenca-em-bancas.pdf\">Instru\u00e7\u00e3o Normativa 002-2024_obrigatoriedade de presen\u00e7a em bancas<\/a><\/li>\n<li><a href=\"https:\/\/www3.unicentro.br\/ppga\/wp-content\/uploads\/sites\/154\/2025\/05\/Instrucao-Normativa-003-2024_artigo-no-mestrado_homologacao-do-titulo.pdf\">Instru\u00e7\u00e3o Normativa 003-2024_homologa\u00e7\u00e3o do t\u00edtulo<\/a><\/li>\n<li><a href=\"https:\/\/www3.unicentro.br\/ppga\/wp-content\/uploads\/sites\/154\/2025\/05\/Instrucao-Normativa-004-2024_qualificacao-e-defesa-de-mestrado.pdf\">Instru\u00e7\u00e3o Normativa 004-2024_qualifica\u00e7\u00e3o e defesa de mestrado<\/a><\/li>\n<li><a href=\"https:\/\/www3.unicentro.br\/ppga\/wp-content\/uploads\/sites\/154\/2025\/05\/Instrucao-Normativa-005-2024_qualificacao-e-defesa-de-Doutorado.pdf\">Instru\u00e7\u00e3o Normativa 005-2024_qualifica\u00e7\u00e3o e defesa de Doutorado<\/a><\/li>\n<\/ul>\n","protected":false},"excerpt":{"rendered":"<p>Instru\u00e7\u00e3o para entrega final da Disserta\u00e7\u00e3o-tese_2025 Instru\u00e7\u00e3o Normativa 001-2023: Crit\u00e9rios e normas para bolsas de estudo Orienta\u00e7\u00f5es Gerais Mestrado e Doutorado_setembro_2025 (pdf) Orienta\u00e7\u00f5es Gerais Mestrado Doutorado 2025 (APRESENTA\u00c7\u00c3O) Instru\u00e7\u00e3o Normativa 001-2024_submiss\u00e3o de artigo Doutorado Instru\u00e7\u00e3o Normativa 002-2024_obrigatoriedade de presen\u00e7a em bancas Instru\u00e7\u00e3o Normativa 003-2024_homologa\u00e7\u00e3o do t\u00edtulo Instru\u00e7\u00e3o Normativa 004-2024_qualifica\u00e7\u00e3o e defesa de mestrado Instru\u00e7\u00e3o Normativa [&hellip;]<\/p>\n","protected":false},"author":3,"featured_media":0,"parent":68,"menu_order":0,"comment_status":"closed","ping_status":"closed","template":"","meta":{"_exactmetrics_skip_tracking":false,"_exactmetrics_sitenote_active":false,"_exactmetrics_sitenote_note":"","_exactmetrics_sitenote_category":0,"footnotes":"","_links_to":"","_links_to_target":""},"class_list":["post-70","page","type-page","status-publish","hentry"],"_links":{"self":[{"href":"https:\/\/www3.unicentro.br\/ppga\/wp-json\/wp\/v2\/pages\/70","targetHints":{"allow":["GET"]}}],"collection":[{"href":"https:\/\/www3.unicentro.br\/ppga\/wp-json\/wp\/v2\/pages"}],"about":[{"href":"https:\/\/www3.unicentro.br\/ppga\/wp-json\/wp\/v2\/types\/page"}],"author":[{"embeddable":true,"href":"https:\/\/www3.unicentro.br\/ppga\/wp-json\/wp\/v2\/users\/3"}],"replies":[{"embeddable":true,"href":"https:\/\/www3.unicentro.br\/ppga\/wp-json\/wp\/v2\/comments?post=70"}],"version-history":[{"count":2,"href":"https:\/\/www3.unicentro.br\/ppga\/wp-json\/wp\/v2\/pages\/70\/revisions"}],"predecessor-version":[{"id":2639,"href":"https:\/\/www3.unicentro.br\/ppga\/wp-json\/wp\/v2\/pages\/70\/revisions\/2639"}],"up":[{"embeddable":true,"href":"https:\/\/www3.unicentro.br\/ppga\/wp-json\/wp\/v2\/pages\/68"}],"wp:attachment":[{"href":"https:\/\/www3.unicentro.br\/ppga\/wp-json\/wp\/v2\/media?parent=70"}],"curies":[{"name":"wp","href":"https:\/\/api.w.org\/{rel}","templated":true}]}}