{"id":60,"date":"2023-05-22T16:40:52","date_gmt":"2023-05-22T19:40:52","guid":{"rendered":"https:\/\/www3.unicentro.br\/ppga\/?page_id=60"},"modified":"2025-10-30T10:55:12","modified_gmt":"2025-10-30T13:55:12","slug":"defesa","status":"publish","type":"page","link":"https:\/\/www3.unicentro.br\/ppga\/formularios\/defesa\/","title":{"rendered":"Defesa"},"content":{"rendered":"<div class=\"wpb-content-wrapper\"><p>[vc_row][vc_column][vc_column_text css=&#8221;&#8221;]<\/p>\n<ul>\n<li>\n<p class=\"western\"><strong><span style=\"color: #00a759\"><span style=\"font-family: inherit\"><span style=\"font-size: medium\"><span style=\"color: #000080\"><a href=\"https:\/\/www3.unicentro.br\/ppga\/wp-content\/uploads\/sites\/154\/2023\/07\/Presenca-em-defesas-1.doc\">Presen\u00e7a em defesas<\/a><\/span><\/span><\/span><\/span><\/strong><\/p>\n<\/li>\n<li>\n<p class=\"western\"><span style=\"font-family: georgia, palatino, serif;font-size: 12pt\"><strong><a href=\"https:\/\/www3.unicentro.br\/ppga\/wp-content\/uploads\/sites\/154\/2025\/05\/Requerimento-para-banca-de-defesa-do-Mestrado.doc\">Requerimento para banca de defesa do Mestrado<\/a><\/strong><\/span><\/p>\n<\/li>\n<li>\u00a0<span style=\"font-family: georgia, palatino, serif;font-size: 12pt\"><strong><a href=\"https:\/\/www3.unicentro.br\/ppga\/wp-content\/uploads\/sites\/154\/2025\/05\/Requerimento-banca-de-defesa-do-Doutorado.doc\">Requerimento banca de defesa do Doutorado<\/a><\/strong><\/span><\/li>\n<li><span style=\"font-family: georgia, palatino, serif;font-size: 12pt\">\u00a0<\/span><strong><span style=\"font-size: 12pt\"><a href=\"https:\/\/www3.unicentro.br\/ppga\/wp-content\/uploads\/sites\/154\/2025\/10\/Instrucao-para-entrega-final-da-Dissertacao-tese_2025-1.pdf\">Instru\u00e7\u00e3o para entrega final da Disserta\u00e7\u00e3o-tese_2025<\/a><\/span><\/strong><\/li>\n<li><span style=\"font-family: georgia, palatino, serif;font-size: 12pt\"><strong><a href=\"https:\/\/www3.unicentro.br\/ppga\/wp-content\/uploads\/sites\/154\/2025\/10\/Atestado-do-orientador_entrega-da-dissertacao-e-tese-2025.doc\">Atestado do orientador_entrega da disserta\u00e7\u00e3o e tese 2025<\/a><\/strong><\/span><\/li>\n<\/ul>\n<p>[\/vc_column_text][\/vc_column][\/vc_row]<\/p>\n<\/div>","protected":false},"excerpt":{"rendered":"<p>[vc_row][vc_column][vc_column_text css=&#8221;&#8221;] Presen\u00e7a em defesas Requerimento para banca de defesa do Mestrado \u00a0Requerimento banca de defesa do Doutorado \u00a0Instru\u00e7\u00e3o para entrega final da Disserta\u00e7\u00e3o-tese_2025 Atestado do orientador_entrega da disserta\u00e7\u00e3o e tese 2025 [\/vc_column_text][\/vc_column][\/vc_row]<\/p>\n","protected":false},"author":3,"featured_media":0,"parent":48,"menu_order":0,"comment_status":"closed","ping_status":"closed","template":"","meta":{"_exactmetrics_skip_tracking":false,"_exactmetrics_sitenote_active":false,"_exactmetrics_sitenote_note":"","_exactmetrics_sitenote_category":0,"footnotes":"","_links_to":"","_links_to_target":""},"class_list":["post-60","page","type-page","status-publish","hentry"],"_links":{"self":[{"href":"https:\/\/www3.unicentro.br\/ppga\/wp-json\/wp\/v2\/pages\/60","targetHints":{"allow":["GET"]}}],"collection":[{"href":"https:\/\/www3.unicentro.br\/ppga\/wp-json\/wp\/v2\/pages"}],"about":[{"href":"https:\/\/www3.unicentro.br\/ppga\/wp-json\/wp\/v2\/types\/page"}],"author":[{"embeddable":true,"href":"https:\/\/www3.unicentro.br\/ppga\/wp-json\/wp\/v2\/users\/3"}],"replies":[{"embeddable":true,"href":"https:\/\/www3.unicentro.br\/ppga\/wp-json\/wp\/v2\/comments?post=60"}],"version-history":[{"count":2,"href":"https:\/\/www3.unicentro.br\/ppga\/wp-json\/wp\/v2\/pages\/60\/revisions"}],"predecessor-version":[{"id":2643,"href":"https:\/\/www3.unicentro.br\/ppga\/wp-json\/wp\/v2\/pages\/60\/revisions\/2643"}],"up":[{"embeddable":true,"href":"https:\/\/www3.unicentro.br\/ppga\/wp-json\/wp\/v2\/pages\/48"}],"wp:attachment":[{"href":"https:\/\/www3.unicentro.br\/ppga\/wp-json\/wp\/v2\/media?parent=60"}],"curies":[{"name":"wp","href":"https:\/\/api.w.org\/{rel}","templated":true}]}}