{"id":58,"date":"2023-05-22T16:40:38","date_gmt":"2023-05-22T19:40:38","guid":{"rendered":"https:\/\/www3.unicentro.br\/ppga\/?page_id=58"},"modified":"2025-05-14T14:30:49","modified_gmt":"2025-05-14T17:30:49","slug":"qualificacao","status":"publish","type":"page","link":"https:\/\/www3.unicentro.br\/ppga\/formularios\/qualificacao\/","title":{"rendered":"Qualifica\u00e7\u00e3o"},"content":{"rendered":"<ul>\n<li>\n<p class=\"western\"><span style=\"font-size: 12pt;font-family: georgia, palatino, serif;color: #000000\"><strong><a href=\"https:\/\/www3.unicentro.br\/ppga\/wp-content\/uploads\/sites\/154\/2024\/04\/modelo_de_projeto_de_pesquisa_2024-1.docx\">modelo_de_projeto_de_pesquisa_2024<\/a><\/strong><\/span><\/p>\n<\/li>\n<li>\n<p class=\"western\"><span style=\"font-size: 12pt;font-family: georgia, palatino, serif;color: #000000\"><strong><a href=\"https:\/\/www3.unicentro.br\/ppga\/wp-content\/uploads\/sites\/154\/2023\/07\/Modelo-dissertacao-tese-2022-artigos.doc\">Modelo de disserta\u00e7ao\/tese &#8211; artigos<\/a><\/strong><\/span><\/p>\n<\/li>\n<li>\n<p class=\"western\"><span style=\"font-size: 12pt;font-family: georgia, palatino, serif;color: #000000\"><strong><a href=\"https:\/\/www3.unicentro.br\/ppga\/wp-content\/uploads\/sites\/154\/2023\/07\/Modelo-dissertacao-tese-2022-classico.doc\">Modelo de disserta\u00e7ao\/tese &#8211; cl\u00e1ssico<\/a>\u00a0<\/strong><\/span><\/p>\n<\/li>\n<li><strong><a href=\"https:\/\/www3.unicentro.br\/ppga\/wp-content\/uploads\/sites\/154\/2025\/05\/Requerimento-para-banca-de-qualificacao-do-Mestrado.doc\">Requerimento para banca de qualifica\u00e7\u00e3o do Mestrado<\/a><\/strong><\/li>\n<li><strong><a href=\"https:\/\/www3.unicentro.br\/ppga\/wp-content\/uploads\/sites\/154\/2025\/05\/Requerimento-para-banca-de-qualificacao-do-Doutorado.doc\">Requerimento para banca de qualifica\u00e7\u00e3o do Doutorado<\/a><\/strong><\/li>\n<\/ul>\n","protected":false},"excerpt":{"rendered":"<p>modelo_de_projeto_de_pesquisa_2024 Modelo de disserta\u00e7ao\/tese &#8211; artigos Modelo de disserta\u00e7ao\/tese &#8211; cl\u00e1ssico\u00a0 Requerimento para banca de qualifica\u00e7\u00e3o do Mestrado Requerimento para banca de qualifica\u00e7\u00e3o do Doutorado<\/p>\n","protected":false},"author":3,"featured_media":0,"parent":48,"menu_order":0,"comment_status":"closed","ping_status":"closed","template":"","meta":{"_exactmetrics_skip_tracking":false,"_exactmetrics_sitenote_active":false,"_exactmetrics_sitenote_note":"","_exactmetrics_sitenote_category":0,"footnotes":"","_links_to":"","_links_to_target":""},"class_list":["post-58","page","type-page","status-publish","hentry"],"_links":{"self":[{"href":"https:\/\/www3.unicentro.br\/ppga\/wp-json\/wp\/v2\/pages\/58","targetHints":{"allow":["GET"]}}],"collection":[{"href":"https:\/\/www3.unicentro.br\/ppga\/wp-json\/wp\/v2\/pages"}],"about":[{"href":"https:\/\/www3.unicentro.br\/ppga\/wp-json\/wp\/v2\/types\/page"}],"author":[{"embeddable":true,"href":"https:\/\/www3.unicentro.br\/ppga\/wp-json\/wp\/v2\/users\/3"}],"replies":[{"embeddable":true,"href":"https:\/\/www3.unicentro.br\/ppga\/wp-json\/wp\/v2\/comments?post=58"}],"version-history":[{"count":2,"href":"https:\/\/www3.unicentro.br\/ppga\/wp-json\/wp\/v2\/pages\/58\/revisions"}],"predecessor-version":[{"id":1923,"href":"https:\/\/www3.unicentro.br\/ppga\/wp-json\/wp\/v2\/pages\/58\/revisions\/1923"}],"up":[{"embeddable":true,"href":"https:\/\/www3.unicentro.br\/ppga\/wp-json\/wp\/v2\/pages\/48"}],"wp:attachment":[{"href":"https:\/\/www3.unicentro.br\/ppga\/wp-json\/wp\/v2\/media?parent=58"}],"curies":[{"name":"wp","href":"https:\/\/api.w.org\/{rel}","templated":true}]}}