{"id":56,"date":"2023-05-22T16:40:19","date_gmt":"2023-05-22T19:40:19","guid":{"rendered":"https:\/\/www3.unicentro.br\/ppga\/?page_id=56"},"modified":"2026-03-13T18:10:14","modified_gmt":"2026-03-13T21:10:14","slug":"bolsista","status":"publish","type":"page","link":"https:\/\/www3.unicentro.br\/ppga\/formularios\/bolsista\/","title":{"rendered":"Bolsista"},"content":{"rendered":"<div class=\"wpb-content-wrapper\"><p>[vc_row][vc_column][vc_column_text css=&#8221;&#8221;]<a href=\"https:\/\/www3.unicentro.br\/ppga\/wp-content\/uploads\/sites\/154\/2023\/06\/Comunicacao-de-ausencia_bolsista-1.doc\"><strong>Comunica\u00e7\u00e3o de aus\u00eancia_aluno bolsista<\/strong><\/a><\/p>\n<p><strong><a href=\"https:\/\/www3.unicentro.br\/ppga\/wp-content\/uploads\/sites\/154\/2026\/03\/Declaracao_Nao_Acumulo_Bolsa.doc\">Declara\u00e7\u00e3o_N\u00e3o_Ac\u00famulo_Bolsa<\/a><\/strong><\/p>\n<p><strong><a href=\"https:\/\/www3.unicentro.br\/ppga\/wp-content\/uploads\/sites\/154\/2024\/03\/Declaracao_Acumulo_Bolsas_CAPES.docx\">Declara\u00e7\u00e3o_Ac\u00famulo_Bolsas_CAPES<\/a><\/strong><\/p>\n<p><a href=\"https:\/\/www3.unicentro.br\/ppga\/wp-content\/uploads\/sites\/154\/2023\/10\/Instrucao-Normativa-001-2023_Criterios-e-normas-para-bolsas-de-estudo.pdf\"><strong>Instru\u00e7\u00e3o Normativa 001-2023: Crit\u00e9rios e normas para bolsas de estudo<\/strong><\/a><\/p>\n<p><strong><a href=\"https:\/\/www3.unicentro.br\/ppga\/wp-content\/uploads\/sites\/154\/2023\/07\/Relatorio-anual.doc\">Relat\u00f3rio anual<\/a><\/strong><\/p>\n<p><strong><a href=\"https:\/\/www3.unicentro.br\/ppga\/wp-content\/uploads\/sites\/154\/2025\/07\/Requerimento-para-bolsa-com-vinculo-empregaticio.doc\">Requerimento para bolsa com v\u00ednculo empregat\u00edcio<\/a><\/strong><\/p>\n<p><strong><a href=\"https:\/\/www3.unicentro.br\/ppga\/wp-content\/uploads\/sites\/154\/2026\/02\/Solicitacao-de-prorrogacao_bolsa-de-Doutorado.docx\">Solicita\u00e7\u00e3o de prorroga\u00e7\u00e3o_bolsa de Doutorado<\/a><\/strong><\/p>\n<p><strong><a href=\"https:\/\/www3.unicentro.br\/ppga\/wp-content\/uploads\/sites\/154\/2023\/06\/Termo-de-desistencia-de-bolsa.doc\">Termo de desist\u00eancia de bolsa<\/a><\/strong><\/p>\n<p>&nbsp;<\/p>\n<p><strong>\u00a0<\/strong>[\/vc_column_text][\/vc_column][\/vc_row]<\/p>\n<\/div>","protected":false},"excerpt":{"rendered":"<p>[vc_row][vc_column][vc_column_text css=&#8221;&#8221;]Comunica\u00e7\u00e3o de aus\u00eancia_aluno bolsista Declara\u00e7\u00e3o_N\u00e3o_Ac\u00famulo_Bolsa Declara\u00e7\u00e3o_Ac\u00famulo_Bolsas_CAPES Instru\u00e7\u00e3o Normativa 001-2023: Crit\u00e9rios e normas para bolsas de estudo Relat\u00f3rio anual Requerimento para bolsa com v\u00ednculo empregat\u00edcio Solicita\u00e7\u00e3o de prorroga\u00e7\u00e3o_bolsa de Doutorado Termo de desist\u00eancia de bolsa &nbsp; \u00a0[\/vc_column_text][\/vc_column][\/vc_row]<\/p>\n","protected":false},"author":3,"featured_media":0,"parent":48,"menu_order":0,"comment_status":"closed","ping_status":"closed","template":"","meta":{"_exactmetrics_skip_tracking":false,"_exactmetrics_sitenote_active":false,"_exactmetrics_sitenote_note":"","_exactmetrics_sitenote_category":0,"footnotes":"","_links_to":"","_links_to_target":""},"class_list":["post-56","page","type-page","status-publish","hentry"],"_links":{"self":[{"href":"https:\/\/www3.unicentro.br\/ppga\/wp-json\/wp\/v2\/pages\/56","targetHints":{"allow":["GET"]}}],"collection":[{"href":"https:\/\/www3.unicentro.br\/ppga\/wp-json\/wp\/v2\/pages"}],"about":[{"href":"https:\/\/www3.unicentro.br\/ppga\/wp-json\/wp\/v2\/types\/page"}],"author":[{"embeddable":true,"href":"https:\/\/www3.unicentro.br\/ppga\/wp-json\/wp\/v2\/users\/3"}],"replies":[{"embeddable":true,"href":"https:\/\/www3.unicentro.br\/ppga\/wp-json\/wp\/v2\/comments?post=56"}],"version-history":[{"count":3,"href":"https:\/\/www3.unicentro.br\/ppga\/wp-json\/wp\/v2\/pages\/56\/revisions"}],"predecessor-version":[{"id":2945,"href":"https:\/\/www3.unicentro.br\/ppga\/wp-json\/wp\/v2\/pages\/56\/revisions\/2945"}],"up":[{"embeddable":true,"href":"https:\/\/www3.unicentro.br\/ppga\/wp-json\/wp\/v2\/pages\/48"}],"wp:attachment":[{"href":"https:\/\/www3.unicentro.br\/ppga\/wp-json\/wp\/v2\/media?parent=56"}],"curies":[{"name":"wp","href":"https:\/\/api.w.org\/{rel}","templated":true}]}}