{"id":52,"date":"2023-06-19T14:48:04","date_gmt":"2023-06-19T17:48:04","guid":{"rendered":"https:\/\/www3.unicentro.br\/ppga\/?page_id=52"},"modified":"2025-06-13T16:35:45","modified_gmt":"2025-06-13T19:35:45","slug":"requerimentos","status":"publish","type":"page","link":"https:\/\/www3.unicentro.br\/ppga\/formularios\/requerimentos\/","title":{"rendered":"Requerimentos"},"content":{"rendered":"<p><strong><a href=\"https:\/\/www3.unicentro.br\/ppga\/wp-content\/uploads\/sites\/154\/2023\/06\/Aproveitamento-de-estudos-2.doc\">Aproveitamento de estudos<\/a><\/strong><\/p>\n<p><strong><a href=\"https:\/\/www3.unicentro.br\/ppga\/wp-content\/uploads\/sites\/154\/2023\/06\/Autorizacao-para-estudos-externos_doutorado-1.doc\">Autoriza\u00e7\u00e3o para estudos externos_doutorado<\/a><\/strong><\/p>\n<p><strong><a href=\"https:\/\/www3.unicentro.br\/ppga\/wp-content\/uploads\/sites\/154\/2023\/06\/Cancelamento-de-matricula-em-disciplinas-1.doc\">Cancelamento de matr\u00edcula em disciplinas<\/a><\/strong><\/p>\n<p><strong><a href=\"https:\/\/www3.unicentro.br\/ppga\/wp-content\/uploads\/sites\/154\/2023\/06\/carta-de-aceite_orientacao-1.doc\">Carta de aceite_orienta\u00e7\u00e3o<\/a><\/strong><\/p>\n<p><strong><a href=\"https:\/\/www3.unicentro.br\/ppga\/wp-content\/uploads\/sites\/154\/2023\/06\/Comprovante-de-exame-de-proficiencia.doc\">Comprovante de exame de profici\u00eancia<\/a><\/strong><\/p>\n<p><strong><a href=\"https:\/\/www3.unicentro.br\/ppga\/wp-content\/uploads\/sites\/154\/2023\/06\/Desistencia-de-orientacao.doc\">Desist\u00eancia de orienta\u00e7\u00e3o<\/a><\/strong><\/p>\n<p><strong><a href=\"https:\/\/www3.unicentro.br\/ppga\/wp-content\/uploads\/sites\/154\/2023\/06\/Desistencia-de-co-orientacao.doc\">Desist\u00eancia de co-orienta\u00e7\u00e3o<\/a><\/strong><\/p>\n<p><strong><a href=\"https:\/\/www3.unicentro.br\/ppga\/wp-content\/uploads\/sites\/154\/2023\/07\/Requerimento-de-co-orientacao.doc\">Requerimento para\u00a0 co-orienta\u00e7\u00e3o<\/a><\/strong><\/p>\n<p><strong><a href=\"https:\/\/www3.unicentro.br\/ppga\/wp-content\/uploads\/sites\/154\/2024\/09\/solicitacao_de_prorrogacao_qualificacao.doc\">Requerimento para prorroga\u00e7\u00e3o de qualifica\u00e7\u00e3o<\/a><\/strong><\/p>\n<p><strong><a href=\"https:\/\/www3.unicentro.br\/ppga\/wp-content\/uploads\/sites\/154\/2025\/06\/Requerimento-para-prorrogacao-defesa.doc\">Requerimento para prorrogacao defesa<\/a><\/strong><\/p>\n<p><strong><a href=\"https:\/\/www3.unicentro.br\/ppga\/wp-content\/uploads\/sites\/154\/2023\/06\/Requerimento-para-atuar-em-docencia_alunos-bolsistas.doc\">Requerimento para atuar em doc\u00eancia_alunos bolsistas<\/a><\/strong><\/p>\n<p><strong><a href=\"https:\/\/www3.unicentro.br\/ppga\/wp-content\/uploads\/sites\/154\/2024\/06\/transferencia-de-orientacao.doc\">Transfer\u00eancia de orienta\u00e7\u00e3o<\/a><\/strong><\/p>\n<p><strong><a href=\"https:\/\/www3.unicentro.br\/ppga\/wp-content\/uploads\/sites\/154\/2024\/03\/Trancamento-do-curso.pdf\">Trancamento do curso<\/a><\/strong><\/p>\n","protected":false},"excerpt":{"rendered":"<p>Aproveitamento de estudos Autoriza\u00e7\u00e3o para estudos externos_doutorado Cancelamento de matr\u00edcula em disciplinas Carta de aceite_orienta\u00e7\u00e3o Comprovante de exame de profici\u00eancia Desist\u00eancia de orienta\u00e7\u00e3o Desist\u00eancia de co-orienta\u00e7\u00e3o Requerimento para\u00a0 co-orienta\u00e7\u00e3o Requerimento para prorroga\u00e7\u00e3o de qualifica\u00e7\u00e3o Requerimento para prorrogacao defesa Requerimento para atuar em doc\u00eancia_alunos bolsistas Transfer\u00eancia de orienta\u00e7\u00e3o Trancamento do curso<\/p>\n","protected":false},"author":3,"featured_media":0,"parent":48,"menu_order":0,"comment_status":"closed","ping_status":"closed","template":"","meta":{"_exactmetrics_skip_tracking":false,"_exactmetrics_sitenote_active":false,"_exactmetrics_sitenote_note":"","_exactmetrics_sitenote_category":0,"footnotes":"","_links_to":"","_links_to_target":""},"class_list":["post-52","page","type-page","status-publish","hentry"],"_links":{"self":[{"href":"https:\/\/www3.unicentro.br\/ppga\/wp-json\/wp\/v2\/pages\/52","targetHints":{"allow":["GET"]}}],"collection":[{"href":"https:\/\/www3.unicentro.br\/ppga\/wp-json\/wp\/v2\/pages"}],"about":[{"href":"https:\/\/www3.unicentro.br\/ppga\/wp-json\/wp\/v2\/types\/page"}],"author":[{"embeddable":true,"href":"https:\/\/www3.unicentro.br\/ppga\/wp-json\/wp\/v2\/users\/3"}],"replies":[{"embeddable":true,"href":"https:\/\/www3.unicentro.br\/ppga\/wp-json\/wp\/v2\/comments?post=52"}],"version-history":[{"count":2,"href":"https:\/\/www3.unicentro.br\/ppga\/wp-json\/wp\/v2\/pages\/52\/revisions"}],"predecessor-version":[{"id":2135,"href":"https:\/\/www3.unicentro.br\/ppga\/wp-json\/wp\/v2\/pages\/52\/revisions\/2135"}],"up":[{"embeddable":true,"href":"https:\/\/www3.unicentro.br\/ppga\/wp-json\/wp\/v2\/pages\/48"}],"wp:attachment":[{"href":"https:\/\/www3.unicentro.br\/ppga\/wp-json\/wp\/v2\/media?parent=52"}],"curies":[{"name":"wp","href":"https:\/\/api.w.org\/{rel}","templated":true}]}}