{"id":50,"date":"2023-05-22T16:38:36","date_gmt":"2023-05-22T19:38:36","guid":{"rendered":"https:\/\/www3.unicentro.br\/ppga\/?page_id=50"},"modified":"2026-02-24T15:47:38","modified_gmt":"2026-02-24T18:47:38","slug":"matriculas","status":"publish","type":"page","link":"https:\/\/www3.unicentro.br\/ppga\/formularios\/matriculas\/","title":{"rendered":"Matr\u00edculas"},"content":{"rendered":"<p><span style=\"font-size: 18pt;color: #ff0000\"><strong>IN\u00cdCIO DAS AULAS DO 1\u00ba SEMESTRE DE 2026,\u00a0 <span style=\"text-decoration: underline\"><span style=\"color: #ff0000;text-decoration: underline\">DIA\u00a0 16\u00a0 DE MAR\u00c7O DE 2026<\/span><\/span><\/strong><\/span><\/p>\n<p><span style=\"font-size: 18pt;color: #ff0000\"><strong>Matr\u00edculas: De 2 a 6 de mar\u00e7o de 2026<\/strong><\/span><\/p>\n<p>&nbsp;<\/p>\n<p><span style=\"color: #008000\"><strong><span style=\"font-size: 14pt\"><a style=\"color: #008000\" href=\"https:\/\/www3.unicentro.br\/ppga\/wp-content\/uploads\/sites\/154\/2026\/02\/Horario-1o-semestre-2026.pdf\">Hor\u00e1rio 1\u00ba semestre 2026<\/a><\/span><\/strong><\/span><\/p>\n<p>&nbsp;<\/p>\n<p><strong><span style=\"font-size: 14pt;color: #000000\"><a href=\"https:\/\/www3.unicentro.br\/ppga\/wp-content\/uploads\/sites\/154\/2026\/02\/requerimento-de-matricula-1o-semestre-2026-Mestrado.doc\">Requerimento de matricula 1\u00ba semestre-2026-Mestrado (DOC)<\/a><\/span><\/strong><\/p>\n<p><strong><span style=\"font-size: 14pt;color: #000000\"><a href=\"https:\/\/www3.unicentro.br\/ppga\/wp-content\/uploads\/sites\/154\/2026\/02\/requerimento-de-matricula-1o-semestre-2026-Mestrado.pdf\">Requerimento de matricula 1\u00ba semestre-2026-Mestrado (PDF)<\/a><\/span><\/strong><\/p>\n<p><strong><span style=\"font-size: 14pt;color: #000000\"><a href=\"https:\/\/www3.unicentro.br\/ppga\/wp-content\/uploads\/sites\/154\/2026\/02\/requerimento-de-matricula-1o-semestre-2026-Doutorado.doc\">Requerimento de matricula 1\u00ba semestre-2026-Doutorado (DOC)<\/a><\/span><\/strong><\/p>\n<p><strong><span style=\"font-size: 14pt;color: #000000\"><a href=\"https:\/\/www3.unicentro.br\/ppga\/wp-content\/uploads\/sites\/154\/2026\/02\/requerimento-de-matricula-1o-semestre-2026-Doutorado.pdf\">Requerimento de matricula 1\u00ba semestre-2026-Doutorado (PDF)<\/a><\/span><\/strong><\/p>\n<p><span style=\"color: #ff0000\"><strong><span style=\"font-size: 14pt\">Observa\u00e7\u00f5es:\u00a0<\/span><\/strong><\/span><\/p>\n<ol>\n<li><strong><span style=\"font-size: 14pt;color: #000000\">Discentes que ir\u00e3o realizar Est\u00e1gio Supervisionado no 1o. semestre de 2026, entregar o Plano de Est\u00e1gio no ato da matr\u00edcula;<\/span><\/strong><\/li>\n<li><strong><span style=\"font-size: 14pt;color: #000000\">Discentes que realizaram Est\u00e1gio Supervisionado no 2o. semestre de 2025, entregar o Relat\u00f3rio de Est\u00e1gio no ato da matr\u00edcula;<\/span><\/strong><\/li>\n<li><strong><span style=\"font-size: 14pt;color: #000000\">Discentes bolsistas com data prevista para entrega de Relat\u00f3rio Anual, entregar no ato da matr\u00edcula;<\/span><\/strong><\/li>\n<li><strong><span style=\"font-size: 14pt;color: #000000\">Discentes bolsistas com v\u00ednculo empregat\u00edcio, atualizar as informa\u00e7\u00f5es no ato da matr\u00edcula (declara\u00e7\u00e3o de v\u00ednculo da institui\u00e7\u00e3o com carga hor\u00e1ria de trabalho);<\/span><\/strong><\/li>\n<li><strong><span style=\"font-size: 14pt;color: #000000\">Requerimento de co-orienta\u00e7\u00e3o (se for o caso), at\u00e9 a 2a. matr\u00edcula para Mestrado e at\u00e9 a 3a. matr\u00edcula para o Doutorado;<\/span><\/strong><\/li>\n<li><strong><span style=\"font-size: 14pt;color: #000000\">Discentes do Doutorado com pend\u00eancia do t\u00edtulo de Mestre apresentar o Diploma de Mestre ou comprovante de submiss\u00e3o do artigo (no caso de egresso do Mestrado do PPGA).\u00a0<\/span><\/strong><\/li>\n<li><strong><span style=\"font-size: 14pt;color: #000000\">Entregar os documentos devidamente datados e assinados, por email com assinatura do GOV.BR ou impresso com assinatura original na Secretaria do PPGA. <\/span><\/strong><\/li>\n<\/ol>\n<p>&nbsp;<\/p>\n","protected":false},"excerpt":{"rendered":"<p>IN\u00cdCIO DAS AULAS DO 1\u00ba SEMESTRE DE 2026,\u00a0 DIA\u00a0 16\u00a0 DE MAR\u00c7O DE 2026 Matr\u00edculas: De 2 a 6 de mar\u00e7o de 2026 &nbsp; Hor\u00e1rio 1\u00ba semestre 2026 &nbsp; Requerimento de matricula 1\u00ba semestre-2026-Mestrado (DOC) Requerimento de matricula 1\u00ba semestre-2026-Mestrado (PDF) Requerimento de matricula 1\u00ba semestre-2026-Doutorado (DOC) Requerimento de matricula 1\u00ba semestre-2026-Doutorado (PDF) Observa\u00e7\u00f5es:\u00a0 Discentes [&hellip;]<\/p>\n","protected":false},"author":3,"featured_media":0,"parent":48,"menu_order":0,"comment_status":"closed","ping_status":"closed","template":"","meta":{"_exactmetrics_skip_tracking":false,"_exactmetrics_sitenote_active":false,"_exactmetrics_sitenote_note":"","_exactmetrics_sitenote_category":0,"footnotes":"","_links_to":"","_links_to_target":""},"class_list":["post-50","page","type-page","status-publish","hentry"],"_links":{"self":[{"href":"https:\/\/www3.unicentro.br\/ppga\/wp-json\/wp\/v2\/pages\/50","targetHints":{"allow":["GET"]}}],"collection":[{"href":"https:\/\/www3.unicentro.br\/ppga\/wp-json\/wp\/v2\/pages"}],"about":[{"href":"https:\/\/www3.unicentro.br\/ppga\/wp-json\/wp\/v2\/types\/page"}],"author":[{"embeddable":true,"href":"https:\/\/www3.unicentro.br\/ppga\/wp-json\/wp\/v2\/users\/3"}],"replies":[{"embeddable":true,"href":"https:\/\/www3.unicentro.br\/ppga\/wp-json\/wp\/v2\/comments?post=50"}],"version-history":[{"count":2,"href":"https:\/\/www3.unicentro.br\/ppga\/wp-json\/wp\/v2\/pages\/50\/revisions"}],"predecessor-version":[{"id":2897,"href":"https:\/\/www3.unicentro.br\/ppga\/wp-json\/wp\/v2\/pages\/50\/revisions\/2897"}],"up":[{"embeddable":true,"href":"https:\/\/www3.unicentro.br\/ppga\/wp-json\/wp\/v2\/pages\/48"}],"wp:attachment":[{"href":"https:\/\/www3.unicentro.br\/ppga\/wp-json\/wp\/v2\/media?parent=50"}],"curies":[{"name":"wp","href":"https:\/\/api.w.org\/{rel}","templated":true}]}}