{"id":32,"date":"2023-05-22T16:27:30","date_gmt":"2023-05-22T19:27:30","guid":{"rendered":"https:\/\/www3.unicentro.br\/ppga\/?page_id=32"},"modified":"2023-06-17T16:18:05","modified_gmt":"2023-06-17T19:18:05","slug":"fale-conosco","status":"publish","type":"page","link":"https:\/\/www3.unicentro.br\/ppga\/informacoes-gerais\/fale-conosco\/","title":{"rendered":"Fale conosco"},"content":{"rendered":"<div class=\"wpb-content-wrapper\"><p>[vc_row][vc_column][vc_column_text]<\/p>\n<h3><span style=\"font-family: georgia, palatino, serif;font-size: 14pt;color: #333333\"><strong>Secretaria do Programa de P\u00f3s-Gradua\u00e7\u00e3o em Agronomia &#8211; PPGA<\/strong><\/span><\/h3>\n<p><span style=\"font-family: georgia, palatino, serif;font-size: 12pt;color: #333333\">Endere\u00e7o: Rua Sime\u00e3o Camargo Varela de S\u00e1, 03, Vila Carli &#8211; Campus Cedeteg<\/span><br \/>\n<span style=\"font-family: georgia, palatino, serif;font-size: 12pt;color: #333333\">CEP: 85040-080 \u2013 Guarapuava \u2013 PR<\/span><br \/>\n<span style=\"font-family: georgia, palatino, serif;font-size: 12pt;color: #333333\">Telefone: (42) 3629-8248<\/span><br \/>\n<span style=\"font-family: georgia, palatino, serif;font-size: 12pt;color: #333333\">E-mail: <strong><a style=\"color: #333333\" href=\"mailto:secretaria.ppga@gmail.com\">secretaria.ppga@gmail.com<\/a><\/strong><\/span>[\/vc_column_text][\/vc_column][\/vc_row][vc_row u_row_style=&#8221;0&#8243; u_row_paralax=&#8221;0&#8243; u_row_scheme=&#8221;0&#8243;][vc_column width=&#8221;1\/3&#8243;][vc_column_text]<\/p>\n<h3><strong><span style=\"font-family: georgia, palatino, serif;font-size: 10pt;color: #333333\">Prof. Dr. Renato Vasconcelos Botelho<\/span><\/strong><\/h3>\n<p><span style=\"font-family: georgia, palatino, serif;font-size: 10pt;color: #333333\">Coordenador do PPGA<\/span><br \/>\n<span style=\"font-family: georgia, palatino, serif;font-size: 10pt;color: #333333\"><strong>Email: <a style=\"color: #333333\" href=\"mailto:rbotelho@unicentro.br\">rbotelho@unicentro.br<\/a><\/strong><\/span><br \/>\n<span style=\"font-family: georgia, palatino, serif;font-size: 10pt;color: #333333\"><strong>Telefone:<\/strong> (42) 3629-8271<\/span>[\/vc_column_text][\/vc_column][vc_column width=&#8221;1\/3&#8243;][vc_column_text]<\/p>\n<h3><strong><span style=\"font-family: georgia, palatino, serif;font-size: 10pt;color: #333333\">Prof. Dr. Cristiano Andre Pott<\/span><\/strong><\/h3>\n<p><span style=\"font-family: georgia, palatino, serif;font-size: 10pt;color: #333333\">Vice-Coordenador do PPGA<\/span><br \/>\n<span style=\"font-family: georgia, palatino, serif;font-size: 10pt;color: #333333\"><strong>Email: cpott@unicentro.br<\/strong><\/span><br \/>\n<span style=\"font-family: georgia, palatino, serif;font-size: 10pt;color: #333333\"><strong>Telefone:<\/strong> (42) 3629-8271<\/span>[\/vc_column_text][\/vc_column][vc_column width=&#8221;1\/3&#8243;][vc_column_text]<\/p>\n<h3><strong><span style=\"font-family: georgia, palatino, serif;font-size: 10pt;color: #333333\">Lucilia da Rosa de Lima<\/span><\/strong><\/h3>\n<p><span style=\"font-family: georgia, palatino, serif;font-size: 10pt;color: #333333\">Secret\u00e1ria do PPGA<\/span><br \/>\n<span style=\"font-family: georgia, palatino, serif;font-size: 10pt;color: #333333\"><strong>E-mail: <a style=\"color: #333333\" href=\"mailto:lucilia@unicentro.br\">lucilia@unicentro.br<\/a><\/strong><\/span><br \/>\n<span style=\"font-family: georgia, palatino, serif;font-size: 10pt;color: #333333\"><strong>Telefone:<\/strong> (42) 3629-8248<\/span>[\/vc_column_text][\/vc_column][\/vc_row]<\/p>\n<\/div>","protected":false},"excerpt":{"rendered":"<p>[vc_row][vc_column][vc_column_text] Secretaria do Programa de P\u00f3s-Gradua\u00e7\u00e3o em Agronomia &#8211; PPGA Endere\u00e7o: Rua Sime\u00e3o Camargo Varela de S\u00e1, 03, Vila Carli &#8211; Campus Cedeteg CEP: 85040-080 \u2013 Guarapuava \u2013 PR Telefone: (42) 3629-8248 E-mail: secretaria.ppga@gmail.com[\/vc_column_text][\/vc_column][\/vc_row][vc_row u_row_style=&#8221;0&#8243; u_row_paralax=&#8221;0&#8243; u_row_scheme=&#8221;0&#8243;][vc_column width=&#8221;1\/3&#8243;][vc_column_text] Prof. Dr. Renato Vasconcelos Botelho Coordenador do PPGA Email: rbotelho@unicentro.br Telefone: (42) 3629-8271[\/vc_column_text][\/vc_column][vc_column width=&#8221;1\/3&#8243;][vc_column_text] Prof. Dr. Cristiano [&hellip;]<\/p>\n","protected":false},"author":3,"featured_media":0,"parent":15,"menu_order":0,"comment_status":"closed","ping_status":"closed","template":"","meta":{"_exactmetrics_skip_tracking":false,"_exactmetrics_sitenote_active":false,"_exactmetrics_sitenote_note":"","_exactmetrics_sitenote_category":0,"footnotes":"","_links_to":"","_links_to_target":""},"class_list":["post-32","page","type-page","status-publish","hentry"],"_links":{"self":[{"href":"https:\/\/www3.unicentro.br\/ppga\/wp-json\/wp\/v2\/pages\/32","targetHints":{"allow":["GET"]}}],"collection":[{"href":"https:\/\/www3.unicentro.br\/ppga\/wp-json\/wp\/v2\/pages"}],"about":[{"href":"https:\/\/www3.unicentro.br\/ppga\/wp-json\/wp\/v2\/types\/page"}],"author":[{"embeddable":true,"href":"https:\/\/www3.unicentro.br\/ppga\/wp-json\/wp\/v2\/users\/3"}],"replies":[{"embeddable":true,"href":"https:\/\/www3.unicentro.br\/ppga\/wp-json\/wp\/v2\/comments?post=32"}],"version-history":[{"count":0,"href":"https:\/\/www3.unicentro.br\/ppga\/wp-json\/wp\/v2\/pages\/32\/revisions"}],"up":[{"embeddable":true,"href":"https:\/\/www3.unicentro.br\/ppga\/wp-json\/wp\/v2\/pages\/15"}],"wp:attachment":[{"href":"https:\/\/www3.unicentro.br\/ppga\/wp-json\/wp\/v2\/media?parent=32"}],"curies":[{"name":"wp","href":"https:\/\/api.w.org\/{rel}","templated":true}]}}