{"id":30,"date":"2023-05-22T16:17:09","date_gmt":"2023-05-22T19:17:09","guid":{"rendered":"https:\/\/www3.unicentro.br\/ppga\/?page_id=30"},"modified":"2023-05-22T16:17:09","modified_gmt":"2023-05-22T19:17:09","slug":"links-uteis","status":"publish","type":"page","link":"https:\/\/www3.unicentro.br\/ppga\/informacoes-gerais\/links-uteis\/","title":{"rendered":"Links \u00fateis"},"content":{"rendered":"<ul>\n<li><a href=\"https:\/\/capes.gov.br\/\">Capes \u2013 Coordena\u00e7\u00e3o de Aperfei\u00e7oamento de Pessoal de N\u00edvel Superior<\/a><\/li>\n<li><a href=\"http:\/\/www-periodicos-capes-gov-br.ez132.periodicos.capes.gov.br\/index.php\">Portal de Peri\u00f3dicos Capes\/MEC<\/a><\/li>\n<li><a href=\"https:\/\/cnpq.br\/\">CNPq \u2013 Conselho Nacional de Desenvolvimento Cient\u00edfico e Tecnol\u00f3gico<\/a><\/li>\n<li><a href=\"http:\/\/lattes.cnpq.br\/web\/dgp\">Diret\u00f3rio de Grupos de Pesquisa \u2013 Plataforma Lattes \u2013 CNPq<\/a><\/li>\n<li><a href=\"http:\/\/lattes.cnpq.br\/\">Curr\u00edculo lattes<\/a><\/li>\n<li><a href=\"http:\/\/www.carloschagas.cnpq.br\/\">Plataforma Carlos Chagas<\/a><\/li>\n<li><a href=\"https:\/\/sucupira.capes.gov.br\/sucupira\/\">Plataforma Sucupira<\/a><\/li>\n<li><a href=\"https:\/\/sucupira.capes.gov.br\/sucupira\/public\/consultas\/coleta\/veiculoPublicacaoQualis\/listaConsultaGeralPeriodicos.jsf\">Qualis Capes<\/a><\/li>\n<li><a href=\"https:\/\/www3.unicentro.br\/\">Unicentro \u2013 Universidade Estadual do Centro-Oeste<\/a><\/li>\n<li><a href=\"https:\/\/www3.unicentro.br\/propesp\">Pr\u00f3-Reitoria de Pesquisa e P\u00f3s-gradua\u00e7\u00e3o \u2013 Unicentro<\/a><\/li>\n<\/ul>\n","protected":false},"excerpt":{"rendered":"<p>Capes \u2013 Coordena\u00e7\u00e3o de Aperfei\u00e7oamento de Pessoal de N\u00edvel Superior Portal de Peri\u00f3dicos Capes\/MEC CNPq \u2013 Conselho Nacional de Desenvolvimento Cient\u00edfico e Tecnol\u00f3gico Diret\u00f3rio de Grupos de Pesquisa \u2013 Plataforma Lattes \u2013 CNPq Curr\u00edculo lattes Plataforma Carlos Chagas Plataforma Sucupira Qualis Capes Unicentro \u2013 Universidade Estadual do Centro-Oeste Pr\u00f3-Reitoria de Pesquisa e P\u00f3s-gradua\u00e7\u00e3o \u2013 Unicentro<\/p>\n","protected":false},"author":3,"featured_media":0,"parent":15,"menu_order":0,"comment_status":"closed","ping_status":"closed","template":"","meta":{"_exactmetrics_skip_tracking":false,"_exactmetrics_sitenote_active":false,"_exactmetrics_sitenote_note":"","_exactmetrics_sitenote_category":0,"footnotes":"","_links_to":"","_links_to_target":""},"class_list":["post-30","page","type-page","status-publish","hentry"],"_links":{"self":[{"href":"https:\/\/www3.unicentro.br\/ppga\/wp-json\/wp\/v2\/pages\/30","targetHints":{"allow":["GET"]}}],"collection":[{"href":"https:\/\/www3.unicentro.br\/ppga\/wp-json\/wp\/v2\/pages"}],"about":[{"href":"https:\/\/www3.unicentro.br\/ppga\/wp-json\/wp\/v2\/types\/page"}],"author":[{"embeddable":true,"href":"https:\/\/www3.unicentro.br\/ppga\/wp-json\/wp\/v2\/users\/3"}],"replies":[{"embeddable":true,"href":"https:\/\/www3.unicentro.br\/ppga\/wp-json\/wp\/v2\/comments?post=30"}],"version-history":[{"count":0,"href":"https:\/\/www3.unicentro.br\/ppga\/wp-json\/wp\/v2\/pages\/30\/revisions"}],"up":[{"embeddable":true,"href":"https:\/\/www3.unicentro.br\/ppga\/wp-json\/wp\/v2\/pages\/15"}],"wp:attachment":[{"href":"https:\/\/www3.unicentro.br\/ppga\/wp-json\/wp\/v2\/media?parent=30"}],"curies":[{"name":"wp","href":"https:\/\/api.w.org\/{rel}","templated":true}]}}