{"id":28,"date":"2023-05-22T16:13:48","date_gmt":"2023-05-22T19:13:48","guid":{"rendered":"https:\/\/www3.unicentro.br\/ppga\/?page_id=28"},"modified":"2023-05-22T16:13:48","modified_gmt":"2023-05-22T19:13:48","slug":"comissao-de-selecao","status":"publish","type":"page","link":"https:\/\/www3.unicentro.br\/ppga\/informacoes-gerais\/comissao-de-selecao\/","title":{"rendered":"Comiss\u00e3o de sele\u00e7\u00e3o"},"content":{"rendered":"<h3>COMISS\u00c3O DE SELE\u00c7\u00c3O<\/h3>\n<p>Prof. Dr. Jackson Kawakami (Presidente)<br \/>\ne-mail: <a href=\"mailto:jkawakami@unicentro.br\">jkawakami@unicentro.br<\/a><\/p>\n<p>Prof. Dr. Marcelo Marques Lopes M\u00fcller (Membro)<br \/>\ne-mail: <a href=\"mailto:mmuller@unicentro.br\">mmuller@unicentro.br<\/a><\/p>\n<p>Prof. Dr. Leandro Rampim (Membro)<br \/>\ne-mail: <a href=\"mailto:lrampim@unicentro.br\">lrampim@unicentro.br<\/a><\/p>\n<p>Prof\u00aa. Dr\u00aa. Cacilda Marcia Duarte Rios Faria (Membro)<br \/>\ne-mail: <a href=\"mailto:criosfaria@unicentro.br\">criosfaria@unicentro.br<\/a><\/p>\n<p>Prof. Dr. Cleber Daniel de G\u00f3es Maciel (Membro Titular)<br \/>\ne-mail: <a href=\"mailto:cmaciel@unicentro.br\">cmaciel@unicentro.br<\/a><\/p>\n<p>Profa. Dra. Cristiane Nardi<br \/>\ne-mail: <a href=\"mailto:cnardi@unicentro.br\">cnardi@unicentro.br<\/a><\/p>\n<p>Prof. Dr. Juliano Tadeu Vilela de Resende (Membro Suplente)<br \/>\ne-mail: <a href=\"mailto:jvresende@unicentro.br\">jvresende@unicentro.br<\/a><\/p>\n<p>Prof. Dr. Marcelo Cruz Mendes (Membro)<br \/>\ne-mail: <a href=\"mailto:mcruz@gmail.com\">mcruz@gmail.com<\/a><\/p>\n<p>Prof. Dr. Renato Vasconcelos Botelho (Membro Titular)<br \/>\ne-mail: <a href=\"mailto:rbotelho@unicentro.br\">rbotelho@unicentro.br<\/a><\/p>\n","protected":false},"excerpt":{"rendered":"<p>COMISS\u00c3O DE SELE\u00c7\u00c3O Prof. Dr. Jackson Kawakami (Presidente) e-mail: jkawakami@unicentro.br Prof. Dr. Marcelo Marques Lopes M\u00fcller (Membro) e-mail: mmuller@unicentro.br Prof. Dr. Leandro Rampim (Membro) e-mail: lrampim@unicentro.br Prof\u00aa. Dr\u00aa. Cacilda Marcia Duarte Rios Faria (Membro) e-mail: criosfaria@unicentro.br Prof. Dr. Cleber Daniel de G\u00f3es Maciel (Membro Titular) e-mail: cmaciel@unicentro.br Profa. Dra. Cristiane Nardi e-mail: cnardi@unicentro.br Prof. Dr. [&hellip;]<\/p>\n","protected":false},"author":3,"featured_media":0,"parent":15,"menu_order":0,"comment_status":"closed","ping_status":"closed","template":"","meta":{"_exactmetrics_skip_tracking":false,"_exactmetrics_sitenote_active":false,"_exactmetrics_sitenote_note":"","_exactmetrics_sitenote_category":0,"footnotes":"","_links_to":"","_links_to_target":""},"class_list":["post-28","page","type-page","status-publish","hentry"],"_links":{"self":[{"href":"https:\/\/www3.unicentro.br\/ppga\/wp-json\/wp\/v2\/pages\/28","targetHints":{"allow":["GET"]}}],"collection":[{"href":"https:\/\/www3.unicentro.br\/ppga\/wp-json\/wp\/v2\/pages"}],"about":[{"href":"https:\/\/www3.unicentro.br\/ppga\/wp-json\/wp\/v2\/types\/page"}],"author":[{"embeddable":true,"href":"https:\/\/www3.unicentro.br\/ppga\/wp-json\/wp\/v2\/users\/3"}],"replies":[{"embeddable":true,"href":"https:\/\/www3.unicentro.br\/ppga\/wp-json\/wp\/v2\/comments?post=28"}],"version-history":[{"count":0,"href":"https:\/\/www3.unicentro.br\/ppga\/wp-json\/wp\/v2\/pages\/28\/revisions"}],"up":[{"embeddable":true,"href":"https:\/\/www3.unicentro.br\/ppga\/wp-json\/wp\/v2\/pages\/15"}],"wp:attachment":[{"href":"https:\/\/www3.unicentro.br\/ppga\/wp-json\/wp\/v2\/media?parent=28"}],"curies":[{"name":"wp","href":"https:\/\/api.w.org\/{rel}","templated":true}]}}