{"id":20,"date":"2023-05-22T15:33:35","date_gmt":"2023-05-22T18:33:35","guid":{"rendered":"https:\/\/www3.unicentro.br\/ppga\/?page_id=20"},"modified":"2025-07-11T15:21:48","modified_gmt":"2025-07-11T18:21:48","slug":"coordenacao","status":"publish","type":"page","link":"https:\/\/www3.unicentro.br\/ppga\/informacoes-gerais\/coordenacao\/","title":{"rendered":"Coordena\u00e7\u00e3o"},"content":{"rendered":"<div class=\"wpb-content-wrapper\"><p>[vc_row][vc_column][vc_column_text css=&#8221;&#8221;]<\/p>\n<h3><strong><span style=\"font-family: georgia, palatino, serif\">COORDENA\u00c7\u00c3O<\/span><\/strong><\/h3>\n<p><span style=\"font-family: georgia, palatino, serif;font-size: 12pt;color: #333333\"><strong>Coordenador<\/strong><\/span><br \/>\n<span style=\"font-family: georgia, palatino, serif;font-size: 12pt;color: #333333\">Prof. Dr. Cristiano Andr\u00e9 Pott<\/span><br \/>\n<span style=\"font-family: georgia, palatino, serif;font-size: 12pt;color: #333333\">Portaria n\u00ba 805\/2025 \u2013 GR\/Unicentro<\/span><br \/>\n<span style=\"font-family: georgia, palatino, serif;font-size: 12pt;color: #333333\">e-mail: <strong><a style=\"color: #333333\" href=\"cpott@unicentro.br\">cpott@unicentro.br<\/a><\/strong><\/span><\/p>\n<p><span style=\"font-family: georgia, palatino, serif;font-size: 12pt;color: #333333\"><strong>Vice-Coordenador<\/strong><\/span><br \/>\n<span style=\"font-family: georgia, palatino, serif;font-size: 12pt;color: #333333\">Prof. Dr. Marcelo Marques Lopes M\u00fcller<\/span><br \/>\n<span style=\"font-family: georgia, palatino, serif;font-size: 12pt;color: #333333\">Portaria n\u00ba 805\/2025 \u2013 GR\/Unicentro<\/span><br \/>\n<span style=\"font-family: georgia, palatino, serif;font-size: 12pt;color: #333333\">e-mail: <a style=\"color: #333333\" href=\"mmuller@unicentro.br\"><strong>mmuller@unicentro.br<\/strong><\/a><\/span><\/p>\n<p><span style=\"font-family: georgia, palatino, serif;font-size: 12pt;color: #333333\">Mandato at\u00e9 30 de junho de 2027<\/span>[\/vc_column_text][\/vc_column][\/vc_row]<\/p>\n<\/div>","protected":false},"excerpt":{"rendered":"<p>[vc_row][vc_column][vc_column_text css=&#8221;&#8221;] COORDENA\u00c7\u00c3O Coordenador Prof. Dr. Cristiano Andr\u00e9 Pott Portaria n\u00ba 805\/2025 \u2013 GR\/Unicentro e-mail: cpott@unicentro.br Vice-Coordenador Prof. Dr. Marcelo Marques Lopes M\u00fcller Portaria n\u00ba 805\/2025 \u2013 GR\/Unicentro e-mail: mmuller@unicentro.br Mandato at\u00e9 30 de junho de 2027[\/vc_column_text][\/vc_column][\/vc_row]<\/p>\n","protected":false},"author":3,"featured_media":0,"parent":15,"menu_order":0,"comment_status":"closed","ping_status":"closed","template":"","meta":{"_exactmetrics_skip_tracking":false,"_exactmetrics_sitenote_active":false,"_exactmetrics_sitenote_note":"","_exactmetrics_sitenote_category":0,"footnotes":"","_links_to":"","_links_to_target":""},"class_list":["post-20","page","type-page","status-publish","hentry"],"_links":{"self":[{"href":"https:\/\/www3.unicentro.br\/ppga\/wp-json\/wp\/v2\/pages\/20","targetHints":{"allow":["GET"]}}],"collection":[{"href":"https:\/\/www3.unicentro.br\/ppga\/wp-json\/wp\/v2\/pages"}],"about":[{"href":"https:\/\/www3.unicentro.br\/ppga\/wp-json\/wp\/v2\/types\/page"}],"author":[{"embeddable":true,"href":"https:\/\/www3.unicentro.br\/ppga\/wp-json\/wp\/v2\/users\/3"}],"replies":[{"embeddable":true,"href":"https:\/\/www3.unicentro.br\/ppga\/wp-json\/wp\/v2\/comments?post=20"}],"version-history":[{"count":2,"href":"https:\/\/www3.unicentro.br\/ppga\/wp-json\/wp\/v2\/pages\/20\/revisions"}],"predecessor-version":[{"id":2284,"href":"https:\/\/www3.unicentro.br\/ppga\/wp-json\/wp\/v2\/pages\/20\/revisions\/2284"}],"up":[{"embeddable":true,"href":"https:\/\/www3.unicentro.br\/ppga\/wp-json\/wp\/v2\/pages\/15"}],"wp:attachment":[{"href":"https:\/\/www3.unicentro.br\/ppga\/wp-json\/wp\/v2\/media?parent=20"}],"curies":[{"name":"wp","href":"https:\/\/api.w.org\/{rel}","templated":true}]}}