{"id":134,"date":"2023-05-23T16:38:15","date_gmt":"2023-05-23T19:38:15","guid":{"rendered":"https:\/\/www3.unicentro.br\/ppga\/?page_id=134"},"modified":"2024-07-31T14:27:30","modified_gmt":"2024-07-31T17:27:30","slug":"doutorado","status":"publish","type":"page","link":"https:\/\/www3.unicentro.br\/ppga\/disciplinas\/doutorado\/","title":{"rendered":"Disciplinas do Doutorado"},"content":{"rendered":"<p><strong><span style=\"color: #339966\"><a style=\"color: #339966\" href=\"https:\/\/www3.unicentro.br\/ppga\/wp-content\/uploads\/sites\/154\/2023\/06\/Grade-Doutorado-aprovada.pdf\">GRADE DE DOUTORADO<\/a><\/span><\/strong><\/p>\n<p><strong>PROGRAMA E EMENTA DAS DISCIPLINAS<\/strong><\/p>\n<p><strong>DISCIPLINAS OBRIGAT\u00d3RIAS<\/strong><\/p>\n<ul>\n<li>\n<p class=\"western\"><span style=\"color: #00a759\"><span style=\"font-family: inherit\"><span style=\"font-size: medium\"><span style=\"color: #000080\"><a href=\"https:\/\/www3.unicentro.br\/ppga\/wp-content\/uploads\/sites\/154\/2023\/10\/Estagio-Supervisionado-de-docencia-I.pdf\">Est\u00e1gio Supervisionado de doc\u00eancia I<\/a><\/span><\/span><\/span><\/span><\/p>\n<\/li>\n<li><span style=\"color: #00a759\"><span style=\"font-family: inherit\"><span style=\"font-size: medium\"><span style=\"color: #000080\"><a href=\"https:\/\/www3.unicentro.br\/ppga\/wp-content\/uploads\/sites\/154\/2023\/10\/Estagio-Supervisionado-de-docencia-II.pdf\">Est\u00e1gio Supervisionado de doc\u00eancia II<\/a><\/span><\/span><\/span><\/span><\/li>\n<li><a href=\"https:\/\/www3.unicentro.br\/ppga\/wp-content\/uploads\/sites\/154\/2023\/10\/Estatistica-e-Experimentacao-Agricola.pdf\">Estat\u00edstica e Experimenta\u00e7\u00e3o Agr\u00edcola<\/a><\/li>\n<\/ul>\n<ul>\n<li>\n<p class=\"western\"><span style=\"color: #00a759\"><span style=\"font-family: inherit\"><span style=\"font-size: medium\"><span style=\"color: #000080\"><a href=\"https:\/\/www3.unicentro.br\/ppga\/wp-content\/uploads\/sites\/154\/2023\/10\/Fisiologia-Vegetal.pdf\">Fisiologia Vegetal<\/a><\/span><\/span><\/span><\/span><\/p>\n<\/li>\n<li><span style=\"color: #00a759\"><span style=\"font-family: inherit\"><span style=\"font-size: medium\"><span style=\"color: #000080\"><a href=\"https:\/\/www3.unicentro.br\/ppga\/wp-content\/uploads\/sites\/154\/2023\/10\/Metodologia-da-Pesquisa.pdf\">Metodologia da Pesquisa<\/a><\/span><\/span><\/span><\/span><\/li>\n<li>\n<p class=\"western\"><span style=\"font-size: medium\"><span style=\"font-family: inherit\"><a href=\"https:\/\/www3.unicentro.br\/ppga\/wp-content\/uploads\/sites\/154\/2024\/07\/Seminarios.pdf\">Semin\u00e1rios<\/a><\/span><\/span><\/p>\n<\/li>\n<li>\n<p class=\"western\"><span style=\"font-size: medium\"><span style=\"font-family: inherit\">Tese I<\/span><\/span><\/p>\n<\/li>\n<\/ul>\n<p><strong>DISCIPLINAS ELETIVAS<\/strong><\/p>\n<ul>\n<li>\n<p class=\"western\"><span style=\"color: #00a759\"><span style=\"font-family: inherit\"><span style=\"font-size: medium\"><span style=\"color: #000080\"><a href=\"https:\/\/www3.unicentro.br\/ppga\/wp-content\/uploads\/sites\/154\/2023\/10\/Analise-de-Alimentos-Quimicos_Mikael.pdf\">An\u00e1lise de Alimentos Qu\u00edmicos, F\u00edsicos e Biol\u00f3gicos<\/a><\/span><\/span><\/span><\/span><\/p>\n<\/li>\n<li><span style=\"color: #00a759\"><span style=\"font-family: inherit\"><span style=\"font-size: medium\"><span style=\"color: #000080\"><a href=\"https:\/\/www3.unicentro.br\/ppga\/wp-content\/uploads\/sites\/154\/2023\/10\/Conservacao-do-Solo.pdf\">Conserva\u00e7\u00e3o do Solo<\/a><\/span><\/span><\/span><\/span><\/li>\n<li>\n<p class=\"western\"><span style=\"color: #00a759\"><span style=\"font-family: inherit\"><span style=\"font-size: medium\"><span style=\"color: #000080\"><a href=\"https:\/\/www3.unicentro.br\/ppga\/wp-content\/uploads\/sites\/154\/2023\/10\/Entomologia-Agricola.pdf\">Entomologia Agr\u00edcola<\/a><\/span><\/span><\/span><\/span><\/p>\n<\/li>\n<li><span style=\"color: #00a759\"><span style=\"font-family: inherit\"><span style=\"font-size: medium\"><span style=\"color: #000080\"><a href=\"https:\/\/www3.unicentro.br\/ppga\/wp-content\/uploads\/sites\/154\/2023\/10\/Fertilidade-do-Solo-e-Adubacao.pdf\">Fertilidade do Solo e Aduba\u00e7\u00e3o<\/a><\/span><\/span><\/span><\/span><\/li>\n<li>\n<p class=\"western\"><span style=\"color: #00a759\"><span style=\"font-family: inherit\"><span style=\"font-size: medium\"><span style=\"color: #000080\"><a href=\"https:\/\/www3.unicentro.br\/ppga\/wp-content\/uploads\/sites\/154\/2023\/10\/Fisica-do-Solo.pdf\">F\u00edsica do Solo<\/a><\/span><\/span><\/span><\/span><\/p>\n<\/li>\n<li><span style=\"color: #00a759\"><span style=\"font-family: inherit\"><span style=\"font-size: medium\"><span style=\"color: #000080\"><a href=\"https:\/\/www3.unicentro.br\/ppga\/wp-content\/uploads\/sites\/154\/2023\/10\/Fruticultura-de-Clima-Temperado.pdf\">Fruticultura de Clima Temperado<\/a><\/span><\/span><\/span><\/span><\/li>\n<li>\n<p class=\"western\"><span style=\"color: #00a759\"><span style=\"font-family: inherit\"><span style=\"font-size: medium\"><span style=\"color: #000080\"><a href=\"https:\/\/www3.unicentro.br\/ppga\/wp-content\/uploads\/sites\/154\/2023\/10\/Geotecnologias-Solos-e-Producao-Agricola.pdf\">Geotecnologias, Solos e Produ\u00e7\u00e3o Agr\u00edcola<\/a><\/span><\/span><\/span><\/span><\/p>\n<\/li>\n<li><span style=\"color: #00a759\"><span style=\"font-family: inherit\"><span style=\"font-size: medium\"><span style=\"color: #000080\"><a href=\"https:\/\/www3.unicentro.br\/ppga\/wp-content\/uploads\/sites\/154\/2023\/10\/Geotecnologias-Solos-e-Producao-Agricola-1.pdf\">Geotecnologias, Solos e Produ\u00e7\u00e3o Agr\u00edcola<\/a><\/span><\/span><\/span><\/span><\/li>\n<li>\n<p class=\"western\"><span style=\"color: #00a759\"><span style=\"font-family: inherit\"><span style=\"font-size: medium\"><span style=\"color: #000080\"><a href=\"https:\/\/www3.unicentro.br\/ppga\/wp-content\/uploads\/sites\/154\/2023\/10\/Manejo_de_Leguminosas_de_Verao.pdf\">Manejo de Leguminosas de Ver\u00e3o<\/a><\/span><\/span><\/span><\/span><\/p>\n<\/li>\n<li>\n<p class=\"western\"><span style=\"color: #00a759\"><span style=\"font-family: inherit\"><span style=\"font-size: medium\"><span style=\"color: #000080\"><a href=\"https:\/\/www3.unicentro.br\/ppga\/wp-content\/uploads\/sites\/154\/2023\/10\/Matologia.pdf\">Matologia<\/a><\/span><\/span><\/span><\/span><\/p>\n<\/li>\n<li><span style=\"color: #00a759\"><span style=\"font-family: inherit\"><span style=\"font-size: medium\"><span style=\"color: #000080\"><a href=\"https:\/\/www3.unicentro.br\/ppga\/wp-content\/uploads\/sites\/154\/2023\/10\/Melhoramento-de-Hortalicas.pdf\">Melhoramento de Hortali\u00e7as<\/a><\/span><\/span><\/span><\/span><\/li>\n<li>\n<p class=\"western\"><span style=\"color: #00a759\"><span style=\"font-family: inherit\"><span style=\"font-size: medium\"><span style=\"color: #000080\"><a href=\"https:\/\/www3.unicentro.br\/ppga\/wp-content\/uploads\/sites\/154\/2023\/10\/Metodos-e-Melhoramento-de-Plantas.pdf\">M\u00e9todos e Melhoramento de Plantas<\/a><\/span><\/span><\/span><\/span><\/p>\n<\/li>\n<li><span style=\"color: #00a759\"><span style=\"font-family: inherit\"><span style=\"font-size: medium\"><span style=\"color: #000080\"><a href=\"https:\/\/www3.unicentro.br\/ppga\/wp-content\/uploads\/sites\/154\/2023\/10\/Metodos-e-Tecnicas-em-Fitopatologia.pdf\">M\u00e9todos e T\u00e9cnicas em Fitopatologia<\/a><\/span><\/span><\/span><\/span><\/li>\n<li>\n<p class=\"western\"><span style=\"color: #00a759\"><span style=\"font-family: inherit\"><span style=\"font-size: medium\"><span style=\"color: #000080\"><a href=\"https:\/\/www3.unicentro.br\/ppga\/wp-content\/uploads\/sites\/154\/2023\/10\/Nutricao-Mineral-de-Plantas.pdf\">Nutri\u00e7\u00e3o Mineral de Plantas<\/a><\/span><\/span><\/span><\/span><\/p>\n<\/li>\n<li><span style=\"color: #00a759\"><span style=\"font-family: inherit\"><span style=\"font-size: medium\"><span style=\"color: #000080\"><a href=\"https:\/\/www3.unicentro.br\/ppga\/wp-content\/uploads\/sites\/154\/2023\/10\/Organismos-do-Solo.pdf\">Organismos do Solo<\/a><\/span><\/span><\/span><\/span><\/li>\n<li><span style=\"color: #00a759\"><span style=\"font-family: inherit\"><span style=\"font-size: medium\"><span style=\"color: #000080\"><a href=\"https:\/\/www3.unicentro.br\/ppga\/wp-content\/uploads\/sites\/154\/2023\/10\/Pos-Colheita-de-Produtos-de-Oirgem-Vegetal.pdf\">P\u00f3s-Colheita de Produtos de Oirgem Vegetal<\/a><\/span><\/span><\/span><\/span><\/li>\n<li><span style=\"color: #00a759\"><span style=\"font-family: inherit\"><span style=\"font-size: medium\"><span style=\"color: #000080\"><a href=\"https:\/\/www3.unicentro.br\/ppga\/wp-content\/uploads\/sites\/154\/2023\/10\/Producao-de-Hortalicas.pdf\">Produ\u00e7\u00e3o de Hortali\u00e7as<\/a><\/span><\/span><\/span><\/span><\/li>\n<li>\n<p class=\"western\"><span style=\"color: #00a759\"><span style=\"font-family: inherit\"><span style=\"font-size: medium\"><span style=\"color: #000080\"><a href=\"https:\/\/www3.unicentro.br\/ppga\/wp-content\/uploads\/sites\/154\/2023\/10\/Producao-de-Plantas-Forrageiras.pdf\">Produ\u00e7\u00e3o de Plantas Forrageiras<\/a><\/span><\/span><\/span><\/span><\/p>\n<\/li>\n<li><span style=\"color: #00a759\"><span style=\"font-family: inherit\"><span style=\"font-size: medium\"><span style=\"color: #000080\"><a href=\"https:\/\/www3.unicentro.br\/ppga\/wp-content\/uploads\/sites\/154\/2023\/10\/Producao-e-Tecnologia-de-Sementes.pdf\">Produ\u00e7\u00e3o e Tecnologia de Sementes<\/a><\/span><\/span><\/span><\/span><\/li>\n<li>\n<p class=\"western\"><span style=\"color: #00a759\"><span style=\"font-family: inherit\"><span style=\"font-size: medium\"><span style=\"color: #000080\"><a href=\"https:\/\/www3.unicentro.br\/ppga\/wp-content\/uploads\/sites\/154\/2023\/10\/Producao-Primaria.pdf\">Produ\u00e7\u00e3o Prim\u00e1ria e Estrutura Din\u00e2mica em Ecossistemas Florestais<\/a><\/span><\/span><\/span><\/span><\/p>\n<\/li>\n<li>\n<p class=\"western\"><span style=\"color: #00a759\"><span style=\"font-family: inherit\"><span style=\"font-size: medium\"><span style=\"color: #000080\"><a href=\"https:\/\/www3.unicentro.br\/ppga\/wp-content\/uploads\/sites\/154\/2023\/10\/Sistemas-Agroecologicos.pdf\">Sistemas Agroecol\u00f3gicos na Produ\u00e7\u00e3o Agr\u00edcola<\/a><\/span><\/span><\/span><\/span><\/p>\n<\/li>\n<li><span style=\"color: #00a759\"><span style=\"font-family: inherit\"><span style=\"font-size: medium\"><span style=\"color: #000080\"><a href=\"https:\/\/www3.unicentro.br\/ppga\/wp-content\/uploads\/sites\/154\/2023\/10\/Solos-nos-Ambientes-de-Producao.pdf\">Solos nos Ambientes de Produ\u00e7\u00e3o<\/a><\/span><\/span><\/span><\/span><\/li>\n<li><span style=\"color: #00a759\"><span style=\"font-family: inherit\"><span style=\"font-size: medium\"><span style=\"color: #000080\">T\u00f3picos Especiais<\/span><\/span><\/span><\/span><\/li>\n<\/ul>\n<p class=\"western\"><strong>ATIVIDADES COMPLEMENTARES\u00a0<\/strong><\/p>\n<ul>\n<li><span style=\"font-size: medium\"><span style=\"font-family: inherit\">Tese II<\/span><\/span><\/li>\n<li>\n<p class=\"western\"><span style=\"font-size: medium\"><span style=\"font-family: inherit\">Tese III<\/span><\/span><\/p>\n<\/li>\n<li>\n<p class=\"western\"><span style=\"font-size: medium\"><span style=\"font-family: inherit\">Tese IV<\/span><\/span><\/p>\n<\/li>\n<\/ul>\n","protected":false},"excerpt":{"rendered":"<p>GRADE DE DOUTORADO PROGRAMA E EMENTA DAS DISCIPLINAS DISCIPLINAS OBRIGAT\u00d3RIAS Est\u00e1gio Supervisionado de doc\u00eancia I Est\u00e1gio Supervisionado de doc\u00eancia II Estat\u00edstica e Experimenta\u00e7\u00e3o Agr\u00edcola Fisiologia Vegetal Metodologia da Pesquisa Semin\u00e1rios Tese I DISCIPLINAS ELETIVAS An\u00e1lise de Alimentos Qu\u00edmicos, F\u00edsicos e Biol\u00f3gicos Conserva\u00e7\u00e3o do Solo Entomologia Agr\u00edcola Fertilidade do Solo e Aduba\u00e7\u00e3o F\u00edsica do Solo Fruticultura [&hellip;]<\/p>\n","protected":false},"author":3,"featured_media":0,"parent":130,"menu_order":0,"comment_status":"closed","ping_status":"closed","template":"","meta":{"_exactmetrics_skip_tracking":false,"_exactmetrics_sitenote_active":false,"_exactmetrics_sitenote_note":"","_exactmetrics_sitenote_category":0,"footnotes":"","_links_to":"","_links_to_target":""},"class_list":["post-134","page","type-page","status-publish","hentry"],"_links":{"self":[{"href":"https:\/\/www3.unicentro.br\/ppga\/wp-json\/wp\/v2\/pages\/134","targetHints":{"allow":["GET"]}}],"collection":[{"href":"https:\/\/www3.unicentro.br\/ppga\/wp-json\/wp\/v2\/pages"}],"about":[{"href":"https:\/\/www3.unicentro.br\/ppga\/wp-json\/wp\/v2\/types\/page"}],"author":[{"embeddable":true,"href":"https:\/\/www3.unicentro.br\/ppga\/wp-json\/wp\/v2\/users\/3"}],"replies":[{"embeddable":true,"href":"https:\/\/www3.unicentro.br\/ppga\/wp-json\/wp\/v2\/comments?post=134"}],"version-history":[{"count":2,"href":"https:\/\/www3.unicentro.br\/ppga\/wp-json\/wp\/v2\/pages\/134\/revisions"}],"predecessor-version":[{"id":1555,"href":"https:\/\/www3.unicentro.br\/ppga\/wp-json\/wp\/v2\/pages\/134\/revisions\/1555"}],"up":[{"embeddable":true,"href":"https:\/\/www3.unicentro.br\/ppga\/wp-json\/wp\/v2\/pages\/130"}],"wp:attachment":[{"href":"https:\/\/www3.unicentro.br\/ppga\/wp-json\/wp\/v2\/media?parent=134"}],"curies":[{"name":"wp","href":"https:\/\/api.w.org\/{rel}","templated":true}]}}