{"id":132,"date":"2023-05-23T16:37:41","date_gmt":"2023-05-23T19:37:41","guid":{"rendered":"https:\/\/www3.unicentro.br\/ppga\/?page_id=132"},"modified":"2024-03-18T09:17:46","modified_gmt":"2024-03-18T12:17:46","slug":"mestrado","status":"publish","type":"page","link":"https:\/\/www3.unicentro.br\/ppga\/disciplinas\/mestrado\/","title":{"rendered":"Disciplinas do Mestrado"},"content":{"rendered":"<p><a href=\"https:\/\/www3.unicentro.br\/ppga\/wp-content\/uploads\/sites\/154\/2023\/06\/Grade-nova_2013_aprovada.pdf\"><span style=\"font-size: 14pt\"><strong><span style=\"color: #339966\">GRADE DO MESTRADO<\/span><\/strong><\/span><\/a><\/p>\n<p>&nbsp;<\/p>\n<p><strong>PROGRAMA E EMENTA DAS DISCIPLINAS<\/strong><\/p>\n<p><strong>DISCIPLINAS OBRIGAT\u00d3RIAS<\/strong><\/p>\n<ul>\n<li><a href=\"https:\/\/www3.unicentro.br\/ppga\/wp-content\/uploads\/sites\/154\/2024\/03\/Estagio-Supervisionado-de-docencia-1.pdf\">Est\u00e1gio Supervisionado de doc\u00eancia<\/a><\/li>\n<\/ul>\n<ul>\n<li><a href=\"https:\/\/www3.unicentro.br\/ppga\/wp-content\/uploads\/sites\/154\/2024\/03\/Estatistica-e-Experimentacao-Agricola-1.pdf\">Estat\u00edstica e Experimenta\u00e7\u00e3o Agr\u00edcola<\/a><\/li>\n<li>\n<p class=\"western\"><a href=\"https:\/\/www3.unicentro.br\/ppga\/wp-content\/uploads\/sites\/154\/2024\/03\/Fisiologia-Vegetal-1.pdf\">Fisiologia Vegetal<\/a><\/p>\n<\/li>\n<li><a href=\"https:\/\/www3.unicentro.br\/ppga\/wp-content\/uploads\/sites\/154\/2024\/03\/Metodologia-da-Pesquisa-1.pdf\">Metodologia da Pesquisa<\/a><\/li>\n<li><a href=\"https:\/\/www3.unicentro.br\/ppga\/wp-content\/uploads\/sites\/154\/2024\/03\/Seminario-I-1.pdf\">Semin\u00e1rio I<\/a><\/li>\n<li><strong><a href=\"https:\/\/www3.unicentro.br\/ppga\/wp-content\/uploads\/sites\/154\/2024\/03\/Seminario-II-2.pdf\">Semin\u00e1rio II<\/a><\/strong><\/li>\n<\/ul>\n<p><strong>DISCIPLINAS ELETIVAS<\/strong><\/p>\n<ul>\n<li><span style=\"color: #000000\"><a href=\"https:\/\/www3.unicentro.br\/ppga\/wp-content\/uploads\/sites\/154\/2024\/03\/Acao-de-Reguladores-Vegetais-1.pdf\">A\u00e7\u00e3o de Reguladores Vegetais<\/a><\/span><\/li>\n<li>\n<p class=\"western\"><span style=\"color: #000000\"><span style=\"font-family: inherit\"><span style=\"font-size: medium\"><a href=\"https:\/\/www3.unicentro.br\/ppga\/wp-content\/uploads\/sites\/154\/2024\/03\/Analise-de-Alimentos-Quimicos_Mikael-1.pdf\">An\u00e1lise de Alimentos Qu\u00edmicos_Mikael<\/a><\/span><\/span><\/span><\/p>\n<\/li>\n<li><span style=\"color: #000000\"><a href=\"https:\/\/www3.unicentro.br\/ppga\/wp-content\/uploads\/sites\/154\/2024\/03\/Biotecnologia-na-Producao-Vegetal-1.pdf\">Biotecnologia na Produ\u00e7\u00e3o Vegetal<\/a><\/span><\/li>\n<li>\n<p class=\"western\"><span style=\"color: #000000\"><a href=\"https:\/\/www3.unicentro.br\/ppga\/wp-content\/uploads\/sites\/154\/2024\/03\/Biotecnologia-na-Producao-Vegetal-2.pdf\">Biotecnologia na Produ\u00e7\u00e3o Vegetal<\/a><\/span><\/p>\n<\/li>\n<li><span style=\"color: #000000\"><a href=\"https:\/\/www3.unicentro.br\/ppga\/wp-content\/uploads\/sites\/154\/2024\/03\/Ecofisiologia-Agricola-1.pdf\">Ecofisiologia Agr\u00edcola<\/a><\/span><\/li>\n<li>\n<p class=\"western\"><span style=\"font-size: medium;color: #000000\"><span style=\"font-family: inherit\"><a href=\"https:\/\/www3.unicentro.br\/ppga\/wp-content\/uploads\/sites\/154\/2024\/03\/Fertilidade-do-Solo-e-Adubacao-1.pdf\">Fertilidade do Solo e Aduba\u00e7\u00e3o<\/a><\/span><\/span><\/p>\n<\/li>\n<li><span style=\"color: #000000\"><a href=\"https:\/\/www3.unicentro.br\/ppga\/wp-content\/uploads\/sites\/154\/2024\/03\/Fertirrigacao-1.doc\">Fertirriga\u00e7\u00e3o<\/a><\/span><\/li>\n<li><\/li>\n<li><span style=\"color: #000000\"><a href=\"https:\/\/www3.unicentro.br\/ppga\/wp-content\/uploads\/sites\/154\/2024\/03\/Fruticultura-de-Clima-Temperado-1.pdf\">Fruticultura de Clima Temperado<\/a><\/span><\/li>\n<li>\n<p class=\"western\"><span style=\"color: #000000\"><span style=\"font-family: inherit\"><span style=\"font-size: medium\"><a href=\"https:\/\/www3.unicentro.br\/ppga\/wp-content\/uploads\/sites\/154\/2024\/03\/Geotecnologias-Solos-e-Producao-Agricola-1.pdf\">Geotecnologias, Solos e Produ\u00e7\u00e3o Agr\u00edcola<\/a><\/span><\/span><\/span><\/p>\n<\/li>\n<li><span style=\"color: #000000\"><a href=\"https:\/\/www3.unicentro.br\/ppga\/wp-content\/uploads\/sites\/154\/2024\/03\/Manejo-da-Cultura-da-Batata-1.pdf\">Manejo da Cultura da Batata e Produ\u00e7\u00e3o de Sementes<\/a><\/span><\/li>\n<li><span style=\"color: #000000\"><a href=\"https:\/\/www3.unicentro.br\/ppga\/wp-content\/uploads\/sites\/154\/2024\/03\/Manejo-de-Cereais-de-Verao-1.pdf\">Manejo de Cereais de Ver\u00e3o<\/a><\/span><\/li>\n<li><span style=\"color: #000000\"><a href=\"https:\/\/www3.unicentro.br\/ppga\/wp-content\/uploads\/sites\/154\/2024\/03\/Manejo_de_Leguminosas_de_Verao-1.pdf\">Manejo de Leguminosas de Ver\u00e3o<\/a><\/span><\/li>\n<li>\n<p class=\"western\"><span style=\"color: #000000\"><span style=\"font-family: inherit\"><span style=\"font-size: medium\">Manejo do Solo<\/span><\/span><\/span><\/p>\n<\/li>\n<li><span style=\"color: #000000\"><a href=\"https:\/\/www3.unicentro.br\/ppga\/wp-content\/uploads\/sites\/154\/2024\/03\/Manejo-Integrado-de-Doencas-de-Plantas-1.pdf\">Manejo Integrado de Doen\u00e7as de Plantas<\/a><\/span><\/li>\n<li>\n<p class=\"western\"><span style=\"color: #000000\"><a href=\"https:\/\/www3.unicentro.br\/ppga\/wp-content\/uploads\/sites\/154\/2024\/03\/Matologia-1.pdf\">Matologia<\/a><\/span><\/p>\n<\/li>\n<li><span style=\"color: #000000\"><a href=\"https:\/\/www3.unicentro.br\/ppga\/wp-content\/uploads\/sites\/154\/2024\/03\/Melhoramento-de-Hortalicas-1.pdf\">Melhoramento de Hortali\u00e7as<\/a><\/span><\/li>\n<li><span style=\"color: #000000\"><span style=\"font-family: inherit\"><span style=\"font-size: medium\"><a href=\"https:\/\/www3.unicentro.br\/ppga\/wp-content\/uploads\/sites\/154\/2024\/03\/Metodos-e-Melhoramento-de-Plantas-1.pdf\">M\u00e9todos e Melhoramento de Plantas<\/a><\/span><\/span><\/span><\/li>\n<li><span style=\"color: #000000\"><a href=\"https:\/\/www3.unicentro.br\/ppga\/wp-content\/uploads\/sites\/154\/2024\/03\/Metodos-e-Tecnicas-em-Fitopatologia-1.pdf\">M\u00e9todos e T\u00e9cnicas em Fitopatologia<\/a><\/span><\/li>\n<li>\n<p class=\"western\"><span style=\"color: #000000\"><span style=\"font-family: inherit\"><span style=\"font-size: medium\"><a href=\"https:\/\/www3.unicentro.br\/ppga\/wp-content\/uploads\/sites\/154\/2024\/03\/Nutricao-Mineral-de-Plantas-1.pdf\">Nutri\u00e7\u00e3o Mineral de Plantas<\/a><\/span><\/span><\/span><\/p>\n<\/li>\n<li><span style=\"color: #000000\"><a href=\"https:\/\/www3.unicentro.br\/ppga\/wp-content\/uploads\/sites\/154\/2024\/03\/Organismos-do-Solo-2.pdf\">Organismos do Solo<\/a><\/span><\/li>\n<li><\/li>\n<li>\n<p class=\"western\"><span style=\"color: #000000\"><a href=\"https:\/\/www3.unicentro.br\/ppga\/wp-content\/uploads\/sites\/154\/2024\/03\/Pos-Colheita-de-Produtos-de-Oirgem-Vegetal.pdf\">P\u00f3s-Colheita de Produtos de Oirgem Vegetal<\/a><\/span><\/p>\n<\/li>\n<li><span style=\"color: #000000\"><a href=\"https:\/\/www3.unicentro.br\/ppga\/wp-content\/uploads\/sites\/154\/2024\/03\/Producao-de-Hortalicas-1.pdf\">Produ\u00e7\u00e3o de Hortali\u00e7as<\/a><\/span><\/li>\n<li><\/li>\n<li>\n<p class=\"western\"><span style=\"color: #000000\"><a href=\"https:\/\/www3.unicentro.br\/ppga\/wp-content\/uploads\/sites\/154\/2024\/03\/Producao-de-Plantas-Forrageiras-1.pdf\">Produ\u00e7\u00e3o de Plantas Forrageiras<\/a><\/span><\/p>\n<\/li>\n<li><span style=\"color: #000000\"><a href=\"https:\/\/www3.unicentro.br\/ppga\/wp-content\/uploads\/sites\/154\/2024\/03\/Producao-e-Tecnologia-de-Sementes-1.pdf\">Produ\u00e7\u00e3o e Tecnologia de Sementes<\/a><\/span><\/li>\n<li><span style=\"color: #000000\"><a href=\"https:\/\/www3.unicentro.br\/ppga\/wp-content\/uploads\/sites\/154\/2024\/03\/Producao-Primaria-1.pdf\">Produ\u00e7\u00e3o Prim\u00e1ria<\/a><\/span><\/li>\n<li><span style=\"color: #000000\"><a href=\"https:\/\/www3.unicentro.br\/ppga\/wp-content\/uploads\/sites\/154\/2024\/03\/Producao-Vegetal-na-Integracao-Lavoura-Pecuaria.pdf\">Produ\u00e7\u00e3o Vegetal na Integra\u00e7\u00e3o Lavoura Pecu\u00e1ria<\/a><\/span><\/li>\n<li><span style=\"color: #000000\"><a href=\"https:\/\/www3.unicentro.br\/ppga\/wp-content\/uploads\/sites\/154\/2024\/03\/Sistemas-Agroecologicos.pdf\">Sistemas Agroecol\u00f3gicos<\/a><\/span><\/li>\n<li><span style=\"color: #000000\"><a href=\"https:\/\/www3.unicentro.br\/ppga\/wp-content\/uploads\/sites\/154\/2024\/03\/Solos-nos-Ambientes-de-Producao.pdf\">Solos nos Ambientes de Produ\u00e7\u00e3o<\/a><\/span><\/li>\n<li><a href=\"https:\/\/www3.unicentro.br\/ppga\/wp-content\/uploads\/sites\/154\/2024\/03\/Tecnologia-Aplic-Defensivos-AgricolasPPGA2016atualizado.pdf\">Tecnologia Aplic Defensivos Agr\u00edcolas<\/a><\/li>\n<li>T\u00f3picos Especiais<\/li>\n<\/ul>\n<p class=\"western\"><strong>DISCIPLINAS ELETIVAS<\/strong><\/p>\n<ul>\n<li>\n<p class=\"western\"><span style=\"color: #00a759\"><span style=\"font-family: inherit\"><span style=\"font-size: medium\"><span style=\"color: #000080\">Disserta\u00e7\u00e3o I<\/span><\/span><\/span><\/span><\/p>\n<\/li>\n<li>\n<p class=\"western\"><span style=\"color: #00a759\"><span style=\"font-family: inherit\"><span style=\"font-size: medium\"><span style=\"color: #000080\">Disserta\u00e7\u00e3o II<\/span><\/span><\/span><\/span><\/p>\n<\/li>\n<\/ul>\n","protected":false},"excerpt":{"rendered":"<p>GRADE DO MESTRADO &nbsp; PROGRAMA E EMENTA DAS DISCIPLINAS DISCIPLINAS OBRIGAT\u00d3RIAS Est\u00e1gio Supervisionado de doc\u00eancia Estat\u00edstica e Experimenta\u00e7\u00e3o Agr\u00edcola Fisiologia Vegetal Metodologia da Pesquisa Semin\u00e1rio I Semin\u00e1rio II DISCIPLINAS ELETIVAS A\u00e7\u00e3o de Reguladores Vegetais An\u00e1lise de Alimentos Qu\u00edmicos_Mikael Biotecnologia na Produ\u00e7\u00e3o Vegetal Biotecnologia na Produ\u00e7\u00e3o Vegetal Ecofisiologia Agr\u00edcola Fertilidade do Solo e Aduba\u00e7\u00e3o Fertirriga\u00e7\u00e3o Fruticultura [&hellip;]<\/p>\n","protected":false},"author":3,"featured_media":0,"parent":130,"menu_order":0,"comment_status":"closed","ping_status":"closed","template":"","meta":{"_exactmetrics_skip_tracking":false,"_exactmetrics_sitenote_active":false,"_exactmetrics_sitenote_note":"","_exactmetrics_sitenote_category":0,"footnotes":"","_links_to":"","_links_to_target":""},"class_list":["post-132","page","type-page","status-publish","hentry"],"_links":{"self":[{"href":"https:\/\/www3.unicentro.br\/ppga\/wp-json\/wp\/v2\/pages\/132","targetHints":{"allow":["GET"]}}],"collection":[{"href":"https:\/\/www3.unicentro.br\/ppga\/wp-json\/wp\/v2\/pages"}],"about":[{"href":"https:\/\/www3.unicentro.br\/ppga\/wp-json\/wp\/v2\/types\/page"}],"author":[{"embeddable":true,"href":"https:\/\/www3.unicentro.br\/ppga\/wp-json\/wp\/v2\/users\/3"}],"replies":[{"embeddable":true,"href":"https:\/\/www3.unicentro.br\/ppga\/wp-json\/wp\/v2\/comments?post=132"}],"version-history":[{"count":2,"href":"https:\/\/www3.unicentro.br\/ppga\/wp-json\/wp\/v2\/pages\/132\/revisions"}],"predecessor-version":[{"id":1406,"href":"https:\/\/www3.unicentro.br\/ppga\/wp-json\/wp\/v2\/pages\/132\/revisions\/1406"}],"up":[{"embeddable":true,"href":"https:\/\/www3.unicentro.br\/ppga\/wp-json\/wp\/v2\/pages\/130"}],"wp:attachment":[{"href":"https:\/\/www3.unicentro.br\/ppga\/wp-json\/wp\/v2\/media?parent=132"}],"curies":[{"name":"wp","href":"https:\/\/api.w.org\/{rel}","templated":true}]}}