{"id":41,"date":"2016-10-04T00:00:00","date_gmt":"2016-10-04T03:00:00","guid":{"rendered":"https:\/\/www3.unicentro.br\/pibid\/closed-10\/"},"modified":"2018-10-23T11:20:17","modified_gmt":"2018-10-23T13:20:17","slug":"letras","status":"publish","type":"page","link":"https:\/\/www3.unicentro.br\/pibid\/letras\/","title":{"rendered":"Letras"},"content":{"rendered":"<ul>\n<li><a href=\"https:\/\/www.facebook.com\/PIBID-Espa%C3%B1ol-Unicentro-445143658909042\">Pibid Letras Espanhol<\/a><\/li>\n<li><a href=\"https:\/\/www.facebook.com\/PIBID-Letras-Portugu%C3%AAs-UNICENTROGuarapuava-909003392538350\/?ref=aymt_homepage_panel\">Pibid Letras Portugu\u00eas<\/a><\/li>\n<li><a href=\"https:\/\/www.facebook.com\/Englishpibidunicentro\/\">Pibid de L\u00edngua Inglesa &#8211; Campus Santa Cruz<\/a><\/li>\n<li><a href=\"http:\/\/pibidenglish.blogspot.com.br\/2013\/04\/i-encontro-pibid-de-lingua-inglesa.html\">Pibid de L\u00edngua Inglesa &#8211; Campus de Irati<\/a>\n<ul>\n<li><a href=\"http:\/\/pibidenglish.blogspot.com.br\/2017\/03\/experiencia-de-sucesso-no-2-semestre-de.html\">Experi\u00eancia de Sucesso<\/a><\/li>\n<li><a href=\"http:\/\/pibidenglish.blogspot.com.br\/2017\/03\/resenhas.html\">Resenhas<\/a><\/li>\n<\/ul>\n<\/li>\n<\/ul>\n","protected":false},"excerpt":{"rendered":"<p>Pibid Letras Espanhol Pibid Letras Portugu\u00eas Pibid de L\u00edngua Inglesa &#8211; Campus Santa Cruz Pibid de L\u00edngua Inglesa &#8211; Campus de Irati Experi\u00eancia de Sucesso Resenhas<\/p>\n","protected":false},"author":3,"featured_media":0,"parent":0,"menu_order":0,"comment_status":"closed","ping_status":"closed","template":"","meta":{"_exactmetrics_skip_tracking":false,"_exactmetrics_sitenote_active":false,"_exactmetrics_sitenote_note":"","_exactmetrics_sitenote_category":0,"footnotes":"","_links_to":"","_links_to_target":""},"class_list":["post-41","page","type-page","status-publish","hentry"],"_links":{"self":[{"href":"https:\/\/www3.unicentro.br\/pibid\/wp-json\/wp\/v2\/pages\/41","targetHints":{"allow":["GET"]}}],"collection":[{"href":"https:\/\/www3.unicentro.br\/pibid\/wp-json\/wp\/v2\/pages"}],"about":[{"href":"https:\/\/www3.unicentro.br\/pibid\/wp-json\/wp\/v2\/types\/page"}],"author":[{"embeddable":true,"href":"https:\/\/www3.unicentro.br\/pibid\/wp-json\/wp\/v2\/users\/3"}],"replies":[{"embeddable":true,"href":"https:\/\/www3.unicentro.br\/pibid\/wp-json\/wp\/v2\/comments?post=41"}],"version-history":[{"count":0,"href":"https:\/\/www3.unicentro.br\/pibid\/wp-json\/wp\/v2\/pages\/41\/revisions"}],"wp:attachment":[{"href":"https:\/\/www3.unicentro.br\/pibid\/wp-json\/wp\/v2\/media?parent=41"}],"curies":[{"name":"wp","href":"https:\/\/api.w.org\/{rel}","templated":true}]}}