{"id":35,"date":"2014-10-30T00:00:00","date_gmt":"2014-10-30T02:00:00","guid":{"rendered":"https:\/\/www3.unicentro.br\/pibid\/closed-5\/"},"modified":"2026-03-12T09:32:49","modified_gmt":"2026-03-12T12:32:49","slug":"regulamentos-e-normas","status":"publish","type":"page","link":"https:\/\/www3.unicentro.br\/pibid\/regulamentos-e-normas\/","title":{"rendered":"Regulamentos e Normas"},"content":{"rendered":"<div class=\"wpb-content-wrapper\"><p>[vc_row][vc_column][vc_column_text css=&#8221;&#8221;]<\/p>\n<ul>\n<li><a href=\"https:\/\/sgu.unicentro.br\/pcatooficiais\/imprimir\/0CA00F87\" target=\"_blank\" rel=\"noopener noreferrer\">RESOLU\u00c7\u00c3O N\u00ba 20-CEPE\/UNICENTRO, DE 7 DE JUNHO DE 2018 \u2013 Aprova o Regulamento das Atividades Acad\u00eamicas Complementares, AAC, dos Cursos de Gradua\u00e7\u00e3o da UNICENTRO<\/a><\/li>\n<li><a href=\"https:\/\/sgu.unicentro.br\/pcatooficiais\/imprimir\/75E7DFF8\" target=\"_blank\" rel=\"noopener noreferrer\">RESOLU\u00c7\u00c3O N\u00ba 6-CEPE\/UNICENTRO, DE 16 DE ABRIL DE 2018 \u2013 Estabelece normas para a operacionaliza\u00e7\u00e3o da Pr\u00e1tica como Componente Curricular nos cursos de Licenciatura da UNICENTRO<\/a><\/li>\n<li><a href=\"https:\/\/www3.unicentro.br\/pibid\/wp-content\/uploads\/sites\/49\/2026\/03\/instrucao-normativa-01_26_pibid.pdf\">Instru\u00e7\u00e3o Normativa n\u00b0 01\/2026 &#8211;<\/a><a href=\"https:\/\/www3.unicentro.br\/pibid\/wp-content\/uploads\/sites\/49\/2026\/03\/instrucao-normativa-01_26_pibid.pdf\">Instrui sobre os procedimentos administrativos para o aproveitamento da carga hor\u00e1ria de atividades realizadas no Programa Institucional de Bolsa de Inicia\u00e7\u00e3o \u00e0 Doc\u00eancia (PIBID) para fins de equival\u00eancia com o Est\u00e1gio Supervisionado Curricular Obrigat\u00f3rio e Atividades Acad\u00eamicas Complementares (AAC) dos cursos de Licenciatura Presenciais da UNICENTRO, no ano letivo de 2026 &#8211; PIBID<\/a><\/li>\n<\/ul>\n<p>[\/vc_column_text][\/vc_column][\/vc_row]<\/p>\n<\/div>","protected":false},"excerpt":{"rendered":"<p>[vc_row][vc_column][vc_column_text css=&#8221;&#8221;] RESOLU\u00c7\u00c3O N\u00ba 20-CEPE\/UNICENTRO, DE 7 DE JUNHO DE 2018 \u2013 Aprova o Regulamento das Atividades Acad\u00eamicas Complementares, AAC, dos Cursos de Gradua\u00e7\u00e3o da UNICENTRO RESOLU\u00c7\u00c3O N\u00ba 6-CEPE\/UNICENTRO, DE 16 DE ABRIL DE 2018 \u2013 Estabelece normas para a operacionaliza\u00e7\u00e3o da Pr\u00e1tica como Componente Curricular nos cursos de Licenciatura da UNICENTRO Instru\u00e7\u00e3o Normativa n\u00b0 [&hellip;]<\/p>\n","protected":false},"author":3,"featured_media":0,"parent":0,"menu_order":0,"comment_status":"closed","ping_status":"closed","template":"","meta":{"_exactmetrics_skip_tracking":false,"_exactmetrics_sitenote_active":false,"_exactmetrics_sitenote_note":"","_exactmetrics_sitenote_category":0,"footnotes":"","_links_to":"","_links_to_target":""},"class_list":["post-35","page","type-page","status-publish","hentry"],"_links":{"self":[{"href":"https:\/\/www3.unicentro.br\/pibid\/wp-json\/wp\/v2\/pages\/35","targetHints":{"allow":["GET"]}}],"collection":[{"href":"https:\/\/www3.unicentro.br\/pibid\/wp-json\/wp\/v2\/pages"}],"about":[{"href":"https:\/\/www3.unicentro.br\/pibid\/wp-json\/wp\/v2\/types\/page"}],"author":[{"embeddable":true,"href":"https:\/\/www3.unicentro.br\/pibid\/wp-json\/wp\/v2\/users\/3"}],"replies":[{"embeddable":true,"href":"https:\/\/www3.unicentro.br\/pibid\/wp-json\/wp\/v2\/comments?post=35"}],"version-history":[{"count":1,"href":"https:\/\/www3.unicentro.br\/pibid\/wp-json\/wp\/v2\/pages\/35\/revisions"}],"predecessor-version":[{"id":1563,"href":"https:\/\/www3.unicentro.br\/pibid\/wp-json\/wp\/v2\/pages\/35\/revisions\/1563"}],"wp:attachment":[{"href":"https:\/\/www3.unicentro.br\/pibid\/wp-json\/wp\/v2\/media?parent=35"}],"curies":[{"name":"wp","href":"https:\/\/api.w.org\/{rel}","templated":true}]}}