{"id":31,"date":"2014-10-30T00:00:00","date_gmt":"2014-10-30T02:00:00","guid":{"rendered":"https:\/\/www3.unicentro.br\/pibid\/open-2\/"},"modified":"2018-10-23T11:19:59","modified_gmt":"2018-10-23T13:19:59","slug":"forum-de-egressos","status":"publish","type":"page","link":"https:\/\/www3.unicentro.br\/pibid\/forum-de-egressos\/","title":{"rendered":"F\u00f3rum de egressos"},"content":{"rendered":"<p>Aqui voc\u00ea pode registrar experi\u00eancias, pr\u00e1ticas, hist\u00f3rias, mem\u00f3rias e imagens da sua atua\u00e7\u00e3o como bolsista de inicia\u00e7\u00e3o \u00e0 doc\u00eancia, no \u00e2mbito da Unicentro.<\/p>\n","protected":false},"excerpt":{"rendered":"<p>Aqui voc\u00ea pode registrar experi\u00eancias, pr\u00e1ticas, hist\u00f3rias, mem\u00f3rias e imagens da sua atua\u00e7\u00e3o como bolsista de inicia\u00e7\u00e3o \u00e0 doc\u00eancia, no \u00e2mbito da Unicentro.<\/p>\n","protected":false},"author":3,"featured_media":0,"parent":0,"menu_order":0,"comment_status":"open","ping_status":"closed","template":"","meta":{"_exactmetrics_skip_tracking":false,"_exactmetrics_sitenote_active":false,"_exactmetrics_sitenote_note":"","_exactmetrics_sitenote_category":0,"footnotes":"","_links_to":"","_links_to_target":""},"class_list":["post-31","page","type-page","status-publish","hentry"],"_links":{"self":[{"href":"https:\/\/www3.unicentro.br\/pibid\/wp-json\/wp\/v2\/pages\/31","targetHints":{"allow":["GET"]}}],"collection":[{"href":"https:\/\/www3.unicentro.br\/pibid\/wp-json\/wp\/v2\/pages"}],"about":[{"href":"https:\/\/www3.unicentro.br\/pibid\/wp-json\/wp\/v2\/types\/page"}],"author":[{"embeddable":true,"href":"https:\/\/www3.unicentro.br\/pibid\/wp-json\/wp\/v2\/users\/3"}],"replies":[{"embeddable":true,"href":"https:\/\/www3.unicentro.br\/pibid\/wp-json\/wp\/v2\/comments?post=31"}],"version-history":[{"count":0,"href":"https:\/\/www3.unicentro.br\/pibid\/wp-json\/wp\/v2\/pages\/31\/revisions"}],"wp:attachment":[{"href":"https:\/\/www3.unicentro.br\/pibid\/wp-json\/wp\/v2\/media?parent=31"}],"curies":[{"name":"wp","href":"https:\/\/api.w.org\/{rel}","templated":true}]}}