{"id":26,"date":"2014-10-30T00:00:00","date_gmt":"2014-10-30T02:00:00","guid":{"rendered":"https:\/\/www3.unicentro.br\/pibid\/closed\/"},"modified":"2018-10-23T11:20:12","modified_gmt":"2018-10-23T13:20:12","slug":"inicial","status":"publish","type":"page","link":"https:\/\/www3.unicentro.br\/pibid\/","title":{"rendered":"Inicial"},"content":{"rendered":"<p style=\"text-align: center\"><span style=\"font-family: arial black,sans-serif\">Esta \u00e9 a p\u00e1gina oficial do Programa Institucional de Bolsa de Inicia\u00e7\u00e3o \u00e0 Doc\u00eancia da Universidade Estadual do Centro-Oeste (UNICENTRO).<\/span><\/p>\n<p>&nbsp;<\/p>\n<map name=\"Map\">\n<area coords=\"131,203,66\" shape=\"circle\" href=\"https:\/\/www.facebook.com\/pibidfiluni\/\">\n<area coords=\"89,358,68\" shape=\"circle\" href=\"\/pibid\/letras\/\">\n<area coords=\"243,626,63\" shape=\"circle\" href=\"https:\/\/www.facebook.com\/musicapibidarte\/\" target=\"_blank\">\n<area coords=\"406,653,69\" shape=\"circle\" href=\"http:\/\/sites.unicentro.br\/wp\/pibid-fisica\/\" target=\"_blank\">\n<area coords=\"708,359,65\" shape=\"circle\" href=\"http:\/\/pibideducacaofisica.weebly.com\/\" target=\"_blank\">\n<area coords=\"667,203,65\" shape=\"circle\" href=\"\/pibid\/pedagogia\/\"> <\/map>\n","protected":false},"excerpt":{"rendered":"<p>Esta \u00e9 a p\u00e1gina oficial do Programa Institucional de Bolsa de Inicia\u00e7\u00e3o \u00e0 Doc\u00eancia da Universidade Estadual do Centro-Oeste (UNICENTRO). &nbsp;<\/p>\n","protected":false},"author":3,"featured_media":0,"parent":0,"menu_order":0,"comment_status":"closed","ping_status":"closed","template":"","meta":{"_exactmetrics_skip_tracking":false,"_exactmetrics_sitenote_active":false,"_exactmetrics_sitenote_note":"","_exactmetrics_sitenote_category":0,"footnotes":"","_links_to":"","_links_to_target":""},"class_list":["post-26","page","type-page","status-publish","hentry"],"_links":{"self":[{"href":"https:\/\/www3.unicentro.br\/pibid\/wp-json\/wp\/v2\/pages\/26","targetHints":{"allow":["GET"]}}],"collection":[{"href":"https:\/\/www3.unicentro.br\/pibid\/wp-json\/wp\/v2\/pages"}],"about":[{"href":"https:\/\/www3.unicentro.br\/pibid\/wp-json\/wp\/v2\/types\/page"}],"author":[{"embeddable":true,"href":"https:\/\/www3.unicentro.br\/pibid\/wp-json\/wp\/v2\/users\/3"}],"replies":[{"embeddable":true,"href":"https:\/\/www3.unicentro.br\/pibid\/wp-json\/wp\/v2\/comments?post=26"}],"version-history":[{"count":0,"href":"https:\/\/www3.unicentro.br\/pibid\/wp-json\/wp\/v2\/pages\/26\/revisions"}],"wp:attachment":[{"href":"https:\/\/www3.unicentro.br\/pibid\/wp-json\/wp\/v2\/media?parent=26"}],"curies":[{"name":"wp","href":"https:\/\/api.w.org\/{rel}","templated":true}]}}