{"id":55,"date":"2025-02-10T09:21:08","date_gmt":"2025-02-10T12:21:08","guid":{"rendered":"https:\/\/www3.unicentro.br\/petveterinaria\/?page_id=55"},"modified":"2025-08-03T17:37:11","modified_gmt":"2025-08-03T20:37:11","slug":"projetos","status":"publish","type":"page","link":"https:\/\/www3.unicentro.br\/petveterinaria\/projetos\/","title":{"rendered":"Projetos"},"content":{"rendered":"<div class=\"wpb-content-wrapper\"><p>[vc_row][vc_column][vc_column_text css=&#8221;&#8221;]<span style=\"font-size: 28px\">Aqui est\u00e3o presentes as descri\u00e7\u00f5es de todos os projetos realizados pelo PET Veterin\u00e1ria da UNICENTRO:<\/span>[\/vc_column_text][\/vc_column][\/vc_row][vc_row][vc_column][vc_btn title=&#8221;Clube do Livro&#8221; size=&#8221;lg&#8221; i_icon_fontawesome=&#8221;fa fa-solid fa-book-open&#8221; css=&#8221;&#8221; add_icon=&#8221;true&#8221; link=&#8221;url:https%3A%2F%2Fwww3.unicentro.br%2Fpetveterinaria%2Fclube-do-livro%2F|title:Clube%20do%20Livro|target:_blank&#8221;][\/vc_column][\/vc_row]<\/p>\n<\/div>","protected":false},"excerpt":{"rendered":"<p>[vc_row][vc_column][vc_column_text css=&#8221;&#8221;]Aqui est\u00e3o presentes as descri\u00e7\u00f5es de todos os projetos realizados pelo PET Veterin\u00e1ria da UNICENTRO:[\/vc_column_text][\/vc_column][\/vc_row][vc_row][vc_column][vc_btn title=&#8221;Clube do Livro&#8221; size=&#8221;lg&#8221; i_icon_fontawesome=&#8221;fa fa-solid fa-book-open&#8221; css=&#8221;&#8221; add_icon=&#8221;true&#8221; link=&#8221;url:https%3A%2F%2Fwww3.unicentro.br%2Fpetveterinaria%2Fclube-do-livro%2F|title:Clube%20do%20Livro|target:_blank&#8221;][\/vc_column][\/vc_row]<\/p>\n","protected":false},"author":3,"featured_media":0,"parent":0,"menu_order":0,"comment_status":"closed","ping_status":"closed","template":"","meta":{"_exactmetrics_skip_tracking":false,"_exactmetrics_sitenote_active":false,"_exactmetrics_sitenote_note":"","_exactmetrics_sitenote_category":0,"footnotes":"","_links_to":"","_links_to_target":""},"class_list":["post-55","page","type-page","status-publish","hentry"],"_links":{"self":[{"href":"https:\/\/www3.unicentro.br\/petveterinaria\/wp-json\/wp\/v2\/pages\/55","targetHints":{"allow":["GET"]}}],"collection":[{"href":"https:\/\/www3.unicentro.br\/petveterinaria\/wp-json\/wp\/v2\/pages"}],"about":[{"href":"https:\/\/www3.unicentro.br\/petveterinaria\/wp-json\/wp\/v2\/types\/page"}],"author":[{"embeddable":true,"href":"https:\/\/www3.unicentro.br\/petveterinaria\/wp-json\/wp\/v2\/users\/3"}],"replies":[{"embeddable":true,"href":"https:\/\/www3.unicentro.br\/petveterinaria\/wp-json\/wp\/v2\/comments?post=55"}],"version-history":[{"count":1,"href":"https:\/\/www3.unicentro.br\/petveterinaria\/wp-json\/wp\/v2\/pages\/55\/revisions"}],"predecessor-version":[{"id":242,"href":"https:\/\/www3.unicentro.br\/petveterinaria\/wp-json\/wp\/v2\/pages\/55\/revisions\/242"}],"wp:attachment":[{"href":"https:\/\/www3.unicentro.br\/petveterinaria\/wp-json\/wp\/v2\/media?parent=55"}],"curies":[{"name":"wp","href":"https:\/\/api.w.org\/{rel}","templated":true}]}}