{"id":53,"date":"2025-02-10T09:20:34","date_gmt":"2025-02-10T12:20:34","guid":{"rendered":"https:\/\/www3.unicentro.br\/petveterinaria\/?page_id=53"},"modified":"2025-06-09T02:11:52","modified_gmt":"2025-06-09T05:11:52","slug":"o-que-e-o-pet","status":"publish","type":"page","link":"https:\/\/www3.unicentro.br\/petveterinaria\/o-que-e-o-pet\/","title":{"rendered":"O que \u00e9 o PET?"},"content":{"rendered":"<div class=\"wp-block-image\"><img loading=\"lazy\" decoding=\"async\" class=\"wpa-warning wpa-image-missing-alt  wp-image-103 alignleft\" src=\"https:\/\/www3.unicentro.br\/petveterinaria\/wp-content\/uploads\/sites\/177\/2025\/02\/IMG-20241025-WA0009.jpg\" alt=\"\" width=\"318\" height=\"319\" data-warning=\"Missing alt text\" srcset=\"https:\/\/www3.unicentro.br\/petveterinaria\/wp-content\/uploads\/sites\/177\/2025\/02\/IMG-20241025-WA0009.jpg 1074w, https:\/\/www3.unicentro.br\/petveterinaria\/wp-content\/uploads\/sites\/177\/2025\/02\/IMG-20241025-WA0009-768x769.jpg 768w, https:\/\/www3.unicentro.br\/petveterinaria\/wp-content\/uploads\/sites\/177\/2025\/02\/IMG-20241025-WA0009-50x50.jpg 50w, https:\/\/www3.unicentro.br\/petveterinaria\/wp-content\/uploads\/sites\/177\/2025\/02\/IMG-20241025-WA0009-80x80.jpg 80w, https:\/\/www3.unicentro.br\/petveterinaria\/wp-content\/uploads\/sites\/177\/2025\/02\/IMG-20241025-WA0009-263x263.jpg 263w, https:\/\/www3.unicentro.br\/petveterinaria\/wp-content\/uploads\/sites\/177\/2025\/02\/IMG-20241025-WA0009-100x100.jpg 100w, https:\/\/www3.unicentro.br\/petveterinaria\/wp-content\/uploads\/sites\/177\/2025\/02\/IMG-20241025-WA0009-526x526.jpg 526w, https:\/\/www3.unicentro.br\/petveterinaria\/wp-content\/uploads\/sites\/177\/2025\/02\/IMG-20241025-WA0009-255x255.jpg 255w\" sizes=\"auto, (max-width: 318px) 100vw, 318px\" \/><\/div>\n<p>&nbsp;<\/p>\n<p style=\"text-align: justify\"><span style=\"font-family: arial, helvetica, sans-serif;font-size: 21px;color: #000000\">O Programa de Educa\u00e7\u00e3o Tutorial (PET) de Medicina Veterin\u00e1ria da Universidade Estadual do Centro-Oeste &#8211; UNICENTRO foi criado em 2024, sendo composto por 12 alunos bolsistas e 5 professores.\u00a0<\/span><\/p>\n<p style=\"text-align: justify\"><span style=\"font-family: arial, helvetica, sans-serif;font-size: 21px;color: #000000\">Nosso objetivo \u00e9 principal promover atividades al\u00e9m da sala de aula, incluindo a\u00e7\u00f5es de ensino, pesquisa e extens\u00e3o. <\/span><\/p>\n<p style=\"text-align: justify\"><span style=\"font-family: arial, helvetica, sans-serif;font-size: 21px;color: #000000\">Nosso projeto ocorre em parceria com a Funda\u00e7\u00e3o Arauc\u00e1ria.<\/span><\/p>\n","protected":false},"excerpt":{"rendered":"<p>&nbsp; O Programa de Educa\u00e7\u00e3o Tutorial (PET) de Medicina Veterin\u00e1ria da Universidade Estadual do Centro-Oeste &#8211; UNICENTRO foi criado em 2024, sendo composto por 12 alunos bolsistas e 5 professores.\u00a0 Nosso objetivo \u00e9 principal promover atividades al\u00e9m da sala de aula, incluindo a\u00e7\u00f5es de ensino, pesquisa e extens\u00e3o. Nosso projeto ocorre em parceria com a [&hellip;]<\/p>\n","protected":false},"author":3,"featured_media":0,"parent":0,"menu_order":0,"comment_status":"closed","ping_status":"closed","template":"","meta":{"_exactmetrics_skip_tracking":false,"_exactmetrics_sitenote_active":false,"_exactmetrics_sitenote_note":"","_exactmetrics_sitenote_category":0,"footnotes":"","_links_to":"","_links_to_target":""},"class_list":["post-53","page","type-page","status-publish","hentry"],"_links":{"self":[{"href":"https:\/\/www3.unicentro.br\/petveterinaria\/wp-json\/wp\/v2\/pages\/53","targetHints":{"allow":["GET"]}}],"collection":[{"href":"https:\/\/www3.unicentro.br\/petveterinaria\/wp-json\/wp\/v2\/pages"}],"about":[{"href":"https:\/\/www3.unicentro.br\/petveterinaria\/wp-json\/wp\/v2\/types\/page"}],"author":[{"embeddable":true,"href":"https:\/\/www3.unicentro.br\/petveterinaria\/wp-json\/wp\/v2\/users\/3"}],"replies":[{"embeddable":true,"href":"https:\/\/www3.unicentro.br\/petveterinaria\/wp-json\/wp\/v2\/comments?post=53"}],"version-history":[{"count":2,"href":"https:\/\/www3.unicentro.br\/petveterinaria\/wp-json\/wp\/v2\/pages\/53\/revisions"}],"predecessor-version":[{"id":115,"href":"https:\/\/www3.unicentro.br\/petveterinaria\/wp-json\/wp\/v2\/pages\/53\/revisions\/115"}],"wp:attachment":[{"href":"https:\/\/www3.unicentro.br\/petveterinaria\/wp-json\/wp\/v2\/media?parent=53"}],"curies":[{"name":"wp","href":"https:\/\/api.w.org\/{rel}","templated":true}]}}