{"id":238,"date":"2025-06-10T22:39:17","date_gmt":"2025-06-11T01:39:17","guid":{"rendered":"https:\/\/www3.unicentro.br\/petveterinaria\/?page_id=238"},"modified":"2025-06-10T23:11:39","modified_gmt":"2025-06-11T02:11:39","slug":"clube-do-livro","status":"publish","type":"page","link":"https:\/\/www3.unicentro.br\/petveterinaria\/clube-do-livro\/","title":{"rendered":"Clube do Livro"},"content":{"rendered":"<div class=\"wp-block-image\"><img loading=\"lazy\" decoding=\"async\" class=\"wpa-warning wpa-image-missing-alt  wp-image-239 alignleft\" src=\"https:\/\/www3.unicentro.br\/petveterinaria\/wp-content\/uploads\/sites\/177\/2025\/06\/quantas-palavras-deve-ter-um-livro.jpg\" alt=\"\" width=\"612\" height=\"335\" data-warning=\"Missing alt text\" srcset=\"https:\/\/www3.unicentro.br\/petveterinaria\/wp-content\/uploads\/sites\/177\/2025\/06\/quantas-palavras-deve-ter-um-livro.jpg 750w, https:\/\/www3.unicentro.br\/petveterinaria\/wp-content\/uploads\/sites\/177\/2025\/06\/quantas-palavras-deve-ter-um-livro-255x139.jpg 255w\" sizes=\"auto, (max-width: 612px) 100vw, 612px\" \/><\/div>\n<p style=\"text-align: justify\"><span style=\"font-size: 21px\">Desde mar\u00e7o de 2025 o PET Veterin\u00e1ria realiza um evento mensal chamado de &#8220;Clube do Livro&#8221;, no qual discutem um livro, que \u00e9 sorteado no in\u00edcio de cada m\u00eas e deve ser lido em seu decorrer. A lista de livros \u00e9 criada com sugest\u00f5es dos integrantes do PET, garantindo assim uma alta variedade de g\u00eaneros, autores e perspectivas.<\/span><\/p>\n<p>&nbsp;<\/p>\n<p><span style=\"font-size: 21px\">At\u00e9 o presente momento, os seguintes t\u00edtulos j\u00e1 foram contemplados:<\/span><\/p>\n<ul>\n<li><span style=\"font-size: 21px\">A Hora da Estrela (1977) de Clarice Lispector;<\/span><\/li>\n<li><span style=\"font-size: 21px\">7 Minutos Depois da Meia Noite\/<em>A Monster Calls (2011) <\/em>de Jim Kay;<\/span><\/li>\n<li><span style=\"font-size: 21px\">O Pequeno Pr\u00edncipe\/<em>Le Petit Prince\u00a0<\/em>(1943) de Antoine de Saint-Exup\u00e9ry;<\/span><\/li>\n<li><span style=\"font-size: 21px\">Meu P\u00e9 de Laranja Lima (1968) de Jos\u00e9 Mauro de Vasconcelos.<\/span><\/li>\n<\/ul>\n","protected":false},"excerpt":{"rendered":"<p>Desde mar\u00e7o de 2025 o PET Veterin\u00e1ria realiza um evento mensal chamado de &#8220;Clube do Livro&#8221;, no qual discutem um livro, que \u00e9 sorteado no in\u00edcio de cada m\u00eas e deve ser lido em seu decorrer. A lista de livros \u00e9 criada com sugest\u00f5es dos integrantes do PET, garantindo assim uma alta variedade de g\u00eaneros, [&hellip;]<\/p>\n","protected":false},"author":810,"featured_media":239,"parent":0,"menu_order":0,"comment_status":"closed","ping_status":"closed","template":"","meta":{"_exactmetrics_skip_tracking":false,"_exactmetrics_sitenote_active":false,"_exactmetrics_sitenote_note":"","_exactmetrics_sitenote_category":0,"footnotes":"","_links_to":"","_links_to_target":""},"class_list":["post-238","page","type-page","status-publish","has-post-thumbnail","hentry"],"_links":{"self":[{"href":"https:\/\/www3.unicentro.br\/petveterinaria\/wp-json\/wp\/v2\/pages\/238","targetHints":{"allow":["GET"]}}],"collection":[{"href":"https:\/\/www3.unicentro.br\/petveterinaria\/wp-json\/wp\/v2\/pages"}],"about":[{"href":"https:\/\/www3.unicentro.br\/petveterinaria\/wp-json\/wp\/v2\/types\/page"}],"author":[{"embeddable":true,"href":"https:\/\/www3.unicentro.br\/petveterinaria\/wp-json\/wp\/v2\/users\/810"}],"replies":[{"embeddable":true,"href":"https:\/\/www3.unicentro.br\/petveterinaria\/wp-json\/wp\/v2\/comments?post=238"}],"version-history":[{"count":2,"href":"https:\/\/www3.unicentro.br\/petveterinaria\/wp-json\/wp\/v2\/pages\/238\/revisions"}],"predecessor-version":[{"id":249,"href":"https:\/\/www3.unicentro.br\/petveterinaria\/wp-json\/wp\/v2\/pages\/238\/revisions\/249"}],"wp:featuredmedia":[{"embeddable":true,"href":"https:\/\/www3.unicentro.br\/petveterinaria\/wp-json\/wp\/v2\/media\/239"}],"wp:attachment":[{"href":"https:\/\/www3.unicentro.br\/petveterinaria\/wp-json\/wp\/v2\/media?parent=238"}],"curies":[{"name":"wp","href":"https:\/\/api.w.org\/{rel}","templated":true}]}}